{"id":2230,"date":"2014-06-05T13:49:18","date_gmt":"2014-06-05T11:49:18","guid":{"rendered":"http:\/\/unser-quartier.de\/kali50plus\/?page_id=2230"},"modified":"2017-10-06T14:05:46","modified_gmt":"2017-10-06T12:05:46","slug":"computer-und-technik","status":"publish","type":"page","link":"https:\/\/unser-quartier.de\/kali50plus\/computer-und-technik\/","title":{"rendered":"Computer und Technik"},"content":{"rendered":"<h5>PC-Kurse bieten die \u201ePC-Spezis\u201d des Geisbruchtreff nicht an, doch daf\u00fcr kann jeder, der Fragen oder Probleme mit und um den PC hat, montags und freitags zu Technikfragen oder zur PC-Hilfe kommen und Tipps und Hilfe erhalten.<\/h5>\n<blockquote>\n<p style=\"text-align: center\"><strong>Kosten entstehen keine &#8211;<br \/>\ngegen eine Spende ist jedoch nichts einzuwenden.<\/strong><\/p>\n<\/blockquote>\n<div class=\"hr\">\n<hr \/>\n<\/div>\n<p style=\"font-size: 11px;font-family: Arial, Helvetica, sans-serif;font-weight: bold;color: #000000;margin: 0px;padding: 0px\"><a href=\"http:\/\/w3.pcwelt.de\/red.php?r=363694062830492&amp;lid=340282&amp;ln=36\" target=\"_blank\" rel=\"noopener follow external noreferrer\" data-wpel-link=\"external\" class=\"ext-link\"><img data-recalc-dims=\"1\" loading=\"lazy\" decoding=\"async\" data-attachment-id=\"3201\" data-permalink=\"https:\/\/unser-quartier.de\/kali50plus\/computer-und-technik\/avast-free-left-rgb\/\" data-orig-file=\"https:\/\/i0.wp.com\/unser-quartier.de\/kali50plus\/files\/2014\/06\/avast-free-left-rgb.png?fit=273%2C202&amp;ssl=1\" data-orig-size=\"273,202\" data-comments-opened=\"0\" data-image-meta=\"{&quot;aperture&quot;:&quot;0&quot;,&quot;credit&quot;:&quot;&quot;,&quot;camera&quot;:&quot;&quot;,&quot;caption&quot;:&quot;&quot;,&quot;created_timestamp&quot;:&quot;0&quot;,&quot;copyright&quot;:&quot;&quot;,&quot;focal_length&quot;:&quot;0&quot;,&quot;iso&quot;:&quot;0&quot;,&quot;shutter_speed&quot;:&quot;0&quot;,&quot;title&quot;:&quot;&quot;}\" data-image-title=\"avast-free-left-rgb\" data-image-description=\"\" data-image-caption=\"\" data-medium-file=\"https:\/\/i0.wp.com\/unser-quartier.de\/kali50plus\/files\/2014\/06\/avast-free-left-rgb.png?fit=273%2C202&amp;ssl=1\" data-large-file=\"https:\/\/i0.wp.com\/unser-quartier.de\/kali50plus\/files\/2014\/06\/avast-free-left-rgb.png?fit=273%2C202&amp;ssl=1\" class=\"alignleft wp-image-3201\" src=\"https:\/\/i0.wp.com\/unser-quartier.de\/kali50plus\/files\/2014\/06\/avast-free-left-rgb.png?resize=150%2C110&#038;ssl=1\" alt=\"avast-free-left-rgb\" height=\"110\" width=\"150\" srcset=\"https:\/\/i0.wp.com\/unser-quartier.de\/kali50plus\/files\/2014\/06\/avast-free-left-rgb.png?resize=150%2C110&amp;ssl=1 150w, https:\/\/i0.wp.com\/unser-quartier.de\/kali50plus\/files\/2014\/06\/avast-free-left-rgb.png?w=273&amp;ssl=1 273w\" sizes=\"auto, (max-width: 150px) 100vw, 150px\" \/><\/a>Antiviren-Programm<\/p>\n<p style=\"font-size: 15px;font-family: Arial, Helvetica, sans-serif;font-weight: bold;color: #3366cc;margin: 0px;padding: 0px\"><a style=\"font-size: 15px;text-decoration: none;font-family: Arial, Helvetica, sans-serif;font-weight: bold;color: #3366cc;margin: 0px;padding: 0px\" href=\"http:\/\/w3.pcwelt.de\/red.php?r=363694062830492&amp;lid=340282&amp;ln=34\" target=\"_blank\" rel=\"noopener follow external noreferrer\" data-wpel-link=\"external\" class=\"ext-link wpel-icon-right\">avast! Free Antivirus<span class=\"wpel-icon wpel-image wpel-icon-8\"><\/span><\/a><\/p>\n<p>avast! Free Antivirus ist ein f\u00fcr Privatanwender und nicht kommerzielle Nutzer kostenloser Viren-Scanner, der auch als W\u00e4chter im Hintergrund aktiv ist. <img data-recalc-dims=\"1\" loading=\"lazy\" decoding=\"async\" src=\"https:\/\/i0.wp.com\/www.pcwelt.de\/img\/newsletter\/pcw_pfeil.gif?resize=5%2C6\" alt=\"\" height=\"6\" width=\"5\" \/><a href=\"http:\/\/w3.pcwelt.de\/red.php?r=363694062830492&amp;lid=340282&amp;ln=36\" target=\"_blank\" rel=\"noopener follow external noreferrer\" data-wpel-link=\"external\" class=\"ext-link wpel-icon-right\">mehr<span class=\"wpel-icon wpel-image wpel-icon-8\"><\/span><\/a><\/p>\n<div class=\"hr\">\n<hr \/>\n<\/div>\n<p>Sie haben St\u00f6rungen mit Ihrem Telefon, Fernseher (keine Sender gehen mehr) oder PC? Dann k\u00f6nnen Sie pr\u00fcfen &#8211; wenn Sie z. B. ein Smartphone mit Internetzugang haben &#8211; ob St\u00f6rungen bei Ihrem Anbieter vorliegen. Unter dem Link <span style=\"font-size: 14pt;color: #ff0000\"><strong><a style=\"color: #ff0000\" href=\"http:\/\/www.allest\u00f6rungen.de\" target=\"_blank\" rel=\"noopener follow external noreferrer\" data-wpel-link=\"external\" class=\"ext-link wpel-icon-right\">allest\u00f6rungen.de<span class=\"wpel-icon wpel-image wpel-icon-8\"><\/span><\/a><\/strong><\/span> finden Sie alle relevanten Angaben. Einfach mal versuchen &#8230;<\/p>\n<div class=\"hr\">\n<hr \/>\n<\/div>\n<h5><span style=\"color: #ff0000\">Schutz vor unaufgeforderten Werbesendungen und Werbeanrufen<\/span><\/h5>\n<p>Der kostenlose Eintrag in die Robinsonliste sch\u00fctzt uns&nbsp;Verbraucher<br \/>\nbesser vor unangeforderten Werbesendungen und Telefonanrufen.<br \/>\n\u00dcber die folgende Website kann man sich kostenlos eintragen: <strong><a title=\"Robinsonliste Online\" href=\"https:\/\/www.robinsonliste.de\/\" target=\"_blank\" rel=\"noopener follow external noreferrer\" data-wpel-link=\"external\" class=\"ext-link wpel-icon-right\">Robinsonliste&nbsp;Online<span class=\"wpel-icon wpel-image wpel-icon-8\"><\/span><\/a><\/strong><\/p>\n","protected":false},"excerpt":{"rendered":"<p>PC-Kurse bieten die \u201ePC-Spezis\u201d des Geisbruchtreff nicht an, doch daf\u00fcr kann jeder, der Fragen oder Probleme mit und um den PC hat, montags und freitags zu Technikfragen oder zur PC-Hilfe kommen und Tipps und Hilfe erhalten. Kosten entstehen keine &#8211; gegen eine Spende ist jedoch nichts einzuwenden. Antiviren-Programm avast! Free Antivirus avast! Free Antivirus ist &hellip; <a href=\"https:\/\/unser-quartier.de\/kali50plus\/computer-und-technik\/\" class=\"more-link\" data-wpel-link=\"internal\"><span class=\"screen-reader-text\">Computer und Technik<\/span> weiterlesen <span class=\"meta-nav\">&rarr;<\/span><\/a><\/p>\n","protected":false},"author":168,"featured_media":0,"parent":0,"menu_order":0,"comment_status":"closed","ping_status":"closed","template":"","meta":{"_bbp_topic_count":0,"_bbp_reply_count":0,"_bbp_total_topic_count":0,"_bbp_total_reply_count":0,"_bbp_voice_count":0,"_bbp_anonymous_reply_count":0,"_bbp_topic_count_hidden":0,"_bbp_reply_count_hidden":0,"_bbp_forum_subforum_count":0,"advanced_seo_description":"","jetpack_seo_html_title":"","jetpack_seo_noindex":false,"ngg_post_thumbnail":0,"jetpack_post_was_ever_published":false,"footnotes":""},"class_list":["post-2230","page","type-page","status-publish","hentry"],"jetpack_shortlink":"https:\/\/wp.me\/P4AdMt-zY","jetpack_likes_enabled":true,"jetpack-related-posts":[],"jetpack_sharing_enabled":true,"_links":{"self":[{"href":"https:\/\/unser-quartier.de\/kali50plus\/wp-json\/wp\/v2\/pages\/2230","targetHints":{"allow":["GET"]}}],"collection":[{"href":"https:\/\/unser-quartier.de\/kali50plus\/wp-json\/wp\/v2\/pages"}],"about":[{"href":"https:\/\/unser-quartier.de\/kali50plus\/wp-json\/wp\/v2\/types\/page"}],"author":[{"embeddable":true,"href":"https:\/\/unser-quartier.de\/kali50plus\/wp-json\/wp\/v2\/users\/168"}],"replies":[{"embeddable":true,"href":"https:\/\/unser-quartier.de\/kali50plus\/wp-json\/wp\/v2\/comments?post=2230"}],"version-history":[{"count":0,"href":"https:\/\/unser-quartier.de\/kali50plus\/wp-json\/wp\/v2\/pages\/2230\/revisions"}],"wp:attachment":[{"href":"https:\/\/unser-quartier.de\/kali50plus\/wp-json\/wp\/v2\/media?parent=2230"}],"curies":[{"name":"wp","href":"https:\/\/api.w.org\/{rel}","templated":true}]}}