{"id":227,"date":"2014-04-28T19:41:55","date_gmt":"2014-04-28T17:41:55","guid":{"rendered":"http:\/\/unser-quartier.de\/kali50plus\/?page_id=227"},"modified":"2020-01-22T17:23:09","modified_gmt":"2020-01-22T16:23:09","slug":"willkommen","status":"publish","type":"page","link":"https:\/\/unser-quartier.de\/kali50plus\/","title":{"rendered":"Startseite"},"content":{"rendered":"<div id=\"pl-227\"  class=\"panel-layout\" ><div id=\"pg-227-0\"  class=\"panel-grid panel-no-style\" ><div id=\"pgc-227-0-0\"  class=\"panel-grid-cell panel-grid-cell-empty\" ><\/div><div id=\"pgc-227-0-1\"  class=\"panel-grid-cell panel-grid-cell-mobile-last\" ><div id=\"panel-227-0-1-0\" class=\"so-panel widget widget_sow-editor panel-first-child panel-last-child\" data-index=\"0\" ><div class=\"panel-widget-style panel-widget-style-for-227-0-1-0\" ><div\n\t\t\t\n\t\t\tclass=\"so-widget-sow-editor so-widget-sow-editor-base\"\n\t\t\t\n\t\t>\n<div class=\"siteorigin-widget-tinymce textwidget\">\n\t<h1 style=\"text-align: center\"><span style=\"color: #000000\"><br \/> Die gr\u00f6\u00dfte Kulturleistung eines Volkes sind die zufriedenen Alten.<\/span><\/h1>\n<p style=\"text-align: right\"><small><a href=\"http:\/\/www.zitate.de\/autor\/Japan\" data-wpel-link=\"external\" target=\"_blank\" rel=\"follow external noopener noreferrer\" class=\"ext-link wpel-icon-right\"><span style=\"color: #0000ff\">Aus Japan<\/span><span class=\"wpel-icon wpel-image wpel-icon-8\"><\/span><\/a><\/small><\/p>\n<\/div>\n<\/div><\/div><\/div><\/div><div id=\"pgc-227-0-2\"  class=\"panel-grid-cell panel-grid-cell-empty\" ><div class=\"panel-cell-style panel-cell-style-for-227-0-2\" ><\/div><\/div><\/div><div id=\"pg-227-1\"  class=\"panel-grid panel-no-style\" ><div id=\"pgc-227-1-0\"  class=\"panel-grid-cell\" ><div id=\"panel-227-1-0-0\" class=\"so-panel widget widget_sow-editor panel-first-child panel-last-child\" data-index=\"1\" ><div\n\t\t\t\n\t\t\tclass=\"so-widget-sow-editor so-widget-sow-editor-base\"\n\t\t\t\n\t\t>\n<div class=\"siteorigin-widget-tinymce textwidget\">\n\t<h2 style=\"text-align: center\">Ka-Li 50plus \u2013 <span class=\"ff1 cf3 fs32\" style=\"line-height: 1.32562\"><b>\u00c4lter werden in Kamp-Lintfort<br \/>\n<\/b><\/span><\/h2>\n<h4 style=\"text-align: left\"><span class=\"ff1 cf4 fs28\" style=\"line-height: 1.2\"><b>Idee und Ziel<\/b><\/span><\/h4>\n<p style=\"text-align: left\"><span class=\"fs24 ff1 cf4\" style=\"line-height: 2.23688\">Deutschlands Gesellschaft wird immer \u00e4lter.&nbsp; Auch in Kamp-Lintfort stellen der lang andauernde R\u00fcckgang der Geburten und die steigende Lebenserwartung der Bev\u00f6lkerung die zuk\u00fcnftige Stadtentwicklungsplanung vor gro\u00dfe Herausforderungen.<\/span><\/p>\n<p style=\"text-align: left\"><span class=\"fs24 ff1 cf4\" style=\"line-height: 2.23688\">\u2026 <\/span><span class=\"cf3 fs24 ff1\" style=\"line-height: 1.2\"><a class=\"imCssLink ext-link wpel-icon-right\" href=\"http:\/\/www.kamp-lintfort.de\/C12575360054DF73\/html\/46BFFAD699848F5FC125768700542CAB?opendocument&amp;nid1=93226\" rel=\"noopener noreferrer follow external\" data-wpel-link=\"external\" target=\"_blank\"><strong>&lt;weiter auf der Website der Stadt Kamp-Lintfort&gt;<\/strong><span class=\"wpel-icon wpel-image wpel-icon-8\"><\/span><\/a><\/span><\/p>\n<\/div>\n<\/div><\/div><\/div><\/div><\/div>","protected":false},"excerpt":{"rendered":"<p>Die gr\u00f6\u00dfte Kulturleistung eines Volkes sind die zufriedenen Alten. Aus Japan Ka-Li 50plus \u2013 \u00c4lter werden in Kamp-Lintfort Idee und Ziel Deutschlands Gesellschaft wird immer \u00e4lter.&nbsp; Auch in Kamp-Lintfort stellen der lang andauernde R\u00fcckgang der Geburten und die steigende Lebenserwartung der Bev\u00f6lkerung die zuk\u00fcnftige Stadtentwicklungsplanung vor gro\u00dfe Herausforderungen. \u2026 &lt;weiter auf der Website der Stadt &hellip; <a href=\"https:\/\/unser-quartier.de\/kali50plus\/\" class=\"more-link\" data-wpel-link=\"internal\"><span class=\"screen-reader-text\">Startseite<\/span> weiterlesen <span class=\"meta-nav\">&rarr;<\/span><\/a><\/p>\n","protected":false},"author":168,"featured_media":0,"parent":0,"menu_order":1,"comment_status":"open","ping_status":"open","template":"","meta":{"_bbp_topic_count":0,"_bbp_reply_count":0,"_bbp_total_topic_count":0,"_bbp_total_reply_count":0,"_bbp_voice_count":0,"_bbp_anonymous_reply_count":0,"_bbp_topic_count_hidden":0,"_bbp_reply_count_hidden":0,"_bbp_forum_subforum_count":0,"advanced_seo_description":"","jetpack_seo_html_title":"","jetpack_seo_noindex":false,"ngg_post_thumbnail":0,"jetpack_post_was_ever_published":false,"footnotes":""},"class_list":["post-227","page","type-page","status-publish","hentry"],"jetpack_shortlink":"https:\/\/wp.me\/P4AdMt-3F","jetpack_likes_enabled":true,"jetpack-related-posts":[],"jetpack_sharing_enabled":true,"_links":{"self":[{"href":"https:\/\/unser-quartier.de\/kali50plus\/wp-json\/wp\/v2\/pages\/227","targetHints":{"allow":["GET"]}}],"collection":[{"href":"https:\/\/unser-quartier.de\/kali50plus\/wp-json\/wp\/v2\/pages"}],"about":[{"href":"https:\/\/unser-quartier.de\/kali50plus\/wp-json\/wp\/v2\/types\/page"}],"author":[{"embeddable":true,"href":"https:\/\/unser-quartier.de\/kali50plus\/wp-json\/wp\/v2\/users\/168"}],"replies":[{"embeddable":true,"href":"https:\/\/unser-quartier.de\/kali50plus\/wp-json\/wp\/v2\/comments?post=227"}],"version-history":[{"count":0,"href":"https:\/\/unser-quartier.de\/kali50plus\/wp-json\/wp\/v2\/pages\/227\/revisions"}],"wp:attachment":[{"href":"https:\/\/unser-quartier.de\/kali50plus\/wp-json\/wp\/v2\/media?parent=227"}],"curies":[{"name":"wp","href":"https:\/\/api.w.org\/{rel}","templated":true}]}}