{"id":2608,"date":"2014-06-08T12:12:55","date_gmt":"2014-06-08T10:12:55","guid":{"rendered":"http:\/\/unser-quartier.de\/kali50plus\/?page_id=2608"},"modified":"2015-11-19T14:56:11","modified_gmt":"2015-11-19T13:56:11","slug":"stadtkern","status":"publish","type":"page","link":"https:\/\/unser-quartier.de\/kali50plus\/stadtteile\/stadtkern\/","title":{"rendered":"Stadtkern"},"content":{"rendered":"<h3 style=\"text-align: center\"><img data-recalc-dims=\"1\" loading=\"lazy\" decoding=\"async\" data-attachment-id=\"2611\" data-permalink=\"https:\/\/unser-quartier.de\/kali50plus\/stadtteile\/stadtkern\/kern-lintfort-2\/\" data-orig-file=\"https:\/\/i0.wp.com\/unser-quartier.de\/kali50plus\/files\/2014\/06\/Kern-Lintfort.jpg?fit=390%2C495&amp;ssl=1\" data-orig-size=\"390,495\" data-comments-opened=\"0\" data-image-meta=\"{&quot;aperture&quot;:&quot;0&quot;,&quot;credit&quot;:&quot;&quot;,&quot;camera&quot;:&quot;&quot;,&quot;caption&quot;:&quot;&quot;,&quot;created_timestamp&quot;:&quot;0&quot;,&quot;copyright&quot;:&quot;&quot;,&quot;focal_length&quot;:&quot;0&quot;,&quot;iso&quot;:&quot;0&quot;,&quot;shutter_speed&quot;:&quot;0&quot;,&quot;title&quot;:&quot;&quot;}\" data-image-title=\"Kern-Lintfort\" data-image-description=\"\" data-image-caption=\"\" data-medium-file=\"https:\/\/i0.wp.com\/unser-quartier.de\/kali50plus\/files\/2014\/06\/Kern-Lintfort.jpg?fit=236%2C300&amp;ssl=1\" data-large-file=\"https:\/\/i0.wp.com\/unser-quartier.de\/kali50plus\/files\/2014\/06\/Kern-Lintfort.jpg?fit=390%2C495&amp;ssl=1\" class=\"alignleft wp-image-2611\" src=\"https:\/\/i0.wp.com\/unser-quartier.de\/kali50plus\/files\/2014\/06\/Kern-Lintfort.jpg?resize=390%2C495&#038;ssl=1\" alt=\"Stadtteil Kern-Lintfort\" width=\"390\" height=\"495\" srcset=\"https:\/\/i0.wp.com\/unser-quartier.de\/kali50plus\/files\/2014\/06\/Kern-Lintfort.jpg?w=390&amp;ssl=1 390w, https:\/\/i0.wp.com\/unser-quartier.de\/kali50plus\/files\/2014\/06\/Kern-Lintfort.jpg?resize=118%2C150&amp;ssl=1 118w, https:\/\/i0.wp.com\/unser-quartier.de\/kali50plus\/files\/2014\/06\/Kern-Lintfort.jpg?resize=236%2C300&amp;ssl=1 236w\" sizes=\"auto, (max-width: 390px) 100vw, 390px\" \/><span style=\"color: #3366ff\"><strong>Informationsst\u00e4nde Ka-Li 50plus<\/strong><\/span><br \/>\n<span style=\"color: #3366ff\"> im Stadtgebiet Lintfort\/Stadtkern<\/span><\/h3>\n<p>Im Jahr <strong>2008<\/strong> wurde seit Dienstag, <strong>6. Mai<\/strong> bis zu den Sommerferien vierzehnt\u00e4gig dienstags und samstags an den beiden Marktpl\u00e4tzen &#8222;Rathausvorplatz&#8220; und &#8222;Marktplatz Altsiedlung&#8220; ein Informationsstand &#8222;50plus \u2013 Netzwerk Lintfort \/ Stadtkern&#8220; eingerichtet. An diesen Marktst\u00e4nden wurden &#8211; und werden &#8211; Informationen \u00fcber alle interessanten Angebote f\u00fcr die Generation 50plus im Stadtgebiet Lintfort\/Stadtkern weitergegeben. Die Teilnehmerinnen und Teilnehmer des Runden Tisches bieten sich f\u00fcr Ausk\u00fcnfte an und suchen das Gespr\u00e4ch mit interessierten B\u00fcrgerinnen und B\u00fcrgern. Die Gruppe verspricht sich davon, noch mehr \u00fcber die Interessen und W\u00fcnsche von \u00e4lteren Menschen im Stadtgebiet zu erfahren und eine Gelegenheit, \u00fcber die vielf\u00e4ltigen Angebote im Stadtbereich zu informieren. Insgesamt geht es darum, das nachbarschaftliche Zusammenleben im Stadtgebiet zu f\u00f6rdern.<\/p>\n","protected":false},"excerpt":{"rendered":"<p>Informationsst\u00e4nde Ka-Li 50plus im Stadtgebiet Lintfort\/Stadtkern Im Jahr 2008 wurde seit Dienstag, 6. Mai bis zu den Sommerferien vierzehnt\u00e4gig dienstags und samstags an den beiden Marktpl\u00e4tzen &#8222;Rathausvorplatz&#8220; und &#8222;Marktplatz Altsiedlung&#8220; ein Informationsstand &#8222;50plus \u2013 Netzwerk Lintfort \/ Stadtkern&#8220; eingerichtet. An diesen Marktst\u00e4nden wurden &#8211; und werden &#8211; Informationen \u00fcber alle interessanten Angebote f\u00fcr die Generation &hellip; <a href=\"https:\/\/unser-quartier.de\/kali50plus\/stadtteile\/stadtkern\/\" class=\"more-link\" data-wpel-link=\"internal\"><span class=\"screen-reader-text\">Stadtkern<\/span> weiterlesen <span class=\"meta-nav\">&rarr;<\/span><\/a><\/p>\n","protected":false},"author":168,"featured_media":0,"parent":1982,"menu_order":0,"comment_status":"closed","ping_status":"closed","template":"page-templates\/full-width.php","meta":{"_bbp_topic_count":0,"_bbp_reply_count":0,"_bbp_total_topic_count":0,"_bbp_total_reply_count":0,"_bbp_voice_count":0,"_bbp_anonymous_reply_count":0,"_bbp_topic_count_hidden":0,"_bbp_reply_count_hidden":0,"_bbp_forum_subforum_count":0,"advanced_seo_description":"","jetpack_seo_html_title":"","jetpack_seo_noindex":false,"ngg_post_thumbnail":0,"jetpack_post_was_ever_published":false,"footnotes":""},"class_list":["post-2608","page","type-page","status-publish","hentry"],"jetpack_shortlink":"https:\/\/wp.me\/P4AdMt-G4","jetpack_likes_enabled":true,"jetpack-related-posts":[],"jetpack_sharing_enabled":false,"_links":{"self":[{"href":"https:\/\/unser-quartier.de\/kali50plus\/wp-json\/wp\/v2\/pages\/2608","targetHints":{"allow":["GET"]}}],"collection":[{"href":"https:\/\/unser-quartier.de\/kali50plus\/wp-json\/wp\/v2\/pages"}],"about":[{"href":"https:\/\/unser-quartier.de\/kali50plus\/wp-json\/wp\/v2\/types\/page"}],"author":[{"embeddable":true,"href":"https:\/\/unser-quartier.de\/kali50plus\/wp-json\/wp\/v2\/users\/168"}],"replies":[{"embeddable":true,"href":"https:\/\/unser-quartier.de\/kali50plus\/wp-json\/wp\/v2\/comments?post=2608"}],"version-history":[{"count":0,"href":"https:\/\/unser-quartier.de\/kali50plus\/wp-json\/wp\/v2\/pages\/2608\/revisions"}],"up":[{"embeddable":true,"href":"https:\/\/unser-quartier.de\/kali50plus\/wp-json\/wp\/v2\/pages\/1982"}],"wp:attachment":[{"href":"https:\/\/unser-quartier.de\/kali50plus\/wp-json\/wp\/v2\/media?parent=2608"}],"curies":[{"name":"wp","href":"https:\/\/api.w.org\/{rel}","templated":true}]}}