{"id":4386,"date":"2015-03-19T14:49:06","date_gmt":"2015-03-19T13:49:06","guid":{"rendered":"http:\/\/unser-quartier.de\/kali50plus\/?p=4386"},"modified":"2015-11-19T14:50:37","modified_gmt":"2015-11-19T13:50:37","slug":"seniorenwohnungen","status":"publish","type":"page","link":"https:\/\/unser-quartier.de\/kali50plus\/kommunales\/seniorenwohnungen\/","title":{"rendered":"Seniorenwohnungen"},"content":{"rendered":"<h6 style=\"text-align: center\">\u00c4nderungen vorbehalten<\/h6>\n<h2 id=\"tablepress-4-name\" class=\"tablepress-table-name tablepress-table-name-id-4\">... mit WBS<\/h2>\n<span id=\"tablepress-4-description\" class=\"tablepress-table-description tablepress-table-description-id-4\">Seniorenwohnungen im gef\u00f6rderten\/preisgebundenen Wohnungsbau<\/span>\n\n<table id=\"tablepress-4\" class=\"tablepress tablepress-id-4\" aria-labelledby=\"tablepress-4-name\" aria-describedby=\"tablepress-4-description\">\n<thead>\n<tr class=\"row-1\">\n\t<th class=\"column-1\">Stadtteil<\/th><th class=\"column-2\">Stra\u00dfe<\/th><th class=\"column-3\">Anzahl der<br \/>\nWohnungen<\/th><th class=\"column-4\">Wohnungsgr\u00f6\u00dfe<\/th><th class=\"column-5\">Kaltmiete\/m\u00b2<\/th><th class=\"column-6\">Vermieter\/Kontakt<\/th><th class=\"column-7\">Bemerkunegn<\/th>\n<\/tr>\n<\/thead>\n<tbody class=\"row-striping row-hover\">\n<tr class=\"row-2\">\n\t<td class=\"column-1\">Geisbruch<\/td><td class=\"column-2\">Monterkampweg 32<\/td><td class=\"column-3\">10<\/td><td class=\"column-4\">2 Whg. mit 46-55m\u00b2<br \/>\n8 Whg. mit 56-70m\u00b2<\/td><td class=\"column-5\">4,01 \u20ac bis 5,00 \u20ac\/m\u00b2<\/td><td class=\"column-6\">Christoph Bentgens<br \/>\nPrinzenstr. 55<br \/>\n47475 Kamp-Lintfort<br \/>\nTel.: 02842-30528<\/td><td class=\"column-7\">die Wohnungen sind nicht barrierefrei, Betreuung durch AWO<\/td>\n<\/tr>\n<tr class=\"row-3\">\n\t<td class=\"column-1\"><\/td><td class=\"column-2\">Geisbruchstr.<\/td><td class=\"column-3\">29<\/td><td class=\"column-4\">12 Whg. bis 45 m\u00b2<br \/>\n  4 Whg. mit 46-55 m\u00b2<br \/>\n12 Whg. mit 56-70 m\u00b2<br \/>\n  1 Whg. \u00fcber 85 m\u00b2<\/td><td class=\"column-5\">4,01 \u20ac bis 5,00 \u20ac\/m\u00b2<\/td><td class=\"column-6\">Kath. Kirchengeneinde St. Josef<br \/>\nFr. Br\u00fcmmer<br \/>\nTel.: 02842-91170<\/td><td class=\"column-7\">die Wohnungen sind nicht barrierefrei, Gemeinschaftsraum vorhanden<\/td>\n<\/tr>\n<tr class=\"row-4\">\n\t<td class=\"column-1\">Altsiedlung<\/td><td class=\"column-2\">Vinnstr. 16<\/td><td class=\"column-3\">15<\/td><td class=\"column-4\">  2 Whg. bis 45 m\u00b2<br \/>\n10 Whg. mit 46-55 m\u00b2<br \/>\n  2 Whg. mit 56-70 m\u00b2<br \/>\n  1 Whg. \u00fcber 85 m\u00b2<\/td><td class=\"column-5\">bis 4,00 \u20ac\/m\u00b2<\/td><td class=\"column-6\">Kath. Kirchengeneinde St. Josef<br \/>\nFr. Br\u00fcmmer<br \/>\nTel.: 02842-91170<\/td><td class=\"column-7\">die Wohnungen sind nicht barrierefrei, im Haus befindet sich eine Seniorenbegegnungsst\u00e4tte<\/td>\n<\/tr>\n<tr class=\"row-5\">\n\t<td class=\"column-1\"><\/td><td class=\"column-2\">Boegenhofstr. 8<\/td><td class=\"column-3\">12<\/td><td class=\"column-4\">  1 Whg. bis 45 m\u00b2<br \/>\n  8 Whg. mit 46-55 m\u00b2<br \/>\n  3 Whg. mit 56-70 m\u00b2<\/td><td class=\"column-5\">4,01 \u20ac bis 5,00 \u20ac\/m\u00b2<\/td><td class=\"column-6\">AWO Kreisverband Wesel e.V.<br \/>\nBahnhofstr. 1-3<br \/>\n47495 Rheinberg<br \/>\nTel.: 02843-907090<\/td><td class=\"column-7\">Wohnungen sind barrierefrei, auf der Boegenhofstr. 6 gibt es eine Seniorenbegegnungsst\u00e4tte der AWO<\/td>\n<\/tr>\n<tr class=\"row-6\">\n\t<td class=\"column-1\">Gestfeld<\/td><td class=\"column-2\">Goethestr. 1-17<\/td><td class=\"column-3\">12<\/td><td class=\"column-4\">  6 Whg. mit 61,64 m\u00b2<br \/>\n  6 Whg. mit 74-77 m\u00b2<\/td><td class=\"column-5\">5,05 \u20ac\/m\u00b2<\/td><td class=\"column-6\">GG H\u00fcttermann GmbH&amp;Co KG<br \/>\nDr. Hans-B\u00f6ckler-Str. 1<br \/>\n47179 Duisburg<br \/>\nFr. L\u00f6ll<br \/>\nTel.: 0203-57083-14<\/td><td class=\"column-7\"><\/td>\n<\/tr>\n<tr class=\"row-7\">\n\t<td class=\"column-1\"><\/td><td class=\"column-2\">Agnes-Miegel-Weg 31<\/td><td class=\"column-3\">14<\/td><td class=\"column-4\">6 Whg. mit 46-55 m\u00b2<br \/>\n6 Whg. mit 56-70 m\u00b2<\/td><td class=\"column-5\">5,01 \u20ac bis 6,00 \u20ac\/m\u00b2<\/td><td class=\"column-6\">Wohnen mit Service UG<br \/>\nNeulouisendorfer Str. 77<br \/>\n47546 Kalkar<br \/>\nTel.: 02824-975641<\/td><td class=\"column-7\">Wohnungen sind barrierefrei, Betreuungsleistungen, Hausmeisterservice, ambulante Pflege, Wartelisten<\/td>\n<\/tr>\n<tr class=\"row-8\">\n\t<td class=\"column-1\"><\/td><td class=\"column-2\">Uhlandweg 18<\/td><td class=\"column-3\">14<\/td><td class=\"column-4\">6 Whg. mit 46-55 m\u00b2<br \/>\n6 Whg. mit 56-70 m\u00b2<\/td><td class=\"column-5\">5,01 \u20ac bis 6,00 \u20ac\/m\u00b2<\/td><td class=\"column-6\">Wohnen mit Service UG<br \/>\nNeulouisendorfer Str. 77<br \/>\n47546 Kalkar<br \/>\nTel.: 02824-975641<\/td><td class=\"column-7\">Wohnungen sind barrierefrei, Betreuungsleistungen, Hausmeisterservice, ambulante Pflege, Wartelisten<\/td>\n<\/tr>\n<tr class=\"row-9\">\n\t<td class=\"column-1\">Stadtmitte<\/td><td class=\"column-2\">Moerser Str. 227<\/td><td class=\"column-3\">24<\/td><td class=\"column-4\">2 Whg. mit bis 45 m\u00b2<br \/>\n18 Whg. mit 46-55 m\u00b2<br \/>\n4 Whg. mit 56-70 m\u00b2<\/td><td class=\"column-5\">bis 4,00 \u20ac\/m\u00b2<\/td><td class=\"column-6\">Christiane Ahrens<br \/>\nHausverwaltungs GmbH<br \/>\nAuf dem Stemmingholt 41<br \/>\n46499 Hamminkeln<br \/>\nAP: Fr. Schl\u00f6\u00dfer<br \/>\nTel.: 02856-9088012<\/td><td class=\"column-7\">Gemeinschaftsraum vorhanden<\/td>\n<\/tr>\n<tr class=\"row-10\">\n\t<td class=\"column-1\"><\/td><td class=\"column-2\">Wilhelmstr. 1a<\/td><td class=\"column-3\">10<\/td><td class=\"column-4\">5 Whg. mit 46-55 m\u00b2<br \/>\n5 Whg. mit 56-70 m\u00b2<\/td><td class=\"column-5\">5,01 \u20ac bis 6,00 \u20ac\/m\u00b2<\/td><td class=\"column-6\">H\u00fcttermann Baufinanzierung<br \/>\nPrinzenstr. 5<br \/>\n47179 Duisburg<br \/>\nTel.: 0203-485100<\/td><td class=\"column-7\"><\/td>\n<\/tr>\n<tr class=\"row-11\">\n\t<td class=\"column-1\"><\/td><td class=\"column-2\">Markgrafenstr. 13<br \/>\nWilhelmstr. 28<\/td><td class=\"column-3\">78<\/td><td class=\"column-4\">25 Whg. mit bis 45 m\u00b2<br \/>\n32 Whg. mit 46-55 m\u00b2<br \/>\n21 Whg. mit 56-70 m\u00b2<br \/>\n1 Whg. mit 71-85 m\u00b2<\/td><td class=\"column-5\">4,01 \u20ac bis 5,00 \u20ac\/m\u00b2<\/td><td class=\"column-6\">Zwangsverwaltung<\/td><td class=\"column-7\">AP \u00fcber Sozialamt - Wohnungsangelegenheiten<br \/>\nHr. Stern<br \/>\nTel.: 02842-912434<\/td>\n<\/tr>\n<\/tbody>\n<\/table>\n<!-- #tablepress-4 from cache -->\n<h2 id=\"tablepress-5-name\" class=\"tablepress-table-name tablepress-table-name-id-5\">barrierefrei - ohne WBS<\/h2>\n<span id=\"tablepress-5-description\" class=\"tablepress-table-description tablepress-table-description-id-5\">barrierefreie Seniorenwohnungen im freifinanzierten Wohnungsbau.<br \/>\nDiese Wohnungen sind erst ab einem Alter von 60 Jahren zu bekommen!<br \/>\n<\/span>\n\n<table id=\"tablepress-5\" class=\"tablepress tablepress-id-5\" aria-labelledby=\"tablepress-5-name\" aria-describedby=\"tablepress-5-description\">\n<thead>\n<tr class=\"row-1\">\n\t<th class=\"column-1\">Stadtteil<\/th><th class=\"column-2\">Stra\u00dfe<\/th><th class=\"column-3\">Anzahl der Wohnungen<\/th><th class=\"column-4\">Wohnungsgr\u00f6\u00dfe<\/th><th class=\"column-5\">Kaltmiete\/m\u00b2<\/th><th class=\"column-6\">Vermieter\/Kontakt<\/th><th class=\"column-7\">Bemerkungen<\/th>\n<\/tr>\n<\/thead>\n<tbody class=\"row-striping row-hover\">\n<tr class=\"row-2\">\n\t<td class=\"column-1\">Geisbruch<\/td><td class=\"column-2\">Geisbruchstr. 19 \/ Sophiastr.<\/td><td class=\"column-3\">49<\/td><td class=\"column-4\">30 Whg. mit 56-70 m\u00b2<br \/>\n19 Whg. mit 71-85 m\u00b2<\/td><td class=\"column-5\">8,01 \u20ac bis 9,00 \u20ac\/m\u00b2<\/td><td class=\"column-6\">Viva West Wohnen Gmbh<br \/>\nKundencenter Moers<br \/>\nTaubenstr. 47<br \/>\n47443 Moers<br \/>\nHr. Wilczok<br \/>\nTel.: 02841-5 09 72 66 01<\/td><td class=\"column-7\">Gemeinschaftsraum vorhanden, Betreuung \u00fcber Grafschafter Diakonie, Neubau von weiteren 27 WE mit \u00d8 62 m\u00b2 geplant, Wartelisten<\/td>\n<\/tr>\n<tr class=\"row-3\">\n\t<td class=\"column-1\">Altsiedlung<\/td><td class=\"column-2\">Kattenstr. 46-56<\/td><td class=\"column-3\">16<\/td><td class=\"column-4\">8 Whg. mit bis 45 m\u00b2<br \/>\n1 Whg. mit 46-55 m\u00b2<br \/>\n7 Whg. mit 56-70 m\u00b2<\/td><td class=\"column-5\">4,01 \u20ac bis 5,00 \u20ac\/m\u00b2<\/td><td class=\"column-6\">Grafschaft Moers<br \/>\nSiedlungs- und Wohnungsbau GmbH<br \/>\nAP: Hr. Lehmann<br \/>\nTel.: 02842-915020<\/td><td class=\"column-7\">Wartelisten<\/td>\n<\/tr>\n<tr class=\"row-4\">\n\t<td class=\"column-1\">Niersenbruch<\/td><td class=\"column-2\">Fasanenstr. 3-9<\/td><td class=\"column-3\">45<\/td><td class=\"column-4\">24 Whg. mit 56-70 m\u00b2<br \/>\n15 Whg. mit 71-85 m\u00b2<br \/>\n1 Whg. \u00fcber 85 m\u00b2<\/td><td class=\"column-5\">8,01 \u20ac bis 9,00 \u20ac\/m\u00b2<\/td><td class=\"column-6\">Grafschaft Moers<br \/>\nSiedlungs- und Wohnungsbau GmbH<br \/>\nAP: Hr. Lehmann<br \/>\nTel.: 02842-915020<\/td><td class=\"column-7\">lange Wartelisten<\/td>\n<\/tr>\n<tr class=\"row-5\">\n\t<td class=\"column-1\">Stadtmitte<\/td><td class=\"column-2\">Jahnstr. 25, 27<\/td><td class=\"column-3\">4<\/td><td class=\"column-4\">4 Whg. mit 56-70 m\u00b2<\/td><td class=\"column-5\">4,01 \u20ac bis 5,00 \u20ac\/m\u00b2<\/td><td class=\"column-6\">Grafschaft Moers<br \/>\nSiedlungs- und Wohnungsbau GmbH<br \/>\nAP: Hr. Lehmann<br \/>\nTel.: 02842-915020<\/td><td class=\"column-7\">Wartelisten<\/td>\n<\/tr>\n<tr class=\"row-6\">\n\t<td class=\"column-1\"><\/td><td class=\"column-2\">Wilhelmstr. 43<\/td><td class=\"column-3\">8<\/td><td class=\"column-4\">3 Whg. mit 46-55 m\u00b2<br \/>\n4 Whg. mit 56-70 m\u00b2<br \/>\n1 Whg. \u00fcber 85 m\u00b2<\/td><td class=\"column-5\">8,01 \u20ac bis 9,00 \u20ac\/m\u00b2<\/td><td class=\"column-6\">Grafschaft Moers<br \/>\nSiedlungs- und Wohnungsbau GmbH<br \/>\nAP: Hr. Lehmann<br \/>\nTel.: 02842-915020<\/td><td class=\"column-7\">Wartelisten<\/td>\n<\/tr>\n<tr class=\"row-7\">\n\t<td class=\"column-1\"><\/td><td class=\"column-2\">Moerser Str. 61-65<\/td><td class=\"column-3\">47<\/td><td class=\"column-4\">45 Whg. mit 56-70 m\u00b2<br \/>\n1 Whg. mit 71-85 m\u00b2<br \/>\n1 Whg. \u00fcber 85 m\u00b2<\/td><td class=\"column-5\">\u00fcber 9,00 \u20ac\/m\u00b2<\/td><td class=\"column-6\">Gantax Immobilienanlagen GmbH &amp; Co KG<br \/>\nAP: Hr. Lerch<br \/>\nTel.: 0381-2 07 40 30<\/td><td class=\"column-7\">Betreuung \u00fcber Caritas mit Betreuungsvertrag, lange Wartelisten<\/td>\n<\/tr>\n<\/tbody>\n<\/table>\n<!-- #tablepress-5 from cache -->\n<p>______________________________________________________________________<\/p>\n<h4>Wohnen im Alter<\/h4>\n<p><span style=\"font-size: 10pt\"><em>Datum: 15.09.2015<\/em><\/span><\/p>\n<p>Vielen \u00e4lteren Menschen ist es ein Bed\u00fcrfnis, m\u00f6glichst lange<br \/>\nselbstbestimmt in der eigenen Wohnung, im vertrauten Wohnumfeld zu leben.<\/p>\n<p>Die ganze Nachricht gibt es auf der <a href=\"http:\/\/www.kamp-lintfort.de\/C1257537002B239A\/0\/559B36D3A8F313FAC1257EC1004D6C8E\" target=\"_blank\" data-wpel-link=\"external\" rel=\"follow external noopener noreferrer\" class=\"ext-link wpel-icon-right\">Internetseite der Stadt Kamp-Lintfort<span class=\"wpel-icon wpel-image wpel-icon-8\"><\/span><\/a>.<\/p>\n<p><a title=\"Kommunales\" href=\"https:\/\/unser-quartier.de\/kali50plus\/kommunales\/\" data-wpel-link=\"internal\">&lt;&lt; zur\u00fcck zu Kommunales&gt;&gt;<\/a>\u00a0\u00a0\u00a0\u00a0\u00a0<a href=\"https:\/\/unser-quartier.de\/kali50plus\/kommunale-adressen\/\" data-wpel-link=\"internal\">&lt;&lt; Kommunale Adressen &gt;&gt;<\/a>\u00a0\u00a0\u00a0\u00a0 <a href=\"https:\/\/unser-quartier.de\/kali50plus\/presseinformationen\/\" rel=\"nofollow\" data-wpel-link=\"internal\">&lt;&lt; Presseinformationen &gt;&gt;<\/a><\/p>\n","protected":false},"excerpt":{"rendered":"<p>\u00c4nderungen vorbehalten ______________________________________________________________________ Wohnen im Alter Datum: 15.09.2015 Vielen \u00e4lteren Menschen ist es ein Bed\u00fcrfnis, m\u00f6glichst lange selbstbestimmt in der eigenen Wohnung, im vertrauten Wohnumfeld zu leben. Die ganze Nachricht gibt es auf der Internetseite der Stadt Kamp-Lintfort. &lt;&lt; zur\u00fcck zu Kommunales&gt;&gt;\u00a0\u00a0\u00a0\u00a0\u00a0&lt;&lt; Kommunale Adressen &gt;&gt;\u00a0\u00a0\u00a0\u00a0 &lt;&lt; Presseinformationen &gt;&gt;<\/p>\n","protected":false},"author":168,"featured_media":0,"parent":1978,"menu_order":0,"comment_status":"open","ping_status":"closed","template":"page-templates\/full-width.php","meta":{"_bbp_topic_count":0,"_bbp_reply_count":0,"_bbp_total_topic_count":0,"_bbp_total_reply_count":0,"_bbp_voice_count":0,"_bbp_anonymous_reply_count":0,"_bbp_topic_count_hidden":0,"_bbp_reply_count_hidden":0,"_bbp_forum_subforum_count":0,"advanced_seo_description":"","jetpack_seo_html_title":"","jetpack_seo_noindex":false,"ngg_post_thumbnail":0,"jetpack_post_was_ever_published":false,"footnotes":""},"class_list":["post-4386","page","type-page","status-publish","hentry"],"jetpack_shortlink":"https:\/\/wp.me\/P4AdMt-18K","jetpack_likes_enabled":true,"jetpack-related-posts":[],"jetpack_sharing_enabled":true,"_links":{"self":[{"href":"https:\/\/unser-quartier.de\/kali50plus\/wp-json\/wp\/v2\/pages\/4386","targetHints":{"allow":["GET"]}}],"collection":[{"href":"https:\/\/unser-quartier.de\/kali50plus\/wp-json\/wp\/v2\/pages"}],"about":[{"href":"https:\/\/unser-quartier.de\/kali50plus\/wp-json\/wp\/v2\/types\/page"}],"author":[{"embeddable":true,"href":"https:\/\/unser-quartier.de\/kali50plus\/wp-json\/wp\/v2\/users\/168"}],"replies":[{"embeddable":true,"href":"https:\/\/unser-quartier.de\/kali50plus\/wp-json\/wp\/v2\/comments?post=4386"}],"version-history":[{"count":0,"href":"https:\/\/unser-quartier.de\/kali50plus\/wp-json\/wp\/v2\/pages\/4386\/revisions"}],"up":[{"embeddable":true,"href":"https:\/\/unser-quartier.de\/kali50plus\/wp-json\/wp\/v2\/pages\/1978"}],"wp:attachment":[{"href":"https:\/\/unser-quartier.de\/kali50plus\/wp-json\/wp\/v2\/media?parent=4386"}],"curies":[{"name":"wp","href":"https:\/\/api.w.org\/{rel}","templated":true}]}}