{"id":4719,"date":"2019-06-20T11:31:52","date_gmt":"2019-06-20T09:31:52","guid":{"rendered":"http:\/\/unser-quartier.de\/kali50plus\/?page_id=4719"},"modified":"2020-05-09T12:55:52","modified_gmt":"2020-05-09T10:55:52","slug":"senioren-anlaufstelle","status":"publish","type":"page","link":"https:\/\/unser-quartier.de\/kali50plus\/stadtteile\/geisbruch\/senioren-anlaufstelle\/","title":{"rendered":"Senioren-Anlaufstelle"},"content":{"rendered":"<h3>Ein musikalischer Nachmittag in der Anlaufstelle f\u00fcr \u00e4ltere Menschen<\/h3>\n<h6><a href=\"https:\/\/www.kamp-lintfort.de\/de\/pressemitteilungen\/ein-musikalischer-nachmittag-in-der-anlaufstelle-fuer-aeltere-menschen\/\" target=\"_blank\" rel=\"noopener noreferrer follow external\" data-wpel-link=\"external\" class=\"ext-link wpel-icon-right\">siehe Artikel der Stadt Kamp-Lintfort vom 19.06.2019<span class=\"wpel-icon wpel-image wpel-icon-8\"><\/span><\/a><\/h6>\n<h2>ANLAUFSTELLE F\u00dcR \u00c4LTERE MENSCHEN<\/h2>\n<p>wurde er\u00f6ffnet am 19.08.2015<\/p>\n<p>Eckdaten zur <strong>&#8222;Anlaufstelle f\u00fcr \u00e4ltere Menschen&#8220;<br \/>\n<a href=\"https:\/\/unser-quartier.de\/kali50plus\/files\/2015\/06\/Flyer_Anlaufstelle-f\u00fcr-\u00e4ltere-Menschen.pdf\" class=\"mtli_attachment mtli_pdf\" target=\"_blank\" rel=\"noopener noreferrer\" data-wpel-link=\"internal\">Flyer der Anlaufstelle<\/a><br \/>\n<\/strong><\/p>\n<p>Ferdinantenstra\u00dfe 17 &#8211; 47475 Kamp-Lintfort<br \/>\nTelefon 02842 9284171 &#8211; Fax 02842 9299826<br \/>\ne-Mail <a href=\"mailto:anlaufstelle-geisbruch@kamp-lintfort.net\" target=\"_blank\" rel=\"noopener noreferrer\">anlaufstelle-geisbruch@kamp-lintfort.net<\/a><\/p>\n<p><strong>\u00d6ffnungszeiten:<\/strong><br \/>\nMontag, Dienstag, Mittwoch:&nbsp; 9 bis 12 Uhr<br \/>\nMittwoch Nachmittag:&nbsp;&nbsp;&nbsp;&nbsp;&nbsp;&nbsp;&nbsp;&nbsp;&nbsp; 14 bis 17 Uhr<\/p>\n<ul>\n<li><a href=\"https:\/\/unser-quartier.de\/kali50plus\/die-einrichtung-hat-begonnen\/\" data-wpel-link=\"internal\">Die Einrichtung hat begonnen<\/a><\/li>\n<\/ul>\n<div class=\"tiled-gallery type-rectangular tiled-gallery-unresized\" data-original-width=\"474\" data-carousel-extra='{&quot;blog_id&quot;:72,&quot;permalink&quot;:&quot;https:\\\/\\\/unser-quartier.de\\\/kali50plus\\\/stadtteile\\\/geisbruch\\\/senioren-anlaufstelle\\\/&quot;,&quot;likes_blog_id&quot;:67738129}' itemscope itemtype=\"http:\/\/schema.org\/ImageGallery\" > <div class=\"gallery-row\" style=\"width: 474px; height: 212px;\" data-original-width=\"474\" data-original-height=\"212\" > <div class=\"gallery-group images-1\" style=\"width: 317px; height: 212px;\" data-original-width=\"317\" data-original-height=\"212\" > <div class=\"tiled-gallery-item tiled-gallery-item-large\" itemprop=\"associatedMedia\" itemscope itemtype=\"http:\/\/schema.org\/ImageObject\"> <a href=\"https:\/\/unser-quartier.de\/kali50plus\/stadtteile\/geisbruch\/senioren-anlaufstelle\/dsc_1642\/\" border=\"0\" itemprop=\"url\" data-wpel-link=\"internal\"> <meta itemprop=\"width\" content=\"313\"> <meta itemprop=\"height\" content=\"208\"> <img decoding=\"async\" class=\"\" data-attachment-id=\"4725\" data-orig-file=\"https:\/\/unser-quartier.de\/kali50plus\/files\/2015\/06\/DSC_1642.jpg\" data-orig-size=\"1200,798\" data-comments-opened=\"\" data-image-meta=\"{&quot;aperture&quot;:&quot;0&quot;,&quot;credit&quot;:&quot;&quot;,&quot;camera&quot;:&quot;&quot;,&quot;caption&quot;:&quot;&quot;,&quot;created_timestamp&quot;:&quot;0&quot;,&quot;copyright&quot;:&quot;&quot;,&quot;focal_length&quot;:&quot;0&quot;,&quot;iso&quot;:&quot;0&quot;,&quot;shutter_speed&quot;:&quot;0&quot;,&quot;title&quot;:&quot;&quot;,&quot;orientation&quot;:&quot;0&quot;}\" data-image-title=\"Teilnehmer in der Gespr\u00e4chsrunde\" data-image-description=\"\" data-medium-file=\"https:\/\/i0.wp.com\/unser-quartier.de\/kali50plus\/files\/2015\/06\/DSC_1642.jpg?fit=300%2C200&#038;ssl=1\" data-large-file=\"https:\/\/i0.wp.com\/unser-quartier.de\/kali50plus\/files\/2015\/06\/DSC_1642.jpg?fit=474%2C315&#038;ssl=1\" src=\"https:\/\/i0.wp.com\/unser-quartier.de\/kali50plus\/files\/2015\/06\/DSC_1642.jpg?w=313&#038;h=208&#038;ssl=1\" srcset=\"https:\/\/i0.wp.com\/unser-quartier.de\/kali50plus\/files\/2015\/06\/DSC_1642.jpg?w=1200&amp;ssl=1 1200w, https:\/\/i0.wp.com\/unser-quartier.de\/kali50plus\/files\/2015\/06\/DSC_1642.jpg?resize=150%2C100&amp;ssl=1 150w, https:\/\/i0.wp.com\/unser-quartier.de\/kali50plus\/files\/2015\/06\/DSC_1642.jpg?resize=300%2C200&amp;ssl=1 300w, https:\/\/i0.wp.com\/unser-quartier.de\/kali50plus\/files\/2015\/06\/DSC_1642.jpg?resize=1024%2C681&amp;ssl=1 1024w, https:\/\/i0.wp.com\/unser-quartier.de\/kali50plus\/files\/2015\/06\/DSC_1642.jpg?w=948&amp;ssl=1 948w\" width=\"313\" height=\"208\" loading=\"lazy\" data-original-width=\"313\" data-original-height=\"208\" itemprop=\"http:\/\/schema.org\/image\" title=\"Teilnehmer in der Gespr\u00e4chsrunde\" alt=\"Bild: Teilnehmer in der Gespr\u00e4chsrunde\" style=\"width: 313px; height: 208px;\" \/> <\/a> <\/div> <\/div> <!-- close group --> <div class=\"gallery-group images-2\" style=\"width: 157px; height: 212px;\" data-original-width=\"157\" data-original-height=\"212\" > <div class=\"tiled-gallery-item tiled-gallery-item-small\" itemprop=\"associatedMedia\" itemscope itemtype=\"http:\/\/schema.org\/ImageObject\"> <a href=\"https:\/\/unser-quartier.de\/kali50plus\/stadtteile\/geisbruch\/senioren-anlaufstelle\/dsc_1646\/\" border=\"0\" itemprop=\"url\" data-wpel-link=\"internal\"> <meta itemprop=\"width\" content=\"153\"> <meta itemprop=\"height\" content=\"102\"> <img decoding=\"async\" class=\"\" data-attachment-id=\"4726\" data-orig-file=\"https:\/\/unser-quartier.de\/kali50plus\/files\/2015\/06\/DSC_1646.jpg\" data-orig-size=\"1200,798\" data-comments-opened=\"\" data-image-meta=\"{&quot;aperture&quot;:&quot;0&quot;,&quot;credit&quot;:&quot;&quot;,&quot;camera&quot;:&quot;&quot;,&quot;caption&quot;:&quot;&quot;,&quot;created_timestamp&quot;:&quot;0&quot;,&quot;copyright&quot;:&quot;&quot;,&quot;focal_length&quot;:&quot;0&quot;,&quot;iso&quot;:&quot;0&quot;,&quot;shutter_speed&quot;:&quot;0&quot;,&quot;title&quot;:&quot;&quot;,&quot;orientation&quot;:&quot;0&quot;}\" data-image-title=\"Teilnehmer\" data-image-description=\"\" data-medium-file=\"https:\/\/i0.wp.com\/unser-quartier.de\/kali50plus\/files\/2015\/06\/DSC_1646.jpg?fit=300%2C200&#038;ssl=1\" data-large-file=\"https:\/\/i0.wp.com\/unser-quartier.de\/kali50plus\/files\/2015\/06\/DSC_1646.jpg?fit=474%2C315&#038;ssl=1\" src=\"https:\/\/i0.wp.com\/unser-quartier.de\/kali50plus\/files\/2015\/06\/DSC_1646.jpg?w=153&#038;h=102&#038;ssl=1\" srcset=\"https:\/\/i0.wp.com\/unser-quartier.de\/kali50plus\/files\/2015\/06\/DSC_1646.jpg?w=1200&amp;ssl=1 1200w, https:\/\/i0.wp.com\/unser-quartier.de\/kali50plus\/files\/2015\/06\/DSC_1646.jpg?resize=150%2C100&amp;ssl=1 150w, https:\/\/i0.wp.com\/unser-quartier.de\/kali50plus\/files\/2015\/06\/DSC_1646.jpg?resize=300%2C200&amp;ssl=1 300w, https:\/\/i0.wp.com\/unser-quartier.de\/kali50plus\/files\/2015\/06\/DSC_1646.jpg?resize=1024%2C681&amp;ssl=1 1024w, https:\/\/i0.wp.com\/unser-quartier.de\/kali50plus\/files\/2015\/06\/DSC_1646.jpg?w=948&amp;ssl=1 948w\" width=\"153\" height=\"102\" loading=\"lazy\" data-original-width=\"153\" data-original-height=\"102\" itemprop=\"http:\/\/schema.org\/image\" title=\"Teilnehmer\" alt=\"Bild: Teilnehmer\" style=\"width: 153px; height: 102px;\" \/> <\/a> <\/div> <div class=\"tiled-gallery-item tiled-gallery-item-small\" itemprop=\"associatedMedia\" itemscope itemtype=\"http:\/\/schema.org\/ImageObject\"> <a href=\"https:\/\/unser-quartier.de\/kali50plus\/stadtteile\/geisbruch\/senioren-anlaufstelle\/dsc_2190\/\" border=\"0\" itemprop=\"url\" data-wpel-link=\"internal\"> <meta itemprop=\"width\" content=\"153\"> <meta itemprop=\"height\" content=\"102\"> <img decoding=\"async\" class=\"\" data-attachment-id=\"4727\" data-orig-file=\"https:\/\/unser-quartier.de\/kali50plus\/files\/2015\/06\/DSC_2190.jpg\" data-orig-size=\"1200,798\" data-comments-opened=\"\" data-image-meta=\"{&quot;aperture&quot;:&quot;0&quot;,&quot;credit&quot;:&quot;&quot;,&quot;camera&quot;:&quot;&quot;,&quot;caption&quot;:&quot;&quot;,&quot;created_timestamp&quot;:&quot;0&quot;,&quot;copyright&quot;:&quot;&quot;,&quot;focal_length&quot;:&quot;0&quot;,&quot;iso&quot;:&quot;0&quot;,&quot;shutter_speed&quot;:&quot;0&quot;,&quot;title&quot;:&quot;&quot;,&quot;orientation&quot;:&quot;0&quot;}\" data-image-title=\"Gruppenbild der bisherigen Teilnehmer\" data-image-description=\"\" data-medium-file=\"https:\/\/i0.wp.com\/unser-quartier.de\/kali50plus\/files\/2015\/06\/DSC_2190.jpg?fit=300%2C200&#038;ssl=1\" data-large-file=\"https:\/\/i0.wp.com\/unser-quartier.de\/kali50plus\/files\/2015\/06\/DSC_2190.jpg?fit=474%2C315&#038;ssl=1\" src=\"https:\/\/i0.wp.com\/unser-quartier.de\/kali50plus\/files\/2015\/06\/DSC_2190.jpg?w=153&#038;h=102&#038;ssl=1\" srcset=\"https:\/\/i0.wp.com\/unser-quartier.de\/kali50plus\/files\/2015\/06\/DSC_2190.jpg?w=1200&amp;ssl=1 1200w, https:\/\/i0.wp.com\/unser-quartier.de\/kali50plus\/files\/2015\/06\/DSC_2190.jpg?resize=150%2C100&amp;ssl=1 150w, https:\/\/i0.wp.com\/unser-quartier.de\/kali50plus\/files\/2015\/06\/DSC_2190.jpg?resize=300%2C200&amp;ssl=1 300w, https:\/\/i0.wp.com\/unser-quartier.de\/kali50plus\/files\/2015\/06\/DSC_2190.jpg?resize=1024%2C681&amp;ssl=1 1024w, https:\/\/i0.wp.com\/unser-quartier.de\/kali50plus\/files\/2015\/06\/DSC_2190.jpg?w=948&amp;ssl=1 948w\" width=\"153\" height=\"102\" loading=\"lazy\" data-original-width=\"153\" data-original-height=\"102\" itemprop=\"http:\/\/schema.org\/image\" title=\"Gruppenbild der bisherigen Teilnehmer\" alt=\"Bild: Gruppenbild der bisherigen Teilnehmer\" style=\"width: 153px; height: 102px;\" \/> <\/a> <\/div> <\/div> <!-- close group --> <\/div> <!-- close row --> <\/div>\n","protected":false},"excerpt":{"rendered":"<p>Ein musikalischer Nachmittag in der Anlaufstelle f\u00fcr \u00e4ltere Menschen siehe Artikel der Stadt Kamp-Lintfort vom 19.06.2019 ANLAUFSTELLE F\u00dcR \u00c4LTERE MENSCHEN wurde er\u00f6ffnet am 19.08.2015 Eckdaten zur &#8222;Anlaufstelle f\u00fcr \u00e4ltere Menschen&#8220; Flyer der Anlaufstelle Ferdinantenstra\u00dfe 17 &#8211; 47475 Kamp-Lintfort Telefon 02842 9284171 &#8211; Fax 02842 9299826 e-Mail anlaufstelle-geisbruch@kamp-lintfort.net \u00d6ffnungszeiten: Montag, Dienstag, Mittwoch:&nbsp; 9 bis 12 Uhr &hellip; <a href=\"https:\/\/unser-quartier.de\/kali50plus\/stadtteile\/geisbruch\/senioren-anlaufstelle\/\" class=\"more-link\" data-wpel-link=\"internal\"><span class=\"screen-reader-text\">Senioren-Anlaufstelle<\/span> weiterlesen <span class=\"meta-nav\">&rarr;<\/span><\/a><\/p>\n","protected":false},"author":168,"featured_media":0,"parent":1049,"menu_order":0,"comment_status":"open","ping_status":"closed","template":"","meta":{"_bbp_topic_count":0,"_bbp_reply_count":0,"_bbp_total_topic_count":0,"_bbp_total_reply_count":0,"_bbp_voice_count":0,"_bbp_anonymous_reply_count":0,"_bbp_topic_count_hidden":0,"_bbp_reply_count_hidden":0,"_bbp_forum_subforum_count":0,"advanced_seo_description":"","jetpack_seo_html_title":"","jetpack_seo_noindex":false,"ngg_post_thumbnail":0,"jetpack_post_was_ever_published":false,"footnotes":""},"class_list":["post-4719","page","type-page","status-publish","hentry"],"jetpack_shortlink":"https:\/\/wp.me\/P4AdMt-1e7","jetpack_likes_enabled":true,"jetpack-related-posts":[],"jetpack_sharing_enabled":true,"_links":{"self":[{"href":"https:\/\/unser-quartier.de\/kali50plus\/wp-json\/wp\/v2\/pages\/4719","targetHints":{"allow":["GET"]}}],"collection":[{"href":"https:\/\/unser-quartier.de\/kali50plus\/wp-json\/wp\/v2\/pages"}],"about":[{"href":"https:\/\/unser-quartier.de\/kali50plus\/wp-json\/wp\/v2\/types\/page"}],"author":[{"embeddable":true,"href":"https:\/\/unser-quartier.de\/kali50plus\/wp-json\/wp\/v2\/users\/168"}],"replies":[{"embeddable":true,"href":"https:\/\/unser-quartier.de\/kali50plus\/wp-json\/wp\/v2\/comments?post=4719"}],"version-history":[{"count":0,"href":"https:\/\/unser-quartier.de\/kali50plus\/wp-json\/wp\/v2\/pages\/4719\/revisions"}],"up":[{"embeddable":true,"href":"https:\/\/unser-quartier.de\/kali50plus\/wp-json\/wp\/v2\/pages\/1049"}],"wp:attachment":[{"href":"https:\/\/unser-quartier.de\/kali50plus\/wp-json\/wp\/v2\/media?parent=4719"}],"curies":[{"name":"wp","href":"https:\/\/api.w.org\/{rel}","templated":true}]}}