{"id":9164,"date":"2017-07-08T17:04:25","date_gmt":"2017-07-08T15:04:25","guid":{"rendered":"https:\/\/unser-quartier.de\/kali50plus\/?p=9164"},"modified":"2025-10-29T11:02:47","modified_gmt":"2025-10-29T10:02:47","slug":"alt-codes-tabelle-alle-symbole-mit-der-tastatur-schreiben","status":"publish","type":"page","link":"https:\/\/unser-quartier.de\/kali50plus\/alt-codes-tabelle-alle-symbole-mit-der-tastatur-schreiben\/","title":{"rendered":"Alt-Codes-Tabelle: Alle Symbole mit der Tastatur schreiben"},"content":{"rendered":"<div id=\"pl-9164\"  class=\"panel-layout\" ><div id=\"pg-9164-0\"  class=\"panel-grid panel-no-style\" ><div id=\"pgc-9164-0-0\"  class=\"panel-grid-cell\" ><div id=\"panel-9164-0-0-0\" class=\"so-panel widget widget_sow-editor panel-first-child panel-last-child\" data-index=\"0\" ><div\n\t\t\t\n\t\t\tclass=\"so-widget-sow-editor so-widget-sow-editor-base\"\n\t\t\t\n\t\t>\n<div class=\"siteorigin-widget-tinymce textwidget\">\n\t<p><em><a href=\"http:\/\/www.giga.de\/author\/martin-maciej\/\" data-wpel-link=\"external\" target=\"_blank\" rel=\"follow external noopener noreferrer\" class=\"ext-link wpel-icon-right\">Martin Maciej<span class=\"wpel-icon wpel-image wpel-icon-8\"><\/span><\/a> am 01.10.2013 um 10:50 Uhr \u2013 <\/em><a href=\"http:\/\/www.giga.de\/downloads\/microsoft-office-2013\/tipps\/alt-codes-tabelle-alle-symbole-mit-der-tastatur-schreiben\/\" data-wpel-link=\"external\" target=\"_blank\" rel=\"follow external noopener noreferrer\" class=\"ext-link wpel-icon-right\"><em>GIGA SOFTWARE<\/em><span class=\"wpel-icon wpel-image wpel-icon-8\"><\/span><\/a><\/p>\n<p>W\u00e4hrend auf der Tastatur selbst nur alle Buchstaben und Ziffern, sowie einige <a href=\"http:\/\/www.giga.de\/unternehmen\/facebook\/tipps\/facebook-zeichen-und-symbole-benutzen-herz-sterne-so-geht-s\/\" data-wpel-link=\"external\" target=\"_blank\" rel=\"follow external noopener noreferrer\" class=\"ext-link wpel-icon-right\">Sonderzeichen<span class=\"wpel-icon wpel-image wpel-icon-8\"><\/span><\/a> abgebildet sind, lassen sich mit bestimmten Alt-Codes eine Vielzahl von Sonderzeichen, fremdsprachliche Symbole, mathematische Zeichen oder Icons auf den Bildschirm zaubern. Folgende Tabelle gibt euch eine \u00dcbersicht \u00fcber die Alt-Codes, mit denen ihr die verschiedenen Zeichen schreiben k\u00f6nnt.<\/p>\n<p><img data-attachment-id=\"9167\" data-permalink=\"https:\/\/unser-quartier.de\/kali50plus\/alt-codes-tabelle-alle-symbole-mit-der-tastatur-schreiben\/alt-codes\/\" data-orig-file=\"https:\/\/i0.wp.com\/unser-quartier.de\/kali50plus\/files\/2017\/07\/Alt-Codes.jpg?fit=570%2C361&amp;ssl=1\" data-orig-size=\"570,361\" data-comments-opened=\"0\" data-image-meta=\"{&quot;aperture&quot;:&quot;0&quot;,&quot;credit&quot;:&quot;&quot;,&quot;camera&quot;:&quot;&quot;,&quot;caption&quot;:&quot;&quot;,&quot;created_timestamp&quot;:&quot;0&quot;,&quot;copyright&quot;:&quot;&quot;,&quot;focal_length&quot;:&quot;0&quot;,&quot;iso&quot;:&quot;0&quot;,&quot;shutter_speed&quot;:&quot;0&quot;,&quot;title&quot;:&quot;&quot;,&quot;orientation&quot;:&quot;0&quot;}\" data-image-title=\"Alt-Codes\" data-image-description=\"\" data-image-caption=\"\" data-medium-file=\"https:\/\/i0.wp.com\/unser-quartier.de\/kali50plus\/files\/2017\/07\/Alt-Codes.jpg?fit=300%2C190&amp;ssl=1\" data-large-file=\"https:\/\/i0.wp.com\/unser-quartier.de\/kali50plus\/files\/2017\/07\/Alt-Codes.jpg?fit=474%2C300&amp;ssl=1\" data-recalc-dims=\"1\" loading=\"lazy\" decoding=\"async\" class=\"aligncenter size-full wp-image-9167\" src=\"https:\/\/i0.wp.com\/unser-quartier.de\/kali50plus\/files\/2017\/07\/Alt-Codes.jpg?resize=474%2C300&#038;ssl=1\" alt=\"Bild: Alt-Codes Tabelle\" width=\"474\" height=\"300\" srcset=\"https:\/\/i0.wp.com\/unser-quartier.de\/kali50plus\/files\/2017\/07\/Alt-Codes.jpg?w=570&amp;ssl=1 570w, https:\/\/i0.wp.com\/unser-quartier.de\/kali50plus\/files\/2017\/07\/Alt-Codes.jpg?resize=150%2C95&amp;ssl=1 150w, https:\/\/i0.wp.com\/unser-quartier.de\/kali50plus\/files\/2017\/07\/Alt-Codes.jpg?resize=300%2C190&amp;ssl=1 300w\" sizes=\"auto, (max-width: 474px) 100vw, 474px\" \/>Um die Zeichen mittels Alt-Code schreiben zu k\u00f6nnen, haltet die linke Alt-Taste gedr\u00fcckt und gebt die entsprechende Zahlenkombination \u00fcber den Nummernblock rechts auf der Tastatur ein. Der Einsatz von Alt-Codes eignet sich z. B. auch, wenn ihr auf einer Tastatur im Ausland einen deutschen Text schreiben wollt und dabei nicht auf Umlaute wie \u201e\u00c4\u201c oder \u201e\u00f6\u201c verzichten wollt oder verzweifelt nach dem Klammeraffen-, bzw. <a href=\"http:\/\/www.giga.de\/software\/internet\/das-at-zeichen-klammeraffe-auf-mac-und-tastaturen-im-ausland-finden\/\" data-wpel-link=\"external\" target=\"_blank\" rel=\"follow external noopener noreferrer\" class=\"ext-link wpel-icon-right\">@-Symbol<span class=\"wpel-icon wpel-image wpel-icon-8\"><\/span><\/a> sucht.<\/p>\n<h4><strong>Die wichtigsten Alt-Codes in der Tabelle im \u00dcberblick<\/strong><\/h4>\n<p><strong>Alt-Codes f\u00fcr W\u00e4hrungssymbole<\/strong><\/p>\n<table>\n<tbody>\n<tr>\n<td width=\"57\"><strong>Symbol<\/strong><\/td>\n<td width=\"205\"><strong>Bezeichnung<\/strong><\/td>\n<td width=\"42\"><strong>Code<\/strong><\/td>\n<\/tr>\n<tr>\n<td width=\"57\">\u20ac<\/td>\n<td width=\"205\"><a href=\"http:\/\/microsoft-word-2013.giga.de\/tipps\/das-euro-zeichen-schreiben-in-word-am-pc-und-am-mac\/\" data-wpel-link=\"external\" target=\"_blank\" rel=\"follow external noopener noreferrer\" class=\"ext-link wpel-icon-right\">Euro-Symbol<span class=\"wpel-icon wpel-image wpel-icon-8\"><\/span><\/a><\/td>\n<td width=\"42\">0128<\/td>\n<\/tr>\n<tr>\n<td width=\"57\">\u0192<\/td>\n<td width=\"205\">Florin<\/td>\n<td width=\"42\">0131<\/td>\n<\/tr>\n<tr>\n<td width=\"57\">\u00a2<\/td>\n<td width=\"205\">Cent<\/td>\n<td width=\"42\">0162<\/td>\n<\/tr>\n<tr>\n<td width=\"57\">\u00a4<\/td>\n<td width=\"205\">allgemeines W\u00e4hrungssymbol<\/td>\n<td width=\"42\">0164<\/td>\n<\/tr>\n<tr>\n<td width=\"57\">\u00a5<\/td>\n<td width=\"205\">japanischer Yen<\/td>\n<td width=\"42\">0165<\/td>\n<\/tr>\n<\/tbody>\n<\/table>\n<p><strong>Alt-Codes f\u00fcr fremdsprachliche Sonderzeichen<\/strong><\/p>\n<table>\n<tbody>\n<tr>\n<td width=\"57\"><strong>Symbol<\/strong><\/td>\n<td width=\"205\"><strong>Bezeichnung<\/strong><\/td>\n<td width=\"80\"><strong>Code<\/strong><\/td>\n<\/tr>\n<tr>\n<td width=\"57\">\u00a1<\/td>\n<td width=\"205\">umgedrehtes Ausrufezeichen<\/td>\n<td width=\"80\">0161<\/td>\n<\/tr>\n<tr>\n<td width=\"57\">\u00bf<\/td>\n<td width=\"205\">umgedrehtes Fragezeichen<\/td>\n<td width=\"80\">0191<\/td>\n<\/tr>\n<tr>\n<td width=\"57\">\u00c7, \u00e7<\/td>\n<td width=\"205\">Cedille<\/td>\n<td width=\"80\">0199, 0231<\/td>\n<\/tr>\n<tr>\n<td width=\"57\">\u0152, \u0153<\/td>\n<td width=\"205\">zusammengeschriebenes \u201eoe\u201c<\/td>\n<td width=\"80\">0140, 0156<\/td>\n<\/tr>\n<tr>\n<td width=\"57\">\u00c6, \u00e6<\/td>\n<td width=\"205\">zusammengeschriebenes \u201eae<\/td>\n<td width=\"80\">0198, 0230<\/td>\n<\/tr>\n<tr>\n<td width=\"57\">\u00df<\/td>\n<td width=\"205\">scharfes S<\/td>\n<td width=\"80\">0223<\/td>\n<\/tr>\n<tr>\n<td width=\"57\">\u00ba, \u00aa<\/td>\n<td width=\"205\">Ordinalzahlen (maskulin und feminin)<\/td>\n<td width=\"80\">0186, 0170<\/td>\n<\/tr>\n<tr>\n<td width=\"57\">\u00d8, \u00f8<\/td>\n<td width=\"205\">O mit Querstrich<\/td>\n<td width=\"80\">0216, 0248<\/td>\n<\/tr>\n<tr>\n<td width=\"57\">\u00c5, \u00e5<\/td>\n<td width=\"205\">A mit Kreis, Angstrom-Zeichen<\/td>\n<td width=\"80\">0197, 0229<\/td>\n<\/tr>\n<tr>\n<td width=\"57\">\u00de,\u00fe<\/td>\n<td width=\"205\">Thorn<\/td>\n<td width=\"80\">0222, 0254<\/td>\n<\/tr>\n<tr>\n<td width=\"57\">\u00d0, \u00f0<\/td>\n<td width=\"205\">Eth<\/td>\n<td width=\"80\">0208, 0240<\/td>\n<\/tr>\n<tr>\n<td width=\"57\">\u00ab, \u00bb<\/td>\n<td width=\"205\">franz\u00f6sische, spanische Anf\u00fchrungsstriche<\/td>\n<td width=\"80\">0171, 0187<\/td>\n<\/tr>\n<tr>\n<td width=\"57\">\u2039, \u203a<\/td>\n<td width=\"205\">franz\u00f6sische, spanische Anf\u00fchrungsstriche (einzeln)<\/td>\n<td width=\"80\">0139, 0155<\/td>\n<\/tr>\n<tr>\n<td width=\"57\">\u00c4, \u00e4<\/td>\n<td width=\"205\">A-Umlaut<\/td>\n<td width=\"80\">0196, 0228<\/td>\n<\/tr>\n<tr>\n<td width=\"57\">\u00cb, \u00eb<\/td>\n<td width=\"205\">E-Umlaut<\/td>\n<td width=\"80\">0203, 0235<\/td>\n<\/tr>\n<tr>\n<td width=\"57\">\u00cf, \u00ef<\/td>\n<td width=\"205\">I-Umlaut<\/td>\n<td width=\"80\">0207, 0239<\/td>\n<\/tr>\n<tr>\n<td width=\"57\">\u00d6, \u00f6<\/td>\n<td width=\"205\">O-Umlaut<\/td>\n<td width=\"80\">0214, 0246<\/td>\n<\/tr>\n<tr>\n<td width=\"57\">\u00dc, \u00fc<\/td>\n<td width=\"205\">U-Umlaut<\/td>\n<td width=\"80\">0220, 0252<\/td>\n<\/tr>\n<tr>\n<td width=\"57\">\u0178, \u00ff<\/td>\n<td width=\"205\">Y-Umlaut<\/td>\n<td width=\"80\">0159, 0255<\/td>\n<\/tr>\n<tr>\n<td width=\"57\">\u00c0, \u00e0<\/td>\n<td width=\"205\">A mit Accent Grave<\/td>\n<td width=\"80\">0192, 0224<\/td>\n<\/tr>\n<tr>\n<td width=\"57\">\u00c8, \u00e8<\/td>\n<td width=\"205\">E mit Accent Grave<\/td>\n<td width=\"80\">0200, 0232<\/td>\n<\/tr>\n<tr>\n<td width=\"57\">\u00cc, \u00ec<\/td>\n<td width=\"205\">I mit Accent Grave<\/td>\n<td width=\"80\">0204, 0236<\/td>\n<\/tr>\n<tr>\n<td width=\"57\">\u00d2, \u00f2<\/td>\n<td width=\"205\">O mit Accent Grave<\/td>\n<td width=\"80\">0210, 0242<\/td>\n<\/tr>\n<tr>\n<td width=\"57\">\u00d9, \u00f9<\/td>\n<td width=\"205\">U mit Accent Grave<\/td>\n<td width=\"80\">0217, 0249<\/td>\n<\/tr>\n<tr>\n<td width=\"57\">\u00c2, \u00e2<\/td>\n<td width=\"205\">A mit Zirkumflex<\/td>\n<td width=\"80\">0194, 0226<\/td>\n<\/tr>\n<tr>\n<td width=\"57\">\u00ca, \u00ea<\/td>\n<td width=\"205\">E mit Zirkumflex<\/td>\n<td width=\"80\">0202, 0234<\/td>\n<\/tr>\n<tr>\n<td width=\"57\">\u00ce, \u00ee<\/td>\n<td width=\"205\">I mit Zirkumflex<\/td>\n<td width=\"80\">0206, 0238<\/td>\n<\/tr>\n<tr>\n<td width=\"57\">\u00d4, \u00f4<\/td>\n<td width=\"205\">O mit Zirkumflex<\/td>\n<td width=\"80\">0212, 0244<\/td>\n<\/tr>\n<tr>\n<td width=\"57\">\u00db, \u00fb<\/td>\n<td width=\"205\">U mit Zirkumflex<\/td>\n<td width=\"80\">0219, 0251<\/td>\n<\/tr>\n<tr>\n<td width=\"57\">\u00d1, \u00f1<\/td>\n<td width=\"205\">ng-Symbol<\/td>\n<td width=\"80\">163, 165<\/td>\n<\/tr>\n<tr>\n<td width=\"57\">\u017d, \u017e<\/td>\n<td width=\"205\">Z mit Hatschek<\/td>\n<td width=\"80\">0142, 0158<\/td>\n<\/tr>\n<tr>\n<td width=\"57\">\u0160, \u0161<\/td>\n<td width=\"205\">S mit Hatschek<\/td>\n<td width=\"80\">0138, 0154<\/td>\n<\/tr>\n<\/tbody>\n<\/table>\n<p><strong>Alt-Codes Tabelle f\u00fcr mathematische Symbole<\/strong><\/p>\n<table>\n<tbody>\n<tr>\n<td width=\"56\">Symbol<\/td>\n<td width=\"205\">Bezeichnung<\/td>\n<td width=\"43\">Code<\/td>\n<\/tr>\n<tr>\n<td width=\"56\">\u2030<\/td>\n<td width=\"205\">Promille<\/td>\n<td width=\"43\">0137<\/td>\n<\/tr>\n<tr>\n<td width=\"56\">\u00ac<\/td>\n<td width=\"205\">Nicht-Symbol<\/td>\n<td width=\"43\">0172<\/td>\n<\/tr>\n<tr>\n<td width=\"56\">\u00b0<\/td>\n<td width=\"205\">Grad-Symbol<\/td>\n<td width=\"43\">0176<\/td>\n<\/tr>\n<tr>\n<td width=\"56\">\u00b1<\/td>\n<td width=\"205\">Plus-Minus<\/td>\n<td width=\"43\">0177<\/td>\n<\/tr>\n<tr>\n<td width=\"56\">\u00b5<\/td>\n<td width=\"205\">Mikro<\/td>\n<td width=\"43\">0181<\/td>\n<\/tr>\n<tr>\n<td width=\"56\">\u00bc<\/td>\n<td width=\"205\">Ein Viertel<\/td>\n<td width=\"43\">0188<\/td>\n<\/tr>\n<tr>\n<td width=\"56\">\u00bd<\/td>\n<td width=\"205\">Ein Halb<\/td>\n<td width=\"43\">0189<\/td>\n<\/tr>\n<tr>\n<td width=\"56\">\u00be<\/td>\n<td width=\"205\">Drei-Viertel<\/td>\n<td width=\"43\">0190<\/td>\n<\/tr>\n<tr>\n<td colspan=\"3\" width=\"303\">Griechische Symbole findet ihr im entsprechenden Artikel, wie man <a href=\"#griechisch\">griechische Zeichen schreiben<\/a> kann<\/td>\n<\/tr>\n<\/tbody>\n<\/table>\n<p><strong>Weitere n\u00fctzliche Symbole mit Alt-Codes<\/strong><\/p>\n<table>\n<tbody>\n<tr>\n<td width=\"56\">Symbol<\/td>\n<td width=\"205\">Bezeichnung<\/td>\n<td width=\"65\">Alt-Code<\/td>\n<\/tr>\n<tr>\n<td width=\"56\">\u2020<\/td>\n<td width=\"205\">Kreuz<\/td>\n<td width=\"65\">0134<\/td>\n<\/tr>\n<tr>\n<td width=\"56\">\u2021<\/td>\n<td width=\"205\">Doppelkreuz<\/td>\n<td width=\"65\">0135<\/td>\n<\/tr>\n<tr>\n<td width=\"56\">\u2022<\/td>\n<td width=\"205\">Aufz\u00e4hlungspunkt<\/td>\n<td width=\"65\">0149<\/td>\n<\/tr>\n<tr>\n<td width=\"56\">\u2013<\/td>\n<td width=\"205\">en-Dash (Gedankenstrich mit n-Breite)<\/td>\n<td width=\"65\">0150<\/td>\n<\/tr>\n<tr>\n<td width=\"56\">\u2014<\/td>\n<td width=\"205\">em-Dash (Gedankenstrich mit m-Breite)<\/td>\n<td width=\"65\">0151<\/td>\n<\/tr>\n<tr>\n<td width=\"56\">\u2122<\/td>\n<td width=\"205\">Trademark-Symbol<\/td>\n<td width=\"65\">0152<\/td>\n<\/tr>\n<tr>\n<td width=\"56\">\u00a7<\/td>\n<td width=\"205\">Paragraphen-Symbol<\/td>\n<td width=\"65\">0164<\/td>\n<\/tr>\n<tr>\n<td width=\"56\">\u00a9<\/td>\n<td width=\"205\">Copyright-Zeichen<\/td>\n<td width=\"65\">0169<\/td>\n<\/tr>\n<tr>\n<td width=\"56\">\u00ae<\/td>\n<td width=\"205\">Registered-Symbol<\/td>\n<td width=\"65\">0174<\/td>\n<\/tr>\n<tr>\n<td width=\"56\">\u00b6<\/td>\n<td width=\"205\">Absatzzeichen<\/td>\n<td width=\"65\">0182<\/td>\n<\/tr>\n<tr>\n<td width=\"56\">\u263a<\/td>\n<td width=\"205\">Smiley<\/td>\n<td width=\"65\">1<\/td>\n<\/tr>\n<tr>\n<td width=\"56\">\u263b<\/td>\n<td width=\"205\">dunkler Smiley<\/td>\n<td width=\"65\">2<\/td>\n<\/tr>\n<tr>\n<td width=\"56\">\u2665<\/td>\n<td width=\"205\"><a href=\"http:\/\/microsoft-word-2013.giga.de\/tipps\/herz-zeichen-mit-der-tastatur-schreiben-und-bei-facebook-und-co.-einfuegen\/\" data-wpel-link=\"external\" target=\"_blank\" rel=\"follow external noopener noreferrer\" class=\"ext-link wpel-icon-right\">Herz<span class=\"wpel-icon wpel-image wpel-icon-8\"><\/span><\/a><\/td>\n<td width=\"65\">3<\/td>\n<\/tr>\n<tr>\n<td width=\"56\">\u2666<\/td>\n<td width=\"205\">Karo<\/td>\n<td width=\"65\">4<\/td>\n<\/tr>\n<tr>\n<td width=\"56\">\u2663<\/td>\n<td width=\"205\">Kreuz<\/td>\n<td width=\"65\">5<\/td>\n<\/tr>\n<tr>\n<td width=\"56\">\u2660<\/td>\n<td width=\"205\">Pik<\/td>\n<td width=\"65\">6<\/td>\n<\/tr>\n<tr>\n<td width=\"56\">\u2642<\/td>\n<td width=\"205\">Geschlechtssymbol \u201em\u00e4nnlich\u201c<\/td>\n<td width=\"65\">11<\/td>\n<\/tr>\n<tr>\n<td width=\"56\">\u2640<\/td>\n<td width=\"205\">Geschlechtssymbol \u201eweiblich\u201c<\/td>\n<td width=\"65\">12<\/td>\n<\/tr>\n<tr>\n<td width=\"56\">\u266a<\/td>\n<td width=\"205\">Notensymbol<\/td>\n<td width=\"65\">13<\/td>\n<\/tr>\n<tr>\n<td width=\"56\">\u266b<\/td>\n<td width=\"205\">doppeltes Notensymbol<\/td>\n<td width=\"65\">14<\/td>\n<\/tr>\n<tr>\n<td width=\"56\">\u263c<\/td>\n<td width=\"205\">Sonne<\/td>\n<td width=\"65\">15<\/td>\n<\/tr>\n<tr>\n<td width=\"56\">\u2713<\/td>\n<td width=\"205\">H\u00e4kchen<\/td>\n<td width=\"65\">10003<\/td>\n<\/tr>\n<tr>\n<td width=\"56\">@<\/td>\n<td width=\"205\">Klammeraffe, AT-Zeichen<\/td>\n<td width=\"65\">64<\/td>\n<\/tr>\n<\/tbody>\n<\/table>\n<hr \/>\n<h1>Griechische Buchstaben: Wie man sie auf der Tastatur schreibt<\/h1>\n<p><em><a href=\"http:\/\/www.giga.de\/author\/martin-maciej\/\" data-wpel-link=\"external\" target=\"_blank\" rel=\"follow external noopener noreferrer\" class=\"ext-link wpel-icon-right\">Martin Maciej<span class=\"wpel-icon wpel-image wpel-icon-8\"><\/span><\/a> am 18.03.2014 um 11:50 Uhr \u2013 <\/em><a href=\"http:\/\/www.giga.de\/downloads\/microsoft-word-2013\/news\/griechische-buchstaben-wie-man-sie-auf-der-tastatur-schreibt\/\" data-wpel-link=\"external\" target=\"_blank\" rel=\"follow external noopener noreferrer\" class=\"ext-link wpel-icon-right\"><em>GIGA SOFTWARE<\/em><span class=\"wpel-icon wpel-image wpel-icon-8\"><\/span><\/a><\/p>\n<p>Auch wenn Griechenland durch die EU-Krise und eine einseitige Berichterstattung einen teils angeschlagenen Ruf bekommen hat, die meisten Deutschen bleiben immer noch Fans von Urlaub auf Mykonos und einer leckeren Gyros-Tasche beim Kreta-Grill gegen\u00fcber. Sp\u00e4testens im Mathe-Unterricht wird man dann auch mit griechischen Buchstaben konfrontiert und gemartert. Aber auch die PC-Games-Branche bedient sich gerne der griechischen Buchstaben, wie etwa Valve mit dem Lambda-Symbol f\u00fcr das <a href=\"http:\/\/www.giga.de\/spiele\/half-life-3\/\" data-wpel-link=\"external\" target=\"_blank\" rel=\"follow external noopener noreferrer\" class=\"ext-link wpel-icon-right\">Half-Life-Logo<span class=\"wpel-icon wpel-image wpel-icon-8\"><\/span><\/a>.<\/p>\n<p><img data-attachment-id=\"9168\" data-permalink=\"https:\/\/unser-quartier.de\/kali50plus\/alt-codes-tabelle-alle-symbole-mit-der-tastatur-schreiben\/griechisch\/\" data-orig-file=\"https:\/\/i0.wp.com\/unser-quartier.de\/kali50plus\/files\/2017\/07\/griechisch.jpg?fit=400%2C267&amp;ssl=1\" data-orig-size=\"400,267\" data-comments-opened=\"0\" data-image-meta=\"{&quot;aperture&quot;:&quot;0&quot;,&quot;credit&quot;:&quot;&quot;,&quot;camera&quot;:&quot;&quot;,&quot;caption&quot;:&quot;&quot;,&quot;created_timestamp&quot;:&quot;0&quot;,&quot;copyright&quot;:&quot;&quot;,&quot;focal_length&quot;:&quot;0&quot;,&quot;iso&quot;:&quot;0&quot;,&quot;shutter_speed&quot;:&quot;0&quot;,&quot;title&quot;:&quot;&quot;,&quot;orientation&quot;:&quot;0&quot;}\" data-image-title=\"griechisch\" data-image-description=\"\" data-image-caption=\"\" data-medium-file=\"https:\/\/i0.wp.com\/unser-quartier.de\/kali50plus\/files\/2017\/07\/griechisch.jpg?fit=300%2C200&amp;ssl=1\" data-large-file=\"https:\/\/i0.wp.com\/unser-quartier.de\/kali50plus\/files\/2017\/07\/griechisch.jpg?fit=400%2C267&amp;ssl=1\" data-recalc-dims=\"1\" loading=\"lazy\" decoding=\"async\" class=\"aligncenter size-full wp-image-9168\" src=\"https:\/\/i0.wp.com\/unser-quartier.de\/kali50plus\/files\/2017\/07\/griechisch.jpg?resize=400%2C267&#038;ssl=1\" alt=\"\" width=\"400\" height=\"267\" srcset=\"https:\/\/i0.wp.com\/unser-quartier.de\/kali50plus\/files\/2017\/07\/griechisch.jpg?w=400&amp;ssl=1 400w, https:\/\/i0.wp.com\/unser-quartier.de\/kali50plus\/files\/2017\/07\/griechisch.jpg?resize=150%2C100&amp;ssl=1 150w, https:\/\/i0.wp.com\/unser-quartier.de\/kali50plus\/files\/2017\/07\/griechisch.jpg?resize=300%2C200&amp;ssl=1 300w\" sizes=\"auto, (max-width: 400px) 100vw, 400px\" \/>Wie die einzelnen griechischen Buchstaben aussehen, wie sie hei\u00dfen und wie ihr mit einer deutschen Tastatur griechisch schreiben k\u00f6nnt, erfahrt ihr hier.<\/p>\n<h2>Griechische Buchstaben in der \u00dcbersicht: Symbol und Name<\/h2>\n<p>Das griechische Alphabet hat seine Urspr\u00fcnge in der Menschheitsgeschichte im 9. Jahrhundert und gilt als die erste alphabetische Schrift. Auch unsere bekannte lateinische Schrift leitet sich aus dem Griechischen ab. Hier findet ihr die 24 griechischen Symbole im \u00dcberblick:<\/p>\n<table style=\"width: 371px;\">\n<tbody>\n<tr>\n<td style=\"width: 159.033px;\"><strong>Zeichen<\/strong><\/td>\n<td style=\"width: 176.967px;\"><strong>Name<\/strong><\/td>\n<\/tr>\n<tr>\n<td style=\"width: 159.033px;\">\u0391, \u03b1<\/td>\n<td style=\"width: 176.967px;\">Alpha<\/td>\n<\/tr>\n<tr>\n<td style=\"width: 159.033px;\">\u0392, \u03b2<\/td>\n<td style=\"width: 176.967px;\">Beta<\/td>\n<\/tr>\n<tr>\n<td style=\"width: 159.033px;\">\u0393, \u03b3<\/td>\n<td style=\"width: 176.967px;\">Gamma<\/td>\n<\/tr>\n<tr>\n<td style=\"width: 159.033px;\">\u0394, \u03b4<\/td>\n<td style=\"width: 176.967px;\">Delta<\/td>\n<\/tr>\n<tr>\n<td style=\"width: 159.033px;\">\u0395, \u03b5<\/td>\n<td style=\"width: 176.967px;\">Epsilon<\/td>\n<\/tr>\n<tr>\n<td style=\"width: 159.033px;\">\u0396, \u03b6<\/td>\n<td style=\"width: 176.967px;\">Zeta<\/td>\n<\/tr>\n<tr>\n<td style=\"width: 159.033px;\">\u0397, \u03b7<\/td>\n<td style=\"width: 176.967px;\">Eta<\/td>\n<\/tr>\n<tr>\n<td style=\"width: 159.033px;\">\u0398, \u03b8<\/td>\n<td style=\"width: 176.967px;\">Theta<\/td>\n<\/tr>\n<tr>\n<td style=\"width: 159.033px;\">\u0399, \u03b9<\/td>\n<td style=\"width: 176.967px;\">Iota<\/td>\n<\/tr>\n<tr>\n<td style=\"width: 159.033px;\">\u039a, \u03ba<\/td>\n<td style=\"width: 176.967px;\">Kappa<\/td>\n<\/tr>\n<tr>\n<td style=\"width: 159.033px;\">\u039b, \u03bb<\/td>\n<td style=\"width: 176.967px;\">Lambda<\/td>\n<\/tr>\n<tr>\n<td style=\"width: 159.033px;\">\u039c, \u03bc<\/td>\n<td style=\"width: 176.967px;\">My<\/td>\n<\/tr>\n<tr>\n<td style=\"width: 159.033px;\">\u039d, \u03bd<\/td>\n<td style=\"width: 176.967px;\">Ny<\/td>\n<\/tr>\n<tr>\n<td style=\"width: 159.033px;\">\u039e, \u03be<\/td>\n<td style=\"width: 176.967px;\">Xi<\/td>\n<\/tr>\n<tr>\n<td style=\"width: 159.033px;\">\u039f, \u03bf<\/td>\n<td style=\"width: 176.967px;\">Omikron<\/td>\n<\/tr>\n<tr>\n<td style=\"width: 159.033px;\">\u03a0, \u03c0<\/td>\n<td style=\"width: 176.967px;\">Pi<\/td>\n<\/tr>\n<tr>\n<td style=\"width: 159.033px;\">\u03a1, \u03c1<\/td>\n<td style=\"width: 176.967px;\">Rho<\/td>\n<\/tr>\n<tr>\n<td style=\"width: 159.033px;\">\u03a3, \u03c3<\/td>\n<td style=\"width: 176.967px;\">Sigma<\/td>\n<\/tr>\n<tr>\n<td style=\"width: 159.033px;\">\u03a4, \u03c4<\/td>\n<td style=\"width: 176.967px;\">Tau<\/td>\n<\/tr>\n<tr>\n<td style=\"width: 159.033px;\">\u03a5, \u03c5<\/td>\n<td style=\"width: 176.967px;\">Ypsilon<\/td>\n<\/tr>\n<tr>\n<td style=\"width: 159.033px;\">\u03a6, \u03c6<\/td>\n<td style=\"width: 176.967px;\">Phi<\/td>\n<\/tr>\n<tr>\n<td style=\"width: 159.033px;\">\u03a7, \u03c7<\/td>\n<td style=\"width: 176.967px;\">Chi<\/td>\n<\/tr>\n<tr>\n<td style=\"width: 159.033px;\">\u03a8, \u03c8<\/td>\n<td style=\"width: 176.967px;\">Psi<\/td>\n<\/tr>\n<tr>\n<td style=\"width: 159.033px;\">\u03a9, \u03c9<\/td>\n<td style=\"width: 176.967px;\">Omega<\/td>\n<\/tr>\n<\/tbody>\n<\/table>\n<p>Die Symbole selbst haben keine Bedeutung und stammen aus dem Ph\u00f6nizischen.<\/p>\n<h2>Griechische Buchstaben auf der Tastatur schreiben<\/h2>\n<p>Wollt ihr selber griechische Symbole verwenden, um diese z. B. in einer mathematischen Formel einzuf\u00fcgen, k\u00f6nnt ihr gerne das ben\u00f6tigte Symbol aus der oberen Tabelle kopieren und in euer Dokument, z. B. in Word, einf\u00fcgen. Wollt ihr langfristig mit der griechischen Tastatur arbeiten und viele griechische Buchstaben schreiben, nehmt folgende Einstellungen vor:<\/p>\n<ul>\n<li>Klickt mit der rechten Maustaste auf das DE-Symbol in der rechten Ecke der Taskleiste<\/li>\n<li>W\u00e4hlt \u201eEinstellungen\u201c und dort \u201eHinzuf\u00fcgen\u201c<\/li>\n<li>Sucht in der Liste nach dem Eintrag \u201eGriechisch\u201c<\/li>\n<li>Unter Tastatur setzt ihr den Haken beim ersten \u201eGriechisch\u201c<\/li>\n<li>Best\u00e4tigt die Einstellungen mit \u201eOK\u201c<\/li>\n<li>Um nun griechische Buchstaben zu schreiben, w\u00e4hlt mit einem Linksklick auf das DE-Symbol \u201eEL Griechisch (Griechenland)\u201c aus<\/li>\n<\/ul>\n<p>\u00dcber die Taskleiste k\u00f6nnt ihr die griechische Tastatur aktivieren und selber Symbole schreiben<\/p>\n<p>Nun ben\u00f6tigt ihr noch die entsprechenden Kenntnisse, an welcher Stelle sich die einzelnen griechischen Buchstaben auf der Tastatur verstecken.<\/p>\n<p><strong><a href=\"https:\/\/unser-quartier.de\/kali50plus\/ideenschmiede-allgemein\/\" data-wpel-link=\"internal\">&lt;zur\u00fcck zur Ideenschmiede: Allgemein&gt;<\/a><\/strong><\/p>\n<\/div>\n<\/div><\/div><\/div><\/div><\/div>","protected":false},"excerpt":{"rendered":"<p>Martin Maciej am 01.10.2013 um 10:50 Uhr \u2013 GIGA SOFTWARE W\u00e4hrend auf der Tastatur selbst nur alle Buchstaben und Ziffern, sowie einige Sonderzeichen abgebildet sind, lassen sich mit bestimmten Alt-Codes eine Vielzahl von Sonderzeichen, fremdsprachliche Symbole, mathematische Zeichen oder Icons auf den Bildschirm zaubern. Folgende Tabelle gibt euch eine \u00dcbersicht \u00fcber die Alt-Codes, mit denen &hellip; <a href=\"https:\/\/unser-quartier.de\/kali50plus\/alt-codes-tabelle-alle-symbole-mit-der-tastatur-schreiben\/\" class=\"more-link\" data-wpel-link=\"internal\"><span class=\"screen-reader-text\">Alt-Codes-Tabelle: Alle Symbole mit der Tastatur schreiben<\/span> weiterlesen <span class=\"meta-nav\">&rarr;<\/span><\/a><\/p>\n","protected":false},"author":168,"featured_media":0,"parent":0,"menu_order":0,"comment_status":"closed","ping_status":"closed","template":"","meta":{"_bbp_topic_count":0,"_bbp_reply_count":0,"_bbp_total_topic_count":0,"_bbp_total_reply_count":0,"_bbp_voice_count":0,"_bbp_anonymous_reply_count":0,"_bbp_topic_count_hidden":0,"_bbp_reply_count_hidden":0,"_bbp_forum_subforum_count":0,"advanced_seo_description":"","jetpack_seo_html_title":"","jetpack_seo_noindex":false,"ngg_post_thumbnail":0,"jetpack_post_was_ever_published":false,"footnotes":""},"class_list":["post-9164","page","type-page","status-publish","hentry"],"jetpack_shortlink":"https:\/\/wp.me\/P4AdMt-2nO","jetpack_likes_enabled":true,"jetpack-related-posts":[],"jetpack_sharing_enabled":true,"_links":{"self":[{"href":"https:\/\/unser-quartier.de\/kali50plus\/wp-json\/wp\/v2\/pages\/9164","targetHints":{"allow":["GET"]}}],"collection":[{"href":"https:\/\/unser-quartier.de\/kali50plus\/wp-json\/wp\/v2\/pages"}],"about":[{"href":"https:\/\/unser-quartier.de\/kali50plus\/wp-json\/wp\/v2\/types\/page"}],"author":[{"embeddable":true,"href":"https:\/\/unser-quartier.de\/kali50plus\/wp-json\/wp\/v2\/users\/168"}],"replies":[{"embeddable":true,"href":"https:\/\/unser-quartier.de\/kali50plus\/wp-json\/wp\/v2\/comments?post=9164"}],"version-history":[{"count":2,"href":"https:\/\/unser-quartier.de\/kali50plus\/wp-json\/wp\/v2\/pages\/9164\/revisions"}],"predecessor-version":[{"id":32518,"href":"https:\/\/unser-quartier.de\/kali50plus\/wp-json\/wp\/v2\/pages\/9164\/revisions\/32518"}],"wp:attachment":[{"href":"https:\/\/unser-quartier.de\/kali50plus\/wp-json\/wp\/v2\/media?parent=9164"}],"curies":[{"name":"wp","href":"https:\/\/api.w.org\/{rel}","templated":true}]}}