{"id":9313,"date":"2017-07-31T13:00:48","date_gmt":"2017-07-31T11:00:48","guid":{"rendered":"https:\/\/unser-quartier.de\/kali50plus\/?page_id=9313"},"modified":"2017-07-31T13:06:00","modified_gmt":"2017-07-31T11:06:00","slug":"das-smartphone-wird-nicht-am-pc-erkannt-was-tun","status":"publish","type":"page","link":"https:\/\/unser-quartier.de\/kali50plus\/mitgliederbereich\/das-smartphone-wird-nicht-am-pc-erkannt-was-tun\/","title":{"rendered":"Das Smartphone wird nicht am PC erkannt: Was tun?"},"content":{"rendered":"<h5><span style=\"color: #999999\">Verbindungsfehler<\/span><\/h5>\n<p><span style=\"font-size: 14px\"><em>08.12.2015 | 15:31 Uhr | Dennis Steimels \u2013 <\/em><a href=\"http:\/\/www.pcwelt.de\/tipps\/Das_Smartphone_nicht_am_PC_erkannt__Was_tun_-Verbindungsfehler-8601686.html\" data-wpel-link=\"external\" target=\"_blank\" rel=\"follow external noopener noreferrer\" class=\"ext-link wpel-icon-right\"><em>PC-WELT<\/em><span class=\"wpel-icon wpel-image wpel-icon-8\"><\/span><\/a><\/span><\/p>\n<figure id=\"attachment_9314\" aria-describedby=\"caption-attachment-9314\" style=\"width: 620px\" class=\"wp-caption aligncenter\"><img data-recalc-dims=\"1\" loading=\"lazy\" decoding=\"async\" data-attachment-id=\"9314\" data-permalink=\"https:\/\/unser-quartier.de\/kali50plus\/mitgliederbereich\/das-smartphone-wird-nicht-am-pc-erkannt-was-tun\/smartphone-am-pc\/\" data-orig-file=\"https:\/\/i0.wp.com\/unser-quartier.de\/kali50plus\/files\/2017\/07\/Smartphone-am-PC.jpg?fit=620%2C310&amp;ssl=1\" data-orig-size=\"620,310\" data-comments-opened=\"0\" data-image-meta=\"{&quot;aperture&quot;:&quot;0&quot;,&quot;credit&quot;:&quot;&quot;,&quot;camera&quot;:&quot;&quot;,&quot;caption&quot;:&quot;&quot;,&quot;created_timestamp&quot;:&quot;0&quot;,&quot;copyright&quot;:&quot;&quot;,&quot;focal_length&quot;:&quot;0&quot;,&quot;iso&quot;:&quot;0&quot;,&quot;shutter_speed&quot;:&quot;0&quot;,&quot;title&quot;:&quot;&quot;,&quot;orientation&quot;:&quot;0&quot;}\" data-image-title=\"Smartphone am PC\" data-image-description=\"\" data-image-caption=\"&lt;p&gt;Wird das Smartphone vom PC nicht erkannt, kann es mehrere Ursachen geben \u2013 oft hilft ein simpler Neustart&lt;\/p&gt;\n\" data-medium-file=\"https:\/\/i0.wp.com\/unser-quartier.de\/kali50plus\/files\/2017\/07\/Smartphone-am-PC.jpg?fit=300%2C150&amp;ssl=1\" data-large-file=\"https:\/\/i0.wp.com\/unser-quartier.de\/kali50plus\/files\/2017\/07\/Smartphone-am-PC.jpg?fit=474%2C237&amp;ssl=1\" class=\"size-full wp-image-9314\" src=\"https:\/\/i0.wp.com\/unser-quartier.de\/kali50plus\/files\/2017\/07\/Smartphone-am-PC.jpg?resize=474%2C237&#038;ssl=1\" alt=\"Bild: Wird das Smartphone vom PC nicht erkannt, kann es mehrere Ursachen geben \u2013 oft hilft ein simpler Neustart\" height=\"237\" width=\"474\" srcset=\"https:\/\/i0.wp.com\/unser-quartier.de\/kali50plus\/files\/2017\/07\/Smartphone-am-PC.jpg?w=620&amp;ssl=1 620w, https:\/\/i0.wp.com\/unser-quartier.de\/kali50plus\/files\/2017\/07\/Smartphone-am-PC.jpg?resize=150%2C75&amp;ssl=1 150w, https:\/\/i0.wp.com\/unser-quartier.de\/kali50plus\/files\/2017\/07\/Smartphone-am-PC.jpg?resize=300%2C150&amp;ssl=1 300w\" sizes=\"auto, (max-width: 474px) 100vw, 474px\" \/><figcaption id=\"caption-attachment-9314\" class=\"wp-caption-text\"><span style=\"font-size: 14px\">Wird das Smartphone vom PC nicht erkannt, kann es mehrere Ursachen geben \u2013 oft hilft ein simpler Neustart<\/span><\/figcaption><\/figure>\n<p><strong>Nur weil Ihr PC das per USB angesteckte Smartphone nicht auf Anhieb erkennt, m\u00fcssen Sie es nicht gleich zur Reparatur geben. So l\u00f6sen Sie das (typische) Problem.<\/strong><\/p>\n<p>Die L\u00f6sung: Als erstes trennen Sie die Verbindung zum PC und starten daraufhin das Smartphone neu. Ein Neustart ist immer der erste Ansatz zur Behebung diverser Fehler. Sollte das Ger\u00e4t noch immer nicht vom PC erkannt werden, wechseln Sie im n\u00e4chsten Schritt das USB-Kabel. Jahrelange Nutzung und kleine Besch\u00e4digungen durch Knicken k\u00f6nnen die Ursache daf\u00fcr sein, dass es Daten nicht mehr richtig \u00fcbertr\u00e4gt.<\/p>\n<p>Liegt kein Defekt vor &#8211; sprich: Klappt auch eine Verbindung mit dem neuen USB-Kabel nicht &#8211; versuchen Sie einen anderen USB-Port des Computers. Hilft auch das nicht, versuchen Sie, sofern Sie die M\u00f6glichkeit haben, das Smartphone an einen anderen PC anzuschlie\u00dfen. So k\u00f6nnen Sie ausschlie\u00dfen, dass es an Ihrem Rechner liegt.<\/p>\n<p>Besteht das Problem weiterhin, hilft eventuell das Zur\u00fccksetzen des Smartphones. Davor sollten Sie allerdings Ihre Daten mit einem Backup sichern. Wie das genau geht und welche Programme Sie daf\u00fcr ben\u00f6tigen, k\u00f6nnen Sie in <a href=\"http:\/\/www.pcwelt.de\/ratgeber\/Datensicherung-fuer-Smartphones-7965983.html\" data-wpel-link=\"external\" target=\"_blank\" rel=\"follow external noopener noreferrer\" class=\"ext-link wpel-icon-right\">diesem Ratgeber<span class=\"wpel-icon wpel-image wpel-icon-8\"><\/span><\/a> nachlesen. Durch den Reset werden oft Software-Fehler beseitigt und das Ger\u00e4t k\u00f6nnte wieder ganz normal vom PC erkannt werden.<\/p>\n<p>Sollte Ihr Smartphone, was vor allem bei \u00e4lteren Modellen der Fall ist, noch die Optionen zur USB-Einstellung anbieten, w\u00e4hlen Sie am besten \u201eMassenspeicher\u201c aus. Dadurch erhalten Sie Zugang auf den internen Speicher des Handys.<\/p>\n<p><strong>Treiber-Problem:<\/strong> Wird Ihr Smartphone weiterhin nicht erkannt oder kann der PC das Handy erkennen, zeigt aber keine Inhalte an, fehlen gewisse Treiber oder funktionieren nicht mehr. L\u00f6schen Sie daher die vom PC gespeicherten USB-Eintr\u00e4ge aller jemals an den Computer angeschlossenen Ger\u00e4te.<\/p>\n<p>Dazu setzen Sie bei Windows unter \u201eStart -&gt; Systemsteuerung -&gt; Ger\u00e4te-Manager -&gt; Ansicht\u201c den Haken bei \u201eAusgeblendete Ger\u00e4te anzeigen\u201c. Tippen Sie dann auf den Punkt \u201eUSB-Controller\u201c, suchen Sie den USB-Eintrag Ihres Smartphones und l\u00f6schen diesen. Starten Sie den Computer neu und schlie\u00dfen Sie das Handy wieder per USB an den PC an. Der Windows Updater sollte nun die Treiber automatisch bei bestehender Internetverbindung suchen und installieren.<\/p>\n<p><strong>Smartphone defekt:<\/strong> Sollte Ihr Telefon noch immer nicht vom PC erkannt werden, sollten Sie sich mit dem Hersteller in Verbindung setzen. Die Wahrscheinlichkeit ist hoch, dass der USB-Anschluss Ihres Smartphones defekt ist. Um das Problem zu beheben, bedarf es einer Reparatur.<\/p>\n<p><strong><a href=\"https:\/\/unser-quartier.de\/kali50plus\/ideenschmiede-smartphone\/\" data-wpel-link=\"internal\">&lt;zur\u00fcck zur Ideenschmiede: Smartphone&gt;<\/a><\/strong><\/p>\n","protected":false},"excerpt":{"rendered":"<p>Verbindungsfehler 08.12.2015 | 15:31 Uhr | Dennis Steimels \u2013 PC-WELT Nur weil Ihr PC das per USB angesteckte Smartphone nicht auf Anhieb erkennt, m\u00fcssen Sie es nicht gleich zur Reparatur geben. So l\u00f6sen Sie das (typische) Problem. Die L\u00f6sung: Als erstes trennen Sie die Verbindung zum PC und starten daraufhin das Smartphone neu. Ein Neustart &hellip; <a href=\"https:\/\/unser-quartier.de\/kali50plus\/mitgliederbereich\/das-smartphone-wird-nicht-am-pc-erkannt-was-tun\/\" class=\"more-link\" data-wpel-link=\"internal\"><span class=\"screen-reader-text\">Das Smartphone wird nicht am PC erkannt: Was tun?<\/span> weiterlesen <span class=\"meta-nav\">&rarr;<\/span><\/a><\/p>\n","protected":false},"author":168,"featured_media":0,"parent":2797,"menu_order":0,"comment_status":"closed","ping_status":"closed","template":"","meta":{"_bbp_topic_count":0,"_bbp_reply_count":0,"_bbp_total_topic_count":0,"_bbp_total_reply_count":0,"_bbp_voice_count":0,"_bbp_anonymous_reply_count":0,"_bbp_topic_count_hidden":0,"_bbp_reply_count_hidden":0,"_bbp_forum_subforum_count":0,"advanced_seo_description":"","jetpack_seo_html_title":"","jetpack_seo_noindex":false,"ngg_post_thumbnail":0,"jetpack_post_was_ever_published":false,"footnotes":""},"class_list":["post-9313","page","type-page","status-publish","hentry"],"jetpack_shortlink":"https:\/\/wp.me\/P4AdMt-2qd","jetpack_likes_enabled":true,"jetpack-related-posts":[],"jetpack_sharing_enabled":true,"_links":{"self":[{"href":"https:\/\/unser-quartier.de\/kali50plus\/wp-json\/wp\/v2\/pages\/9313","targetHints":{"allow":["GET"]}}],"collection":[{"href":"https:\/\/unser-quartier.de\/kali50plus\/wp-json\/wp\/v2\/pages"}],"about":[{"href":"https:\/\/unser-quartier.de\/kali50plus\/wp-json\/wp\/v2\/types\/page"}],"author":[{"embeddable":true,"href":"https:\/\/unser-quartier.de\/kali50plus\/wp-json\/wp\/v2\/users\/168"}],"replies":[{"embeddable":true,"href":"https:\/\/unser-quartier.de\/kali50plus\/wp-json\/wp\/v2\/comments?post=9313"}],"version-history":[{"count":0,"href":"https:\/\/unser-quartier.de\/kali50plus\/wp-json\/wp\/v2\/pages\/9313\/revisions"}],"up":[{"embeddable":true,"href":"https:\/\/unser-quartier.de\/kali50plus\/wp-json\/wp\/v2\/pages\/2797"}],"wp:attachment":[{"href":"https:\/\/unser-quartier.de\/kali50plus\/wp-json\/wp\/v2\/media?parent=9313"}],"curies":[{"name":"wp","href":"https:\/\/api.w.org\/{rel}","templated":true}]}}