{"id":9838,"date":"2017-10-09T14:33:32","date_gmt":"2017-10-09T12:33:32","guid":{"rendered":"https:\/\/unser-quartier.de\/kali50plus\/?page_id=9838"},"modified":"2025-12-10T11:53:20","modified_gmt":"2025-12-10T10:53:20","slug":"2-3-museen","status":"publish","type":"page","link":"https:\/\/unser-quartier.de\/kali50plus\/2-3-museen\/","title":{"rendered":"Museen"},"content":{"rendered":"<div id=\"pl-9838\"  class=\"panel-layout\" ><div id=\"pg-9838-0\"  class=\"panel-grid panel-no-style\" ><div id=\"pgc-9838-0-0\"  class=\"panel-grid-cell\" ><div id=\"panel-9838-0-0-0\" class=\"so-panel widget widget_sow-editor panel-first-child panel-last-child\" data-index=\"0\" ><div\n\t\t\t\n\t\t\tclass=\"so-widget-sow-editor so-widget-sow-editor-base\"\n\t\t\t\n\t\t>\n<div class=\"siteorigin-widget-tinymce textwidget\">\n\t<h5>Museum Kloster Kamp<\/h5>\n<p>Ende 2005 v\u00f6llig neu gestaltet, verdeutlicht das Museum das Leben und Wirken der Zisterzienser, die 1123 Kloster Kamp gr\u00fcndeten. Unterst\u00fctzt durch visuelle Medien wird der Besucher umfassend \u00fcber die wechselvolle Geschichte des Klosters informiert. Er erh\u00e4lt Einblicke in das Klosterleben der Zisterzienser. Neben wertvollen liturgischen Ger\u00e4ten, reichverzierten Gew\u00e4ndern und historischen Ansichten des Klosters ist das wohl bedeutendste Ausstellungsst\u00fcck das \u201eKamper Antependium\u201c, ein mit reichen Stickereien versehenes Altartuch aus dem 14. Jahrhundert.<\/p>\n<table>\n<tbody>\n<tr>\n<td style=\"border-color: #cfefae;background-color: #cfefae\"><strong>Museum Kloster Kamp<\/strong><br \/>Abteiplatz 24, 47475 Kamp-Lintfort<br \/> Eintritt 2,50 \u20ac - Gruppen nach Vereinbarung<br \/> TeIefon: 02842-4062<br \/>Internet: <a href=\"https:\/\/www.kloster-kamp.eu\/zentrum\/verein\/51-geistliches-und-kulturelles-zentrum-kloster-kamp-e-v\" target=\"_blank\" rel=\"noopener follow external noreferrer\" data-wpel-link=\"external\" class=\"ext-link wpel-icon-right\">www.zentrum-kloster-kamp.com<span class=\"wpel-icon wpel-image wpel-icon-8\"><\/span><\/a><br \/> Di bis Sa 14:00 bis 18:00 Uhr<br \/>So 11:00 bis 18:00 Uhr<\/td>\n<\/tr>\n<\/tbody>\n<\/table>\n<h5>Haus des Bergmanns<\/h5>\n<p>Mit viel Liebe und Engagement hat hier die F\u00f6rdergemeinschaft f\u00fcr Bergmannstradition linker Niederrhein eine Ausstellung \u00fcber den Bergbau geschaffen. Zu sehen sind verschiedene Grubenlampen in ihrer Entwicklung, Medaillen mit Bergbau-Motiven, die verschiedensten Werkzeuge und Messger\u00e4te, sowie umfangreiches Anschauungsmaterial in Form von Modellen, Fotos und Schriften \u00fcber den Bergbau.<\/p>\n<p>Das Museum liegt mitten in der denkmalgesch\u00fctzten Bergarbeitersiedlung von 1910 \u00f6stlich des Bergwerks Friedrich-Heinrich. Es ist ein ehemaliges Bergarbeiterhaus, in dem fr\u00fcher zwei Familien wohnten. Das Haus wurde 2005\/2006 in den Originalzustand zur\u00fcckversetzt. Die eine Haush\u00e4lfte wurde wieder als typische Bergmanns-Wohnung eingerichtet, in der die Besucher einen Eindruck vermittelt bekommen, wie eine Bergarbeiterfamilie in den 30er Jahren wohnte. In der anderen Haush\u00e4lfte werden sehenswerte Ausstellungsst\u00fccke zur Geschichte des Bergbaus pr\u00e4sentiert.<\/p>\n<table>\n<tbody>\n<tr>\n<td style=\"border-color: #cfefae;background-color: #cfefae\">\n<p><strong>Haus des Bergmanns<\/strong><br \/>Ebertstr. 88\/Ecke Antonstr. 31<br \/>47475 Kamp-Lintfort<br \/> Eintritt 1,00 \u20ac - Gruppen nach Vereinbarung<br \/> Telefon: 02842-41784<br \/>Internet: <a href=\"http:\/\/www.bergmannstradition.de\" target=\"_blank\" rel=\"noopener follow external noreferrer\" data-wpel-link=\"external\" class=\"ext-link wpel-icon-right\">www.bergmannstradition.de<span class=\"wpel-icon wpel-image wpel-icon-8\"><\/span><\/a><\/p>\n<p>\u00d6ffnungszeiten:<br \/> Mi u. So 14:00 bis 17:00 Uhr<\/p>\n<\/td>\n<\/tr>\n<\/tbody>\n<\/table>\n<h5>Privates Biermuseum<\/h5>\n<p>Mit viel Eifer hat der pensionierte Bergmann Heinz Bednarski eine der gr\u00f6\u00dften privaten Sammlungen zur Brauereigeschichte am Niederrhein zusammengestellt: B\u00fccher, Schilder, Flaschen, Etiketten. \u00dcber 4000 Exponate sind in seinem Keller untergebracht, fast alle 200 Brauereien, die es mal am Niederrhein gab, sind vertreten.<\/p>\n<p>Die Belohnung: Eine Statistenrolle im Jubil\u00e4umswerbespot der Diebelsbrauerei, weil sie f\u00fcr den Film auf seine gro\u00dfe Sammlung zur\u00fcckgreifen durfte.<\/p>\n<table>\n<tbody>\n<tr>\n<td style=\"border-color: #cfefae;background-color: #cfefae\"><strong>Privates Biermuseum<\/strong><br \/>Heinz Bednarski<br \/>Alfredstra\u00dfe 62a, 47475 Kamp-Lintfort<br \/> Eintritt frei - Spenden erw\u00fcnscht<br \/>Telefon: 02842-30604<br \/>Terminabsprachen erforderlich<\/td>\n<\/tr>\n<\/tbody>\n<\/table>\n<div id=\"pg-1246-0\" class=\"panel-grid panel-no-style\">\u00a0<\/div>\n<div id=\"pg-1246-1\" class=\"panel-grid panel-no-style\">\n<div id=\"pgc-1246-1-0\" class=\"panel-grid-cell\">\n<div id=\"panel-1246-1-0-0\" class=\"so-panel widget widget_sow-editor panel-first-child panel-last-child\">\n<div class=\"so-widget-sow-editor so-widget-sow-editor-base\">\n<div class=\"siteorigin-widget-tinymce textwidget\">\n<p><strong><a href=\"https:\/\/unser-quartier.de\/kali50plus\/inhaltsverzeichnis\/\" data-wpel-link=\"internal\">&lt;zur\u00fcck zum Inhaltsverzeichnis Wegweiser 50plus&gt;<\/a><\/strong><\/p>\n<\/div>\n<\/div>\n<\/div>\n<\/div>\n<\/div>\n<\/div>\n<\/div><\/div><\/div><\/div><\/div>","protected":false},"excerpt":{"rendered":"<p>Museum Kloster Kamp Ende 2005 v\u00f6llig neu gestaltet, verdeutlicht das Museum das Leben und Wirken der Zisterzienser, die 1123 Kloster Kamp gr\u00fcndeten. Unterst\u00fctzt durch visuelle Medien wird der Besucher umfassend \u00fcber die wechselvolle Geschichte des Klosters informiert. Er erh\u00e4lt Einblicke in das Klosterleben der Zisterzienser. Neben wertvollen liturgischen Ger\u00e4ten, reichverzierten Gew\u00e4ndern und historischen Ansichten des &hellip; <a href=\"https:\/\/unser-quartier.de\/kali50plus\/2-3-museen\/\" class=\"more-link\" data-wpel-link=\"internal\"><span class=\"screen-reader-text\">Museen<\/span> weiterlesen <span class=\"meta-nav\">&rarr;<\/span><\/a><\/p>\n","protected":false},"author":168,"featured_media":0,"parent":0,"menu_order":0,"comment_status":"closed","ping_status":"closed","template":"","meta":{"_bbp_topic_count":0,"_bbp_reply_count":0,"_bbp_total_topic_count":0,"_bbp_total_reply_count":0,"_bbp_voice_count":0,"_bbp_anonymous_reply_count":0,"_bbp_topic_count_hidden":0,"_bbp_reply_count_hidden":0,"_bbp_forum_subforum_count":0,"advanced_seo_description":"","jetpack_seo_html_title":"","jetpack_seo_noindex":false,"ngg_post_thumbnail":0,"jetpack_post_was_ever_published":false,"footnotes":""},"class_list":["post-9838","page","type-page","status-publish","hentry"],"jetpack_shortlink":"https:\/\/wp.me\/P4AdMt-2yG","jetpack_likes_enabled":true,"jetpack-related-posts":[],"jetpack_sharing_enabled":true,"_links":{"self":[{"href":"https:\/\/unser-quartier.de\/kali50plus\/wp-json\/wp\/v2\/pages\/9838","targetHints":{"allow":["GET"]}}],"collection":[{"href":"https:\/\/unser-quartier.de\/kali50plus\/wp-json\/wp\/v2\/pages"}],"about":[{"href":"https:\/\/unser-quartier.de\/kali50plus\/wp-json\/wp\/v2\/types\/page"}],"author":[{"embeddable":true,"href":"https:\/\/unser-quartier.de\/kali50plus\/wp-json\/wp\/v2\/users\/168"}],"replies":[{"embeddable":true,"href":"https:\/\/unser-quartier.de\/kali50plus\/wp-json\/wp\/v2\/comments?post=9838"}],"version-history":[{"count":1,"href":"https:\/\/unser-quartier.de\/kali50plus\/wp-json\/wp\/v2\/pages\/9838\/revisions"}],"predecessor-version":[{"id":32674,"href":"https:\/\/unser-quartier.de\/kali50plus\/wp-json\/wp\/v2\/pages\/9838\/revisions\/32674"}],"wp:attachment":[{"href":"https:\/\/unser-quartier.de\/kali50plus\/wp-json\/wp\/v2\/media?parent=9838"}],"curies":[{"name":"wp","href":"https:\/\/api.w.org\/{rel}","templated":true}]}}