{"id":1799,"date":"2017-11-04T11:26:31","date_gmt":"2017-11-04T10:26:31","guid":{"rendered":"https:\/\/unser-quartier.de\/koeln-widdersdorf\/?page_id=1799"},"modified":"2023-11-24T09:59:41","modified_gmt":"2023-11-24T08:59:41","slug":"kirche","status":"publish","type":"page","link":"https:\/\/unser-quartier.de\/koeln-widdersdorf\/kirche\/","title":{"rendered":"Kirche"},"content":{"rendered":"<h4><strong><a href=\"https:\/\/www.franziskus.koeln\/\" data-wpel-link=\"external\" target=\"_self\" rel=\"nofollow external noopener noreferrer\" title=\"Externer Link: Katholische Kirchengemeinde St. Franziskus\" class=\"ext-link wpel-icon-right\">Katholische Kirchengemeinde St. Franziskus<span class=\"wpel-icon wpel-image wpel-icon-6\"><\/span><\/a><\/strong><\/h4>\n<p><a href=\"https:\/\/www.franziskus.koeln\/aktuelles\/gottesdienste\/gottesdienste\/\" data-wpel-link=\"external\" target=\"_self\" rel=\"nofollow external noopener noreferrer\" title=\"Externer Link: Gottesdienste\" class=\"ext-link wpel-icon-right\">Gottesdienste<span class=\"wpel-icon wpel-image wpel-icon-6\"><\/span><\/a><\/p>\n<p>Hauptstra\u00dfe 10,<img loading=\"lazy\" decoding=\"async\" class=\"alignright wp-image-2045\" src=\"https:\/\/unser-quartier.de\/koeln-widdersdorf\/files\/2017\/11\/08_aug-300x201.jpg\" alt=\"St. Jakobus\" width=\"380\" height=\"255\" srcset=\"https:\/\/unser-quartier.de\/koeln-widdersdorf\/files\/2017\/11\/08_aug-300x201.jpg 300w, https:\/\/unser-quartier.de\/koeln-widdersdorf\/files\/2017\/11\/08_aug-150x100.jpg 150w, https:\/\/unser-quartier.de\/koeln-widdersdorf\/files\/2017\/11\/08_aug-768x514.jpg 768w, https:\/\/unser-quartier.de\/koeln-widdersdorf\/files\/2017\/11\/08_aug-1024x685.jpg 1024w, https:\/\/unser-quartier.de\/koeln-widdersdorf\/files\/2017\/11\/08_aug-272x182.jpg 272w, https:\/\/unser-quartier.de\/koeln-widdersdorf\/files\/2017\/11\/08_aug.jpg 1200w\" sizes=\"auto, (max-width: 380px) 100vw, 380px\" \/> 50859 K\u00f6ln<br \/>\nKontaktb\u00fcro St. Jakobus 0221 &#8211; 508173<\/p>\n<p>Pastoralb\u00fcro Bunzlauer Str. 25, 50858 K\u00f6ln<br \/>\nTel.: 02234 &#8211; 77627 <br \/>\noder 02234 &#8211; 47328<br \/>\n\u00d6ffnungszeiten:<br \/>\nMo &#8211; Do: 09.00 &#8211; 12.00 h<br \/>\nMittwoch: 16.00 &#8211; 18.00 h<\/p>\n<p><a href=\"mailto:franziskus@erzbistum-koeln.de\">E-Mail senden<\/a><\/p>\n<p><strong><img loading=\"lazy\" decoding=\"async\" class=\"alignright wp-image-2347\" src=\"https:\/\/unser-quartier.de\/koeln-widdersdorf\/files\/2017\/11\/Quartier_Widdersdorf_Logo_mit_Unterzeile-300x269.jpg\" alt=\"Quartier Widdersdorf\" width=\"231\" height=\"208\" \/><\/strong><\/p>\n<h4><strong>Quartiersprojekt der katholischen Kirchengemeinde St. Jakobus &#8222;\u00c4lter werden in Widdersdorf&#8220;<\/strong><\/h4>\n<p>Die Einwohnerzahl des Stadtteils Widdersdorf hat sich seit 2005 um das Doppelte auf \u00fcber 12.500 erh\u00f6ht. Um das Miteinander der Bewohner des alten Ortskerns mit denen des Neubaugebiets zu f\u00f6rdern, hat die kath. Kirchengemeinde das Quartiersprojekt &#8222;\u00c4lter werden in Widdersdorf&#8220; ins Leben gerufen.<\/p>\n<h4><a href=\"http:\/\/www.ev-gemeindehaus.de\/\" target=\"_blank\" rel=\"noopener noreferrer nofollow external\" data-wpel-link=\"external\" title=\"Externer Link: &lt;strong&gt;Evangelische Kirchengemeinde Ichthys&lt;\/strong&gt;\" class=\"ext-link wpel-icon-right\"><strong>Evangelische Kirchengemeinde Ichthys<\/strong><span class=\"wpel-icon wpel-image wpel-icon-6\"><\/span><\/a><\/h4>\n<p><a href=\"http:\/\/www.ev-gemeindehaus.de\/gottesdienste.php\" data-wpel-link=\"external\" target=\"_self\" rel=\"nofollow external noopener noreferrer\" title=\"Externer Link: Gottesdienste\" class=\"ext-link wpel-icon-right\">Gottesdienste<span class=\"wpel-icon wpel-image wpel-icon-6\"><\/span><\/a><\/p>\n<p>Widdersdorf und <img loading=\"lazy\" decoding=\"async\" class=\"alignright wp-image-1892\" src=\"https:\/\/unser-quartier.de\/koeln-widdersdorf\/files\/2017\/11\/ev_Kirche-300x225.jpg\" alt=\"ev. Gemeindehaus\" width=\"377\" height=\"283\" srcset=\"https:\/\/unser-quartier.de\/koeln-widdersdorf\/files\/2017\/11\/ev_Kirche-300x225.jpg 300w, https:\/\/unser-quartier.de\/koeln-widdersdorf\/files\/2017\/11\/ev_Kirche-150x113.jpg 150w, https:\/\/unser-quartier.de\/koeln-widdersdorf\/files\/2017\/11\/ev_Kirche-768x576.jpg 768w, https:\/\/unser-quartier.de\/koeln-widdersdorf\/files\/2017\/11\/ev_Kirche-1024x768.jpg 1024w, https:\/\/unser-quartier.de\/koeln-widdersdorf\/files\/2017\/11\/ev_Kirche.jpg 1200w\" sizes=\"auto, (max-width: 377px) 100vw, 377px\" \/> Geyen \/ Sinthern \/ Manstedten, Zum Dammfelde 37, 50859 K\u00f6ln<\/p>\n<p>Pfarrerin Liane Scholz 0221 &#8211; 504628<\/p>\n<p><a href=\"mailto:liane.scholz@ekir.de\">E-Mail senden<\/a><\/p>\n","protected":false},"excerpt":{"rendered":"<p>Katholische Kirchengemeinde St. Franziskus Gottesdienste Hauptstra\u00dfe 10, 50859 K\u00f6ln Kontaktb\u00fcro St. Jakobus 0221 &#8211; 508173 Pastoralb\u00fcro Bunzlauer Str. 25, 50858 K\u00f6ln Tel.: 02234 &#8211; 77627 oder 02234 &#8211; 47328 \u00d6ffnungszeiten:&hellip; <a class=\"continue\" href=\"https:\/\/unser-quartier.de\/koeln-widdersdorf\/kirche\/\" data-wpel-link=\"internal\"> \u00bb weiterlesen: <span> Kirche<\/span><\/a><\/p>\n","protected":false},"author":601,"featured_media":0,"parent":0,"menu_order":25,"comment_status":"closed","ping_status":"closed","template":"","meta":{"generate_page_header":"","footnotes":""},"class_list":["post-1799","page","type-page","status-publish"],"_links":{"self":[{"href":"https:\/\/unser-quartier.de\/koeln-widdersdorf\/wp-json\/wp\/v2\/pages\/1799","targetHints":{"allow":["GET"]}}],"collection":[{"href":"https:\/\/unser-quartier.de\/koeln-widdersdorf\/wp-json\/wp\/v2\/pages"}],"about":[{"href":"https:\/\/unser-quartier.de\/koeln-widdersdorf\/wp-json\/wp\/v2\/types\/page"}],"author":[{"embeddable":true,"href":"https:\/\/unser-quartier.de\/koeln-widdersdorf\/wp-json\/wp\/v2\/users\/601"}],"replies":[{"embeddable":true,"href":"https:\/\/unser-quartier.de\/koeln-widdersdorf\/wp-json\/wp\/v2\/comments?post=1799"}],"version-history":[{"count":3,"href":"https:\/\/unser-quartier.de\/koeln-widdersdorf\/wp-json\/wp\/v2\/pages\/1799\/revisions"}],"predecessor-version":[{"id":9698,"href":"https:\/\/unser-quartier.de\/koeln-widdersdorf\/wp-json\/wp\/v2\/pages\/1799\/revisions\/9698"}],"wp:attachment":[{"href":"https:\/\/unser-quartier.de\/koeln-widdersdorf\/wp-json\/wp\/v2\/media?parent=1799"}],"curies":[{"name":"wp","href":"https:\/\/api.w.org\/{rel}","templated":true}]}}