{"id":18,"date":"2014-01-22T08:48:18","date_gmt":"2014-01-22T07:48:18","guid":{"rendered":"http:\/\/unser-quartier.de\/tmp-musterblog3\/?page_id=18"},"modified":"2022-03-04T19:14:27","modified_gmt":"2022-03-04T18:14:27","slug":"ueber-uns","status":"publish","type":"page","link":"https:\/\/unser-quartier.de\/koeln-widdersdorf\/kontakt\/ueber-uns\/","title":{"rendered":"\u00dcber Uns"},"content":{"rendered":"<div id=\"pl-18\" class=\"panel-layout\">\n<div id=\"pg-18-0\" class=\"panel-grid panel-no-style\">\n<div id=\"pgc-18-0-0\" class=\"panel-grid-cell\" data-weight=\"1\">\n<div id=\"panel-18-0-0-0\" class=\"so-panel widget widget_sow-editor panel-first-child panel-last-child\" data-index=\"0\" data-style=\"{&quot;background_image_attachment&quot;:false,&quot;background_display&quot;:&quot;tile&quot;,&quot;iw-visible-screen&quot;:&quot;iw-all&quot;,&quot;iw-visible-layout&quot;:&quot;iw-all&quot;}\">\n<div class=\"so-widget-sow-editor so-widget-sow-editor-base\">\n<h3 class=\"widget-title\">Zum derzeitigen Redaktionsteam der Quartiersplattform K\u00f6ln-Widdersdorf geh\u00f6ren:<\/h3>\n<div class=\"siteorigin-widget-tinymce textwidget\">\n<p>Norbert Ahrends, Widdersdorfer Interessengemeinschaft e.V.<br \/>\nIngeborg Thranberend, Beginen K\u00f6ln e.V.<br \/>\nFriederike von Rechenberg, Beginen K\u00f6ln e.V.<br \/>\nRenate Schick, Kirchengemeindeverband L\u00f6venich-Weiden-Widdersdorf<br \/>\nBrigitte Sombrowski, Mehrgenerationenprojekt Gut Widdersdorf<\/p>\n<p>&nbsp;<\/p>\n<\/div>\n<\/div>\n<\/div>\n<\/div>\n<\/div>\n<\/div>\n","protected":false},"excerpt":{"rendered":"<p>Zum derzeitigen Redaktionsteam der Quartiersplattform K\u00f6ln-Widdersdorf geh\u00f6ren: Norbert Ahrends, Widdersdorfer Interessengemeinschaft e.V. Ingeborg Thranberend, Beginen K\u00f6ln e.V. Friederike von Rechenberg, Beginen K\u00f6ln e.V. Renate Schick, Kirchengemeindeverband L\u00f6venich-Weiden-Widdersdorf Brigitte Sombrowski, Mehrgenerationenprojekt&hellip; <a class=\"continue\" href=\"https:\/\/unser-quartier.de\/koeln-widdersdorf\/kontakt\/ueber-uns\/\" data-wpel-link=\"internal\"> \u00bb weiterlesen: <span> \u00dcber Uns<\/span><\/a><\/p>\n","protected":false},"author":531,"featured_media":0,"parent":14,"menu_order":10,"comment_status":"closed","ping_status":"closed","template":"","meta":{"generate_page_header":"","footnotes":""},"class_list":["post-18","page","type-page","status-publish"],"_links":{"self":[{"href":"https:\/\/unser-quartier.de\/koeln-widdersdorf\/wp-json\/wp\/v2\/pages\/18","targetHints":{"allow":["GET"]}}],"collection":[{"href":"https:\/\/unser-quartier.de\/koeln-widdersdorf\/wp-json\/wp\/v2\/pages"}],"about":[{"href":"https:\/\/unser-quartier.de\/koeln-widdersdorf\/wp-json\/wp\/v2\/types\/page"}],"author":[{"embeddable":true,"href":"https:\/\/unser-quartier.de\/koeln-widdersdorf\/wp-json\/wp\/v2\/users\/531"}],"replies":[{"embeddable":true,"href":"https:\/\/unser-quartier.de\/koeln-widdersdorf\/wp-json\/wp\/v2\/comments?post=18"}],"version-history":[{"count":0,"href":"https:\/\/unser-quartier.de\/koeln-widdersdorf\/wp-json\/wp\/v2\/pages\/18\/revisions"}],"up":[{"embeddable":true,"href":"https:\/\/unser-quartier.de\/koeln-widdersdorf\/wp-json\/wp\/v2\/pages\/14"}],"wp:attachment":[{"href":"https:\/\/unser-quartier.de\/koeln-widdersdorf\/wp-json\/wp\/v2\/media?parent=18"}],"curies":[{"name":"wp","href":"https:\/\/api.w.org\/{rel}","templated":true}]}}