{"id":1816,"date":"2017-11-04T11:46:56","date_gmt":"2017-11-04T10:46:56","guid":{"rendered":"https:\/\/unser-quartier.de\/koeln-widdersdorf\/?page_id=1816"},"modified":"2023-11-25T10:26:06","modified_gmt":"2023-11-25T09:26:06","slug":"verkehr","status":"publish","type":"page","link":"https:\/\/unser-quartier.de\/koeln-widdersdorf\/stadtteilinfo\/verkehr\/","title":{"rendered":"Verkehr"},"content":{"rendered":"<h3 class=\"widget-title\">Informationen zu Verkehrsanbindungen<\/h3>\n<p>Wie komme ich nach K\u00f6ln-Widdersdorf und wie komme ich wieder weg.<\/p>\n<h3 class=\"widget-title\">Mit \u00f6ffentlichen Verkehrsmitteln<\/h3>\n<p><strong><a href=\"https:\/\/www.kvb.koeln\/\" target=\"_blank\" rel=\"noopener nofollow external noreferrer\" data-wpel-link=\"external\" title=\"Externer Link: K\u00f6lner Verkehrs-Betriebe\" class=\"ext-link wpel-icon-right\">K\u00f6lner Verkehrs-Betriebe<span class=\"wpel-icon wpel-image wpel-icon-6\"><\/span><\/a><\/strong>, die\u00a0<a href=\"https:\/\/www.vrs.de\/lis\/linie\/de:vrs:145\" data-wpel-link=\"external\" target=\"_self\" rel=\"nofollow external noopener noreferrer\" title=\"Externer Link: &lt;strong&gt;Buslinie 145&lt;\/strong&gt;\" class=\"ext-link wpel-icon-right\"><strong>Buslinie 145<\/strong><span class=\"wpel-icon wpel-image wpel-icon-6\"><\/span><\/a>\u00a0f\u00e4hrt die Strecke Bocklem\u00fcnd &#8211; Widdersdorf &#8211; Bf L\u00f6venich &#8211; Weiden &#8211; Frechen &#8211; Bachem<br \/>\nDie <a href=\"https:\/\/www.vrs.de\/lis\/linie\/de:vrs:149\" data-wpel-link=\"external\" target=\"_self\" rel=\"nofollow external noopener noreferrer\" title=\"Externer Link: &lt;strong&gt;Buslinie 149&lt;\/strong&gt;\" class=\"ext-link wpel-icon-right\"><strong>Buslinie 149<\/strong><span class=\"wpel-icon wpel-image wpel-icon-6\"><\/span><\/a> pendelt zu Sto\u00dfzeiten zwischen Weiden und Widdersdorf und die <a href=\"https:\/\/www.vrs.de\/lis\/linie\/de:vrs:172\" data-wpel-link=\"external\" target=\"_self\" rel=\"nofollow external noopener noreferrer\" title=\"Externer Link: &lt;strong&gt;Buslinie 172&lt;\/strong&gt;\" class=\"ext-link wpel-icon-right\"><strong>Buslinie 172<\/strong><span class=\"wpel-icon wpel-image wpel-icon-6\"><\/span><\/a> zwischen Widdersdorf und Dom\/Hbf.<\/p>\n<p><a href=\"http:\/\/www.revg.de\/neue-meldungen.html\" data-wpel-link=\"external\" target=\"_self\" rel=\"nofollow external noopener noreferrer\" title=\"Externer Link: &lt;strong&gt;Rhein-Erft-Verkehrsgesellschaft&lt;\/strong&gt;\" class=\"ext-link wpel-icon-right\"><strong>Rhein-Erft-Verkehrsgesellschaft<\/strong><span class=\"wpel-icon wpel-image wpel-icon-6\"><\/span><\/a>, die\u00a0<a href=\"https:\/\/www.vrs.de\/lis\/linie\/de:vrs:962\" data-wpel-link=\"external\" target=\"_self\" rel=\"nofollow external noopener noreferrer\" title=\"Externer Link: &lt;strong&gt;Buslinie 962&lt;\/strong&gt;\" class=\"ext-link wpel-icon-right\"><strong>Buslinie 962<\/strong><span class=\"wpel-icon wpel-image wpel-icon-6\"><\/span><\/a>\u00a0f\u00e4hrt die Strecke Bocklem\u00fcnd &#8211; Widdersdorf &#8211; Brauweiler &#8211; Glessen.<\/p>\n<p><a href=\"https:\/\/www.bahn.de\/p\/view\/index.shtml\" data-wpel-link=\"external\" target=\"_self\" rel=\"nofollow external noopener noreferrer\" title=\"Externer Link: &lt;strong&gt;Die Bahn&lt;\/strong&gt;\" class=\"ext-link wpel-icon-right\"><strong>Die Bahn<\/strong><span class=\"wpel-icon wpel-image wpel-icon-6\"><\/span><\/a>, der n\u00e4chste Bahnhof befindet sich in K\u00f6ln-L\u00f6venich. Die S-Bahn\u00a0<a href=\"https:\/\/www.vrs.de\/lis\/linie\/de:vrs:1212\" data-wpel-link=\"external\" target=\"_self\" rel=\"nofollow external noopener noreferrer\" title=\"Externer Link: &lt;strong&gt;S12&lt;\/strong&gt;\" class=\"ext-link wpel-icon-right\"><strong>S12<\/strong><span class=\"wpel-icon wpel-image wpel-icon-6\"><\/span><\/a> f\u00e4hrt regelm\u00e4\u00dfig zwischen Hauptbahnhof und L\u00f6venich und die\u00a0<a href=\"https:\/\/www.vrs.de\/lis\/linie\/de:vrs:1219\" data-wpel-link=\"external\" target=\"_self\" rel=\"nofollow external noopener noreferrer\" title=\"Externer Link: &lt;strong&gt;S19&lt;\/strong&gt;\" class=\"ext-link wpel-icon-right\"><strong>S19<\/strong><span class=\"wpel-icon wpel-image wpel-icon-6\"><\/span><\/a> direkt bis in den K\u00f6ln-Bonner Flughafen.<\/p>\n<h3 class=\"widget-title\">Mit dem Auto<\/h3>\n<p>Die n\u00e4chsten Autobahnauffahrten sind Bocklem\u00fcnd und L\u00f6venich, beide auf der A1 (K\u00f6lner Autobahnring). <br \/>\nStaumeldungen gibt es auf den Internetseiten des\u00a0<a href=\"http:\/\/www1.wdr.de\/verkehr\/index.html\" data-wpel-link=\"external\" target=\"_self\" rel=\"nofollow external noopener noreferrer\" title=\"Externer Link: &lt;strong&gt;WDR&lt;\/strong&gt;\" class=\"ext-link wpel-icon-right\"><strong>WDR<\/strong><span class=\"wpel-icon wpel-image wpel-icon-6\"><\/span><\/a>.<\/p>\n<p>Ein Taxi kann\u00a0<a href=\"http:\/\/www.taxiruf.de\/\" data-wpel-link=\"external\" target=\"_self\" rel=\"nofollow external noopener noreferrer\" title=\"Externer Link: &lt;strong&gt;hier&lt;\/strong&gt;\" class=\"ext-link wpel-icon-right\"><strong>hier<\/strong><span class=\"wpel-icon wpel-image wpel-icon-6\"><\/span><\/a>\u00a0bestellt werden.<\/p>\n<h3 class=\"widget-title\">Mit dem Fahrrad<\/h3>\n<p>Bis in die K\u00f6lner Innenstadt (Neumarkt) sind es nur 10 Km. Schnell zu erreichen ist auch das\u00a0<a href=\"https:\/\/www.rhein-center-koeln.de\/\" data-wpel-link=\"external\" target=\"_self\" rel=\"nofollow external noopener noreferrer\" title=\"Externer Link: &lt;strong&gt;Rhein-Center&lt;\/strong&gt;\" class=\"ext-link wpel-icon-right\"><strong>Rhein-Center<\/strong><span class=\"wpel-icon wpel-image wpel-icon-6\"><\/span><\/a>\u00a0(Einkaufszentrum mit vielen Gesch\u00e4ften) in K\u00f6ln-Weiden (4 km) oder das Stadtzentrum von <a href=\"https:\/\/www.pulheim.de\/\" data-wpel-link=\"external\" target=\"_self\" rel=\"nofollow external noopener noreferrer\" title=\"Externer Link: &lt;strong&gt;Pulheim&lt;\/strong&gt;\" class=\"ext-link wpel-icon-right\"><strong>Pulheim<\/strong><span class=\"wpel-icon wpel-image wpel-icon-6\"><\/span><\/a>\u00a0(5 km), oder die Abtei in Brauweiler (4 km).<br \/>\nDer\u00a0<a href=\"https:\/\/www.adfc-nrw.de\" data-wpel-link=\"external\" target=\"_self\" rel=\"nofollow external noopener noreferrer\" title=\"Externer Link: &lt;strong&gt;ADFC&lt;\/strong&gt;\" class=\"ext-link wpel-icon-right\"><strong>ADFC<\/strong><span class=\"wpel-icon wpel-image wpel-icon-6\"><\/span><\/a>\u00a0veranstaltet von Pulheim aus Fahrradtouren.<\/p>\n","protected":false},"excerpt":{"rendered":"<p>Informationen zu Verkehrsanbindungen Wie komme ich nach K\u00f6ln-Widdersdorf und wie komme ich wieder weg. Mit \u00f6ffentlichen Verkehrsmitteln K\u00f6lner Verkehrs-Betriebe, die\u00a0Buslinie 145\u00a0f\u00e4hrt die Strecke Bocklem\u00fcnd &#8211; Widdersdorf &#8211; Bf L\u00f6venich &#8211;&hellip; <a class=\"continue\" href=\"https:\/\/unser-quartier.de\/koeln-widdersdorf\/stadtteilinfo\/verkehr\/\" data-wpel-link=\"internal\"> \u00bb weiterlesen: <span> Verkehr<\/span><\/a><\/p>\n","protected":false},"author":601,"featured_media":0,"parent":1996,"menu_order":40,"comment_status":"closed","ping_status":"closed","template":"","meta":{"generate_page_header":"","footnotes":""},"class_list":["post-1816","page","type-page","status-publish"],"_links":{"self":[{"href":"https:\/\/unser-quartier.de\/koeln-widdersdorf\/wp-json\/wp\/v2\/pages\/1816","targetHints":{"allow":["GET"]}}],"collection":[{"href":"https:\/\/unser-quartier.de\/koeln-widdersdorf\/wp-json\/wp\/v2\/pages"}],"about":[{"href":"https:\/\/unser-quartier.de\/koeln-widdersdorf\/wp-json\/wp\/v2\/types\/page"}],"author":[{"embeddable":true,"href":"https:\/\/unser-quartier.de\/koeln-widdersdorf\/wp-json\/wp\/v2\/users\/601"}],"replies":[{"embeddable":true,"href":"https:\/\/unser-quartier.de\/koeln-widdersdorf\/wp-json\/wp\/v2\/comments?post=1816"}],"version-history":[{"count":1,"href":"https:\/\/unser-quartier.de\/koeln-widdersdorf\/wp-json\/wp\/v2\/pages\/1816\/revisions"}],"predecessor-version":[{"id":9745,"href":"https:\/\/unser-quartier.de\/koeln-widdersdorf\/wp-json\/wp\/v2\/pages\/1816\/revisions\/9745"}],"up":[{"embeddable":true,"href":"https:\/\/unser-quartier.de\/koeln-widdersdorf\/wp-json\/wp\/v2\/pages\/1996"}],"wp:attachment":[{"href":"https:\/\/unser-quartier.de\/koeln-widdersdorf\/wp-json\/wp\/v2\/media?parent=1816"}],"curies":[{"name":"wp","href":"https:\/\/api.w.org\/{rel}","templated":true}]}}