{"id":1829,"date":"2017-11-04T12:04:46","date_gmt":"2017-11-04T11:04:46","guid":{"rendered":"https:\/\/unser-quartier.de\/koeln-widdersdorf\/?page_id=1829"},"modified":"2018-10-18T11:42:41","modified_gmt":"2018-10-18T09:42:41","slug":"aktivitaeten","status":"publish","type":"page","link":"https:\/\/unser-quartier.de\/koeln-widdersdorf\/aktivitaeten\/","title":{"rendered":"Aktivit\u00e4ten f\u00fcr Senioren"},"content":{"rendered":"\n<h3><strong>Sport beim &#8222;SV L\u00f6Wi&#8220; f\u00fcr \u00c4ltere<\/strong><\/h3>\n<p><a href=\"http:\/\/www.sv-loewi.de\/sport\/gesundheitsport\/seniorenfitness\/\" data-wpel-link=\"external\" target=\"_self\" rel=\"nofollow external noopener noreferrer\" title=\"Externer Link: Programm Seniorenfitness\" class=\"ext-link wpel-icon-right\">Programm Seniorenfitness<span class=\"wpel-icon wpel-image wpel-icon-6\"><\/span><\/a><\/p>\n<p><a href=\"http:\/\/www.sv-loewi.de\/sport\/gesundheitsport\/aquajogging\/\" data-wpel-link=\"external\" target=\"_self\" rel=\"nofollow external noopener noreferrer\" title=\"Externer Link: Programm Aquajogging\" class=\"ext-link wpel-icon-right\">Programm Aquajogging<span class=\"wpel-icon wpel-image wpel-icon-6\"><\/span><\/a><\/p>\n<p><a href=\"http:\/\/www.sv-loewi.de\/sport\/gesundheitsport\/arthrosegymnastik\/\" data-wpel-link=\"external\" target=\"_self\" rel=\"nofollow external noopener noreferrer\" title=\"Externer Link: Programm Arthrosegymnastik\" class=\"ext-link wpel-icon-right\">Programm Arthrosegymnastik<span class=\"wpel-icon wpel-image wpel-icon-6\"><\/span><\/a><\/p>\n<p><a href=\"http:\/\/www.sv-loewi.de\/sport\/freizeitsport\/gymnastik\/\" data-wpel-link=\"external\" target=\"_self\" rel=\"nofollow external noopener noreferrer\" title=\"Externer Link: Programm Gymnastik\" class=\"ext-link wpel-icon-right\">Programm Gymnastik<span class=\"wpel-icon wpel-image wpel-icon-6\"><\/span><\/a><\/p>\n<p><a href=\"http:\/\/www.sv-loewi.de\/sport\/freizeitsport\/boule\/\" data-wpel-link=\"external\" target=\"_self\" rel=\"nofollow external noopener noreferrer\" title=\"Externer Link: Programm Boule\" class=\"ext-link wpel-icon-right\">Programm Boule<span class=\"wpel-icon wpel-image wpel-icon-6\"><\/span><\/a><\/p>\n<h3><strong>Frauengruppe der kfd (Katholische Frauen Deutschland)<\/strong><\/h3>\n<p>Trifft sich regelm\u00e4\u00dfig zu Ausfl\u00fcgen und anderen Veranstaltungen.<br \/>\nKontakt: Fr. Lehmann 0221-5002808<\/p>\n","protected":false},"excerpt":{"rendered":"<p>Sport beim &#8222;SV L\u00f6Wi&#8220; f\u00fcr \u00c4ltere Programm Seniorenfitness Programm Aquajogging Programm Arthrosegymnastik Programm Gymnastik Programm Boule Frauengruppe der kfd (Katholische Frauen Deutschland) Trifft sich regelm\u00e4\u00dfig zu Ausfl\u00fcgen und anderen Veranstaltungen.&hellip; <a class=\"continue\" href=\"https:\/\/unser-quartier.de\/koeln-widdersdorf\/aktivitaeten\/\" data-wpel-link=\"internal\"> \u00bb weiterlesen: <span> Aktivit\u00e4ten f\u00fcr Senioren<\/span><\/a><\/p>\n","protected":false},"author":601,"featured_media":0,"parent":0,"menu_order":7,"comment_status":"closed","ping_status":"closed","template":"","meta":{"generate_page_header":"","footnotes":""},"class_list":["post-1829","page","type-page","status-publish"],"_links":{"self":[{"href":"https:\/\/unser-quartier.de\/koeln-widdersdorf\/wp-json\/wp\/v2\/pages\/1829","targetHints":{"allow":["GET"]}}],"collection":[{"href":"https:\/\/unser-quartier.de\/koeln-widdersdorf\/wp-json\/wp\/v2\/pages"}],"about":[{"href":"https:\/\/unser-quartier.de\/koeln-widdersdorf\/wp-json\/wp\/v2\/types\/page"}],"author":[{"embeddable":true,"href":"https:\/\/unser-quartier.de\/koeln-widdersdorf\/wp-json\/wp\/v2\/users\/601"}],"replies":[{"embeddable":true,"href":"https:\/\/unser-quartier.de\/koeln-widdersdorf\/wp-json\/wp\/v2\/comments?post=1829"}],"version-history":[{"count":0,"href":"https:\/\/unser-quartier.de\/koeln-widdersdorf\/wp-json\/wp\/v2\/pages\/1829\/revisions"}],"wp:attachment":[{"href":"https:\/\/unser-quartier.de\/koeln-widdersdorf\/wp-json\/wp\/v2\/media?parent=1829"}],"curies":[{"name":"wp","href":"https:\/\/api.w.org\/{rel}","templated":true}]}}