{"id":1978,"date":"2017-11-13T18:39:39","date_gmt":"2017-11-13T17:39:39","guid":{"rendered":"https:\/\/unser-quartier.de\/koeln-widdersdorf\/?page_id=1978"},"modified":"2020-12-16T18:22:03","modified_gmt":"2020-12-16T17:22:03","slug":"behoerden","status":"publish","type":"page","link":"https:\/\/unser-quartier.de\/koeln-widdersdorf\/behoerden\/","title":{"rendered":"Beh\u00f6rden"},"content":{"rendered":"<p>Die Stadt K\u00f6ln bietet viele Anlaufstellen, die Auskunft geben k\u00f6nnen und (auch) f\u00fcr Senioren wichtig sind, z.B. bei der Meldung einer neuen Adresse nach dem Umzug, bei Problemen mit dem Rentenantrag, bei Fragen zum Behindertenausweis&#8230;<br \/>\nDie wichtigsten Adressen finden Sie hier:<\/p>\n\n<p><strong><a href=\"http:\/\/www.stadt-koeln.de\/service\/adressen\/buergeramt-lindenthal\" data-wpel-link=\"external\" target=\"_self\" rel=\"nofollow external noopener noreferrer\" title=\"Externer Link: Bezirksrathaus Lindenthal\" class=\"ext-link wpel-icon-right\">Bezirksrathaus Lindenthal<span class=\"wpel-icon wpel-image wpel-icon-6\"><\/span><\/a><\/strong><br \/>\nAachener Stra\u00dfe 220<br \/>\n50931 K\u00f6ln<br \/>\nTelefon: 0221 \/ 221-0<\/p>\n<p><strong><a href=\"https:\/\/www.stadt-koeln.de\/service\/adressen\/00190\/index.html\" data-wpel-link=\"external\" target=\"_self\" rel=\"nofollow external noopener noreferrer\" title=\"Externer Link: Amt f\u00fcr Soziales und Senioren &#8211; Au\u00dfenstelle Lindenthal\" class=\"ext-link wpel-icon-right\">Amt f\u00fcr Soziales und Senioren &#8211; Au\u00dfenstelle Lindenthal<span class=\"wpel-icon wpel-image wpel-icon-6\"><\/span><\/a><\/strong><br \/>\nAachener Stra\u00dfe 220<br \/>\n50931 K\u00f6ln<br \/>\nTelefon: 0221 \/ 221-0<\/p>\n<p><strong>Seniorenvertretung Lindenthal (Bezirksrathaus)<\/strong><br \/>\nAachener Stra\u00dfe 220<br \/>\n50931 K\u00f6ln<br \/>\n4. Etage, Zimmer 400<br \/>\nTelefon: 0221 \/ 221-93254<\/p>\n<p>\n<strong><a href=\"http:\/\/www.stadt-koeln.de\/service\/adressen\/schwerbehindertenstelle\" data-wpel-link=\"external\" target=\"_self\" rel=\"nofollow external noopener noreferrer\" title=\"Externer Link: Schwerbehindertenfragen\" class=\"ext-link wpel-icon-right\">Schwerbehindertenfragen<span class=\"wpel-icon wpel-image wpel-icon-6\"><\/span><\/a><\/strong><br \/>\nDillenburger Stra\u00dfe 27<br \/>\n51105 K\u00f6ln-Kalk<br \/>\nTelefon: 0221 \/ 221-30702<br \/>\n\u00d6ffnungszeiten:<br \/>\nMontag und Donnerstag: 8.00 bis 12.00 Uhr und 13.00 bis 15.00 Uhr<br \/>\nDienstag: 8.00 bis 12.00 Uhr und 13.00 bis 18.00 Uhr<br \/>\nFreitag: 8.00 bis 12.00 Uhr<\/p>\n<p><strong><a href=\"http:\/\/www.vdk.de\/kv-koeln\/\" data-wpel-link=\"external\" target=\"_self\" rel=\"nofollow external noopener noreferrer\" title=\"Externer Link: Sozialverband VdK\" class=\"ext-link wpel-icon-right\">Sozialverband VdK<span class=\"wpel-icon wpel-image wpel-icon-6\"><\/span><\/a><\/strong><br \/>\nOrtsverband K\u00f6ln-West<br \/>\nKarl-Kaulen-Stra\u00dfe 28<br \/>\n50859 K\u00f6ln<br \/>\nTelefon: 02234 \/ 78254<\/p>\n<p><strong>Feuerwehr<\/strong><br \/>\nFeuerwehr K\u00f6ln, <a href=\"http:\/\/feuerwehr-widdersdorf.de\/\" data-wpel-link=\"external\" target=\"_self\" rel=\"nofollow external noopener noreferrer\" title=\"Externer Link: L\u00f6schgruppe Widdersdorf\" class=\"ext-link wpel-icon-right\">L\u00f6schgruppe Widdersdorf<span class=\"wpel-icon wpel-image wpel-icon-6\"><\/span><\/a><br \/>\nNeue Sandkaul 11<br \/>\n50859 K\u00f6ln<br \/>\nNotruf: 112<br \/>\nTelefon: 0221 \/ 2809487<\/p>\n<p><strong><a href=\"http:\/\/koeln.polizei.nrw\/\" data-wpel-link=\"external\" target=\"_self\" rel=\"nofollow external noopener noreferrer\" title=\"Externer Link: Polizeiwache Weiden\" class=\"ext-link wpel-icon-right\">Polizeiwache Weiden<span class=\"wpel-icon wpel-image wpel-icon-6\"><\/span><\/a><\/strong><br \/>\nAachener Stra\u00dfe 1274<br \/>\n50859 K\u00f6ln<br \/>\nTelefon: 0221 \/ 2290<\/p>\n","protected":false},"excerpt":{"rendered":"<p>Die Stadt K\u00f6ln bietet viele Anlaufstellen, die Auskunft geben k\u00f6nnen und (auch) f\u00fcr Senioren wichtig sind, z.B. bei der Meldung einer neuen Adresse nach dem Umzug, bei Problemen mit dem&hellip; <a class=\"continue\" href=\"https:\/\/unser-quartier.de\/koeln-widdersdorf\/behoerden\/\" data-wpel-link=\"internal\"> \u00bb weiterlesen: <span> Beh\u00f6rden<\/span><\/a><\/p>\n","protected":false},"author":531,"featured_media":0,"parent":0,"menu_order":5,"comment_status":"closed","ping_status":"closed","template":"","meta":{"generate_page_header":"","footnotes":""},"class_list":["post-1978","page","type-page","status-publish"],"_links":{"self":[{"href":"https:\/\/unser-quartier.de\/koeln-widdersdorf\/wp-json\/wp\/v2\/pages\/1978","targetHints":{"allow":["GET"]}}],"collection":[{"href":"https:\/\/unser-quartier.de\/koeln-widdersdorf\/wp-json\/wp\/v2\/pages"}],"about":[{"href":"https:\/\/unser-quartier.de\/koeln-widdersdorf\/wp-json\/wp\/v2\/types\/page"}],"author":[{"embeddable":true,"href":"https:\/\/unser-quartier.de\/koeln-widdersdorf\/wp-json\/wp\/v2\/users\/531"}],"replies":[{"embeddable":true,"href":"https:\/\/unser-quartier.de\/koeln-widdersdorf\/wp-json\/wp\/v2\/comments?post=1978"}],"version-history":[{"count":0,"href":"https:\/\/unser-quartier.de\/koeln-widdersdorf\/wp-json\/wp\/v2\/pages\/1978\/revisions"}],"wp:attachment":[{"href":"https:\/\/unser-quartier.de\/koeln-widdersdorf\/wp-json\/wp\/v2\/media?parent=1978"}],"curies":[{"name":"wp","href":"https:\/\/api.w.org\/{rel}","templated":true}]}}