{"id":1979,"date":"2017-11-13T18:39:39","date_gmt":"2017-11-13T17:39:39","guid":{"rendered":"https:\/\/unser-quartier.de\/koeln-widdersdorf\/?page_id=1979"},"modified":"2019-08-24T18:48:53","modified_gmt":"2019-08-24T16:48:53","slug":"wichtige-telefonnummern","status":"publish","type":"page","link":"https:\/\/unser-quartier.de\/koeln-widdersdorf\/wichtige-telefonnummern\/","title":{"rendered":"N\u00fctzliche Telefonnummern"},"content":{"rendered":"<h3>N\u00fctzliche Telefonnummern:<\/h3>\n<p><strong>Zahn\u00e4rztlicher Notdienst: <\/strong>(Jeden Tag von 7 Uhr bis 22 Uhr, auch Wochenende und Feiertage)<br \/>\n<span class=\"_xdb\"><strong>Adresse: <\/strong>Ludwigstra\u00dfe 1<strong><br \/>\n<\/strong>50667 K\u00f6ln<\/span><br \/>\n<span class=\"_xdb\">Telefon:\u00a0\u00a00221 \/ 27 26 511<\/span><\/p>\n<p><b>Giftinformationszentrale<\/b><br \/>\nGiftinformationszentrale der Universit\u00e4tsklinik Bonn, rund um die Uhr.<br \/>\nTelefon: +49 228 2873211<\/p>\n<p><strong>Infotelefon der Polizei f\u00fcr Senioren<\/strong>: 0221 \/ 229 2299<\/p>\n<p><b>Hilfe f\u00fcr Kriminalit\u00e4tsopfer<\/b><br \/>\nWeisser Ring e.V., kostenloser Opfernotruf rund um die Uhr.<br \/>\nTelefon: +49 1803 343434<br \/>\nFax: +49 6131 830366<\/p>\n<p><strong>Beratungstelefon f\u00fcr Senioren und Menschen mit Behinderung<br \/>\n<\/strong><strong>Stadt K\u00f6ln<\/strong>: 0221 \/ 221 27400<\/p>\n<p><strong>Deutsche Hauptstelle f\u00fcr Suchtfragen e.V. (DHS)<\/strong><br \/>\nTelefon: +49 2381 90150<\/p>\n","protected":false},"excerpt":{"rendered":"<p>N\u00fctzliche Telefonnummern: Zahn\u00e4rztlicher Notdienst: (Jeden Tag von 7 Uhr bis 22 Uhr, auch Wochenende und Feiertage) Adresse: Ludwigstra\u00dfe 1 50667 K\u00f6ln Telefon:\u00a0\u00a00221 \/ 27 26 511 Giftinformationszentrale Giftinformationszentrale der Universit\u00e4tsklinik&hellip; <a class=\"continue\" href=\"https:\/\/unser-quartier.de\/koeln-widdersdorf\/wichtige-telefonnummern\/\" data-wpel-link=\"internal\"> \u00bb weiterlesen: <span> N\u00fctzliche Telefonnummern<\/span><\/a><\/p>\n","protected":false},"author":531,"featured_media":0,"parent":0,"menu_order":6,"comment_status":"closed","ping_status":"closed","template":"","meta":{"generate_page_header":"","footnotes":""},"class_list":["post-1979","page","type-page","status-publish"],"_links":{"self":[{"href":"https:\/\/unser-quartier.de\/koeln-widdersdorf\/wp-json\/wp\/v2\/pages\/1979","targetHints":{"allow":["GET"]}}],"collection":[{"href":"https:\/\/unser-quartier.de\/koeln-widdersdorf\/wp-json\/wp\/v2\/pages"}],"about":[{"href":"https:\/\/unser-quartier.de\/koeln-widdersdorf\/wp-json\/wp\/v2\/types\/page"}],"author":[{"embeddable":true,"href":"https:\/\/unser-quartier.de\/koeln-widdersdorf\/wp-json\/wp\/v2\/users\/531"}],"replies":[{"embeddable":true,"href":"https:\/\/unser-quartier.de\/koeln-widdersdorf\/wp-json\/wp\/v2\/comments?post=1979"}],"version-history":[{"count":0,"href":"https:\/\/unser-quartier.de\/koeln-widdersdorf\/wp-json\/wp\/v2\/pages\/1979\/revisions"}],"wp:attachment":[{"href":"https:\/\/unser-quartier.de\/koeln-widdersdorf\/wp-json\/wp\/v2\/media?parent=1979"}],"curies":[{"name":"wp","href":"https:\/\/api.w.org\/{rel}","templated":true}]}}