{"id":2101,"date":"2017-11-14T18:22:48","date_gmt":"2017-11-14T17:22:48","guid":{"rendered":"https:\/\/unser-quartier.de\/koeln-widdersdorf\/?page_id=2101"},"modified":"2023-09-11T16:31:37","modified_gmt":"2023-09-11T14:31:37","slug":"home_drei","status":"publish","type":"page","link":"https:\/\/unser-quartier.de\/koeln-widdersdorf\/","title":{"rendered":"Home"},"content":{"rendered":"<div id=\"pl-2101\"  class=\"panel-layout\" ><div id=\"pg-2101-0\"  class=\"panel-grid panel-no-style\" ><div id=\"pgc-2101-0-0\"  class=\"panel-grid-cell\" ><div id=\"panel-2101-0-0-0\" class=\"so-panel widget widget_sow-editor panel-first-child\" data-index=\"0\" ><div\n\t\t\t\n\t\t\tclass=\"so-widget-sow-editor so-widget-sow-editor-base\"\n\t\t\t\n\t\t><h3 class=\"widget-title\">Willkommen<\/h3>\n<div class=\"siteorigin-widget-tinymce textwidget\">\n\t<p>auf dem Internet-Portal f\u00fcr Jung und Alt in K\u00f6ln-Widdersdorf. Hier finden Sie aktuelle Neuigkeiten, Veranstaltungshinweise und unter der Rubrik \"Anbieter\" Gewerbetreibende, Vereine und Angebote f\u00fcr Kinder, Jugendliche und Senioren. Wenn Sie \u00fcber neue Beitr\u00e4ge informiert werden m\u00f6chten, abonnieren Sie unseren <a href=\"https:\/\/unser-quartier.de\/koeln-widdersdorf\/service\/newsletter\/\" data-wpel-link=\"internal\">Newsletter<\/a>.<\/p>\n<p>Auch Sie k\u00f6nnen sich beteiligen. Senden Sie <a href=\"https:\/\/unser-quartier.de\/koeln-widdersdorf\/ueber-uns\/\" data-wpel-link=\"internal\">uns<\/a> Hinweise, Anregungen, kleine Geschichten \u00fcber Widdersdorf, Termine, neue Anbieter etc. \u00fcber unser <a href=\"https:\/\/unser-quartier.de\/koeln-widdersdorf\/kontakt\/kontaktformular\/\" data-wpel-link=\"internal\">Kontaktformular<\/a>.<\/p>\n<\/div>\n<\/div><\/div><div id=\"panel-2101-0-0-1\" class=\"so-panel widget widget_metaslider_widget\" data-index=\"1\" ><div id=\"metaslider-id-2066\" style=\"max-width: 1100px; margin: 0 auto;\" class=\"ml-slider-3-93-0 ml-slider-pro-2-20-0 metaslider metaslider-flex metaslider-2066 ml-slider ms-theme-_theme_1491915324 nav-hidden\" role=\"region\" aria-roledescription=\"Slideshow\" aria-label=\"Startseitenslider\">\n    <div id=\"metaslider_container_2066\">\n        <div id=\"metaslider_2066\" class=\"flexslider\">\n            <ul class='slides'>\n                <li style=\"display: block; width: 100%;\" class=\"slide-3360 ms-image \" aria-roledescription=\"slide\" aria-label=\"slide-3360\"><img loading=\"lazy\" decoding=\"async\" src=\"https:\/\/unser-quartier.de\/koeln-widdersdorf\/files\/2018\/08\/20180702_Feld_007-1100x400.jpg\" height=\"400\" width=\"1100\" alt=\"\" class=\"slider-2066 slide-3360\" title=\"20180702_Feld_007\" \/><div class=\"caption-wrap\"><div class=\"caption\">Kiebitzfeld<\/div><\/div><\/li>\n                <li style=\"display: none; width: 100%;\" class=\"slide-2070 ms-image \" aria-roledescription=\"slide\" aria-label=\"slide-2070\"><img loading=\"lazy\" decoding=\"async\" src=\"https:\/\/unser-quartier.de\/koeln-widdersdorf\/files\/2017\/11\/S3.jpg\" height=\"400\" width=\"1100\" alt=\"\" class=\"slider-2066 slide-2070\" \/><div class=\"caption-wrap\"><div class=\"caption\">Auf der Aspel<\/div><\/div><\/li>\n                <li style=\"display: none; width: 100%;\" class=\"slide-2071 ms-image \" aria-roledescription=\"slide\" aria-label=\"slide-2071\"><img loading=\"lazy\" decoding=\"async\" src=\"https:\/\/unser-quartier.de\/koeln-widdersdorf\/files\/2017\/11\/S1.jpg\" height=\"400\" width=\"1100\" alt=\"\" class=\"slider-2066 slide-2071\" \/><div class=\"caption-wrap\"><div class=\"caption\">Blick von Westen<\/div><\/div><\/li>\n                <li style=\"display: none; width: 100%;\" class=\"slide-2072 ms-image \" aria-roledescription=\"slide\" aria-label=\"slide-2072\"><img loading=\"lazy\" decoding=\"async\" src=\"https:\/\/unser-quartier.de\/koeln-widdersdorf\/files\/2017\/11\/S2.jpg\" height=\"400\" width=\"1100\" alt=\"\" class=\"slider-2066 slide-2072\" \/><div class=\"caption-wrap\"><div class=\"caption\">Neubau an der Alten Brennerei<\/div><\/div><\/li>\n                <li style=\"display: none; width: 100%;\" class=\"slide-2208 ms-image \" aria-roledescription=\"slide\" aria-label=\"slide-2208\"><img loading=\"lazy\" decoding=\"async\" src=\"https:\/\/unser-quartier.de\/koeln-widdersdorf\/files\/2017\/11\/S4.jpg\" height=\"400\" width=\"1100\" alt=\"\" class=\"slider-2066 slide-2208\" \/><div class=\"caption-wrap\"><div class=\"caption\">Neubaugebiet Widdersdorf-S\u00fcd<\/div><\/div><\/li>\n                <li style=\"display: none; width: 100%;\" class=\"slide-2339 ms-image \" aria-roledescription=\"slide\" aria-label=\"slide-2339\"><img loading=\"lazy\" decoding=\"async\" src=\"https:\/\/unser-quartier.de\/koeln-widdersdorf\/files\/2017\/11\/golfplatz.jpg\" height=\"400\" width=\"1100\" alt=\"\" class=\"slider-2066 slide-2339\" \/><div class=\"caption-wrap\"><div class=\"caption\">Blick auf den Golfplatz<\/div><\/div><\/li>\n                <li style=\"display: none; width: 100%;\" class=\"slide-3858 ms-image \" aria-roledescription=\"slide\" aria-label=\"slide-3858\"><img loading=\"lazy\" decoding=\"async\" src=\"https:\/\/unser-quartier.de\/koeln-widdersdorf\/files\/2018\/12\/20181201_k.jpg\" height=\"400\" width=\"1100\" alt=\"\" class=\"slider-2066 slide-3858\" title=\"20181201_k\" \/><\/li>\n                <li style=\"display: none; width: 100%;\" class=\"slide-3860 ms-image \" aria-roledescription=\"slide\" aria-label=\"slide-3860\"><img loading=\"lazy\" decoding=\"async\" src=\"https:\/\/unser-quartier.de\/koeln-widdersdorf\/files\/2018\/12\/20181201a_k.jpg\" height=\"400\" width=\"1100\" alt=\"\" class=\"slider-2066 slide-3860\" title=\"20181201a_k\" \/><\/li>\n                <li style=\"display: none; width: 100%;\" class=\"slide-3862 ms-image \" aria-roledescription=\"slide\" aria-label=\"slide-3862\"><img loading=\"lazy\" decoding=\"async\" src=\"https:\/\/unser-quartier.de\/koeln-widdersdorf\/files\/2018\/12\/20181201b_k.jpg\" height=\"400\" width=\"1100\" alt=\"\" class=\"slider-2066 slide-3862\" title=\"20181201b_k\" \/><\/li>\n            <\/ul>\n        <\/div>\n        \n    <\/div>\n<\/div><\/div><div id=\"panel-2101-0-0-2\" class=\"so-panel widget widget_ink-blog panel-last-child\" data-index=\"2\" ><div\n\t\t\t\n\t\t\tclass=\"so-widget-ink-blog so-widget-ink-blog-thumb-above-97970567d2cc-2101\"\n\t\t\t\n\t\t>\n<h3 class=\"widget-title\">Aktuelle Beitr\u00e4ge<\/h3>\n\n\t<div class=\"iw-so-blog\">\n\n\t\t<div id=\"my-ajax-blog-widget\">\n\n\t\t\t<div class=\"iw-so-blog-container iw-so-blog-equal-height\">\n\n\t\t\t\t\n\t\t\t\t\t<div class=\"iw-so-article iw-so-thumb-above iw-so-blog-three-column iw-so-first-col\">\n\n\t\t\t\t\t\t\n\t\t\t\t\t\t\t<div class=\"iw-so-article-thumb\">\n\n\t\t\t\t\t\t\t\t\n\t\t\t\t\t\t\t\t\t<a href=\"https:\/\/unser-quartier.de\/koeln-widdersdorf\/2026\/03\/kinderflohmarkt\/\" data-wpel-link=\"internal\">\n\t\t\t\t\t\t\t\t\t\t<img loading=\"lazy\" decoding=\"async\" width=\"848\" height=\"1200\" src=\"https:\/\/unser-quartier.de\/koeln-widdersdorf\/files\/2026\/03\/kinderflohmarkt_3.jpg\" class=\"attachment-full size-full wp-post-image\" alt=\"\" srcset=\"https:\/\/unser-quartier.de\/koeln-widdersdorf\/files\/2026\/03\/kinderflohmarkt_3.jpg 848w, https:\/\/unser-quartier.de\/koeln-widdersdorf\/files\/2026\/03\/kinderflohmarkt_3-300x425.jpg 300w, https:\/\/unser-quartier.de\/koeln-widdersdorf\/files\/2026\/03\/kinderflohmarkt_3-724x1024.jpg 724w, https:\/\/unser-quartier.de\/koeln-widdersdorf\/files\/2026\/03\/kinderflohmarkt_3-150x212.jpg 150w, https:\/\/unser-quartier.de\/koeln-widdersdorf\/files\/2026\/03\/kinderflohmarkt_3-768x1087.jpg 768w\" sizes=\"auto, (max-width: 848px) 100vw, 848px\" \/>\t\t\t\t\t\t\t\t\t\t\t\t\t\t\t\t\t\t\t<\/a>\n\n\t\t\t\t\t\t\t\t\n\t\t\t\t\t\t\t<\/div>\n\n\t\t\t\t\t\t\n\t\t\t\t\t\t<div class=\"iw-so-article-content\">\n\n\t\t\t\t\t\t\t\n\t\t\t\t\t\t\t\t<p class=\"iw-so-article-byline-above iw-text-left\">\n\t\t\t\t\t\t\t\t\tDonnerstag, M\u00e4rz 12, 2026 <a href=\"https:\/\/unser-quartier.de\/koeln-widdersdorf\/category\/neuigkeiten\/\" rel=\"category tag\" data-wpel-link=\"internal\">Neuigkeiten<\/a>\t\t\t\t\t\t\t\t<\/p>\n\n\t\t\t\t\t\t\t\n\t\t\t\t\t\t\t<h5 class=\"iw-so-article-title iw-text-left\">\n\t\t\t\t\t\t\t\t<a href=\"https:\/\/unser-quartier.de\/koeln-widdersdorf\/2026\/03\/kinderflohmarkt\/\" data-wpel-link=\"internal\">\t\t\t\t\t\t\t\t\tKinderflohmarkt\t\t\t\t\t\t\t\t<\/a>\t\t\t\t\t\t\t<\/h5>\n\n\t\t\t\t\t\t\t\n\t\t\t\t\t\t\t\n\t\t\t\t\t\t\t\t<p class=\"iw-so-article-excerpt iw-text-left\">\n\t\t\t\t\t\t\t\t\t\t\t\t\t\t\t\t\t\t\t\t\t\t\t\t\t\t\t\t\t\t\t\t\t\t\t\t<\/p>\n\n\t\t\t\t\t\t\t\n\t\t\t\t\t\t\t\n\t\t\t\t\t\t\t\n\t\t\t\t\t\t<\/div>\n\n\t\t\t\t\t<\/div>\n\n\t\t\t\t\t\n\t\t\t\t\n\t\t\t\t\t<div class=\"iw-so-article iw-so-thumb-above iw-so-blog-three-column \">\n\n\t\t\t\t\t\t\n\t\t\t\t\t\t\t<div class=\"iw-so-article-thumb\">\n\n\t\t\t\t\t\t\t\t\n\t\t\t\t\t\t\t\t\t<a href=\"https:\/\/unser-quartier.de\/koeln-widdersdorf\/2026\/03\/skateanlage-widdersdorf\/\" data-wpel-link=\"internal\">\n\t\t\t\t\t\t\t\t\t\t<img loading=\"lazy\" decoding=\"async\" width=\"877\" height=\"1200\" src=\"https:\/\/unser-quartier.de\/koeln-widdersdorf\/files\/2026\/03\/skaterpark_2.jpg\" class=\"attachment-full size-full wp-post-image\" alt=\"\" srcset=\"https:\/\/unser-quartier.de\/koeln-widdersdorf\/files\/2026\/03\/skaterpark_2.jpg 877w, https:\/\/unser-quartier.de\/koeln-widdersdorf\/files\/2026\/03\/skaterpark_2-300x410.jpg 300w, https:\/\/unser-quartier.de\/koeln-widdersdorf\/files\/2026\/03\/skaterpark_2-748x1024.jpg 748w, https:\/\/unser-quartier.de\/koeln-widdersdorf\/files\/2026\/03\/skaterpark_2-150x205.jpg 150w, https:\/\/unser-quartier.de\/koeln-widdersdorf\/files\/2026\/03\/skaterpark_2-768x1051.jpg 768w\" sizes=\"auto, (max-width: 877px) 100vw, 877px\" \/>\t\t\t\t\t\t\t\t\t\t\t\t\t\t\t\t\t\t\t<\/a>\n\n\t\t\t\t\t\t\t\t\n\t\t\t\t\t\t\t<\/div>\n\n\t\t\t\t\t\t\n\t\t\t\t\t\t<div class=\"iw-so-article-content\">\n\n\t\t\t\t\t\t\t\n\t\t\t\t\t\t\t\t<p class=\"iw-so-article-byline-above iw-text-left\">\n\t\t\t\t\t\t\t\t\tDonnerstag, M\u00e4rz 12, 2026 <a href=\"https:\/\/unser-quartier.de\/koeln-widdersdorf\/category\/neuigkeiten\/\" rel=\"category tag\" data-wpel-link=\"internal\">Neuigkeiten<\/a>\t\t\t\t\t\t\t\t<\/p>\n\n\t\t\t\t\t\t\t\n\t\t\t\t\t\t\t<h5 class=\"iw-so-article-title iw-text-left\">\n\t\t\t\t\t\t\t\t<a href=\"https:\/\/unser-quartier.de\/koeln-widdersdorf\/2026\/03\/skateanlage-widdersdorf\/\" data-wpel-link=\"internal\">\t\t\t\t\t\t\t\t\tSkateanlage Widdersdorf\t\t\t\t\t\t\t\t<\/a>\t\t\t\t\t\t\t<\/h5>\n\n\t\t\t\t\t\t\t\n\t\t\t\t\t\t\t\n\t\t\t\t\t\t\t\t<p class=\"iw-so-article-excerpt iw-text-left\">\n\t\t\t\t\t\t\t\t\t\t\t\t\t\t\t\t\t\t\tAm 16.03.2026 um 17 Uhr findet im Jugendzentrum Alte Schule in Widdersdorf der Beteiligungsworkshop mit den Jugendlichen vor Ort...\t\t\t\t\t\t\t\t\t\t\t\t\t\t\t\t\t<\/p>\n\n\t\t\t\t\t\t\t\n\t\t\t\t\t\t\t\n\t\t\t\t\t\t\t\n\t\t\t\t\t\t<\/div>\n\n\t\t\t\t\t<\/div>\n\n\t\t\t\t\t\n\t\t\t\t\n\t\t\t\t\t<div class=\"iw-so-article iw-so-thumb-above iw-so-blog-three-column iw-so-last-col\">\n\n\t\t\t\t\t\t\n\t\t\t\t\t\t\t<div class=\"iw-so-article-thumb\">\n\n\t\t\t\t\t\t\t\t\n\t\t\t\t\t\t\t\t\t<a href=\"https:\/\/unser-quartier.de\/koeln-widdersdorf\/2026\/03\/widder-janz-oekumenisches-repair-cafe\/\" data-wpel-link=\"internal\">\n\t\t\t\t\t\t\t\t\t\t<img loading=\"lazy\" decoding=\"async\" width=\"848\" height=\"1200\" src=\"https:\/\/unser-quartier.de\/koeln-widdersdorf\/files\/2026\/03\/IMG-20260219-WA0000.jpg\" class=\"attachment-full size-full wp-post-image\" alt=\"Repair Caf\u00e9\" srcset=\"https:\/\/unser-quartier.de\/koeln-widdersdorf\/files\/2026\/03\/IMG-20260219-WA0000.jpg 848w, https:\/\/unser-quartier.de\/koeln-widdersdorf\/files\/2026\/03\/IMG-20260219-WA0000-300x425.jpg 300w, https:\/\/unser-quartier.de\/koeln-widdersdorf\/files\/2026\/03\/IMG-20260219-WA0000-724x1024.jpg 724w, https:\/\/unser-quartier.de\/koeln-widdersdorf\/files\/2026\/03\/IMG-20260219-WA0000-150x212.jpg 150w, https:\/\/unser-quartier.de\/koeln-widdersdorf\/files\/2026\/03\/IMG-20260219-WA0000-768x1087.jpg 768w\" sizes=\"auto, (max-width: 848px) 100vw, 848px\" \/>\t\t\t\t\t\t\t\t\t\t\t\t\t\t\t\t\t\t\t<\/a>\n\n\t\t\t\t\t\t\t\t\n\t\t\t\t\t\t\t<\/div>\n\n\t\t\t\t\t\t\n\t\t\t\t\t\t<div class=\"iw-so-article-content\">\n\n\t\t\t\t\t\t\t\n\t\t\t\t\t\t\t\t<p class=\"iw-so-article-byline-above iw-text-left\">\n\t\t\t\t\t\t\t\t\tFreitag, M\u00e4rz 6, 2026 <a href=\"https:\/\/unser-quartier.de\/koeln-widdersdorf\/category\/neuigkeiten\/\" rel=\"category tag\" data-wpel-link=\"internal\">Neuigkeiten<\/a>\t\t\t\t\t\t\t\t<\/p>\n\n\t\t\t\t\t\t\t\n\t\t\t\t\t\t\t<h5 class=\"iw-so-article-title iw-text-left\">\n\t\t\t\t\t\t\t\t<a href=\"https:\/\/unser-quartier.de\/koeln-widdersdorf\/2026\/03\/widder-janz-oekumenisches-repair-cafe\/\" data-wpel-link=\"internal\">\t\t\t\t\t\t\t\t\t&#8222;Widder janz&#8220; \u00d6kumenisches Repair Caf\u00e9\t\t\t\t\t\t\t\t<\/a>\t\t\t\t\t\t\t<\/h5>\n\n\t\t\t\t\t\t\t\n\t\t\t\t\t\t\t\n\t\t\t\t\t\t\t\t<p class=\"iw-so-article-excerpt iw-text-left\">\n\t\t\t\t\t\t\t\t\t\t\t\t\t\t\t\t\t\t\t\t\t\t\t\t\t\t\t\t\t\t\t\t\t\t\t\t<\/p>\n\n\t\t\t\t\t\t\t\n\t\t\t\t\t\t\t\n\t\t\t\t\t\t\t\n\t\t\t\t\t\t<\/div>\n\n\t\t\t\t\t<\/div>\n\n\t\t\t\t\t\n\t\t\t\t\n\t\t\t<\/div>\n\n\t\t\t\n\t\t\n\t\t\t\t\t<nav id='iw-so-blog-pagination' class=\"iw-so-blog-pagination iw-so-blog-paginate iw-so-navi-btn iw-so-navi-btn-hover iw-so-navi-btn-click\" role=\"navigation\">\n\t\t\t\t<h3 class=\"screen-reader-text\">Posts Navigation<\/h3>\n\t\t\t\t<div class=\"iw-so-nav-links\">\n\t\t\t\t\t\t\t\t\t\t<span aria-current=\"page\" class=\"page-numbers current\">1<\/span>\n<a class=\"page-numbers\" href=\"https:\/\/unser-quartier.de\/koeln-widdersdorf\/wp-json\/wp\/v2\/pages\/2101\/page\/2\/\" data-wpel-link=\"internal\">2<\/a>\n<span class=\"page-numbers dots\">&hellip;<\/span>\n<a class=\"page-numbers\" href=\"https:\/\/unser-quartier.de\/koeln-widdersdorf\/wp-json\/wp\/v2\/pages\/2101\/page\/58\/\" data-wpel-link=\"internal\">58<\/a>\n<a class=\"next page-numbers\" href=\"https:\/\/unser-quartier.de\/koeln-widdersdorf\/wp-json\/wp\/v2\/pages\/2101\/page\/2\/\" data-wpel-link=\"internal\">\u00c4ltere Beitr\u00e4ge <\/a>\n\t\t\t\t<\/div>\n\t\t\t<\/nav>\n\t\t\n\t\n\t\t<\/div>\n\n\t<\/div>\n\n\n<\/div><\/div><\/div><\/div><div id=\"pg-2101-1\"  class=\"panel-grid panel-no-style\" ><div id=\"pgc-2101-1-0\"  class=\"panel-grid-cell\" ><div id=\"panel-2101-1-0-0\" class=\"so-panel widget widget_em_widget panel-first-child panel-last-child\" data-index=\"3\" ><h3 class=\"widget-title\">Veranstaltungen<\/h3><div class=\"em pixelbones em-list-widget em-events-widget\"><li><a href=\"https:\/\/unser-quartier.de\/koeln-widdersdorf\/events\/widder-janz-oekumenisches-repair-cafe-2026-04-08\/\" data-wpel-link=\"internal\">&quot;Widder janz&quot; \u00d6kumenisches Repair Caf\u00e9<\/a><ul><li><small>08. Apr. 2026 , Pfarrheim St. Jakobus (K\u00f6ln-Widdersdorf) <\/small><\/li><\/ul><\/li><li><a href=\"https:\/\/unser-quartier.de\/koeln-widdersdorf\/events\/yoga-fuer-jedes-alter-balance-kraft-und-entspannung-3\/\" data-wpel-link=\"internal\">Yoga f\u00fcr jedes Alter: Balance, Kraft und Entspannung<\/a><ul><li><small>09. Apr. 2026 , Beginenhof (K\u00f6ln-Widdersdorf) <\/small><\/li><\/ul><\/li><li><a href=\"https:\/\/unser-quartier.de\/koeln-widdersdorf\/events\/freude-im-spiel-5\/\" data-wpel-link=\"internal\">Freude im Spiel<\/a><ul><li><small>11. Apr. 2026 , Beginenhof (K\u00f6ln-Widdersdorf) <\/small><\/li><\/ul><\/li><li><a href=\"https:\/\/unser-quartier.de\/koeln-widdersdorf\/events\/11455\/\" data-wpel-link=\"internal\">QiGong - Zeit der inneren Einkehr<\/a><ul><li><small>14. Apr. 2026 , Beginenhof (K\u00f6ln-Widdersdorf) <\/small><\/li><\/ul><\/li><li><a href=\"https:\/\/unser-quartier.de\/koeln-widdersdorf\/events\/meditation-vipassana-fuer-fortgeschrittene-15\/\" data-wpel-link=\"internal\">Meditation (Vipassana) f\u00fcr Fortgeschrittene<\/a><ul><li><small>17. Apr. 2026 , Beginenhof (K\u00f6ln-Widdersdorf) <\/small><\/li><\/ul><\/li><li><a href=\"https:\/\/unser-quartier.de\/koeln-widdersdorf\/events\/beratung-fuer-seniorinnen-und-senioren-17\/\" data-wpel-link=\"internal\">Beratung f\u00fcr Seniorinnen und Senioren<\/a><ul><li><small>21. Apr. 2026 , Beginenhof (K\u00f6ln-Widdersdorf) <\/small><\/li><\/ul><\/li><li><a href=\"https:\/\/unser-quartier.de\/koeln-widdersdorf\/events\/sie-schaute-mir-direkt-ins-herz\/\" data-wpel-link=\"internal\">\u201eSie schaute mir direkt ins Herz\u2026.\u201c<\/a><ul><li><small>24. Apr. 2026 , Beginenhof (K\u00f6ln-Widdersdorf) <\/small><\/li><\/ul><\/li><li class=\"all-events-link\"><a href=\"https:\/\/unser-quartier.de\/koeln-widdersdorf\/veranstaltungen\/liste\/\" title=\"alle Veranstaltungen\" data-wpel-link=\"internal\">alle Veranstaltungen<\/a><\/li><\/div><\/div><\/div><div id=\"pgc-2101-1-1\"  class=\"panel-grid-cell\" ><div id=\"panel-2101-1-1-0\" class=\"so-panel widget panel-first-child panel-last-child\" data-index=\"4\" ><\/div><\/div><\/div><div id=\"pg-2101-2\"  class=\"panel-grid panel-no-style\" ><div id=\"pgc-2101-2-0\"  class=\"panel-grid-cell panel-grid-cell-empty\" ><\/div><\/div><\/div>","protected":false},"excerpt":{"rendered":"<p>Willkommen auf dem Internet-Portal f\u00fcr Jung und Alt in K\u00f6ln-Widdersdorf. Hier finden Sie aktuelle Neuigkeiten, Veranstaltungshinweise und unter der Rubrik &#8222;Anbieter&#8220; Gewerbetreibende, Vereine und Angebote f\u00fcr Kinder, Jugendliche und Senioren.&hellip; <a class=\"continue\" href=\"https:\/\/unser-quartier.de\/koeln-widdersdorf\/2026\/03\/widder-janz-oekumenisches-repair-cafe\/\" data-wpel-link=\"internal\"> \u00bb weiterlesen: <span> &#8222;Widder janz&#8220; \u00d6kumenisches Repair Caf\u00e9<\/span><\/a><\/p>\n","protected":false},"author":635,"featured_media":0,"parent":0,"menu_order":6,"comment_status":"closed","ping_status":"closed","template":"","meta":{"generate_page_header":"","footnotes":""},"class_list":["post-2101","page","type-page","status-publish","hentry"],"_links":{"self":[{"href":"https:\/\/unser-quartier.de\/koeln-widdersdorf\/wp-json\/wp\/v2\/pages\/2101","targetHints":{"allow":["GET"]}}],"collection":[{"href":"https:\/\/unser-quartier.de\/koeln-widdersdorf\/wp-json\/wp\/v2\/pages"}],"about":[{"href":"https:\/\/unser-quartier.de\/koeln-widdersdorf\/wp-json\/wp\/v2\/types\/page"}],"author":[{"embeddable":true,"href":"https:\/\/unser-quartier.de\/koeln-widdersdorf\/wp-json\/wp\/v2\/users\/635"}],"replies":[{"embeddable":true,"href":"https:\/\/unser-quartier.de\/koeln-widdersdorf\/wp-json\/wp\/v2\/comments?post=2101"}],"version-history":[{"count":2,"href":"https:\/\/unser-quartier.de\/koeln-widdersdorf\/wp-json\/wp\/v2\/pages\/2101\/revisions"}],"predecessor-version":[{"id":9485,"href":"https:\/\/unser-quartier.de\/koeln-widdersdorf\/wp-json\/wp\/v2\/pages\/2101\/revisions\/9485"}],"wp:attachment":[{"href":"https:\/\/unser-quartier.de\/koeln-widdersdorf\/wp-json\/wp\/v2\/media?parent=2101"}],"curies":[{"name":"wp","href":"https:\/\/api.w.org\/{rel}","templated":true}]}}