{"id":2569,"date":"2018-01-30T15:46:20","date_gmt":"2018-01-30T14:46:20","guid":{"rendered":"https:\/\/unser-quartier.de\/koeln-widdersdorf\/?page_id=2569"},"modified":"2018-10-18T11:53:23","modified_gmt":"2018-10-18T09:53:23","slug":"gesellschaftliche-aspekte","status":"publish","type":"page","link":"https:\/\/unser-quartier.de\/koeln-widdersdorf\/gesellschaftliche-aspekte\/","title":{"rendered":"Gesellschaftliche Aspekte"},"content":{"rendered":"<p><a href=\"https:\/\/www.wig-info.de\/\" data-wpel-link=\"external\" target=\"_self\" rel=\"nofollow external noopener noreferrer\" title=\"Externer Link: &lt;strong&gt;WIG&lt;\/strong&gt;\" class=\"ext-link wpel-icon-right\"><strong>WIG<\/strong><span class=\"wpel-icon wpel-image wpel-icon-6\"><\/span><\/a><br \/>\nDie Widdersdorfer Interessengemeinschaft e.V. (WIG), gegr. 11.12.1991, vertritt die Interessen der Widdersdorfer B\u00fcrgerinnen und B\u00fcrger gegen\u00fcber der Stadt K\u00f6ln. Ihr Anliegen ist die aktive Mitgestaltung bei der st\u00e4ndigen Erweiterung durch neue Baugebiete, der Verkehrsplanung, Kindergarten- und Schulpl\u00e4tze und allen Fragen, die die Einwohner von Widdersdorf betreffen.<\/p>\n<p><strong>18. April 2018, K\u00f6ln: Vorlesung &#8222;Gewonnene Jahre \u2013 Potenziale des Alter(n)s&#8220;<\/strong><br \/>\nceres, das <a href=\"http:\/\/ceres.uni-koeln.de\" data-wpel-link=\"external\" target=\"_self\" rel=\"nofollow external noopener noreferrer\" title=\"Externer Link: Cologne Center for Ethics\" class=\"ext-link wpel-icon-right\">Cologne Center for Ethics<span class=\"wpel-icon wpel-image wpel-icon-6\"><\/span><\/a>, Rights, Economics, and Social Sciences of Health, l\u00e4dt regelm\u00e4\u00dfig international f\u00fchrende Wissenschaftlerinnen und Wissenschaftlicher an die Universit\u00e4t zu K\u00f6ln ein, um deren Expertise einer breiten \u00d6ffentlichkeit in einer Abendvorlesung zug\u00e4nglich zu machen. Prof. Dr. Ursula M. Staudinger z\u00e4hlt zu den f\u00fchrenden WissenschaftlerIinnen auf den Gebieten der Alternsforschung und der Entwicklungspsychologie der Lebensspanne und wird am 18. April die n\u00e4chste ceres Lecture zum Thema &#8222;Gewonnene Jahre &#8211; Potenziale des Alter(n)s&#8220; halten und sich der Diskussion stellen.<\/p>\n<p><a href=\"http:\/\/www.ffg.tu-dortmund.de\/cms\/de\/Startseite\/\" data-wpel-link=\"external\" target=\"_self\" rel=\"nofollow external noopener noreferrer\" title=\"Externer Link: &lt;strong&gt;Forschungsgesellschaft f\u00fcr Gerontologie e.V.&lt;\/strong&gt;\" class=\"ext-link wpel-icon-right\"><strong>Forschungsgesellschaft f\u00fcr Gerontologie e.V.<\/strong><span class=\"wpel-icon wpel-image wpel-icon-6\"><\/span><\/a><br \/>\nEvinger Platz 13<br \/>\n44339 Dortmund<br \/>\n0231 \/ 728488-0<br \/>\n<a href=\"mailto:ffg@institut-fuer-gerontologie.de\">E-Mail senden<\/a><\/p>\n<p><strong>Institut f\u00fcr Gerontologie an der TU Dortmund<\/strong><br \/>\nDas Institut f\u00fcr Gerontologie an der TU Dortmund in Tr\u00e4gerschaft der Forschungsgesellschaft f\u00fcr Gerontologie e.V. (FfG) ist eine seit 1990 bestehende unabh\u00e4ngige Forschungseinrichtung, die Fragen der demografischen Entwicklung, speziell der alternden Bev\u00f6lkerung nachgeht.<\/p>\n<p>Das Institut f\u00fcr Gerontologie arbeitet:<\/p>\n<ul style=\"list-style-type: disc\">\n<li>wissenschaftlich, d.h. auf der Basis aktueller Forschungsergebnisse und unter Anwendung wissenschaftlicher Methoden;<\/li>\n<li>interdisziplin\u00e4r, d.h. es betrachtet individuelles und gesellschaftliches Altern aus dem Blickwinkel verschiedener Fachrichtungen;<\/li>\n<li>anwendungsorientiert, d.h. mit der Zielsetzung, auf die Gestaltung von Lebensbedingungen im Kontext der demografischen Entwicklung Einfluss zu nehmen.<\/li>\n<li>seit seiner Gr\u00fcndung wird das Institut f\u00fcr Gerontologie vom Land Nordrhein- Westfalen kontinuierlich gef\u00f6rdert. Im Wesentlichen finanziert es sich aus Projektmitteln.<\/li>\n<\/ul>\n","protected":false},"excerpt":{"rendered":"<p>WIG Die Widdersdorfer Interessengemeinschaft e.V. (WIG), gegr. 11.12.1991, vertritt die Interessen der Widdersdorfer B\u00fcrgerinnen und B\u00fcrger gegen\u00fcber der Stadt K\u00f6ln. Ihr Anliegen ist die aktive Mitgestaltung bei der st\u00e4ndigen Erweiterung&hellip; <a class=\"continue\" href=\"https:\/\/unser-quartier.de\/koeln-widdersdorf\/gesellschaftliche-aspekte\/\" data-wpel-link=\"internal\"> \u00bb weiterlesen: <span> Gesellschaftliche Aspekte<\/span><\/a><\/p>\n","protected":false},"author":602,"featured_media":0,"parent":0,"menu_order":8,"comment_status":"closed","ping_status":"closed","template":"","meta":{"generate_page_header":"","footnotes":""},"class_list":["post-2569","page","type-page","status-publish"],"_links":{"self":[{"href":"https:\/\/unser-quartier.de\/koeln-widdersdorf\/wp-json\/wp\/v2\/pages\/2569","targetHints":{"allow":["GET"]}}],"collection":[{"href":"https:\/\/unser-quartier.de\/koeln-widdersdorf\/wp-json\/wp\/v2\/pages"}],"about":[{"href":"https:\/\/unser-quartier.de\/koeln-widdersdorf\/wp-json\/wp\/v2\/types\/page"}],"author":[{"embeddable":true,"href":"https:\/\/unser-quartier.de\/koeln-widdersdorf\/wp-json\/wp\/v2\/users\/602"}],"replies":[{"embeddable":true,"href":"https:\/\/unser-quartier.de\/koeln-widdersdorf\/wp-json\/wp\/v2\/comments?post=2569"}],"version-history":[{"count":0,"href":"https:\/\/unser-quartier.de\/koeln-widdersdorf\/wp-json\/wp\/v2\/pages\/2569\/revisions"}],"wp:attachment":[{"href":"https:\/\/unser-quartier.de\/koeln-widdersdorf\/wp-json\/wp\/v2\/media?parent=2569"}],"curies":[{"name":"wp","href":"https:\/\/api.w.org\/{rel}","templated":true}]}}