{"id":3584,"date":"2018-10-17T13:00:18","date_gmt":"2018-10-17T11:00:18","guid":{"rendered":"https:\/\/unser-quartier.de\/koeln-widdersdorf\/?page_id=3584"},"modified":"2023-11-24T15:14:34","modified_gmt":"2023-11-24T14:14:34","slug":"wichtige-adressen","status":"publish","type":"page","link":"https:\/\/unser-quartier.de\/koeln-widdersdorf\/familien-2\/wichtige-adressen\/","title":{"rendered":"Wichtige Adressen und Telefonnummern"},"content":{"rendered":"<p><a href=\"https:\/\/www.nummergegenkummer.de\/kinder-und-jugendtelefon.html\" data-wpel-link=\"external\" target=\"_self\" rel=\"nofollow external noopener noreferrer\" title=\"Externer Link: &lt;strong&gt;Kinder- und Jugendtelefon des deutschen Kinderschutzbundes&lt;\/strong&gt;\" class=\"ext-link wpel-icon-right\"><strong>Kinder- und Jugendtelefon des deutschen Kinderschutzbundes<\/strong><span class=\"wpel-icon wpel-image wpel-icon-6\"><\/span><\/a><br \/>\n0800 111 0 333 \u201eDie Nummer gegen Kummer\u201c\u00a0<br \/>\nmontags bis freitags von 15 bis 19 Uhr,\u00a0anonym und kostenlos!<br \/>\nE-Mail: <a href=\"mailto:info@nummergegenkummer.de\">info@nummergegenkummer.de<\/a><br \/>\n0221 \/ 221-99999\u00a0Notfallnummern f\u00fcr Kinder und Jugendliche<\/p>\n<p><a href=\"https:\/\/lobby-fuer-maedchen.de\/\" data-wpel-link=\"external\" target=\"_self\" rel=\"nofollow external noopener noreferrer\" title=\"Externer Link: &lt;strong&gt;M\u00e4dchenberatungsstelle&lt;\/strong&gt;\" class=\"ext-link wpel-icon-right\"><strong>M\u00e4dchenberatungsstelle<\/strong><span class=\"wpel-icon wpel-image wpel-icon-6\"><\/span><\/a><br \/>\nLobby f\u00fcr M\u00e4dchen &#8211; M\u00e4dchenhaus K\u00f6ln e. V.<br \/>\nBeratungsstelle f\u00fcr M\u00e4dchen und junge Frauen bis 27<br \/>\nFridolinstra\u00dfe 14<br \/>\n50823 K\u00f6ln<br \/>\n0221 \/ 45355650<br \/>\nE-Mail:\u00a0<a href=\"mailto:maedchenberatung-linksrhein@lobby-fuer-maedchen.de\">maedchenberatung-linksrhein@lobby-fuer-maedchen.de<\/a><br \/>\nOnline-Beratung:\u00a0\u00a0<a href=\"http:\/\/www.onlineberatung-lobby-fuer-maedchen.de\" data-wpel-link=\"external\" target=\"_self\" rel=\"nofollow external noopener noreferrer\" title=\"Externer Link: www.onlineberatung-lobby-fuer-maedchen.de\" class=\"ext-link wpel-icon-right\">www.onlineberatung-lobby-fuer-maedchen.de<span class=\"wpel-icon wpel-image wpel-icon-6\"><\/span><\/a><\/p>\n<p><strong>Hotline Ess-St\u00f6rungen<\/strong><br \/>\n0800 &#8211; 5 03 58 85<\/p>\n<p><strong>Suchtkrankenhilfe:<\/strong> 0221 &#8211; 527979 \u00a0\u00a0\u00a0\u00a0\u00a0\u00a0\u00a0<\/p>\n<p><strong>BzgA Telefonberatung\u00a0 zu HIV und AIDS<\/strong>:\u00a0 0221- 892031\u00a0\u00a0\u00a0\u00a0\u00a0<\/p>\n<p>\n<strong><a href=\"http:\/\/www.kinderschutzbund-koeln.de\" data-wpel-link=\"external\" target=\"_self\" rel=\"nofollow external noopener noreferrer\" title=\"Externer Link: Kinderschutzbund K\u00f6ln und Kinderschutz-Zentrum K\u00f6ln\" class=\"ext-link wpel-icon-right\">Kinderschutzbund K\u00f6ln und Kinderschutz-Zentrum K\u00f6ln<span class=\"wpel-icon wpel-image wpel-icon-6\"><\/span><\/a><\/strong> <br \/>\n(pr\u00e4ventiven Hilfen, kostenfreie Beratungs- und Therapieangebote, Krisenhilfe f\u00fcr Kinder und deren Eltern)<br \/>\nBonner Stra\u00dfe 151<br \/>\n50968 K\u00f6ln<br \/>\n0221 \/ 5 77 77 \u2013 0<br \/>\nE-Mail: <a href=\"mailto:info@kinderschutzbund-koeln.de\">info@kinderschutzbund-koeln.de<\/a><\/p>\n<p><strong><a href=\"http:\/\/www.auf-achse.de\/\" data-wpel-link=\"external\" target=\"_self\" rel=\"nofollow external noopener noreferrer\" title=\"Externer Link: Auf Achse\" class=\"ext-link wpel-icon-right\">Auf Achse<span class=\"wpel-icon wpel-image wpel-icon-6\"><\/span><\/a><\/strong><br \/>\nbietet Kindern, Jugendlichen, jungen Erwachsenen und Familien Hilfe bei der \u00dcberwindung akuter Notlagen und bei der Entwicklung neuer Perspektiven.<\/p>\n<p><strong>\u201e<a href=\"http:\/\/www.bapk.de\/angebote\/seelefon.html\" data-wpel-link=\"external\" target=\"_self\" rel=\"nofollow external noopener noreferrer\" title=\"Externer Link: SeeleFon\" class=\"ext-link wpel-icon-right\">SeeleFon<span class=\"wpel-icon wpel-image wpel-icon-6\"><\/span><\/a>\u201c der Familien-Selbsthilfe Psychiatrie<\/strong><br \/>\nF\u00fcr psychisch Kranke oder Angeh\u00f6rige psychisch kranker Menschen<br \/>\nTel.:\u00a0 01805 &#8211; 950 951 <br \/>\noder 0228 \u2013 71002424<br \/>\nE-Mail: <a href=\"mailto:seelefon@psychiatrie.de\">seelefon@psychiatrie.de<\/a><\/p>\n<p><strong><a href=\"http:\/\/www.deutsche-depressionshilfe.de\" data-wpel-link=\"external\" target=\"_self\" rel=\"nofollow external noopener noreferrer\" title=\"Externer Link: Info-Telefon Depression der Stiftung Deutsche Depressionshilfe\" class=\"ext-link wpel-icon-right\">Info-Telefon Depression der Stiftung Deutsche Depressionshilfe<span class=\"wpel-icon wpel-image wpel-icon-6\"><\/span><\/a><\/strong><br \/>\nDas bundesweite kostenfreie Info-Telefon Depression soll Betroffenen und Angeh\u00f6rigen den Weg zu Anlaufstellen im Versorgungssystem weisen.<br \/>\nTel.: 0800 3344533<\/p>\n<p><strong><a href=\"https:\/\/www.youth-life-line.de\/\" data-wpel-link=\"external\" target=\"_self\" rel=\"nofollow external noopener noreferrer\" title=\"Externer Link: Online-Beratung f\u00fcr Jugendliche und junge Erwachsene\" class=\"ext-link wpel-icon-right\">Online-Beratung f\u00fcr Jugendliche und junge Erwachsene<span class=\"wpel-icon wpel-image wpel-icon-6\"><\/span><\/a><\/strong><\/p>\n<p><strong><a href=\"https:\/\/www.loveline.de\/\" data-wpel-link=\"external\" target=\"_self\" rel=\"nofollow external noopener noreferrer\" title=\"Externer Link: Das Jugendportal der Bundeszentrale f\u00fcr gesundheitliche Aufkl\u00e4rung BZgA\" class=\"ext-link wpel-icon-right\">Das Jugendportal der Bundeszentrale f\u00fcr gesundheitliche Aufkl\u00e4rung BZgA<span class=\"wpel-icon wpel-image wpel-icon-6\"><\/span><\/a><\/strong><br \/>\ninformiert \u00fcber die sich in der Pubert\u00e4t ver\u00e4ndernden Interessen, Gef\u00fchle\u00a0und Verhalten, \u00fcber die Fragen rund um die Themen Geschlechtlichkeit, Freundschaft, Sex, Beziehungsprobleme und Verunsicherungen etc.<\/p>\n<p><strong>Auch diese Beratungsstellen helfen weiter:<\/strong><br \/>\nFamilienberatung und Schulpsychologischer Dienst<br \/>\nWilly-Brandt-Platz 3 (Stadthaus Deutz)<br \/>\n50679 K\u00f6ln<br \/>\n0221 \/ 221-29053<\/p>\n<p>Kinder- und Jugendpsychiatrische Beratungsstelle<br \/>\nGesundheitsamt<br \/>\nNeumarkt 15-21<br \/>\n50667 K\u00f6ln<br \/>\n0221 \/ 221-27382<\/p>\n<p>Beratungsstelle f\u00fcr Kinder, Jugendliche und Erwachsene des Evangelischen Kirchenverbandes K\u00f6ln und Region<br \/>\nTunisstra\u00dfe 3<br \/>\n50667 K\u00f6ln<br \/>\n0221 \/ 2577461<\/p>\n<p>Katholische Beratungsstelle f\u00fcr Eltern, Jugendliche und Kinder<br \/>\nArnold-von Siegen-Stra\u00dfe 5<br \/>\n50678 K\u00f6ln<br \/>\n0221 \/ 60608540<\/p>\n<p>Familienberatungsstelle des Kinderschutzbundes<br \/>\nBonner Stra\u00dfe 151<br \/>\n50968 K\u00f6ln<br \/>\n0221 \/ 577770<\/p>\n<p>Beratungsstelle f\u00fcr Eltern, Jugendliche und Kinder<br \/>\nRathausstra\u00dfe 8<br \/>\n51143 K\u00f6ln<br \/>\n02203 \/ 55001<\/p>\n<p>Sozialdienst katholischer Frauen e.V. K\u00f6ln (SkF)<br \/>\nGesch\u00e4ftsstelle<br \/>\nMauritiussteinweg 77-79<br \/>\n50676 K\u00f6ln<br \/>\n0221 \/ 12 69 50<br \/>\nE-Mail: <a href=\"mailto:info@skf-koeln.de\">info@skf-koeln.de<\/a><\/p>\n<p><strong><a href=\"https:\/\/www.stadt-koeln.de\/service\/adressen\/gefaehrdungsmeldungs-sofort-dienst-gsd-lindenthal\" data-wpel-link=\"external\" target=\"_self\" rel=\"nofollow external noopener noreferrer\" title=\"Externer Link: Gef\u00e4hrdungsmeldungs-Sofort-Dienst (GSD) Lindenthal\" class=\"ext-link wpel-icon-right\">Gef\u00e4hrdungsmeldungs-Sofort-Dienst (GSD) Lindenthal<span class=\"wpel-icon wpel-image wpel-icon-6\"><\/span><\/a><\/strong><br \/>\nServicenummer bei Meldungen zur Kindeswohlgef\u00e4hrdung, insbesondere bei Notf\u00e4llen, auch au\u00dferhalb der regul\u00e4ren Dienstzeit<br \/>\n0221 \/ 221-93999<\/p>\n<p><a href=\"https:\/\/www.hilfetelefon.de\/\" data-wpel-link=\"external\" target=\"_self\" rel=\"nofollow external noopener noreferrer\" title=\"Externer Link: Hilfetelefon Gewalt gegen Frauen\" class=\"ext-link wpel-icon-right\">Hilfetelefon Gewalt gegen Frauen<span class=\"wpel-icon wpel-image wpel-icon-6\"><\/span><\/a><br \/>\n08000 116016<\/p>\n<p><strong>Orientierung, Beratung, Unterst\u00fctzung bei sexualisierter Gewalt an Frauen<\/strong><br \/>\nNotruf und Beratung f\u00fcr vergewaltigte Frauen \u2013 Frauen gegen Gewalt e.V.<br \/>\nHerwarthstr. 10,<br \/>\n50672 K\u00f6ln-Stadtgartenviertel<br \/>\n0221 \/ 56 20 35<br \/>\nE-Mail: <a href=\"mailto:mailbox@notruf-koeln.de\">mailbox@notruf-koeln.de<\/a><\/p>\n<p><strong><a href=\"https:\/\/www.profamilia.de\/angebote-vor-ort\/nordrhein-westfalen\/koeln-zentrum.html\" data-wpel-link=\"external\" target=\"_self\" rel=\"nofollow external noopener noreferrer\" title=\"Externer Link: Beratungsstellen f\u00fcr Schwangerenkonflikte\" class=\"ext-link wpel-icon-right\">Beratungsstellen f\u00fcr Schwangerenkonflikte<span class=\"wpel-icon wpel-image wpel-icon-6\"><\/span><\/a><\/strong><br \/>\npro familia K\u00f6ln-Zentrum<br \/>\nHansaring 84-86<br \/>\n50670 K\u00f6ln<br \/>\n0221 \/ 122087<br \/>\nE-Mail:\u00a0<a href=\"mailto:koeln-zentrum@profamilia.de\">koeln-zentrum@profamilia.de<\/a><\/p>\n<p><strong><a href=\"https:\/\/www.stadt-koeln.de\/service\/adressen\/gesundheitsamt?kontrast=weiss\" data-wpel-link=\"external\" target=\"_self\" rel=\"nofollow external noopener noreferrer\" title=\"Externer Link: Gesundheitsamt K\u00f6ln\" class=\"ext-link wpel-icon-right\">Gesundheitsamt K\u00f6ln<span class=\"wpel-icon wpel-image wpel-icon-6\"><\/span><\/a><\/strong><br \/>\nBeratungsstelle f\u00fcr Familienplanung und Schwangerschaftskonflikte<br \/>\nNeumarkt 15 &#8211; 21<br \/>\n50667 K\u00f6ln<br \/>\nAnmeldung: Zi. 169<br \/>\n0221 \/ 221-24779<br \/>\nE-Mail: <a href=\"mailto:schwangerenberatung@stadt-koeln.de\">schwangerenberatung@stadt-koeln.de<\/a><\/p>\n<p><strong><a href=\"https:\/\/www.donumvitae-koeln.de\/\" data-wpel-link=\"external\" target=\"_self\" rel=\"nofollow external noopener noreferrer\" title=\"Externer Link: Donum Vitae K\u00f6ln e.V.\" class=\"ext-link wpel-icon-right\">Donum Vitae K\u00f6ln e.V.<span class=\"wpel-icon wpel-image wpel-icon-6\"><\/span><\/a><\/strong><br \/>\nStaatlich anerkannte Konfliktberatungsstelle f\u00fcr Schwangere und ihre Familien<br \/>\nHeumarkt 54<br \/>\n50667 K\u00f6ln<br \/>\n0221 \/ 272613<br \/>\nE-Mail: <a href=\"mailto:koeln@donumvitae.org\">koeln@donumvitae.org<\/a><\/p>\n<p><strong><a href=\"http:\/\/frauenberatungszentrum-koeln.de\/\" data-wpel-link=\"external\" target=\"_self\" rel=\"nofollow external noopener noreferrer\" title=\"Externer Link: Frauenberatungszentrum K\u00f6ln e.V.\" class=\"ext-link wpel-icon-right\">Frauenberatungszentrum K\u00f6ln e.V.<span class=\"wpel-icon wpel-image wpel-icon-6\"><\/span><\/a><\/strong><br \/>\nversteht sich als Anlaufstelle f\u00fcr Frauen in vielf\u00e4ltigen Krisen- und Konfliktsituationen z.B.: Trennung \/Scheidung, h\u00e4usliche Gewalt, Familienkonflikte, Gewalterfahrung<br \/>\nFriesenplatz 9<br \/>\n50672 K\u00f6ln<br \/>\n0221 \/ 420 16 20<br \/>\nE-Mail: <a href=\"mailto:info@frauenberatungszentrum-koeln.de\">info@frauenberatungszentrum-koeln.de<\/a><\/p>\n<p><strong><a href=\"https:\/\/www.frauenleben.org\/index.htm\" data-wpel-link=\"external\" target=\"_self\" rel=\"nofollow external noopener noreferrer\" title=\"Externer Link: FrauenLeben e.V.\" class=\"ext-link wpel-icon-right\">FrauenLeben e.V.<span class=\"wpel-icon wpel-image wpel-icon-6\"><\/span><\/a><\/strong><br \/>\nFrauenberatungsstelle und Institut f\u00fcr feministische Therapie<br \/>\nVenloer Str. 405 &#8211; 407<br \/>\n50825 K\u00f6ln<br \/>\n0221 \/ 9541660<\/p>\n<p><strong><a href=\"http:\/\/www.frauenhaus-koeln.de\/frauenhaus\" data-wpel-link=\"external\" target=\"_self\" rel=\"nofollow external noopener noreferrer\" title=\"Externer Link: Autonome Frauenh\u00e4user K\u00f6ln\" class=\"ext-link wpel-icon-right\">Autonome Frauenh\u00e4user K\u00f6ln<span class=\"wpel-icon wpel-image wpel-icon-6\"><\/span><\/a><\/strong><br \/>\nTag und Nacht:<br \/>\n1. Autonomes Frauenhaus <br \/>\n0221 \/ 51 55 02\u00a0<br \/>\nE-Mail: <a href=\"mailto:1.frauenhaus@frauenhelfenfrauen-koeln.de\">1.frauenhaus@frauenhelfenfrauen-koeln.de<\/a><br \/>\n2. Autonomes Frauenhaus <br \/>\n0221 \/ 51 55 54\u00a0<br \/>\nE-Mail: <a href=\"mailto:2.frauenhaus@frauenhelfenfrauen-koeln.de\">2.frauenhaus@frauenhelfenfrauen-koeln.de<\/a><\/p>\n<p><strong><a href=\"http:\/\/www.stadt-koeln.de\/service\/adressen\/fachdienst-sti-und-sexuelle-gesundheit\" data-wpel-link=\"external\" target=\"_self\" rel=\"nofollow external noopener noreferrer\" title=\"Externer Link: AIDS-Beratungsstelle des Gesundheitsamtes\u00a0K\u00f6ln\" class=\"ext-link wpel-icon-right\">AIDS-Beratungsstelle des Gesundheitsamtes\u00a0K\u00f6ln<span class=\"wpel-icon wpel-image wpel-icon-6\"><\/span><\/a><\/strong><br \/>\nGesundheitsamt &#8211; Fachdienst STI und sexuelle Gesundheit<br \/>\nNeumarkt 15-21<br \/>\n50667 K\u00f6ln<br \/>\n0221 \/ 22124602<br \/>\nE-Mail: <a href=\"mailto:sti@stadt-koeln.de\">sti@stadt-koeln.de<\/a><\/p>\n<p><strong><a href=\"https:\/\/www.koelner-anwaltverein.de\/KoelnerAnwaltVerein-e.V\/Buergerservice\/\" data-wpel-link=\"external\" target=\"_self\" rel=\"nofollow external noopener noreferrer\" title=\"Externer Link: Anwaltlicher Notdienst,\u00a0K\u00f6lner Anwaltsverein e.V.\" class=\"ext-link wpel-icon-right\">Anwaltlicher Notdienst,\u00a0K\u00f6lner Anwaltsverein e.V.<span class=\"wpel-icon wpel-image wpel-icon-6\"><\/span><\/a><\/strong><br \/>\nTelefonnotdienst in Strafsachen<br \/>\n0221 \/ 42 63 82<br \/>\nE-Mail: <a href=\"mailto:info@koelner-anwaltverein.de\">info@koelner-anwaltverein.de<\/a><\/p>\n","protected":false},"excerpt":{"rendered":"<p>Kinder- und Jugendtelefon des deutschen Kinderschutzbundes 0800 111 0 333 \u201eDie Nummer gegen Kummer\u201c\u00a0 montags bis freitags von 15 bis 19 Uhr,\u00a0anonym und kostenlos! E-Mail: info@nummergegenkummer.de 0221 \/ 221-99999\u00a0Notfallnummern f\u00fcr&hellip; <a class=\"continue\" href=\"https:\/\/unser-quartier.de\/koeln-widdersdorf\/familien-2\/wichtige-adressen\/\" data-wpel-link=\"internal\"> \u00bb weiterlesen: <span> Wichtige Adressen und Telefonnummern<\/span><\/a><\/p>\n","protected":false},"author":635,"featured_media":0,"parent":3714,"menu_order":20,"comment_status":"closed","ping_status":"closed","template":"","meta":{"generate_page_header":"","footnotes":""},"class_list":["post-3584","page","type-page","status-publish"],"_links":{"self":[{"href":"https:\/\/unser-quartier.de\/koeln-widdersdorf\/wp-json\/wp\/v2\/pages\/3584","targetHints":{"allow":["GET"]}}],"collection":[{"href":"https:\/\/unser-quartier.de\/koeln-widdersdorf\/wp-json\/wp\/v2\/pages"}],"about":[{"href":"https:\/\/unser-quartier.de\/koeln-widdersdorf\/wp-json\/wp\/v2\/types\/page"}],"author":[{"embeddable":true,"href":"https:\/\/unser-quartier.de\/koeln-widdersdorf\/wp-json\/wp\/v2\/users\/635"}],"replies":[{"embeddable":true,"href":"https:\/\/unser-quartier.de\/koeln-widdersdorf\/wp-json\/wp\/v2\/comments?post=3584"}],"version-history":[{"count":1,"href":"https:\/\/unser-quartier.de\/koeln-widdersdorf\/wp-json\/wp\/v2\/pages\/3584\/revisions"}],"predecessor-version":[{"id":9709,"href":"https:\/\/unser-quartier.de\/koeln-widdersdorf\/wp-json\/wp\/v2\/pages\/3584\/revisions\/9709"}],"up":[{"embeddable":true,"href":"https:\/\/unser-quartier.de\/koeln-widdersdorf\/wp-json\/wp\/v2\/pages\/3714"}],"wp:attachment":[{"href":"https:\/\/unser-quartier.de\/koeln-widdersdorf\/wp-json\/wp\/v2\/media?parent=3584"}],"curies":[{"name":"wp","href":"https:\/\/api.w.org\/{rel}","templated":true}]}}