{"id":3612,"date":"2018-10-17T18:45:29","date_gmt":"2018-10-17T16:45:29","guid":{"rendered":"https:\/\/unser-quartier.de\/koeln-widdersdorf\/?page_id=3612"},"modified":"2019-05-22T18:34:14","modified_gmt":"2019-05-22T16:34:14","slug":"widdersdorf","status":"publish","type":"page","link":"https:\/\/unser-quartier.de\/koeln-widdersdorf\/stadtteilinfo\/widdersdorf\/","title":{"rendered":"Widdersdorf"},"content":{"rendered":"<p>Widdersdorf liegt am nordwestlichen Rand von\u00a0K\u00f6ln\u00a0und wurde 1975 im Rahmen\u00a0 der Kommunalen Gebietsreform als Teil von K\u00f6ln eingemeindet. Widdersdorf hat geographisch keine Ber\u00fchrungspunkte mit den anderen bebauten Gebieten der Stadt K\u00f6ln und z\u00e4hlte Ende 2016 etwas \u00fcber 12.000 Einwohner. In kleinem Umfang wird hier noch Landwirtschaft betrieben \u2013 f\u00fcnf Vollerwerbsbetriebe bewirtschaften ihre Felder rings um den Ort. Bedingt durch die Neubaugebiete Widdersdorf-Ost und Widdersdorf-S\u00fcd steigt die Anzahl der Einwohner kontinuierlich, w\u00e4hrend einige Felder im Widdersdorfer S\u00fcden sowie im Norden des angrenzenden Stadtteils L\u00f6venich verschwinden und die Stadtteile n\u00e4her zusammen r\u00fccken lassen.<\/p>\n<figure id=\"attachment_1888\" aria-describedby=\"caption-attachment-1888\" style=\"width: 1190px\" class=\"wp-caption alignleft\"><a href=\"https:\/\/unser-quartier.de\/koeln-widdersdorf\/files\/2017\/11\/widdersdorf_080916-e1510163471249.jpg\" data-wpel-link=\"internal\"><img loading=\"lazy\" decoding=\"async\" id=\"longdesc-return-1888\" class=\"size-full wp-image-1888\" src=\"https:\/\/unser-quartier.de\/koeln-widdersdorf\/files\/2017\/11\/widdersdorf_080916-e1510163471249.jpg\" alt=\"K\u00f6ln-Widdersdorf\" width=\"1200\" height=\"600\" longdesc=\"https:\/\/unser-quartier.de\/koeln-widdersdorf?longdesc=1888&amp;referrer=3612\" srcset=\"https:\/\/unser-quartier.de\/koeln-widdersdorf\/files\/2017\/11\/widdersdorf_080916-e1510163471249.jpg 1200w, https:\/\/unser-quartier.de\/koeln-widdersdorf\/files\/2017\/11\/widdersdorf_080916-e1510163471249-150x75.jpg 150w, https:\/\/unser-quartier.de\/koeln-widdersdorf\/files\/2017\/11\/widdersdorf_080916-e1510163471249-300x150.jpg 300w, https:\/\/unser-quartier.de\/koeln-widdersdorf\/files\/2017\/11\/widdersdorf_080916-e1510163471249-768x384.jpg 768w, https:\/\/unser-quartier.de\/koeln-widdersdorf\/files\/2017\/11\/widdersdorf_080916-e1510163471249-1024x512.jpg 1024w\" sizes=\"auto, (max-width: 1200px) 100vw, 1200px\" \/><\/a><figcaption id=\"caption-attachment-1888\" class=\"wp-caption-text\">Luftaufnahme von Widdersdorf vom 8.9.2016<\/figcaption><\/figure>\n","protected":false},"excerpt":{"rendered":"<p>Widdersdorf liegt am nordwestlichen Rand von\u00a0K\u00f6ln\u00a0und wurde 1975 im Rahmen\u00a0 der Kommunalen Gebietsreform als Teil von K\u00f6ln eingemeindet. Widdersdorf hat geographisch keine Ber\u00fchrungspunkte mit den anderen bebauten Gebieten der Stadt&hellip; <a class=\"continue\" href=\"https:\/\/unser-quartier.de\/koeln-widdersdorf\/stadtteilinfo\/widdersdorf\/\" data-wpel-link=\"internal\"> \u00bb weiterlesen: <span> Widdersdorf<\/span><\/a><\/p>\n","protected":false},"author":635,"featured_media":0,"parent":1996,"menu_order":10,"comment_status":"closed","ping_status":"closed","template":"","meta":{"generate_page_header":"","footnotes":""},"class_list":["post-3612","page","type-page","status-publish"],"_links":{"self":[{"href":"https:\/\/unser-quartier.de\/koeln-widdersdorf\/wp-json\/wp\/v2\/pages\/3612","targetHints":{"allow":["GET"]}}],"collection":[{"href":"https:\/\/unser-quartier.de\/koeln-widdersdorf\/wp-json\/wp\/v2\/pages"}],"about":[{"href":"https:\/\/unser-quartier.de\/koeln-widdersdorf\/wp-json\/wp\/v2\/types\/page"}],"author":[{"embeddable":true,"href":"https:\/\/unser-quartier.de\/koeln-widdersdorf\/wp-json\/wp\/v2\/users\/635"}],"replies":[{"embeddable":true,"href":"https:\/\/unser-quartier.de\/koeln-widdersdorf\/wp-json\/wp\/v2\/comments?post=3612"}],"version-history":[{"count":0,"href":"https:\/\/unser-quartier.de\/koeln-widdersdorf\/wp-json\/wp\/v2\/pages\/3612\/revisions"}],"up":[{"embeddable":true,"href":"https:\/\/unser-quartier.de\/koeln-widdersdorf\/wp-json\/wp\/v2\/pages\/1996"}],"wp:attachment":[{"href":"https:\/\/unser-quartier.de\/koeln-widdersdorf\/wp-json\/wp\/v2\/media?parent=3612"}],"curies":[{"name":"wp","href":"https:\/\/api.w.org\/{rel}","templated":true}]}}