{"id":3724,"date":"2018-10-26T19:35:58","date_gmt":"2018-10-26T17:35:58","guid":{"rendered":"https:\/\/unser-quartier.de\/koeln-widdersdorf\/?page_id=3724"},"modified":"2020-10-04T20:08:29","modified_gmt":"2020-10-04T18:08:29","slug":"kontaktformular","status":"publish","type":"page","link":"https:\/\/unser-quartier.de\/koeln-widdersdorf\/kontakt\/kontaktformular\/","title":{"rendered":"Kontaktformular"},"content":{"rendered":"<p>An dieser Stelle k\u00f6nnen Sie Kontakt zu uns aufnehmen. Wir freuen uns \u00fcber W\u00fcnsche, Anregungen oder Nachfragen.<\/p>\n<p>Ihre Daten werden nur streng zweckgebunden zur Bearbeitung und Beantwortung Ihrer Anfrage benutzt. Mit dem Absenden des Kontaktformulars erkl\u00e4re Sie sich mit der Verarbeitung einverstanden. Nach Abschluss der Verarbeitung werden die erhobenen Daten gel\u00f6scht, insofern diese nicht f\u00fcr die weitere Bearbeitung der Anfrage oder eines daraufhin entstandenen Auftrags weiter ben\u00f6tigt werden (<a href=\"https:\/\/unser-quartier.de\/koeln-widdersdorf\/impressum\/datenschutzerklaerung\/\" data-wpel-link=\"internal\">Datenschutzerkl\u00e4rung<\/a>).<\/p>\n\n<div class=\"wpcf7 no-js\" id=\"wpcf7-f8428-o1\" lang=\"de-DE\" dir=\"ltr\" data-wpcf7-id=\"8428\">\n<div class=\"screen-reader-response\"><p role=\"status\" aria-live=\"polite\" aria-atomic=\"true\"><\/p> <ul><\/ul><\/div>\n<form action=\"\/koeln-widdersdorf\/wp-json\/wp\/v2\/pages\/3724#wpcf7-f8428-o1\" method=\"post\" class=\"wpcf7-form init\" aria-label=\"Kontaktformular\" novalidate=\"novalidate\" data-status=\"init\">\n<div style=\"display: none;\">\n<input type=\"hidden\" name=\"_wpcf7\" value=\"8428\" \/>\n<input type=\"hidden\" name=\"_wpcf7_version\" value=\"6.0.1\" \/>\n<input type=\"hidden\" name=\"_wpcf7_locale\" value=\"de_DE_formal\" \/>\n<input type=\"hidden\" name=\"_wpcf7_unit_tag\" value=\"wpcf7-f8428-o1\" \/>\n<input type=\"hidden\" name=\"_wpcf7_container_post\" value=\"0\" \/>\n<input type=\"hidden\" name=\"_wpcf7_posted_data_hash\" value=\"\" \/>\n<\/div>\n<p><span class=\"wpcf7-form-control-wrap\" data-name=\"acceptance-446\"><span class=\"wpcf7-form-control wpcf7-acceptance\"><span class=\"wpcf7-list-item\"><input type=\"checkbox\" name=\"acceptance-446\" value=\"1\" aria-invalid=\"false\" \/><\/span><\/span><\/span> Ja, ich habe die Datenschutzerkl\u00e4rung zur Kenntnis genommen und bin damit einverstanden, dass die von mir angegebenen Daten elektronisch erhoben und gespeichert werden.\n<\/p>\n<p><label> Ihr Name (Pflichtfeld)<br \/>\n<span class=\"wpcf7-form-control-wrap\" data-name=\"your-name\"><input size=\"40\" maxlength=\"400\" class=\"wpcf7-form-control wpcf7-text wpcf7-validates-as-required\" aria-required=\"true\" aria-invalid=\"false\" value=\"\" type=\"text\" name=\"your-name\" \/><\/span> <\/label>\n<\/p>\n<p><label> Ihre E-Mail-Adresse (Pflichtfeld)<br \/>\n<span class=\"wpcf7-form-control-wrap\" data-name=\"your-email\"><input size=\"40\" maxlength=\"400\" class=\"wpcf7-form-control wpcf7-email wpcf7-validates-as-required wpcf7-text wpcf7-validates-as-email\" aria-required=\"true\" aria-invalid=\"false\" value=\"\" type=\"email\" name=\"your-email\" \/><\/span> <\/label>\n<\/p>\n<p><label> Ihre Nachricht (Pflichtfeld)<br \/>\n<span class=\"wpcf7-form-control-wrap\" data-name=\"your-message\"><textarea cols=\"40\" rows=\"10\" maxlength=\"2000\" class=\"wpcf7-form-control wpcf7-textarea\" aria-invalid=\"false\" name=\"your-message\"><\/textarea><\/span> <\/label>\n<\/p>\n<p><input class=\"wpcf7-form-control wpcf7-submit has-spinner\" type=\"submit\" value=\"Senden\" \/>\n<\/p><p style=\"display: none !important;\" class=\"akismet-fields-container\" data-prefix=\"_wpcf7_ak_\"><label>&#916;<textarea name=\"_wpcf7_ak_hp_textarea\" cols=\"45\" rows=\"8\" maxlength=\"100\"><\/textarea><\/label><input type=\"hidden\" id=\"ak_js_1\" name=\"_wpcf7_ak_js\" value=\"135\"\/><script>document.getElementById( \"ak_js_1\" ).setAttribute( \"value\", ( new Date() ).getTime() );<\/script><\/p><div class=\"wpcf7-response-output\" aria-hidden=\"true\"><\/div>\n<\/form>\n<\/div>\n\n","protected":false},"excerpt":{"rendered":"<p>An dieser Stelle k\u00f6nnen Sie Kontakt zu uns aufnehmen. Wir freuen uns \u00fcber W\u00fcnsche, Anregungen oder Nachfragen. Ihre Daten werden nur streng zweckgebunden zur Bearbeitung und Beantwortung Ihrer Anfrage benutzt.&hellip; <a class=\"continue\" href=\"https:\/\/unser-quartier.de\/koeln-widdersdorf\/kontakt\/kontaktformular\/\" data-wpel-link=\"internal\"> \u00bb weiterlesen: <span> Kontaktformular<\/span><\/a><\/p>\n","protected":false},"author":635,"featured_media":0,"parent":14,"menu_order":20,"comment_status":"closed","ping_status":"closed","template":"","meta":{"generate_page_header":"","footnotes":""},"class_list":["post-3724","page","type-page","status-publish"],"_links":{"self":[{"href":"https:\/\/unser-quartier.de\/koeln-widdersdorf\/wp-json\/wp\/v2\/pages\/3724","targetHints":{"allow":["GET"]}}],"collection":[{"href":"https:\/\/unser-quartier.de\/koeln-widdersdorf\/wp-json\/wp\/v2\/pages"}],"about":[{"href":"https:\/\/unser-quartier.de\/koeln-widdersdorf\/wp-json\/wp\/v2\/types\/page"}],"author":[{"embeddable":true,"href":"https:\/\/unser-quartier.de\/koeln-widdersdorf\/wp-json\/wp\/v2\/users\/635"}],"replies":[{"embeddable":true,"href":"https:\/\/unser-quartier.de\/koeln-widdersdorf\/wp-json\/wp\/v2\/comments?post=3724"}],"version-history":[{"count":0,"href":"https:\/\/unser-quartier.de\/koeln-widdersdorf\/wp-json\/wp\/v2\/pages\/3724\/revisions"}],"up":[{"embeddable":true,"href":"https:\/\/unser-quartier.de\/koeln-widdersdorf\/wp-json\/wp\/v2\/pages\/14"}],"wp:attachment":[{"href":"https:\/\/unser-quartier.de\/koeln-widdersdorf\/wp-json\/wp\/v2\/media?parent=3724"}],"curies":[{"name":"wp","href":"https:\/\/api.w.org\/{rel}","templated":true}]}}