{"id":3767,"date":"2018-11-07T14:41:18","date_gmt":"2018-11-07T13:41:18","guid":{"rendered":"https:\/\/unser-quartier.de\/koeln-widdersdorf\/?page_id=3767"},"modified":"2018-11-27T11:29:04","modified_gmt":"2018-11-27T10:29:04","slug":"nuetzliches","status":"publish","type":"page","link":"https:\/\/unser-quartier.de\/koeln-widdersdorf\/stadtteilinfo\/nuetzliches\/","title":{"rendered":"N\u00fctzliches"},"content":{"rendered":"<p>Den Online-Abfuhrkalender der Abfallwirtschaftsbetriebe K\u00f6ln finden Sie <a href=\"https:\/\/www.awbkoeln.de\/abfuhrkalender\/#form=%7B%22streetName%22%3A%22haupt%22%2C%22buildingNumber%22%3A%2210%22%2C%22buildingAddition%22%3A%22%22%7D&amp;street=%7B%22street_name%22%3A%22Hauptstr.%20Wi%22%2C%22building_number%22%3A%2210%22%2C%22building_number_plain%22%3A%2210%22%2C%22building_number_addition%22%3A%22%22%2C%22street_code%22%3A%224713%22%2C%22district%22%3A%22Widdersdorf%22%2C%22zipcode%22%3A%2250859%22%2C%22district_code%22%3A%229%22%2C%22area_code%22%3A%223%22%2C%22user_street_name%22%3A%22Hauptstr.%20Wi%22%2C%22user_building_number%22%3A%2210%22%7D\" data-wpel-link=\"external\" target=\"_self\" rel=\"nofollow external noopener noreferrer\" title=\"Externer Link: hier\" class=\"ext-link wpel-icon-right\">hier<span class=\"wpel-icon wpel-image wpel-icon-6\"><\/span><\/a>. Sie m\u00fcssen lediglich <span style=\"text-decoration: underline;\">Ihre<\/span> Stra\u00dfe eintragen.<\/p>\n<p>Der B\u00fccherbus h\u00e4lt Freitags von <span style=\"display: inline !important; float: none; background-color: transparent; color: #333333; cursor: text; font-family: Georgia,'Times New Roman','Bitstream Charter',Times,serif; font-size: 16px; font-style: normal; font-variant: normal; font-weight: 400; letter-spacing: normal; orphans: 2; text-align: left; text-decoration: none; text-indent: 0px; text-transform: none; -webkit-text-stroke-width: 0px; white-space: normal; word-spacing: 0px;\">14:30 bis 16:00 Uhr<\/span> in\u00a0<span class=\"highlightNode\">Widdersdorf<\/span>,\u00a0 Zum Dammfelde\/N\u00e4he Buchenweg<\/p>\n","protected":false},"excerpt":{"rendered":"<p>Den Online-Abfuhrkalender der Abfallwirtschaftsbetriebe K\u00f6ln finden Sie hier. Sie m\u00fcssen lediglich Ihre Stra\u00dfe eintragen. Der B\u00fccherbus h\u00e4lt Freitags von 14:30 bis 16:00 Uhr in\u00a0Widdersdorf,\u00a0 Zum Dammfelde\/N\u00e4he Buchenweg<\/p>\n","protected":false},"author":635,"featured_media":0,"parent":1996,"menu_order":45,"comment_status":"closed","ping_status":"closed","template":"","meta":{"generate_page_header":"","footnotes":""},"class_list":["post-3767","page","type-page","status-publish"],"_links":{"self":[{"href":"https:\/\/unser-quartier.de\/koeln-widdersdorf\/wp-json\/wp\/v2\/pages\/3767","targetHints":{"allow":["GET"]}}],"collection":[{"href":"https:\/\/unser-quartier.de\/koeln-widdersdorf\/wp-json\/wp\/v2\/pages"}],"about":[{"href":"https:\/\/unser-quartier.de\/koeln-widdersdorf\/wp-json\/wp\/v2\/types\/page"}],"author":[{"embeddable":true,"href":"https:\/\/unser-quartier.de\/koeln-widdersdorf\/wp-json\/wp\/v2\/users\/635"}],"replies":[{"embeddable":true,"href":"https:\/\/unser-quartier.de\/koeln-widdersdorf\/wp-json\/wp\/v2\/comments?post=3767"}],"version-history":[{"count":0,"href":"https:\/\/unser-quartier.de\/koeln-widdersdorf\/wp-json\/wp\/v2\/pages\/3767\/revisions"}],"up":[{"embeddable":true,"href":"https:\/\/unser-quartier.de\/koeln-widdersdorf\/wp-json\/wp\/v2\/pages\/1996"}],"wp:attachment":[{"href":"https:\/\/unser-quartier.de\/koeln-widdersdorf\/wp-json\/wp\/v2\/media?parent=3767"}],"curies":[{"name":"wp","href":"https:\/\/api.w.org\/{rel}","templated":true}]}}