{"id":8639,"date":"2020-12-08T18:24:54","date_gmt":"2020-12-08T17:24:54","guid":{"rendered":"https:\/\/unser-quartier.de\/koeln-widdersdorf\/?page_id=8639"},"modified":"2021-04-07T10:03:57","modified_gmt":"2021-04-07T08:03:57","slug":"freizeitangebote","status":"publish","type":"page","link":"https:\/\/unser-quartier.de\/koeln-widdersdorf\/freizeitangebote\/","title":{"rendered":"Freizeitangebote"},"content":{"rendered":"<p>Den Lindenthaler <a href=\"https:\/\/www.lindenthaler-tierpark.de\/\" target=\"_blank\" rel=\"noopener nofollow external noreferrer\" data-wpel-link=\"external\" title=\"Externer Link: Tierpark\" class=\"ext-link wpel-icon-right\">Tierpark<span class=\"wpel-icon wpel-image wpel-icon-6\"><\/span><\/a> findet man im K\u00f6lner Stadtwald. Der Eintritt ist kostenfrei. Aktuelle Regelungen zu \u00d6ffnungszeiten und Einlass finden Sie auf der Homepage.<\/p>\n<p>Marcel-Proust-Promenade 1 (Ecke Kitschburger Stra\u00dfe)<br \/>\n50935 K\u00f6ln (Lindenthal)<br \/>\nTelefon: 0152 \u2013 54 54 88 51<\/p>\n<p><strong>ACHTUNG<br \/>\n<\/strong>Die Kitschburger Stra\u00dfe ist zwischen Freitags 18 Uhr und Sonntags 22 Uhr f\u00fcr den Autoverkehr gesperrt.<br \/>\nDaher kann der Parkplatz an der Kitschburger Stra\u00dfe zu diesen Zeiten nicht genutzt werden!<br \/>\n<strong>Coronabedingt ist die Kitschburger Stra\u00dfe zur Zeit dauerhaft geschlossen!<\/strong><\/p>\n<p><strong>Anreise per Bus und Bahn (KVB):<\/strong><br \/>\nNutzen Sie die Buslinie 136 und die Haltestellen \u201cKitschburger Stra\u00dfe\u201d oder \u201cBrahmsstra\u00dfe\u201d.<br \/>\nPer Stra\u00dfenbahnlinie 7 sollten sie die Haltestelle \u201cBrahmsstra\u00dfe\u201d nutzen.<\/p>\n<p>_________________________________________________________________________<\/p>\n<p>&nbsp;<\/p>\n<p>Themen rund um Familienleben, Ausfl\u00fcge in und um K\u00f6ln sowie Veranstaltungshinweise findet man im <a href=\"https:\/\/www.kaenguru-online.de\/themen\" target=\"_blank\" rel=\"noopener nofollow external noreferrer\" data-wpel-link=\"external\" title=\"Externer Link: K\u00e4nguru Stadtmagazin\" class=\"ext-link wpel-icon-right\">K\u00e4nguru Stadtmagazin<span class=\"wpel-icon wpel-image wpel-icon-6\"><\/span><\/a> .\u00a0<\/p>\n<p><img loading=\"lazy\" decoding=\"async\" class=\"alignnone size-medium wp-image-8792\" src=\"https:\/\/unser-quartier.de\/koeln-widdersdorf\/files\/2021\/04\/Bildschirmfoto-2021-04-07-um-09.41.54-300x102.png\" alt=\"\" width=\"300\" height=\"102\" srcset=\"https:\/\/unser-quartier.de\/koeln-widdersdorf\/files\/2021\/04\/Bildschirmfoto-2021-04-07-um-09.41.54-300x102.png 300w, https:\/\/unser-quartier.de\/koeln-widdersdorf\/files\/2021\/04\/Bildschirmfoto-2021-04-07-um-09.41.54-150x51.png 150w, https:\/\/unser-quartier.de\/koeln-widdersdorf\/files\/2021\/04\/Bildschirmfoto-2021-04-07-um-09.41.54.png 492w\" sizes=\"auto, (max-width: 300px) 100vw, 300px\" \/><\/p>\n<p>___________________________________________________________________<\/p>\n<p>&nbsp;<\/p>\n<p>Ein vielf\u00e4ltiges Sportangebot f\u00fcr junge und \u00e4ltere Menschen kann man beim\u00a0<a href=\"https:\/\/www.sv-loewi.de\/\" target=\"_blank\" rel=\"noopener nofollow external noreferrer\" data-wpel-link=\"external\" title=\"Externer Link: SV L\u00f6venich\/Widdersdorf\" class=\"ext-link wpel-icon-right\">SV L\u00f6venich\/Widdersdorf<span class=\"wpel-icon wpel-image wpel-icon-6\"><\/span><\/a> nutzen. Die L\u00f6Wi-Arena verf\u00fcgt \u00fcber einen gro\u00dfz\u00fcgigen Sportkomplex mit Kunstrasenpl\u00e4tzen, der in eine park\u00e4hnliche Landschaft eingebettet ist.\u00a0<\/p>\n<p><span style=\"font-size: 16px;\">Neue Sandkaul 21<\/span><\/p>\n<p>50859 K\u00f6ln-Widdersdorf<\/p>\n<div class=\"textwidget\">\n<p>Tel : +49 (221) 98740497<br \/>\nFax : +49 (221) 98740499<br \/>\nE-Mail :\u00a0<a href=\"mailto:verwaltung@sv-loewi.de\">verwaltung@sv-loewi.de<\/a><\/p>\n<p>&nbsp;<\/p>\n<\/div>\n<p><img loading=\"lazy\" decoding=\"async\" class=\"alignnone  wp-image-8794\" src=\"https:\/\/unser-quartier.de\/koeln-widdersdorf\/files\/2021\/04\/Bildschirmfoto-2021-04-07-um-09.50.13-300x74.png\" alt=\"\" width=\"478\" height=\"118\" srcset=\"https:\/\/unser-quartier.de\/koeln-widdersdorf\/files\/2021\/04\/Bildschirmfoto-2021-04-07-um-09.50.13-300x74.png 300w, https:\/\/unser-quartier.de\/koeln-widdersdorf\/files\/2021\/04\/Bildschirmfoto-2021-04-07-um-09.50.13-1024x253.png 1024w, https:\/\/unser-quartier.de\/koeln-widdersdorf\/files\/2021\/04\/Bildschirmfoto-2021-04-07-um-09.50.13-150x37.png 150w, https:\/\/unser-quartier.de\/koeln-widdersdorf\/files\/2021\/04\/Bildschirmfoto-2021-04-07-um-09.50.13-768x189.png 768w, https:\/\/unser-quartier.de\/koeln-widdersdorf\/files\/2021\/04\/Bildschirmfoto-2021-04-07-um-09.50.13.png 1200w\" sizes=\"auto, (max-width: 478px) 100vw, 478px\" \/><\/p>\n<p>_____________________________________________________________<\/p>\n<p>&nbsp;<\/p>\n<p>Auf dieser Seite <a href=\"https:\/\/www.stadt-koeln.de\/leben-in-koeln\/freizeit-natur-sport\/ferien-freizeit\/\" target=\"_blank\" rel=\"noopener nofollow external noreferrer\" data-wpel-link=\"external\" title=\"Externer Link: der Stadt K\u00f6ln\" class=\"ext-link wpel-icon-right\">der Stadt K\u00f6ln<span class=\"wpel-icon wpel-image wpel-icon-6\"><\/span><\/a> findet man viele Angebote und Ideen f\u00fcr die Ferien- und Freizeitgestaltung in und um K\u00f6ln<\/p>\n<p>______________________________________________________________<\/p>\n","protected":false},"excerpt":{"rendered":"<p>Den Lindenthaler Tierpark findet man im K\u00f6lner Stadtwald. Der Eintritt ist kostenfrei. Aktuelle Regelungen zu \u00d6ffnungszeiten und Einlass finden Sie auf der Homepage. Marcel-Proust-Promenade 1 (Ecke Kitschburger Stra\u00dfe) 50935 K\u00f6ln&hellip; <a class=\"continue\" href=\"https:\/\/unser-quartier.de\/koeln-widdersdorf\/freizeitangebote\/\" data-wpel-link=\"internal\"> \u00bb weiterlesen: <span> Freizeitangebote<\/span><\/a><\/p>\n","protected":false},"author":635,"featured_media":0,"parent":0,"menu_order":0,"comment_status":"closed","ping_status":"closed","template":"","meta":{"generate_page_header":"","footnotes":""},"class_list":["post-8639","page","type-page","status-publish"],"_links":{"self":[{"href":"https:\/\/unser-quartier.de\/koeln-widdersdorf\/wp-json\/wp\/v2\/pages\/8639","targetHints":{"allow":["GET"]}}],"collection":[{"href":"https:\/\/unser-quartier.de\/koeln-widdersdorf\/wp-json\/wp\/v2\/pages"}],"about":[{"href":"https:\/\/unser-quartier.de\/koeln-widdersdorf\/wp-json\/wp\/v2\/types\/page"}],"author":[{"embeddable":true,"href":"https:\/\/unser-quartier.de\/koeln-widdersdorf\/wp-json\/wp\/v2\/users\/635"}],"replies":[{"embeddable":true,"href":"https:\/\/unser-quartier.de\/koeln-widdersdorf\/wp-json\/wp\/v2\/comments?post=8639"}],"version-history":[{"count":0,"href":"https:\/\/unser-quartier.de\/koeln-widdersdorf\/wp-json\/wp\/v2\/pages\/8639\/revisions"}],"wp:attachment":[{"href":"https:\/\/unser-quartier.de\/koeln-widdersdorf\/wp-json\/wp\/v2\/media?parent=8639"}],"curies":[{"name":"wp","href":"https:\/\/api.w.org\/{rel}","templated":true}]}}