{"id":8641,"date":"2020-12-08T18:25:15","date_gmt":"2020-12-08T17:25:15","guid":{"rendered":"https:\/\/unser-quartier.de\/koeln-widdersdorf\/?page_id=8641"},"modified":"2021-04-07T11:14:25","modified_gmt":"2021-04-07T09:14:25","slug":"spiel-und-sportplaetze","status":"publish","type":"page","link":"https:\/\/unser-quartier.de\/koeln-widdersdorf\/spiel-und-sportplaetze\/","title":{"rendered":"Spiel- und Sportpl\u00e4tze"},"content":{"rendered":"<p>In Widdersdorf gibt es viele M\u00f6glichkeiten f\u00fcr gro\u00dfe und f\u00fcr kleine Kinder, sich zu bewegen und auszupowern, im Sand zu buddeln und Burgen zu bauen oder Kletterspinnen zu erklimmen.\u00a0<\/p>\n<p>Alle Spielpl\u00e4tze sind auf der Seite\u00a0<a href=\"https:\/\/www.stadt-koeln.de\/leben-in-koeln\/freizeit-natur-sport\/spielplaetze-koeln\" target=\"_blank\" rel=\"noopener nofollow external noreferrer\" data-wpel-link=\"external\" title=\"Externer Link: der Stadt K\u00f6ln\" class=\"ext-link wpel-icon-right\">der Stadt K\u00f6ln<span class=\"wpel-icon wpel-image wpel-icon-6\"><\/span><\/a> gelistet.\u00a0<\/p>\n<p>&nbsp;<\/p>\n<p><img loading=\"lazy\" decoding=\"async\" class=\"aligncenter wp-image-8797 size-full\" src=\"https:\/\/unser-quartier.de\/koeln-widdersdorf\/files\/2021\/04\/Bildschirmfoto-2021-04-07-um-10.04.20.png\" alt=\"\" width=\"1200\" height=\"706\" srcset=\"https:\/\/unser-quartier.de\/koeln-widdersdorf\/files\/2021\/04\/Bildschirmfoto-2021-04-07-um-10.04.20.png 1200w, https:\/\/unser-quartier.de\/koeln-widdersdorf\/files\/2021\/04\/Bildschirmfoto-2021-04-07-um-10.04.20-300x177.png 300w, https:\/\/unser-quartier.de\/koeln-widdersdorf\/files\/2021\/04\/Bildschirmfoto-2021-04-07-um-10.04.20-1024x602.png 1024w, https:\/\/unser-quartier.de\/koeln-widdersdorf\/files\/2021\/04\/Bildschirmfoto-2021-04-07-um-10.04.20-150x88.png 150w, https:\/\/unser-quartier.de\/koeln-widdersdorf\/files\/2021\/04\/Bildschirmfoto-2021-04-07-um-10.04.20-768x452.png 768w\" sizes=\"auto, (max-width: 1200px) 100vw, 1200px\" \/><\/p>\n<p>&nbsp;<\/p>\n<p><img loading=\"lazy\" decoding=\"async\" class=\"aligncenter wp-image-8798 size-large\" src=\"https:\/\/unser-quartier.de\/koeln-widdersdorf\/files\/2021\/04\/Bildschirmfoto-2021-04-07-um-10.07.14-955x1024.png\" alt=\"\" width=\"955\" height=\"1024\" srcset=\"https:\/\/unser-quartier.de\/koeln-widdersdorf\/files\/2021\/04\/Bildschirmfoto-2021-04-07-um-10.07.14-955x1024.png 955w, https:\/\/unser-quartier.de\/koeln-widdersdorf\/files\/2021\/04\/Bildschirmfoto-2021-04-07-um-10.07.14-300x322.png 300w, https:\/\/unser-quartier.de\/koeln-widdersdorf\/files\/2021\/04\/Bildschirmfoto-2021-04-07-um-10.07.14-150x161.png 150w, https:\/\/unser-quartier.de\/koeln-widdersdorf\/files\/2021\/04\/Bildschirmfoto-2021-04-07-um-10.07.14-768x824.png 768w, https:\/\/unser-quartier.de\/koeln-widdersdorf\/files\/2021\/04\/Bildschirmfoto-2021-04-07-um-10.07.14.png 1212w\" sizes=\"auto, (max-width: 955px) 100vw, 955px\" \/><\/p>\n<p>&nbsp;<\/p>\n","protected":false},"excerpt":{"rendered":"<p>In Widdersdorf gibt es viele M\u00f6glichkeiten f\u00fcr gro\u00dfe und f\u00fcr kleine Kinder, sich zu bewegen und auszupowern, im Sand zu buddeln und Burgen zu bauen oder Kletterspinnen zu erklimmen.\u00a0 Alle&hellip; <a class=\"continue\" href=\"https:\/\/unser-quartier.de\/koeln-widdersdorf\/spiel-und-sportplaetze\/\" data-wpel-link=\"internal\"> \u00bb weiterlesen: <span> Spiel- und Sportpl\u00e4tze<\/span><\/a><\/p>\n","protected":false},"author":635,"featured_media":0,"parent":0,"menu_order":0,"comment_status":"closed","ping_status":"closed","template":"","meta":{"generate_page_header":"","footnotes":""},"class_list":["post-8641","page","type-page","status-publish"],"_links":{"self":[{"href":"https:\/\/unser-quartier.de\/koeln-widdersdorf\/wp-json\/wp\/v2\/pages\/8641","targetHints":{"allow":["GET"]}}],"collection":[{"href":"https:\/\/unser-quartier.de\/koeln-widdersdorf\/wp-json\/wp\/v2\/pages"}],"about":[{"href":"https:\/\/unser-quartier.de\/koeln-widdersdorf\/wp-json\/wp\/v2\/types\/page"}],"author":[{"embeddable":true,"href":"https:\/\/unser-quartier.de\/koeln-widdersdorf\/wp-json\/wp\/v2\/users\/635"}],"replies":[{"embeddable":true,"href":"https:\/\/unser-quartier.de\/koeln-widdersdorf\/wp-json\/wp\/v2\/comments?post=8641"}],"version-history":[{"count":0,"href":"https:\/\/unser-quartier.de\/koeln-widdersdorf\/wp-json\/wp\/v2\/pages\/8641\/revisions"}],"wp:attachment":[{"href":"https:\/\/unser-quartier.de\/koeln-widdersdorf\/wp-json\/wp\/v2\/media?parent=8641"}],"curies":[{"name":"wp","href":"https:\/\/api.w.org\/{rel}","templated":true}]}}