{"id":14,"date":"2014-01-22T08:47:35","date_gmt":"2014-01-22T07:47:35","guid":{"rendered":"http:\/\/unser-quartier.de\/machmit55plus\/?page_id=14"},"modified":"2016-04-11T15:37:10","modified_gmt":"2016-04-11T13:37:10","slug":"kontakt","status":"publish","type":"page","link":"https:\/\/unser-quartier.de\/machmit55plus\/kontakt\/","title":{"rendered":"Kontakt"},"content":{"rendered":"<p>F\u00fcr Informationen rund um <strong>&#8222;Mach mit! 55 plus&#8220; wenden Sie sich bitte an:\u00a0Pastorin Brigitte Janssens, Telefon: 05225-9994 oder an das Gemeindeb\u00fcro, Telefon: 05225-859290, \u00d6ffnungszeiten: Mo., Mi., Fr. 09.00 \u2013 12.00 Uhr und Mo. und Do. 15.00 \u2013 18.00 Uhr.<\/strong><\/p>\n<p>F\u00fcr R\u00fcckfragen und Anregungen rund um diese Website stehe ich zur Verf\u00fcgung: Klaus Lobe, Stadttteilzentrum B\u00f6ckmanns Laden in Herford. Erreichbar unter: Telefon: 05221-56034 oder per Mail E-Mail: <a title=\"Mach mit! 55plus anmailen\" href=\"mailto:machmit55plus@web.de\" target=\"_blank\">machmit55plus@web.de\u00a0<\/a><\/p>\n","protected":false},"excerpt":{"rendered":"<p>F\u00fcr Informationen rund um &#8222;Mach mit! 55 plus&#8220; wenden Sie sich bitte an:\u00a0Pastorin Brigitte Janssens, Telefon: 05225-9994 oder an das Gemeindeb\u00fcro, Telefon: 05225-859290, \u00d6ffnungszeiten: Mo., Mi., Fr. 09.00 \u2013 12.00 Uhr und Mo. und Do. 15.00 \u2013 18.00 Uhr. F\u00fcr R\u00fcckfragen und Anregungen rund um diese Website stehe ich zur Verf\u00fcgung: Klaus Lobe, Stadttteilzentrum B\u00f6ckmanns &hellip; <a href=\"https:\/\/unser-quartier.de\/machmit55plus\/kontakt\/\" class=\"more-link\"><span class=\"screen-reader-text\">Kontakt<\/span> weiterlesen <span class=\"meta-nav\">&rarr;<\/span><\/a><\/p>\n","protected":false},"author":24,"featured_media":0,"parent":0,"menu_order":6,"comment_status":"closed","ping_status":"closed","template":"","meta":{"footnotes":""},"class_list":["post-14","page","type-page","status-publish","hentry"],"_links":{"self":[{"href":"https:\/\/unser-quartier.de\/machmit55plus\/wp-json\/wp\/v2\/pages\/14","targetHints":{"allow":["GET"]}}],"collection":[{"href":"https:\/\/unser-quartier.de\/machmit55plus\/wp-json\/wp\/v2\/pages"}],"about":[{"href":"https:\/\/unser-quartier.de\/machmit55plus\/wp-json\/wp\/v2\/types\/page"}],"author":[{"embeddable":true,"href":"https:\/\/unser-quartier.de\/machmit55plus\/wp-json\/wp\/v2\/users\/24"}],"replies":[{"embeddable":true,"href":"https:\/\/unser-quartier.de\/machmit55plus\/wp-json\/wp\/v2\/comments?post=14"}],"version-history":[{"count":0,"href":"https:\/\/unser-quartier.de\/machmit55plus\/wp-json\/wp\/v2\/pages\/14\/revisions"}],"wp:attachment":[{"href":"https:\/\/unser-quartier.de\/machmit55plus\/wp-json\/wp\/v2\/media?parent=14"}],"curies":[{"name":"wp","href":"https:\/\/api.w.org\/{rel}","templated":true}]}}