{"id":2,"date":"2014-01-22T07:22:37","date_gmt":"2014-01-22T07:22:37","guid":{"rendered":"http:\/\/unser-quartier.de\/machmit55plus\/?page_id=2"},"modified":"2018-09-10T16:50:45","modified_gmt":"2018-09-10T14:50:45","slug":"home","status":"publish","type":"page","link":"https:\/\/unser-quartier.de\/machmit55plus\/","title":{"rendered":"Mach mit ! 55 plus"},"content":{"rendered":"<h1>f\u00fcr dich &#8211; mit anderen &#8211; f\u00fcr andere<\/h1>\n<ul>\n<li>Haben Sie Lust auf neue Begegnungen oder m\u00f6chten Sie etwas Neues anfangen?<\/li>\n<li>M\u00f6chten Sie im neuen Jahr neue Freir\u00e4ume entdecken oder oder einem neuen Interesse, mit dem Sie schon immer gelieb\u00e4ugelt haben nachgehen?<\/li>\n<li>M\u00f6chten Sie dies vielleicht mit anderen zusammen tun?<\/li>\n<\/ul>\n<p>Dann machen Sie mit!<\/p>\n<p>Seit Ende Februar 2015 haben sich Gruppen zusammengeschlossen und miteinander auf den Weg gemacht. Die Gruppen sind auf dieser Startseite gleich zweimal aufgelistet:<\/p>\n<p>Auf der linken Seite, in der gr\u00fcn unterlegten Leiste, erh\u00e4lt man eine grundlegende Beschreibung der Gruppen: Was macht die Gruppe, wann und wo trifft sie sich und wer kann weitere Ausk\u00fcnfte geben. Die Angaben zu den Kontaktpersonen werden zurzeit erneuert, so dass im Moment nur die allgemeinen Auskunftsstellen zur Verf\u00fcgung stehen.<\/p>\n<p>In der rechten Seitenleiste gibt es die aktuellen Neuigkeiten aus den Gruppen. Manche Gruppen, wie die Doppelkopfspieler, die geduldig und beharrlich ihr komplexes Spiel \u00fcben, produzieren wenig Nachrichten. Andere, wie die Ausfl\u00fcgler, die immer wieder neue Zeiten und Orte f\u00fcr ihre Treffen haben, sind \u00f6fter dabei.<\/p>\n<p style=\"text-align: left\">Bei R\u00fcckfragen wenden Sie sich bitte an: das Gemeindeb\u00fcro, Telefon: 05225-859290, \u00d6ffnungszeiten: Mo., Mi. und Fr. 09.00 &#8211; 12.00 Uhr sowie Mo. und Do. 15.00 &#8211; 18.00 Uhr. Oder an Klaus Lobe im Stadtteilzentrum B\u00f6ckmanns Laden des Diakonischen Werkes in Herford, Telefon: 05221-56034.<\/p>\n","protected":false},"excerpt":{"rendered":"<p>f\u00fcr dich &#8211; mit anderen &#8211; f\u00fcr andere Haben Sie Lust auf neue Begegnungen oder m\u00f6chten Sie etwas Neues anfangen? M\u00f6chten Sie im neuen Jahr neue Freir\u00e4ume entdecken oder oder einem neuen Interesse, mit dem Sie schon immer gelieb\u00e4ugelt haben nachgehen? M\u00f6chten Sie dies vielleicht mit anderen zusammen tun? Dann machen Sie mit! Seit Ende &hellip; <a href=\"https:\/\/unser-quartier.de\/machmit55plus\/\" class=\"more-link\"><span class=\"screen-reader-text\">Mach mit ! 55 plus<\/span> weiterlesen <span class=\"meta-nav\">&rarr;<\/span><\/a><\/p>\n","protected":false},"author":24,"featured_media":0,"parent":0,"menu_order":1,"comment_status":"closed","ping_status":"open","template":"","meta":{"footnotes":""},"class_list":["post-2","page","type-page","status-publish","hentry"],"_links":{"self":[{"href":"https:\/\/unser-quartier.de\/machmit55plus\/wp-json\/wp\/v2\/pages\/2","targetHints":{"allow":["GET"]}}],"collection":[{"href":"https:\/\/unser-quartier.de\/machmit55plus\/wp-json\/wp\/v2\/pages"}],"about":[{"href":"https:\/\/unser-quartier.de\/machmit55plus\/wp-json\/wp\/v2\/types\/page"}],"author":[{"embeddable":true,"href":"https:\/\/unser-quartier.de\/machmit55plus\/wp-json\/wp\/v2\/users\/24"}],"replies":[{"embeddable":true,"href":"https:\/\/unser-quartier.de\/machmit55plus\/wp-json\/wp\/v2\/comments?post=2"}],"version-history":[{"count":0,"href":"https:\/\/unser-quartier.de\/machmit55plus\/wp-json\/wp\/v2\/pages\/2\/revisions"}],"wp:attachment":[{"href":"https:\/\/unser-quartier.de\/machmit55plus\/wp-json\/wp\/v2\/media?parent=2"}],"curies":[{"name":"wp","href":"https:\/\/api.w.org\/{rel}","templated":true}]}}