{"id":236,"date":"2015-05-20T22:59:04","date_gmt":"2015-05-20T20:59:04","guid":{"rendered":"http:\/\/unser-quartier.de\/machmit55plus\/?page_id=236"},"modified":"2018-09-05T12:15:22","modified_gmt":"2018-09-05T10:15:22","slug":"kochgruppe","status":"publish","type":"page","link":"https:\/\/unser-quartier.de\/machmit55plus\/kochgruppe\/","title":{"rendered":"Kochgruppe"},"content":{"rendered":"<p>Die Kochgruppe will miteinander kochen und essen. Eine erste Idee f\u00fcr einen Interessensschwerpunkt geht in Richtung bodenst\u00e4ndige, traditionelle Gerichte, z.B. auch mit kaum noch verwendeten Gem\u00fcsesorten, wie Pastinaken.<\/p>\n<p>Die Gruppe trifft sich regelm\u00e4\u00dfig am 2. Donnerstag des Monats um 18:00 Uhr in der Teestube im Gemeindehaus in Spenge.<\/p>\n<p>Aktuelles zur Kochgruppe findet man weiterhin unter diesem <a href=\"https:\/\/unser-quartier.de\/machmit55plus\/category\/kochgruppe\/\">Link<\/a><\/p>\n","protected":false},"excerpt":{"rendered":"<p>Die Kochgruppe will miteinander kochen und essen. Eine erste Idee f\u00fcr einen Interessensschwerpunkt geht in Richtung bodenst\u00e4ndige, traditionelle Gerichte, z.B. auch mit kaum noch verwendeten Gem\u00fcsesorten, wie Pastinaken. Die Gruppe trifft sich regelm\u00e4\u00dfig am 2. Donnerstag des Monats um 18:00 Uhr in der Teestube im Gemeindehaus in Spenge. Aktuelles zur Kochgruppe findet man weiterhin unter &hellip; <a href=\"https:\/\/unser-quartier.de\/machmit55plus\/kochgruppe\/\" class=\"more-link\"><span class=\"screen-reader-text\">Kochgruppe<\/span> weiterlesen <span class=\"meta-nav\">&rarr;<\/span><\/a><\/p>\n","protected":false},"author":24,"featured_media":0,"parent":0,"menu_order":0,"comment_status":"closed","ping_status":"closed","template":"","meta":{"footnotes":""},"class_list":["post-236","page","type-page","status-publish","hentry"],"_links":{"self":[{"href":"https:\/\/unser-quartier.de\/machmit55plus\/wp-json\/wp\/v2\/pages\/236","targetHints":{"allow":["GET"]}}],"collection":[{"href":"https:\/\/unser-quartier.de\/machmit55plus\/wp-json\/wp\/v2\/pages"}],"about":[{"href":"https:\/\/unser-quartier.de\/machmit55plus\/wp-json\/wp\/v2\/types\/page"}],"author":[{"embeddable":true,"href":"https:\/\/unser-quartier.de\/machmit55plus\/wp-json\/wp\/v2\/users\/24"}],"replies":[{"embeddable":true,"href":"https:\/\/unser-quartier.de\/machmit55plus\/wp-json\/wp\/v2\/comments?post=236"}],"version-history":[{"count":0,"href":"https:\/\/unser-quartier.de\/machmit55plus\/wp-json\/wp\/v2\/pages\/236\/revisions"}],"wp:attachment":[{"href":"https:\/\/unser-quartier.de\/machmit55plus\/wp-json\/wp\/v2\/media?parent=236"}],"curies":[{"name":"wp","href":"https:\/\/api.w.org\/{rel}","templated":true}]}}