{"id":255,"date":"2015-05-20T23:16:46","date_gmt":"2015-05-20T21:16:46","guid":{"rendered":"http:\/\/unser-quartier.de\/machmit55plus\/?page_id=255"},"modified":"2018-09-05T14:30:07","modified_gmt":"2018-09-05T12:30:07","slug":"spiele","status":"publish","type":"page","link":"https:\/\/unser-quartier.de\/machmit55plus\/spiele\/","title":{"rendered":"Spiele"},"content":{"rendered":"<p><strong>S<\/strong><strong>piele<\/strong><\/p>\n<p>Die Spielegruppe spielt zurzeit nur Doppelkopf. Das gibt allen die M\u00f6glichkeit, Spielregeln und Spielstrategie zu lernen. Die Gruppe ist aber auch f\u00fcr neue Interessierte offen, die etwas anderes spielen m\u00f6chten.<\/p>\n<p>Die Gruppe trifft sich jeden Mittwoch ab 17.00 Uhr im Gemeindehaus in Spenge an der Langen Stra\u00dfe.<\/p>\n<p>Aktuelles zur Spielegruppe findet man weiterhin unter diesem <a href=\"https:\/\/unser-quartier.de\/machmit55plus\/category\/spiele\/\">Link<\/a>.<\/p>\n","protected":false},"excerpt":{"rendered":"<p>Spiele Die Spielegruppe spielt zurzeit nur Doppelkopf. Das gibt allen die M\u00f6glichkeit, Spielregeln und Spielstrategie zu lernen. Die Gruppe ist aber auch f\u00fcr neue Interessierte offen, die etwas anderes spielen m\u00f6chten. Die Gruppe trifft sich jeden Mittwoch ab 17.00 Uhr im Gemeindehaus in Spenge an der Langen Stra\u00dfe. Aktuelles zur Spielegruppe findet man weiterhin unter &hellip; <a href=\"https:\/\/unser-quartier.de\/machmit55plus\/spiele\/\" class=\"more-link\"><span class=\"screen-reader-text\">Spiele<\/span> weiterlesen <span class=\"meta-nav\">&rarr;<\/span><\/a><\/p>\n","protected":false},"author":24,"featured_media":0,"parent":0,"menu_order":0,"comment_status":"closed","ping_status":"closed","template":"","meta":{"footnotes":""},"class_list":["post-255","page","type-page","status-publish","hentry"],"_links":{"self":[{"href":"https:\/\/unser-quartier.de\/machmit55plus\/wp-json\/wp\/v2\/pages\/255","targetHints":{"allow":["GET"]}}],"collection":[{"href":"https:\/\/unser-quartier.de\/machmit55plus\/wp-json\/wp\/v2\/pages"}],"about":[{"href":"https:\/\/unser-quartier.de\/machmit55plus\/wp-json\/wp\/v2\/types\/page"}],"author":[{"embeddable":true,"href":"https:\/\/unser-quartier.de\/machmit55plus\/wp-json\/wp\/v2\/users\/24"}],"replies":[{"embeddable":true,"href":"https:\/\/unser-quartier.de\/machmit55plus\/wp-json\/wp\/v2\/comments?post=255"}],"version-history":[{"count":0,"href":"https:\/\/unser-quartier.de\/machmit55plus\/wp-json\/wp\/v2\/pages\/255\/revisions"}],"wp:attachment":[{"href":"https:\/\/unser-quartier.de\/machmit55plus\/wp-json\/wp\/v2\/media?parent=255"}],"curies":[{"name":"wp","href":"https:\/\/api.w.org\/{rel}","templated":true}]}}