{"id":264,"date":"2015-05-20T23:26:05","date_gmt":"2015-05-20T21:26:05","guid":{"rendered":"http:\/\/unser-quartier.de\/machmit55plus\/?page_id=264"},"modified":"2018-09-05T12:14:18","modified_gmt":"2018-09-05T10:14:18","slug":"ausfluege-und-reisen","status":"publish","type":"page","link":"https:\/\/unser-quartier.de\/machmit55plus\/ausfluege-und-reisen\/","title":{"rendered":"Ausfl\u00fcge und Reisen"},"content":{"rendered":"<p>Bei der Gruppe f\u00fcr Reisen und Ausfl\u00fcge gibt es eine bunte Mischung aus gr\u00f6\u00dferen und kleineren Unternehmungen. Bei den weiteren Fahrten werden in n\u00e4chster Zeit Ziele angesteuert, die sich per Bahn mit Niedersachsenticket oder NRW-Sch\u00f6ner-Tag-Ticket erreichen lassen. Das ist unabh\u00e4ngig von der Teilnehmerzahl ab B\u00fcnde preisg\u00fcnstig machbar. F\u00fcr diese Ausfl\u00fcge wird um eine Anmeldung gebeten.<\/p>\n<p>Die kleinen Ausfl\u00fcge f\u00fchren in Caf\u00e9s in der n\u00e4heren Umgebung. Da werden bei Kaffee und mehr die Ideen und Termine f\u00fcr die n\u00e4chsten Unternehmungen zusammengetragen.<\/p>\n<p>Aktuelles zu Ausfl\u00fcgen und Reisen findet man weiterhin unter diesem <a href=\"https:\/\/unser-quartier.de\/machmit55plus\/category\/reisen\/\">Link<\/a>.<\/p>\n","protected":false},"excerpt":{"rendered":"<p>Bei der Gruppe f\u00fcr Reisen und Ausfl\u00fcge gibt es eine bunte Mischung aus gr\u00f6\u00dferen und kleineren Unternehmungen. Bei den weiteren Fahrten werden in n\u00e4chster Zeit Ziele angesteuert, die sich per Bahn mit Niedersachsenticket oder NRW-Sch\u00f6ner-Tag-Ticket erreichen lassen. Das ist unabh\u00e4ngig von der Teilnehmerzahl ab B\u00fcnde preisg\u00fcnstig machbar. F\u00fcr diese Ausfl\u00fcge wird um eine Anmeldung gebeten. &hellip; <a href=\"https:\/\/unser-quartier.de\/machmit55plus\/ausfluege-und-reisen\/\" class=\"more-link\"><span class=\"screen-reader-text\">Ausfl\u00fcge und Reisen<\/span> weiterlesen <span class=\"meta-nav\">&rarr;<\/span><\/a><\/p>\n","protected":false},"author":24,"featured_media":0,"parent":0,"menu_order":0,"comment_status":"closed","ping_status":"closed","template":"","meta":{"footnotes":""},"class_list":["post-264","page","type-page","status-publish","hentry"],"_links":{"self":[{"href":"https:\/\/unser-quartier.de\/machmit55plus\/wp-json\/wp\/v2\/pages\/264","targetHints":{"allow":["GET"]}}],"collection":[{"href":"https:\/\/unser-quartier.de\/machmit55plus\/wp-json\/wp\/v2\/pages"}],"about":[{"href":"https:\/\/unser-quartier.de\/machmit55plus\/wp-json\/wp\/v2\/types\/page"}],"author":[{"embeddable":true,"href":"https:\/\/unser-quartier.de\/machmit55plus\/wp-json\/wp\/v2\/users\/24"}],"replies":[{"embeddable":true,"href":"https:\/\/unser-quartier.de\/machmit55plus\/wp-json\/wp\/v2\/comments?post=264"}],"version-history":[{"count":0,"href":"https:\/\/unser-quartier.de\/machmit55plus\/wp-json\/wp\/v2\/pages\/264\/revisions"}],"wp:attachment":[{"href":"https:\/\/unser-quartier.de\/machmit55plus\/wp-json\/wp\/v2\/media?parent=264"}],"curies":[{"name":"wp","href":"https:\/\/api.w.org\/{rel}","templated":true}]}}