{"id":447,"date":"2015-11-08T23:17:54","date_gmt":"2015-11-08T22:17:54","guid":{"rendered":"http:\/\/unser-quartier.de\/machmit55plus\/?page_id=447"},"modified":"2018-09-05T12:19:22","modified_gmt":"2018-09-05T10:19:22","slug":"tanzen-froehlicher-tanzkreis-in-mantershagen","status":"publish","type":"page","link":"https:\/\/unser-quartier.de\/machmit55plus\/tanzen-froehlicher-tanzkreis-in-mantershagen\/","title":{"rendered":"Tanzen: Fr\u00f6hlicher Tanzkreis in Mantershagen"},"content":{"rendered":"<p>Der \u201eFr\u00f6hliche Tanzkreis\u201c hat ein vielf\u00e4ltiges Repertoire. In der Gruppe werden Kreis-, Paar-, Square-, Kontra-, Block- und Roundt\u00e4nze zu internationaler Musik getanzt. Die Devise ist: Bewegung nach Musik, Freude und Spa\u00df am Tanz und Kommunikation und Geselligkeit.<\/p>\n<p>Ein Partner oder Vorerfahrung sind f\u00fcr die Teilnahme nicht erforderlich. Die Tanzschritte werden immer angesagt.<\/p>\n<p>Die Gruppe trifft sich alle 14 Tage montags von 14.30 Uhr bis 16.00 Uhr im Gemeindehaus Mantershagen.<\/p>\n<p>&nbsp;<\/p>\n","protected":false},"excerpt":{"rendered":"<p>Der \u201eFr\u00f6hliche Tanzkreis\u201c hat ein vielf\u00e4ltiges Repertoire. In der Gruppe werden Kreis-, Paar-, Square-, Kontra-, Block- und Roundt\u00e4nze zu internationaler Musik getanzt. Die Devise ist: Bewegung nach Musik, Freude und Spa\u00df am Tanz und Kommunikation und Geselligkeit. Ein Partner oder Vorerfahrung sind f\u00fcr die Teilnahme nicht erforderlich. Die Tanzschritte werden immer angesagt. Die Gruppe trifft &hellip; <a href=\"https:\/\/unser-quartier.de\/machmit55plus\/tanzen-froehlicher-tanzkreis-in-mantershagen\/\" class=\"more-link\"><span class=\"screen-reader-text\">Tanzen: Fr\u00f6hlicher Tanzkreis in Mantershagen<\/span> weiterlesen <span class=\"meta-nav\">&rarr;<\/span><\/a><\/p>\n","protected":false},"author":24,"featured_media":0,"parent":0,"menu_order":0,"comment_status":"closed","ping_status":"closed","template":"","meta":{"footnotes":""},"class_list":["post-447","page","type-page","status-publish","hentry"],"_links":{"self":[{"href":"https:\/\/unser-quartier.de\/machmit55plus\/wp-json\/wp\/v2\/pages\/447","targetHints":{"allow":["GET"]}}],"collection":[{"href":"https:\/\/unser-quartier.de\/machmit55plus\/wp-json\/wp\/v2\/pages"}],"about":[{"href":"https:\/\/unser-quartier.de\/machmit55plus\/wp-json\/wp\/v2\/types\/page"}],"author":[{"embeddable":true,"href":"https:\/\/unser-quartier.de\/machmit55plus\/wp-json\/wp\/v2\/users\/24"}],"replies":[{"embeddable":true,"href":"https:\/\/unser-quartier.de\/machmit55plus\/wp-json\/wp\/v2\/comments?post=447"}],"version-history":[{"count":0,"href":"https:\/\/unser-quartier.de\/machmit55plus\/wp-json\/wp\/v2\/pages\/447\/revisions"}],"wp:attachment":[{"href":"https:\/\/unser-quartier.de\/machmit55plus\/wp-json\/wp\/v2\/media?parent=447"}],"curies":[{"name":"wp","href":"https:\/\/api.w.org\/{rel}","templated":true}]}}