{"id":622,"date":"2016-02-29T17:28:28","date_gmt":"2016-02-29T16:28:28","guid":{"rendered":"http:\/\/unser-quartier.de\/machmit55plus\/?page_id=622"},"modified":"2016-03-14T23:54:10","modified_gmt":"2016-03-14T22:54:10","slug":"computerecke","status":"publish","type":"page","link":"https:\/\/unser-quartier.de\/machmit55plus\/computerecke\/","title":{"rendered":"Computerecke"},"content":{"rendered":"<p>Seit dem Gesamttreffen im November steht das Thema &#8222;Computer und Internet&#8220; im Raum. Daf\u00fcr m\u00fcssen wir noch eine Form finden.<\/p>\n<p>F\u00fcr die Zukunft wurden folgende W\u00fcnsche ge\u00e4u\u00dfert:<\/p>\n<ul>\n<li>\u00dcberblick, was kann man alles mit dem Smartphone tun?<\/li>\n<li>Karten und Einladungen gestalten<\/li>\n<li>ebay-Kleinanzeige mit Bild erstellen<\/li>\n<li>Bild vom Handy (Huawei) in den PC \u00fcbertragen<\/li>\n<li>Infos zu Windows 10<\/li>\n<\/ul>\n<p>Ein Problem ist \u00a0im Moment noch der Internetzugang. In Spenge wird die Verbindung \u00a0vom Kirchenkreis gestellt. Da werden ganz viele pers\u00f6nliche Daten der Gemeindeglieder durchgeschickt. Daher wird besonders intensiv gepr\u00fcft, ob der Datenschutz gew\u00e4hrleistet werden kann. Die Experten scheuen das Restrisiko.<\/p>\n<p>Aber wir \u00fcberlegen, ob es nicht in Lenzinghausen funktionieren kann. Wir bleiben dran!<\/p>\n<p>&nbsp;<\/p>\n","protected":false},"excerpt":{"rendered":"<p>Seit dem Gesamttreffen im November steht das Thema &#8222;Computer und Internet&#8220; im Raum. Daf\u00fcr m\u00fcssen wir noch eine Form finden. F\u00fcr die Zukunft wurden folgende W\u00fcnsche ge\u00e4u\u00dfert: \u00dcberblick, was kann man alles mit dem Smartphone tun? Karten und Einladungen gestalten ebay-Kleinanzeige mit Bild erstellen Bild vom Handy (Huawei) in den PC \u00fcbertragen Infos zu Windows &hellip; <a href=\"https:\/\/unser-quartier.de\/machmit55plus\/computerecke\/\" class=\"more-link\"><span class=\"screen-reader-text\">Computerecke<\/span> weiterlesen <span class=\"meta-nav\">&rarr;<\/span><\/a><\/p>\n","protected":false},"author":24,"featured_media":0,"parent":0,"menu_order":0,"comment_status":"closed","ping_status":"closed","template":"","meta":{"footnotes":""},"class_list":["post-622","page","type-page","status-publish","hentry"],"_links":{"self":[{"href":"https:\/\/unser-quartier.de\/machmit55plus\/wp-json\/wp\/v2\/pages\/622","targetHints":{"allow":["GET"]}}],"collection":[{"href":"https:\/\/unser-quartier.de\/machmit55plus\/wp-json\/wp\/v2\/pages"}],"about":[{"href":"https:\/\/unser-quartier.de\/machmit55plus\/wp-json\/wp\/v2\/types\/page"}],"author":[{"embeddable":true,"href":"https:\/\/unser-quartier.de\/machmit55plus\/wp-json\/wp\/v2\/users\/24"}],"replies":[{"embeddable":true,"href":"https:\/\/unser-quartier.de\/machmit55plus\/wp-json\/wp\/v2\/comments?post=622"}],"version-history":[{"count":0,"href":"https:\/\/unser-quartier.de\/machmit55plus\/wp-json\/wp\/v2\/pages\/622\/revisions"}],"wp:attachment":[{"href":"https:\/\/unser-quartier.de\/machmit55plus\/wp-json\/wp\/v2\/media?parent=622"}],"curies":[{"name":"wp","href":"https:\/\/api.w.org\/{rel}","templated":true}]}}