{"id":14,"date":"2014-01-22T08:47:35","date_gmt":"2014-01-22T07:47:35","guid":{"rendered":"http:\/\/unser-quartier.de\/tmp-musterblog3\/?page_id=14"},"modified":"2022-01-06T10:12:09","modified_gmt":"2022-01-06T09:12:09","slug":"kontakt","status":"publish","type":"page","link":"https:\/\/unser-quartier.de\/neustart-innenstadt\/kontakt\/","title":{"rendered":"Briefkasten"},"content":{"rendered":"<p>Wir freuen uns \u00fcber Ihre Anregungen, R\u00fcckmeldungen und Ideen \u2013 nehmen Sie Kontakt zu uns auf und schreiben Sie uns einfach eine Nachricht!<\/p>\n<p>Sie erreichen uns im Projektb\u00fcro NEUSTART INNENSTADT auf der Ewaldstra\u00dfe 15<\/p>\n<ul>\n<li>montags, mittwochs und donnerstags von 9\u201316 Uhr<\/li>\n<li>dienstags von 9\u201314 Uhr<\/li>\n<li>freitags und au\u00dferhalb der \u00d6ffnungszeiten nach Vereinbarung.<\/li>\n<\/ul>\n<p>Sie k\u00f6nnen uns auch anrufen unter 02366\/9 36 06 20 oder uns per E-Mail unter <a href=\"mailto:innenstadtbuero@innenstadt-herten.de\">innenstadtbuero@innenstadt-herten.de<\/a> erreichen. Oder Sie nutzen das folgende Formular &#8230;<\/p>\n<p>[contact-form][contact-field label=&#8217;Vor- und Nachname&#8216; type=&#8217;name&#8216; required=&#8217;1&#8217;\/][contact-field label=&#8217;E-Mail&#8216; type=&#8217;email&#8216; required=&#8217;1&#8217;\/][contact-field label=&#8217;Website&#8216; type=&#8217;url&#8217;\/][contact-field label=&#8217;Nachricht an die Redaktion&#8216; type=&#8217;textarea&#8216; required=&#8217;1&#8217;\/][\/contact-form]<\/p>\n","protected":false},"excerpt":{"rendered":"<p>Wir freuen uns \u00fcber Ihre Anregungen, R\u00fcckmeldungen und Ideen \u2013 nehmen Sie Kontakt zu uns auf und schreiben Sie uns einfach eine Nachricht! Sie erreichen uns im Projektb\u00fcro NEUSTART INNENSTADT auf der Ewaldstra\u00dfe 15 montags, mittwochs und donnerstags von 9\u201316 Uhr dienstags von 9\u201314 Uhr freitags und au\u00dferhalb der \u00d6ffnungszeiten nach Vereinbarung. Sie k\u00f6nnen uns&hellip; <a class=\"continue\" href=\"https:\/\/unser-quartier.de\/neustart-innenstadt\/kontakt\/\" data-wpel-link=\"internal\"> \u00bb weiterlesen: <span> Briefkasten<\/span><\/a><\/p>\n","protected":false},"author":616,"featured_media":0,"parent":0,"menu_order":9,"comment_status":"closed","ping_status":"closed","template":"","meta":{"generate_page_header":"","footnotes":""},"class_list":["post-14","page","type-page","status-publish"],"_links":{"self":[{"href":"https:\/\/unser-quartier.de\/neustart-innenstadt\/wp-json\/wp\/v2\/pages\/14","targetHints":{"allow":["GET"]}}],"collection":[{"href":"https:\/\/unser-quartier.de\/neustart-innenstadt\/wp-json\/wp\/v2\/pages"}],"about":[{"href":"https:\/\/unser-quartier.de\/neustart-innenstadt\/wp-json\/wp\/v2\/types\/page"}],"author":[{"embeddable":true,"href":"https:\/\/unser-quartier.de\/neustart-innenstadt\/wp-json\/wp\/v2\/users\/616"}],"replies":[{"embeddable":true,"href":"https:\/\/unser-quartier.de\/neustart-innenstadt\/wp-json\/wp\/v2\/comments?post=14"}],"version-history":[{"count":0,"href":"https:\/\/unser-quartier.de\/neustart-innenstadt\/wp-json\/wp\/v2\/pages\/14\/revisions"}],"wp:attachment":[{"href":"https:\/\/unser-quartier.de\/neustart-innenstadt\/wp-json\/wp\/v2\/media?parent=14"}],"curies":[{"name":"wp","href":"https:\/\/api.w.org\/{rel}","templated":true}]}}