{"id":18,"date":"2014-01-22T08:48:18","date_gmt":"2014-01-22T07:48:18","guid":{"rendered":"http:\/\/unser-quartier.de\/tmp-musterblog3\/?page_id=18"},"modified":"2024-06-20T10:20:17","modified_gmt":"2024-06-20T08:20:17","slug":"ueber-uns-das-team-vom-projektbuero-neustart-innenstadt","status":"publish","type":"page","link":"https:\/\/unser-quartier.de\/neustart-innenstadt\/ueber-uns-das-team-vom-projektbuero-neustart-innenstadt\/","title":{"rendered":"\u00dcber uns"},"content":{"rendered":"<p>Herten soll wieder so richtig sch\u00f6n werden \u2013 und daf\u00fcr geben wir t\u00e4glich unser Bestes. Wir, das ist das Team vom Projektb\u00fcro NEUSTART INNENSTADT auf der Ewaldstra\u00dfe 15. Um die Stadt Herten beim Umsetzen der verschiedenen Ma\u00dfnahmen zur St\u00e4rkung der Innenstadt zu unterst\u00fctzen, setzt sich unser Team aus 3 Teilen zusammen:\u00a0<\/p>\n<ol>\n<li>Innenstadtmanagement<\/li>\n<li>Nutzungsmanagement<\/li>\n<li>Architekturteam<\/li>\n<\/ol>\n<p>Das <strong>Innenstadtmanagement<\/strong> koordiniert die baulichen Projekte, organisiert B\u00fcrgerbeteiligungen und ist allgemein f\u00fcrs Gesamtprojekt zust\u00e4ndig. Dar\u00fcber hinaus ist es auch Ansprechpartner f\u00fcr den Aktionsfonds, \u00fcber den b\u00fcrgerschaftliche Projekte in der Innenstadt finanziell unterst\u00fctzt werden k\u00f6nnen. Sie erreichen das Innenstadtmanagement unter <a href=\"mailto:innenstadtbuero@innenstadt-herten.de\">innenstadtbuero@innenstadt-herten.de<\/a> oder 02366\/9 36 06 20.<\/p>\n<p>Das <strong>Nutzungsmanagement<\/strong> will die Unternehmen der Innenstadt st\u00e4rken: Es ber\u00e4t und unterst\u00fctzt Gewerbetreibende und vermittelt an die zust\u00e4ndigen Stellen. Es sorgt zudem f\u00fcr M\u00f6glichkeiten des professionellen Austausches. Auch Veranstaltungen werden initiiert oder Qualifizierungs- und Weiterbildungsangebote gemacht. Das Nutzungsmanagement hilft auch bei der Weitervermietung von Immobilien oder wenn Sie auf der Suche sind nach kreativen Zwischen-Nutzungen Ihrer Immobilie. Sie erreichen es unter <a href=\"mailto:nutzungsmanagement@innenstadt-herten.de\">nutzungsmanagement@innenstadt-herten.de<\/a> oder 02366\/9 36 06 21.\u00a0<\/p>\n<p>Das <strong>Architekturteam<\/strong> ber\u00e4t zu allen baulichen Fragestellungen sowie zur F\u00f6rderung \u00fcber das Haus- und Hoffl\u00e4chenprogramm. Es unterst\u00fctzt weiterhin auch bei der Suche nach anderen geeigneten F\u00f6rderm\u00f6glichkeiten. Unter <a href=\"mailto:architekturteam@innenstadt-herten.de\">architekturteam@innenstadt-herten.de<\/a> oder 02366\/9 36 06 22 ist es der richtige Ansprechpartner, wenn sie z. B.<\/p>\n<ul>\n<li>Ihre Immobilie durch bauliche Ver\u00e4nderungen optimieren oder gestalterisch aufwerten m\u00f6chten,<\/li>\n<li>Ihre Immobilie energetisch sanieren wollen,<\/li>\n<li>Ihre Immobilie barrierefrei oder barrierearm umbauen m\u00f6chten oder<\/li>\n<li>mit Ihrer Immobilie die Innenstadt \u00f6kologisch verbessern wollen.\u00a0<\/li>\n<\/ul>\n<p>F\u00fcr Fragen und Anregungen rund um den NEUSTART INNENSTADT stehen wir alle Ihnen gerne zur Verf\u00fcgung. Besuchen Sie uns auch gerne im Projektb\u00fcro auf der Ewaldstra\u00dfe 15 in der Innenstadt \u2013 wir freuen uns auf Sie!<\/p>\n","protected":false},"excerpt":{"rendered":"<p>Herten soll wieder so richtig sch\u00f6n werden \u2013 und daf\u00fcr geben wir t\u00e4glich unser Bestes. Wir, das ist das Team vom Projektb\u00fcro NEUSTART INNENSTADT auf der Ewaldstra\u00dfe 15. Um die Stadt Herten beim Umsetzen der verschiedenen Ma\u00dfnahmen zur St\u00e4rkung der Innenstadt zu unterst\u00fctzen, setzt sich unser Team aus 3 Teilen zusammen:\u00a0 Innenstadtmanagement Nutzungsmanagement Architekturteam Das&hellip; <a class=\"continue\" href=\"https:\/\/unser-quartier.de\/neustart-innenstadt\/ueber-uns-das-team-vom-projektbuero-neustart-innenstadt\/\" data-wpel-link=\"internal\"> \u00bb weiterlesen: <span> \u00dcber uns<\/span><\/a><\/p>\n","protected":false},"author":616,"featured_media":0,"parent":0,"menu_order":6,"comment_status":"closed","ping_status":"closed","template":"","meta":{"generate_page_header":"","footnotes":""},"class_list":["post-18","page","type-page","status-publish"],"_links":{"self":[{"href":"https:\/\/unser-quartier.de\/neustart-innenstadt\/wp-json\/wp\/v2\/pages\/18","targetHints":{"allow":["GET"]}}],"collection":[{"href":"https:\/\/unser-quartier.de\/neustart-innenstadt\/wp-json\/wp\/v2\/pages"}],"about":[{"href":"https:\/\/unser-quartier.de\/neustart-innenstadt\/wp-json\/wp\/v2\/types\/page"}],"author":[{"embeddable":true,"href":"https:\/\/unser-quartier.de\/neustart-innenstadt\/wp-json\/wp\/v2\/users\/616"}],"replies":[{"embeddable":true,"href":"https:\/\/unser-quartier.de\/neustart-innenstadt\/wp-json\/wp\/v2\/comments?post=18"}],"version-history":[{"count":1,"href":"https:\/\/unser-quartier.de\/neustart-innenstadt\/wp-json\/wp\/v2\/pages\/18\/revisions"}],"predecessor-version":[{"id":8781,"href":"https:\/\/unser-quartier.de\/neustart-innenstadt\/wp-json\/wp\/v2\/pages\/18\/revisions\/8781"}],"wp:attachment":[{"href":"https:\/\/unser-quartier.de\/neustart-innenstadt\/wp-json\/wp\/v2\/media?parent=18"}],"curies":[{"name":"wp","href":"https:\/\/api.w.org\/{rel}","templated":true}]}}