{"id":2,"date":"2014-01-22T07:22:37","date_gmt":"2014-01-22T07:22:37","guid":{"rendered":"http:\/\/unser-quartier.de\/tmp-musterblog3\/?page_id=2"},"modified":"2022-10-17T16:07:59","modified_gmt":"2022-10-17T14:07:59","slug":"home","status":"publish","type":"page","link":"https:\/\/unser-quartier.de\/neustart-innenstadt\/","title":{"rendered":"Home"},"content":{"rendered":"<div id=\"pl-2\"  class=\"panel-layout\" >\n<div id=\"pg-2-0\"  class=\"panel-grid panel-no-style\"  data-style=\"{&quot;background_image_attachment&quot;:false,&quot;background_display&quot;:&quot;tile&quot;,&quot;cell_alignment&quot;:&quot;flex-start&quot;}\"  data-ratio=\"1\"  data-ratio-direction=\"right\" >\n<div id=\"pgc-2-0-0\"  class=\"panel-grid-cell\"  data-weight=\"1\" >\n<div id=\"panel-2-0-0-0\" class=\"so-panel widget widget_sow-image panel-first-child panel-last-child\" data-index=\"0\" data-style=\"{&quot;background_image_attachment&quot;:false,&quot;background_display&quot;:&quot;tile&quot;}\" ><div\n\t\t\t\n\t\t\tclass=\"so-widget-sow-image so-widget-sow-image-default-8b5b6f678277\"\n\t\t\t\n\t\t>\n\n<div class=\"sow-image-container\">\n\t\t<img title=\"Glashaus mit Skulptur in Herten-Mitte\" alt=\"\" \t\tclass=\"so-widget-image\"\/>\n\t<\/div>\n\n<\/div><\/div>\n<\/div>\n<\/div>\n<div id=\"pg-2-1\"  class=\"panel-grid panel-has-style\"  data-style=\"{&quot;padding&quot;:&quot;0px 0px 0px 0px&quot;,&quot;background_display&quot;:&quot;tile&quot;,&quot;cell_alignment&quot;:&quot;flex-start&quot;}\" >\n<div class=\"panel-row-style panel-row-style-for-2-1\" >\n<div id=\"pgc-2-1-0\"  class=\"panel-grid-cell\"  data-weight=\"1\" >\n<div id=\"panel-2-1-0-0\" class=\"so-panel widget widget_text panel-first-child panel-last-child\" data-index=\"1\" data-style=\"{&quot;background&quot;:&quot;#f9f9f9&quot;,&quot;background_image_attachment&quot;:false,&quot;background_display&quot;:&quot;tile&quot;}\" >\n<div class=\"panel-widget-style panel-widget-style-for-2-1-0-0\" >\n<h3 class=\"widget-title\">Herzlich willkommen im Quartier und beim NEUSTART INNENSTADT!<\/h3>\n<div class=\"textwidget\">\n<p>Auf diesen Seiten m\u00f6chten wir Ihnen die Hertener Innenstadt vorstellen \u2013 mit ihren Orten, Menschen und Aktivit\u00e4ten. Au\u00dferdem wollen wir Sie \u00fcber den NEUSTART INNENSTADT informieren: Das Stadterneuerungsprojekt der Stadt Herten wird durch Mittel des Bundes, des Landes und der Stadt Herten finanziert und soll dazu beitragen, die Innenstadt in Herten zu st\u00e4rken und zu beleben.<\/p>\n<p>Hier finden Sie Wissenswertes rund um Projekte und F\u00f6rderprogramme, Veranstaltungstipps sowie Informations- und Beratungsangebote \u2013 und nat\u00fcrlich regelm\u00e4\u00dfige, spannende Beitr\u00e4ge \u00fcber das, was gerade im Quartier passiert. Damit Sie immer auf dem neuesten Stand sind, wenn es um die Innenstadt geht!<\/p>\n<p>Gerne k\u00f6nnen Sie uns auch \u00fcber Ihre Alltagserfahrungen berichten oder uns zeigen, wo Hilfe oder Ver\u00e4nderungen gefragt sind. Oder m\u00f6chten Sie sich sogar aktiv an der Redaktion der Website beteiligen? Wir freuen uns \u00fcber ihre Texte und Anregungen! Kommen Sie einfach auf uns zu \u2013 wir sind im Projektb\u00fcro auf der Ewaldstra\u00dfe 15 vor Ort: montags, mittwochs und donnerstags von 9\u201316 Uhr, dienstags von 9\u201314 Uhr, freitags und au\u00dferhalb der \u00d6ffnungszeiten nach Vereinbarung.<\/p>\n<p>Sie erreichen uns telefonisch unter 02366\/9 36 06 20 oder per Mail unter <a href=\"mailto:innenstadtbuero@innenstadt-herten.de\">innenstadtbuero@innenstadt-herten.de<\/a>. Mehr \u00fcber unser Team erfahren Sie <a href=\"https:\/\/unser-quartier.de\/neustart-innenstadt\/ueber-uns-das-team-vom-projektbuero-neustart-innenstadt\/\" data-wpel-link=\"internal\">hier<\/a>.<\/p>\n<\/div><\/div>\n<\/div>\n<\/div>\n<\/div>\n<\/div>\n<div id=\"pg-2-2\"  class=\"panel-grid panel-no-style\"  data-style=\"{&quot;background_image_attachment&quot;:false,&quot;background_display&quot;:&quot;tile&quot;,&quot;cell_alignment&quot;:&quot;flex-start&quot;}\"  data-ratio=\"1\"  data-ratio-direction=\"right\" >\n<div id=\"pgc-2-2-0\"  class=\"panel-grid-cell\"  data-weight=\"1\" >\n<div id=\"panel-2-2-0-0\" class=\"so-panel widget panel-first-child panel-last-child\" data-index=\"2\" data-style=\"{&quot;background_image_attachment&quot;:false,&quot;background_display&quot;:&quot;tile&quot;}\" ><\/div>\n<\/div>\n<\/div>\n<div id=\"pg-2-3\"  class=\"panel-grid panel-no-style\"  data-style=\"{&quot;background_image_attachment&quot;:false,&quot;background_display&quot;:&quot;tile&quot;,&quot;cell_alignment&quot;:&quot;flex-start&quot;}\"  data-ratio=\"1\"  data-ratio-direction=\"right\" >\n<div id=\"pgc-2-3-0\"  class=\"panel-grid-cell\"  data-weight=\"1\" >\n<div id=\"panel-2-3-0-0\" class=\"so-panel widget panel-first-child panel-last-child\" data-index=\"3\" data-style=\"{&quot;background_image_attachment&quot;:false,&quot;background_display&quot;:&quot;tile&quot;}\" ><\/div>\n<\/div>\n<\/div>\n<div id=\"pg-2-4\"  class=\"panel-grid panel-no-style\"  data-style=\"{&quot;background_image_attachment&quot;:false,&quot;background_display&quot;:&quot;tile&quot;,&quot;cell_alignment&quot;:&quot;flex-start&quot;}\"  data-ratio=\"1\"  data-ratio-direction=\"right\" >\n<div id=\"pgc-2-4-0\"  class=\"panel-grid-cell\"  data-weight=\"1\" >\n<div id=\"panel-2-4-0-0\" class=\"so-panel widget widget_media_image panel-first-child panel-last-child\" data-index=\"4\" data-style=\"{&quot;background_image_attachment&quot;:false,&quot;background_display&quot;:&quot;tile&quot;}\" ><figure style=\"width: 1190px\" class=\"wp-caption alignnone\"><img loading=\"lazy\" decoding=\"async\" class=\"image \" src=\"https:\/\/unser-quartier.de\/neustart-innenstadt\/files\/2022\/10\/Logoleiste_Herten.png\" alt=\"F\u00f6rderlogos der Innenstadtentwicklung\" width=\"1200\" height=\"240\" \/><figcaption class=\"wp-caption-text\">F\u00f6rderlogos der Innenstadtentwicklung<\/figcaption><\/figure><\/div>\n<\/div>\n<\/div>\n<div id=\"pg-2-5\"  class=\"panel-grid panel-no-style\"  data-style=\"{&quot;background_display&quot;:&quot;tile&quot;}\" >\n<div id=\"pgc-2-5-0\"  class=\"panel-grid-cell\"  data-weight=\"1\" >\n<div id=\"panel-2-5-0-0\" class=\"so-panel widget panel-first-child panel-last-child\" data-index=\"5\" data-style=\"{&quot;background_image_attachment&quot;:false,&quot;background_display&quot;:&quot;tile&quot;}\" ><\/div>\n<\/div>\n<\/div>\n<div id=\"pg-2-6\"  class=\"panel-grid panel-no-style\"  data-style=\"{&quot;background_image_attachment&quot;:false,&quot;background_display&quot;:&quot;tile&quot;,&quot;cell_alignment&quot;:&quot;flex-start&quot;}\"  data-ratio=\"1\"  data-ratio-direction=\"right\" >\n<div id=\"pgc-2-6-0\"  class=\"panel-grid-cell\"  data-weight=\"1\" >\n<div id=\"panel-2-6-0-0\" class=\"so-panel widget widget_blog_subscription jetpack_subscription_widget panel-first-child panel-last-child\" data-index=\"6\" data-style=\"{&quot;background_image_attachment&quot;:false,&quot;background_display&quot;:&quot;tile&quot;}\" ><\/div>\n<\/div>\n<\/div>\n<div id=\"pg-2-7\"  class=\"panel-grid panel-no-style\"  data-style=\"{&quot;background_display&quot;:&quot;tile&quot;}\" >\n<div id=\"pgc-2-7-0\"  class=\"panel-grid-cell panel-grid-cell-mobile-last\"  data-weight=\"0.7071067823731\" >\n<div id=\"panel-2-7-0-0\" class=\"so-panel widget widget_em_widget panel-first-child panel-last-child\" data-index=\"7\" data-style=\"{&quot;padding&quot;:&quot;10px&quot;,&quot;background_display&quot;:&quot;tile&quot;}\" >\n<div class=\"panel-widget-style panel-widget-style-for-2-7-0-0\" ><h3 class=\"widget-title\">N\u00e4chste Veranstaltungen:<\/h3><div class=\"em pixelbones em-list-widget em-events-widget\">&lt;li&gt;Zur Zeit keine Veranstaltungen&lt;\/li&gt;<li class=\"all-events-link\"><a href=\"https:\/\/unser-quartier.de\/neustart-innenstadt\/veranstaltungen\/veranstaltungskalender\/\" title=\"weitere Veranstaltungen\" data-wpel-link=\"internal\">weitere Veranstaltungen<\/a><\/li><\/div><\/div>\n<\/div>\n<\/div>\n<div id=\"pgc-2-7-1\"  class=\"panel-grid-cell panel-grid-cell-empty\"  data-weight=\"0.2928932176269\" ><\/div>\n<\/div>\n<div id=\"pg-2-8\"  class=\"panel-grid panel-no-style\" >\n<div id=\"pgc-2-8-0\"  class=\"panel-grid-cell\"  data-weight=\"0.5\" >\n<div id=\"panel-2-8-0-0\" class=\"so-panel widget widget_wp_views panel-first-child panel-last-child\" data-index=\"8\" data-style=\"{&quot;padding&quot;:&quot;10px&quot;,&quot;background_display&quot;:&quot;tile&quot;}\" >\n<div class=\"panel-widget-style panel-widget-style-for-2-8-0-0\" ><h3 class=\"widget-title\">Orte im Quartier<\/h3><\/div>\n<\/div>\n<\/div>\n<div id=\"pgc-2-8-1\"  class=\"panel-grid-cell\"  data-weight=\"0.5\" >\n<div id=\"panel-2-8-1-0\" class=\"so-panel widget widget_sow-editor panel-first-child panel-last-child\" data-index=\"9\" data-style=\"{&quot;padding&quot;:&quot;10px 10px 10px 10px&quot;,&quot;background_display&quot;:&quot;tile&quot;}\" >\n<div class=\"panel-widget-style panel-widget-style-for-2-8-1-0\" >\n<div\n\t\t\t\n\t\t\tclass=\"so-widget-sow-editor so-widget-sow-editor-base\"\n\t\t\t\n\t\t><\/p>\n<h3 class=\"widget-title\">Hinweis f\u00fcr Akteure<\/h3>\n<div class=\"siteorigin-widget-tinymce textwidget\">\n<p>Senden Sie uns auch Ihre Terminhinweise! Sind Sie noch nicht im Anbieterverzeichnis registriert?<\/p>\n<p><a href=\"https:\/\/unser-quartier.de\/neustart-innenstadt\/kontakt\/\" data-wpel-link=\"internal\">\u00bb Kontakt aufnehmen<\/a><\/p>\n<\/div>\n<\/div>\n<\/div>\n<\/div>\n<\/div>\n<\/div>\n<\/div>\n","protected":false},"excerpt":{"rendered":"<p>Herzlich willkommen im Quartier und beim NEUSTART INNENSTADT! Auf diesen Seiten m\u00f6chten wir Ihnen die Hertener Innenstadt vorstellen \u2013 mit ihren Orten, Menschen und Aktivit\u00e4ten. Au\u00dferdem wollen wir Sie \u00fcber den NEUSTART INNENSTADT informieren: Das Stadterneuerungsprojekt der Stadt Herten wird durch Mittel des Bundes, des Landes und der Stadt Herten finanziert und soll dazu beitragen,&hellip; <a class=\"continue\" href=\"https:\/\/unser-quartier.de\/neustart-innenstadt\/\" data-wpel-link=\"internal\"> \u00bb weiterlesen: <span> Home<\/span><\/a><\/p>\n","protected":false},"author":616,"featured_media":0,"parent":0,"menu_order":1,"comment_status":"closed","ping_status":"closed","template":"","meta":{"generate_page_header":"","footnotes":""},"class_list":["post-2","page","type-page","status-publish"],"_links":{"self":[{"href":"https:\/\/unser-quartier.de\/neustart-innenstadt\/wp-json\/wp\/v2\/pages\/2","targetHints":{"allow":["GET"]}}],"collection":[{"href":"https:\/\/unser-quartier.de\/neustart-innenstadt\/wp-json\/wp\/v2\/pages"}],"about":[{"href":"https:\/\/unser-quartier.de\/neustart-innenstadt\/wp-json\/wp\/v2\/types\/page"}],"author":[{"embeddable":true,"href":"https:\/\/unser-quartier.de\/neustart-innenstadt\/wp-json\/wp\/v2\/users\/616"}],"replies":[{"embeddable":true,"href":"https:\/\/unser-quartier.de\/neustart-innenstadt\/wp-json\/wp\/v2\/comments?post=2"}],"version-history":[{"count":0,"href":"https:\/\/unser-quartier.de\/neustart-innenstadt\/wp-json\/wp\/v2\/pages\/2\/revisions"}],"wp:attachment":[{"href":"https:\/\/unser-quartier.de\/neustart-innenstadt\/wp-json\/wp\/v2\/media?parent=2"}],"curies":[{"name":"wp","href":"https:\/\/api.w.org\/{rel}","templated":true}]}}