{"id":3173,"date":"2021-01-12T11:04:39","date_gmt":"2021-01-12T10:04:39","guid":{"rendered":"https:\/\/unser-quartier.de\/neustart-innenstadt\/?page_id=3173"},"modified":"2022-01-06T10:50:10","modified_gmt":"2022-01-06T09:50:10","slug":"kauf-lokal-in-herten","status":"publish","type":"page","link":"https:\/\/unser-quartier.de\/neustart-innenstadt\/kauf-lokal-in-herten\/","title":{"rendered":"Kauf lokal!"},"content":{"rendered":"<div id=\"pl-3173\"  class=\"panel-layout\" >\n<div id=\"pg-3173-0\"  class=\"panel-grid panel-no-style\"  data-style=\"{&quot;background_image_attachment&quot;:false,&quot;background_display&quot;:&quot;tile&quot;,&quot;cell_alignment&quot;:&quot;flex-start&quot;}\"  data-ratio=\"0.41421356\"  data-ratio-direction=\"right\" >\n<div id=\"pgc-3173-0-0\"  class=\"panel-grid-cell\"  data-weight=\"1\" >\n<div id=\"panel-3173-0-0-0\" class=\"so-panel widget widget_sow-editor panel-first-child panel-last-child\" data-index=\"0\" data-style=\"{&quot;background_image_attachment&quot;:false,&quot;background_display&quot;:&quot;tile&quot;}\" >\n<div class=\"so-widget-sow-editor so-widget-sow-editor-base\">\n<div class=\"siteorigin-widget-tinymce textwidget\">\n<p>Online-Shopping ist ja gut und sch\u00f6n \u2013 aber eine echte Beratung im Fachgesch\u00e4ft so viel mehr wert! Darum: Kauf lokal! So unterst\u00fctzen Sie den lokalen Handel in Herten und retten die Innenstadt vor dem Leerstand.<\/p>\n<p>Jeder kann dazu beitragen, die Innenstadt in Herten lebendig zu halten \u2013 mit einer bewussten Kaufentscheidung vor Ort. Denn damit unterst\u00fctzen Sie nicht nur die inhabergef\u00fchrten Unternehmen &#8222;um die Ecke&#8220;, Sie erhalten auch Expertenwissen und m\u00fcssen nicht m\u00fchsam selbst alle Infos zusammensuchen, bevor Sie sich f\u00fcr ein Produkt entscheiden.<\/p>\n<p>Auf unseren Seiten unterst\u00fctzen wir die Gewerbetreibenden in der Hertener Innenstadt mit Aktionen und Programmen \u2013 und an dieser Stelle mit einer Liste der Unternehmen vor Ort auf einen Blick.<\/p>\n<h2>Kauf lokal \u2013 bei diesen Einzelh\u00e4ndlern in der Innenstadt<\/h2>\n<ul>\n<li><a href=\"https:\/\/unser-quartier.de\/neustart-innenstadt\/2021\/01\/apollo-optik\/\" data-wpel-link=\"internal\">Apollo-Optik<\/a><\/li>\n<li><a href=\"https:\/\/unser-quartier.de\/neustart-innenstadt\/2020\/04\/apotheke-im-cirkel\/\" data-wpel-link=\"internal\">Apotheke im Cirkel<\/a><\/li>\n<li><a href=\"https:\/\/unser-quartier.de\/neustart-innenstadt\/2021\/06\/aenderungsschneiderei-gloria-theater\/\" data-wpel-link=\"internal\">\u00c4nderungsschneiderei Gloria Theater<\/a><\/li>\n<li><a href=\"https:\/\/unser-quartier.de\/neustart-innenstadt\/2021\/01\/betten-kapner\/\" data-wpel-link=\"internal\">Betten Kapner<\/a><\/li>\n<li><a href=\"https:\/\/unser-quartier.de\/neustart-innenstadt\/2021\/01\/buchhandlung-droste\/\" data-wpel-link=\"internal\">Buchhandlung Droste\u00a0<\/a><\/li>\n<li><a href=\"https:\/\/unser-quartier.de\/neustart-innenstadt\/2021\/01\/dr-klein-finanzberatung\/\" data-wpel-link=\"internal\">Dr. Klein Finanzberatung<\/a><\/li>\n<li><a href=\"https:\/\/unser-quartier.de\/neustart-innenstadt\/2021\/01\/farma-plus-apotheke-herten\/\" data-wpel-link=\"internal\">farma-plus Apotheke am Rathaus Herten<\/a><\/li>\n<li><a href=\"https:\/\/unser-quartier.de\/neustart-innenstadt\/2021\/01\/foto-pollmann\/\" data-wpel-link=\"internal\">Foto Pollmann<\/a><\/li>\n<li><a href=\"https:\/\/unser-quartier.de\/neustart-innenstadt\/2021\/04\/handyglobus\/\" data-wpel-link=\"internal\">Handyglobus<\/a><\/li>\n<li><a href=\"https:\/\/unser-quartier.de\/neustart-innenstadt\/2021\/01\/iga-optic-mues-und-sternemann\/\" data-wpel-link=\"internal\">IGA OPTIC MUES &amp; STERNEMANN<\/a><\/li>\n<li><a href=\"https:\/\/unser-quartier.de\/neustart-innenstadt\/2021\/01\/intersport-ules\/\" data-wpel-link=\"internal\">Intersport Ules<\/a><\/li>\n<li><a href=\"https:\/\/unser-quartier.de\/neustart-innenstadt\/2021\/11\/laden-im-museum-sammlerparadies\/\" data-wpel-link=\"internal\">Laden im Museum \u2013 Sammlerparadies<\/a><\/li>\n<li><a href=\"https:\/\/unser-quartier.de\/neustart-innenstadt\/2021\/01\/merten-uhren-und-schmuck\/\" data-wpel-link=\"internal\">Merten Uhren &amp; Schmuck<\/a><\/li>\n<li><a href=\"https:\/\/unser-quartier.de\/neustart-innenstadt\/2021\/01\/optik-breiderhoff\/\" data-wpel-link=\"internal\">Optik Breiderhoff<\/a><\/li>\n<li><a href=\"https:\/\/unser-quartier.de\/neustart-innenstadt\/2021\/05\/regines-fahrschule\/\" data-wpel-link=\"internal\">Regines Fahrschule<\/a><\/li>\n<li><a href=\"https:\/\/unser-quartier.de\/neustart-innenstadt\/2021\/01\/schuhmachermeister-betrieb-michailidis\/\" data-wpel-link=\"internal\">Schuhmachermeister Michailidis<\/a><\/li>\n<li><a href=\"https:\/\/unser-quartier.de\/neustart-innenstadt\/2021\/01\/sonja-edelmann-sanitaetshaus\/\" data-wpel-link=\"internal\">Sonja Edelmann Sanit\u00e4tshaus<\/a><\/li>\n<\/ul>\n<p>&nbsp;<\/p>\n<h2>Gastronomie<\/h2>\n<ul style=\"list-style-type: disc;\">\n<li><a href=\"https:\/\/unser-quartier.de\/neustart-innenstadt\/2020\/04\/kaiserhof-herten-angebote-und-erreichbarkeit\/\" data-wpel-link=\"internal\">Kaiserhof Herten bei Sandra und Dirk<\/a><\/li>\n<\/ul>\n<\/div>\n<\/div>\n<\/div>\n<\/div>\n<\/div>\n<div id=\"pg-3173-1\"  class=\"panel-grid panel-no-style\"  data-style=\"{&quot;background_image_attachment&quot;:false,&quot;background_display&quot;:&quot;tile&quot;,&quot;cell_alignment&quot;:&quot;flex-start&quot;}\"  data-ratio=\"1\"  data-ratio-direction=\"right\" >\n<div id=\"pgc-3173-1-0\"  class=\"panel-grid-cell\"  data-weight=\"1\" >\n<div id=\"panel-3173-1-0-0\" class=\"so-panel widget widget_text panel-first-child panel-last-child\" data-index=\"1\" data-style=\"{&quot;background_image_attachment&quot;:false,&quot;background_display&quot;:&quot;tile&quot;}\" >\n<h3 class=\"widget-title\">Zu Gast bei Hertener Unternehmerinnen und Unternehmern<\/h3>\n<div class=\"textwidget\">\n<p>Im Rahmen einer Portrait-Reihe stellen wir im <a href=\"https:\/\/unser-quartier.de\/neustart-innenstadt\/stadtteilmagazin\/\" data-wpel-link=\"internal\">Stadtteilmagazin<\/a> regelm\u00e4\u00dfig die Unternehmer*innen der Innenstadt vor. Passend dazu sind kurze Videos entstanden, die die Texte mit Bild und Ton erg\u00e4nzen und so zus\u00e4tzlich einen Blick hinter die Kulissen gew\u00e4hren.\u00a0 Die Videos finden Sie auf der folgenden Seite:<\/p>\n<\/div><\/div>\n<\/div>\n<\/div>\n<div id=\"pg-3173-2\"  class=\"panel-grid panel-no-style\"  data-style=\"{&quot;background_image_attachment&quot;:false,&quot;background_display&quot;:&quot;tile&quot;,&quot;cell_alignment&quot;:&quot;flex-start&quot;}\"  data-ratio=\"1\"  data-ratio-direction=\"right\" >\n<div id=\"pgc-3173-2-0\"  class=\"panel-grid-cell\"  data-weight=\"1\" >\n<div id=\"panel-3173-2-0-0\" class=\"so-panel widget widget_media_image panel-first-child panel-last-child\" data-index=\"2\" data-style=\"{&quot;background_image_attachment&quot;:false,&quot;background_display&quot;:&quot;tile&quot;}\" ><a href=\"https:\/\/unser-quartier.de\/neustart-innenstadt\/zu-gast-bei-hertener-unternehmerinnen-und-unternehmern\/\" data-wpel-link=\"internal\"><img loading=\"lazy\" decoding=\"async\" class=\"image \" src=\"https:\/\/unser-quartier.de\/neustart-innenstadt\/files\/2021\/10\/Video-Portraits-Website-300x145.png\" alt=\"Bei welchen Unternehmerinnen und Unternehmern aus Herten war NEUSTART INNENSTADT schon zu Gast?\" width=\"1200\" height=\"578\" \/><\/a><\/div>\n<\/div>\n<\/div>\n<\/div>\n","protected":false},"excerpt":{"rendered":"<p>Online-Shopping ist ja gut und sch\u00f6n \u2013 aber eine echte Beratung im Fachgesch\u00e4ft so viel mehr wert! Darum: Kauf lokal! So unterst\u00fctzen Sie den lokalen Handel in Herten und retten die Innenstadt vor dem Leerstand. Jeder kann dazu beitragen, die Innenstadt in Herten lebendig zu halten \u2013 mit einer bewussten Kaufentscheidung vor Ort. Denn damit&hellip; <a class=\"continue\" href=\"https:\/\/unser-quartier.de\/neustart-innenstadt\/kauf-lokal-in-herten\/\" data-wpel-link=\"internal\"> \u00bb weiterlesen: <span> Kauf lokal!<\/span><\/a><\/p>\n","protected":false},"author":740,"featured_media":0,"parent":0,"menu_order":0,"comment_status":"closed","ping_status":"closed","template":"","meta":{"generate_page_header":"","footnotes":""},"class_list":["post-3173","page","type-page","status-publish"],"_links":{"self":[{"href":"https:\/\/unser-quartier.de\/neustart-innenstadt\/wp-json\/wp\/v2\/pages\/3173","targetHints":{"allow":["GET"]}}],"collection":[{"href":"https:\/\/unser-quartier.de\/neustart-innenstadt\/wp-json\/wp\/v2\/pages"}],"about":[{"href":"https:\/\/unser-quartier.de\/neustart-innenstadt\/wp-json\/wp\/v2\/types\/page"}],"author":[{"embeddable":true,"href":"https:\/\/unser-quartier.de\/neustart-innenstadt\/wp-json\/wp\/v2\/users\/740"}],"replies":[{"embeddable":true,"href":"https:\/\/unser-quartier.de\/neustart-innenstadt\/wp-json\/wp\/v2\/comments?post=3173"}],"version-history":[{"count":0,"href":"https:\/\/unser-quartier.de\/neustart-innenstadt\/wp-json\/wp\/v2\/pages\/3173\/revisions"}],"wp:attachment":[{"href":"https:\/\/unser-quartier.de\/neustart-innenstadt\/wp-json\/wp\/v2\/media?parent=3173"}],"curies":[{"name":"wp","href":"https:\/\/api.w.org\/{rel}","templated":true}]}}