{"id":3980,"date":"2020-09-23T12:43:48","date_gmt":"2020-09-23T10:43:48","guid":{"rendered":"https:\/\/unser-quartier.de\/neustart-innenstadt\/?page_id=3980"},"modified":"2022-01-14T10:09:01","modified_gmt":"2022-01-14T09:09:01","slug":"naturbezogene-bildung-fuer-kinder-und-jugendliche","status":"publish","type":"page","link":"https:\/\/unser-quartier.de\/neustart-innenstadt\/naturbezogene-bildung-fuer-kinder-und-jugendliche\/","title":{"rendered":"Naturbezogene Bildung f\u00fcr Kinder und Jugendliche (2019-2021)"},"content":{"rendered":"<div id=\"pl-3980\"  class=\"panel-layout\" >\n<div id=\"pg-3980-0\"  class=\"panel-grid panel-no-style\" >\n<div id=\"pgc-3980-0-0\"  class=\"panel-grid-cell\"  data-weight=\"1\" >\n<div id=\"panel-3980-0-0-0\" class=\"so-panel widget widget_sow-editor panel-first-child\" data-index=\"0\" data-style=\"{&quot;background_image_attachment&quot;:false,&quot;background_display&quot;:&quot;tile&quot;}\" >\n<div class=\"so-widget-sow-editor so-widget-sow-editor-base\">\n<div class=\"siteorigin-widget-tinymce textwidget\">\n<p><a href=\"https:\/\/unser-quartier.de\/neustart-innenstadt\/files\/2021\/03\/Foerderer1.png\" data-wpel-link=\"internal\"><img loading=\"lazy\" decoding=\"async\" class=\"size-full wp-image-4672\" src=\"https:\/\/unser-quartier.de\/neustart-innenstadt\/files\/2021\/03\/Foerderer1.png\" alt=\"Das Projekt \u201eNaturbezogene Bildung f\u00fcr Kinder und Jugendliche\u201c des \u201eNeustart Innenstadt\u201c wird durch Mittel des Landes Nordrhein-Westfalen und des Europ\u00e4ischen Fonds f\u00fcr regionale Entwicklung (EFRE) gef\u00f6rdert.\" width=\"1200\" height=\"74\" data-wp-editing=\"1\" \/><\/a><\/p>\n<\/div>\n<\/div>\n<\/div>\n<div id=\"panel-3980-0-0-1\" class=\"so-panel widget widget_sow-editor\" data-index=\"1\" data-style=\"{&quot;background_image_attachment&quot;:false,&quot;background_display&quot;:&quot;tile&quot;}\" >\n<div class=\"so-widget-sow-editor so-widget-sow-editor-base\">\n<div class=\"siteorigin-widget-tinymce textwidget\">\n<p><strong> Das Projekt \u201e<a href=\"https:\/\/www.falkentreff-re.de\/naturbezogene-bildung\/\" data-wpel-link=\"external\" target=\"_self\" rel=\"nofollow external noopener noreferrer\" title=\"Externer Link: Naturbezogene Bildung f\u00fcr Kinder und Jugendliche\" class=\"ext-link wpel-icon-right\">Naturbezogene Bildung f\u00fcr Kinder und Jugendliche<span class=\"wpel-icon wpel-image wpel-icon-6\"><\/span><\/a>\u201c des NEUSTART INNENSTADT wurde durch Mittel des Landes Nordrhein-Westfalen und des Europ\u00e4ischen Fonds f\u00fcr regionale Entwicklung (EFRE) gef\u00f6rdert.<\/strong><\/p>\n<\/div>\n<\/div>\n<\/div>\n<div id=\"panel-3980-0-0-2\" class=\"so-panel widget widget_sow-editor panel-last-child\" data-index=\"2\" data-style=\"{&quot;background_image_attachment&quot;:false,&quot;background_display&quot;:&quot;tile&quot;}\" >\n<div class=\"so-widget-sow-editor so-widget-sow-editor-base\">\n<div class=\"siteorigin-widget-tinymce textwidget\">\n<p><a href=\"https:\/\/unser-quartier.de\/neustart-innenstadt\/files\/2020\/09\/DSCI1870-1280x960-1-1024x768-1.jpg\" data-wpel-link=\"internal\"><img loading=\"lazy\" decoding=\"async\" class=\"aligncenter size-full wp-image-3981\" src=\"https:\/\/unser-quartier.de\/neustart-innenstadt\/files\/2020\/09\/DSCI1870-1280x960-1-1024x768-1.jpg\" alt=\"\" width=\"1024\" height=\"768\" \/><\/a><\/p>\n<p>Das Projekt \u201eNaturbezogene Bildung f\u00fcr Kinder und Jugendliche\u201c hat im\u00a0September 2021 nach gut dreij\u00e4hriger Laufzeit seinen Abschluss gefunden.\u00a0Der Startschuss erfolgte im Fr\u00fchjahr 2019. Seitdem\u00a0entwickelte das erfolgreiche Projekt Angebote zur naturbezogenen Bildung, setzte diese um und \u00fcbertrug sie in die weiteren Einrichtungen des F\u00f6rdergebiets. \u00dcber die p\u00e4dagogische Fachkraft Thomas Hegemann wurde gemeinsam mit Kindern und Jugendlichen und den Einrichtungen an den Themen Natur und Umwelt gearbeitet und konkrete Ma\u00dfnahmen vor Ort umgesetzt.<\/p>\n<p>Einer der Ausgangspunkte des Projekts war die monatliche Kindersprechstunde\u00a0in den R\u00e4umlichkeiten des Projektb\u00fcros NEUSTART INNENSTADT. Hier wurde ein Format\u00a0gefunden, in dem Kinder und Jugendliche ihre Entdeckungen und\u00a0Fragen m\u00f6glichst niederschwellig in einem spielerischen Rahmen formulieren\u00a0konnten.\u00a0Darauf aufbauend wurden mit den Besucher*innen der Sprechstunde die\u00a0eigentlichen Fragestellungen ergr\u00fcndet sowie Impulse und Ideen f\u00fcr eine\u00a0Eingrenzung oder gar L\u00f6sung des urspr\u00fcnglichen Problems gesammelt.<\/p>\n<figure id=\"attachment_3043\" aria-describedby=\"caption-attachment-3043\" style=\"width: 290px\" class=\"wp-caption alignleft\"><img loading=\"lazy\" decoding=\"async\" id=\"longdesc-return-3043\" class=\"size-medium wp-image-3043\" tabindex=\"-1\" src=\"https:\/\/unser-quartier.de\/neustart-innenstadt\/files\/2020\/03\/IMG_20190626_180809-300x225.jpg\" alt=\"\" width=\"300\" height=\"225\" longdesc=\"https:\/\/unser-quartier.de\/neustart-innenstadt?longdesc=3043&amp;referrer=3980\" \/><figcaption id=\"caption-attachment-3043\" class=\"wp-caption-text\">Auf Entdeckungsreise in der Natur<\/figcaption><\/figure>\n<p>Daraus hervorgehend wurden zusammen mit dem Falkentreff Herten die Kindergruppe &#8222;Umweltdetektive&#8220; sowie die Teeniegruppe gegr\u00fcndet, die sich in der Folge w\u00f6chentlich getroffen und die Natur mit all ihren M\u00f6glichkeiten erkundet hat.<\/p>\n<p>Weitere S\u00e4ulen des Projektes waren die Durchf\u00fchrung von Workshops, zusammen mit Kindern, Familien und Einrichtungen, zu verschiedenen naturbezogenen Themen und Fragestellungen sowie Aktionen und Angebote im Rahmen der aufsuchenden Arbeit.\u00a0Durch Exkursionen oder Pop-Up-St\u00e4nde auf Spielplatzfl\u00e4chen konnte\u00a0die Sensibilit\u00e4t der Kinder und ihr Vertrauen in ihre Selbstwirksamkeit\u00a0weiter gef\u00f6rdert und vertieft werden.<\/p>\n<figure id=\"attachment_3939\" aria-describedby=\"caption-attachment-3939\" style=\"width: 290px\" class=\"wp-caption alignright\"><img loading=\"lazy\" decoding=\"async\" id=\"longdesc-return-3939\" class=\"size-medium wp-image-3939\" tabindex=\"-1\" src=\"https:\/\/unser-quartier.de\/neustart-innenstadt\/files\/2020\/08\/200818_Fotowettbewerb2-300x171.jpg\" alt=\"Gr\u00fcnfl\u00e4che &quot;Am Wittkamp&quot; (Quelle: Falkentreff Herten)\" width=\"300\" height=\"171\" longdesc=\"https:\/\/unser-quartier.de\/neustart-innenstadt?longdesc=3939&amp;referrer=3980\" \/><figcaption id=\"caption-attachment-3939\" class=\"wp-caption-text\">Gr\u00fcnfl\u00e4che &#8222;Am Wittkamp&#8220; (Quelle: Falkentreff Herten)<\/figcaption><\/figure>\n<p>Nicht zuletzt trug hierzu ebenso die\u00a0Gr\u00fcnfl\u00e4che \u201eAm Wittkamp\u201c bei, welche durch die Gruppen mit Blick auf\u00a0Biodiversit\u00e4t neugestaltet wurde und auch nach dem Projektende weiter von den Waldrittern als naturnaher Garten genutzt wird.<\/p>\n<p>F\u00fcr die Projektfortf\u00fchrung konnte leider keine Folgef\u00f6rderung gefunden werden, das Projekt blickt jedoch auf eine erfolgreiche Zeit zur\u00fcck: Das Naturverst\u00e4ndnis und der Bezug zur Natur wurden bei den beteiligten Kindern und Jugendlichen erlebnisorientiert gef\u00f6rdert, wobei die vorhandenen Freir\u00e4ume in der Innenstadt als Projektr\u00e4ume dienten. Die Projektans\u00e4tze werden von den Innenstadtakteuren wie dem Falkentreff oder den Waldrittern weitergef\u00fchrt und auch die Gr\u00fcnfl\u00e4che &#8222;Am Wittkamp&#8220; steht weiterhin als naturnaher Erlebnisraum \u00a0der Innenstadt und deren Bewohner*innen zur Verf\u00fcgung.<\/p>\n<\/div>\n<\/div>\n<\/div>\n<\/div>\n<\/div>\n<\/div>\n","protected":false},"excerpt":{"rendered":"<p>Das Projekt \u201eNaturbezogene Bildung f\u00fcr Kinder und Jugendliche\u201c des NEUSTART INNENSTADT wurde durch Mittel des Landes Nordrhein-Westfalen und des Europ\u00e4ischen Fonds f\u00fcr regionale Entwicklung (EFRE) gef\u00f6rdert. Das Projekt \u201eNaturbezogene Bildung f\u00fcr Kinder und Jugendliche\u201c hat im\u00a0September 2021 nach gut dreij\u00e4hriger Laufzeit seinen Abschluss gefunden.\u00a0Der Startschuss erfolgte im Fr\u00fchjahr 2019. Seitdem\u00a0entwickelte das erfolgreiche Projekt Angebote zur&hellip; <a class=\"continue\" href=\"https:\/\/unser-quartier.de\/neustart-innenstadt\/naturbezogene-bildung-fuer-kinder-und-jugendliche\/\" data-wpel-link=\"internal\"> \u00bb weiterlesen: <span> Naturbezogene Bildung f\u00fcr Kinder und Jugendliche (2019-2021)<\/span><\/a><\/p>\n","protected":false},"author":740,"featured_media":0,"parent":0,"menu_order":0,"comment_status":"closed","ping_status":"closed","template":"","meta":{"generate_page_header":"","footnotes":""},"class_list":["post-3980","page","type-page","status-publish"],"_links":{"self":[{"href":"https:\/\/unser-quartier.de\/neustart-innenstadt\/wp-json\/wp\/v2\/pages\/3980","targetHints":{"allow":["GET"]}}],"collection":[{"href":"https:\/\/unser-quartier.de\/neustart-innenstadt\/wp-json\/wp\/v2\/pages"}],"about":[{"href":"https:\/\/unser-quartier.de\/neustart-innenstadt\/wp-json\/wp\/v2\/types\/page"}],"author":[{"embeddable":true,"href":"https:\/\/unser-quartier.de\/neustart-innenstadt\/wp-json\/wp\/v2\/users\/740"}],"replies":[{"embeddable":true,"href":"https:\/\/unser-quartier.de\/neustart-innenstadt\/wp-json\/wp\/v2\/comments?post=3980"}],"version-history":[{"count":0,"href":"https:\/\/unser-quartier.de\/neustart-innenstadt\/wp-json\/wp\/v2\/pages\/3980\/revisions"}],"wp:attachment":[{"href":"https:\/\/unser-quartier.de\/neustart-innenstadt\/wp-json\/wp\/v2\/media?parent=3980"}],"curies":[{"name":"wp","href":"https:\/\/api.w.org\/{rel}","templated":true}]}}