{"id":4536,"date":"2021-03-18T12:09:24","date_gmt":"2021-03-18T11:09:24","guid":{"rendered":"https:\/\/unser-quartier.de\/neustart-innenstadt\/?page_id=4536"},"modified":"2024-06-11T10:44:31","modified_gmt":"2024-06-11T08:44:31","slug":"infos-fuer-potenzielle-mieter-innen","status":"publish","type":"page","link":"https:\/\/unser-quartier.de\/neustart-innenstadt\/infos-fuer-potenzielle-mieter-innen\/","title":{"rendered":"F\u00fcr Mieter*innen"},"content":{"rendered":"<div id=\"pl-4536\"  class=\"panel-layout\" >\n<div id=\"pg-4536-0\"  class=\"panel-grid panel-no-style\" >\n<div id=\"pgc-4536-0-0\"  class=\"panel-grid-cell\"  data-weight=\"1\" >\n<div id=\"panel-4536-0-0-0\" class=\"so-panel widget widget_sow-editor panel-first-child panel-last-child\" data-index=\"0\" data-style=\"{&quot;background_image_attachment&quot;:false,&quot;background_display&quot;:&quot;tile&quot;,&quot;background_image_size&quot;:&quot;full&quot;,&quot;background_image_opacity&quot;:&quot;100&quot;,&quot;border_thickness&quot;:&quot;1px&quot;}\" >\n<div\n\t\t\t\n\t\t\tclass=\"so-widget-sow-editor so-widget-sow-editor-base\"\n\t\t\t\n\t\t><\/p>\n<div class=\"siteorigin-widget-tinymce textwidget\">\n<h2 style=\"color: #5f5f5f;\"><b>Sie haben die Idee? Wir haben die Mittel:<br \/>\nF\u00f6rderprogramm &#8222;Zukunftsf\u00e4hige Innenstadt und Ortszentren&#8220;<\/b><\/h2>\n<h3 style=\"color: #004874;\">Starten wir gemeinsam?<\/h3>\n<p>In Herten warten sch\u00f6ne Ladenlokale zu stark reduzierter Miete. Das ist Ihre Chance: Sie k\u00f6nnen Ihr Projekt ganz entspannt testen,<br \/>\nBeratung gibt\u2019s on top.<br \/>\nSo gewinnen alle: Die Innenstadt lebt auf \u2013 und Ihr Neustart l\u00e4uft unter besten Bedingungen!<\/p>\n<h3 style=\"color: #004874;\">Klingt gut? Ist noch besser:<br \/>\nDieses Angebot k\u00f6nnen Sie nur annehmen!<\/h3>\n<p>Ob Boutique, Bistro oder Bildung, Gr\u00fcndung oder Erweiterung \u2013 jetzt ist die beste Zeit, Ihre Ideen umzusetzen. Vom Pop-up-Store bis zu l\u00e4ngerfristiger Bindung, Sie entscheiden!<\/p>\n<p>Das Projektb\u00fcro begleitet Sie mit geb\u00fcndelter Expertise,, Kreativit\u00e4t und jeder Menge Ressourcen.<\/p>\n<p>Hier nimmt Ihr Gl\u00fcck Platz:<\/p>\n<ul>\n<li><span style=\"color: #004874;\">\u27a4<\/span> Sie zahlen 20 % der regul\u00e4ren Miete* \u2013 bis zu 2 Jahre lang.<\/li>\n<li><span style=\"color: #004874;\">\u27a4<\/span> Sie genie\u00dfen beste Citylage \u2013 mit inspirierender Nachbarschaft.<\/li>\n<li><span style=\"color: #004874;\">\u27a4<\/span> Sie bekommen Unterst\u00fctzung \u2013 auch beim \u201eKleingedruckten\u201c.<\/li>\n<\/ul>\n<p>*plus Nebenkosten<\/p>\n<p>&nbsp;<\/p>\n<h3 style=\"color: #004874;\">Gl\u00fcckspl\u00e4tze in der City: Der Aktionsbereich<\/h3>\n<p><a href=\"https:\/\/unser-quartier.de\/neustart-innenstadt\/konzentrationsbereich-sofortprogramm-innenstadt\/\" data-wpel-link=\"internal\">Hier<\/a> sehen Sie, welche Stra\u00dfen in der Innenstadt auf Ihren Einsatz warten:<\/p>\n<p><img loading=\"lazy\" decoding=\"async\" class=\"alignnone wp-image-8381 size-full\" src=\"https:\/\/unser-quartier.de\/neustart-innenstadt\/files\/2024\/04\/243932-Gluecksplaetze-Karte-Aktionsbereich-1.jpg\" alt=\"Einzugsgebiet ZIO Herten\" width=\"600\" height=\"849\" \/><\/p>\n<p>Interessiert? Das Projektb\u00fcro NEUSTART INNENSTADT ist die Schnittstelle zur Stadt Herten.<\/p>\n<p><b>Sie m\u00f6chten sich zuerst ein Rechenbeispiel anschauen?<\/b><br \/>\n<a href=\"https:\/\/unser-quartier.de\/neustart-innenstadt\/beispiel-so-wird-gerechnet\/\" data-wpel-link=\"internal\"><b>\u27a4 zum Rechenbeispiel<\/b><\/a><\/p>\n<h3 style=\"color: #004874;\">Herten zum Vorfreuen:<\/h3>\n<p>So sch\u00f6n ist es jetzt schon, gemeinsam wird\u2019s noch sch\u00f6ner!<\/p>\n<p><a href=\"https:\/\/unser-quartier.de\/neustart-innenstadt\/so-schoen-ist-herten-jetzt-schon\/\" data-wpel-link=\"internal\"><img loading=\"lazy\" decoding=\"async\" class=\"alignnone wp-image-5314 size-full\" src=\"https:\/\/unser-quartier.de\/neustart-innenstadt\/files\/2021\/09\/Ansichten-Herten.jpg\" alt=\"Ansichten Herten Schloss und fu\u00dfg\u00e4ngerzone\" width=\"550\" height=\"188\" \/><\/a><\/p>\n<\/div>\n<\/div>\n<\/div>\n<\/div>\n<\/div>\n<\/div>\n","protected":false},"excerpt":{"rendered":"<p>Sie haben die Idee? Wir haben die Mittel: F\u00f6rderprogramm &#8222;Zukunftsf\u00e4hige Innenstadt und Ortszentren&#8220; Starten wir gemeinsam? In Herten warten sch\u00f6ne Ladenlokale zu stark reduzierter Miete. Das ist Ihre Chance: Sie k\u00f6nnen Ihr Projekt ganz entspannt testen, Beratung gibt\u2019s on top. So gewinnen alle: Die Innenstadt lebt auf \u2013 und Ihr Neustart l\u00e4uft unter besten Bedingungen!&hellip; <a class=\"continue\" href=\"https:\/\/unser-quartier.de\/neustart-innenstadt\/infos-fuer-potenzielle-mieter-innen\/\" data-wpel-link=\"internal\"> \u00bb weiterlesen: <span> F\u00fcr Mieter*innen<\/span><\/a><\/p>\n","protected":false},"author":740,"featured_media":0,"parent":0,"menu_order":0,"comment_status":"closed","ping_status":"closed","template":"","meta":{"generate_page_header":"","footnotes":""},"class_list":["post-4536","page","type-page","status-publish"],"_links":{"self":[{"href":"https:\/\/unser-quartier.de\/neustart-innenstadt\/wp-json\/wp\/v2\/pages\/4536","targetHints":{"allow":["GET"]}}],"collection":[{"href":"https:\/\/unser-quartier.de\/neustart-innenstadt\/wp-json\/wp\/v2\/pages"}],"about":[{"href":"https:\/\/unser-quartier.de\/neustart-innenstadt\/wp-json\/wp\/v2\/types\/page"}],"author":[{"embeddable":true,"href":"https:\/\/unser-quartier.de\/neustart-innenstadt\/wp-json\/wp\/v2\/users\/740"}],"replies":[{"embeddable":true,"href":"https:\/\/unser-quartier.de\/neustart-innenstadt\/wp-json\/wp\/v2\/comments?post=4536"}],"version-history":[{"count":3,"href":"https:\/\/unser-quartier.de\/neustart-innenstadt\/wp-json\/wp\/v2\/pages\/4536\/revisions"}],"predecessor-version":[{"id":8695,"href":"https:\/\/unser-quartier.de\/neustart-innenstadt\/wp-json\/wp\/v2\/pages\/4536\/revisions\/8695"}],"wp:attachment":[{"href":"https:\/\/unser-quartier.de\/neustart-innenstadt\/wp-json\/wp\/v2\/media?parent=4536"}],"curies":[{"name":"wp","href":"https:\/\/api.w.org\/{rel}","templated":true}]}}