{"id":4540,"date":"2021-03-18T12:08:21","date_gmt":"2021-03-18T11:08:21","guid":{"rendered":"https:\/\/unser-quartier.de\/neustart-innenstadt\/?page_id=4540"},"modified":"2024-05-28T09:16:46","modified_gmt":"2024-05-28T07:16:46","slug":"konzentrationsbereich-sofortprogramm-innenstadt","status":"publish","type":"page","link":"https:\/\/unser-quartier.de\/neustart-innenstadt\/konzentrationsbereich-sofortprogramm-innenstadt\/","title":{"rendered":"Aktionsbereich der Hertener Innenstadt"},"content":{"rendered":"<div id=\"pl-4540\"  class=\"panel-layout\" >\n<div id=\"pg-4540-0\"  class=\"panel-grid panel-no-style\"  data-style=\"{&quot;background_image_attachment&quot;:false,&quot;background_display&quot;:&quot;tile&quot;,&quot;full_height&quot;:&quot;&quot;,&quot;cell_alignment&quot;:&quot;flex-start&quot;}\" >\n<div id=\"pgc-4540-0-0\"  class=\"panel-grid-cell\"  data-weight=\"1\" >\n<div id=\"panel-4540-0-0-0\" class=\"so-panel widget widget_sow-editor panel-first-child panel-last-child\" data-index=\"0\" data-style=\"{&quot;background_image_attachment&quot;:false,&quot;background_display&quot;:&quot;tile&quot;,&quot;background_image_size&quot;:&quot;full&quot;,&quot;background_image_opacity&quot;:&quot;100&quot;,&quot;border_thickness&quot;:&quot;1px&quot;}\" >\n<div\n\t\t\t\n\t\t\tclass=\"so-widget-sow-editor so-widget-sow-editor-base\"\n\t\t\t\n\t\t><\/p>\n<div class=\"siteorigin-widget-tinymce textwidget\">\n<h2 style=\"color: #5f5f5f;\"><b>Gl\u00fcckspl\u00e4tze in der City: Der Aktionsbereich<\/b><br \/>\nHier sehen Sie, welche Stra\u00dfen in der Innenstadt auf Ihren Einsatz warten:<\/h2>\n<p><img loading=\"lazy\" decoding=\"async\" class=\"alignnone wp-image-8381 size-full\" src=\"https:\/\/unser-quartier.de\/neustart-innenstadt\/files\/2024\/04\/243932-Gluecksplaetze-Karte-Aktionsbereich-1.jpg\" alt=\"Einzugsgebiet ZIO Herten\" width=\"600\" height=\"849\" \/><\/p>\n<h3 style=\"color: #004874;\">Herten zum Vorfreuen:<\/h3>\n<p>So sch\u00f6n ist es jetzt schon, gemeinsam wird\u2019s noch sch\u00f6ner!<\/p>\n<p><a href=\" https:\/\/unser-quartier.de\/neustart-innenstadt\/so-schoen-ist-herten-jetzt-schon\/ \" data-wpel-link=\"internal\"><img loading=\"lazy\" decoding=\"async\" class=\"alignnone wp-image-5314 size-full\" src=\"https:\/\/unser-quartier.de\/neustart-innenstadt\/files\/2021\/09\/Ansichten-Herten.jpg\" alt=\"Ansichten Herten Schloss und fu\u00dfg\u00e4ngerzone\" width=\"550\" height=\"188\" \/><\/a><\/p>\n<\/div>\n<\/div>\n<\/div>\n<\/div>\n<\/div>\n<\/div>\n","protected":false},"excerpt":{"rendered":"<p>Gl\u00fcckspl\u00e4tze in der City: Der Aktionsbereich Hier sehen Sie, welche Stra\u00dfen in der Innenstadt auf Ihren Einsatz warten: Herten zum Vorfreuen: So sch\u00f6n ist es jetzt schon, gemeinsam wird\u2019s noch sch\u00f6ner!<\/p>\n","protected":false},"author":740,"featured_media":0,"parent":0,"menu_order":0,"comment_status":"closed","ping_status":"closed","template":"","meta":{"generate_page_header":"","footnotes":""},"class_list":["post-4540","page","type-page","status-publish"],"_links":{"self":[{"href":"https:\/\/unser-quartier.de\/neustart-innenstadt\/wp-json\/wp\/v2\/pages\/4540","targetHints":{"allow":["GET"]}}],"collection":[{"href":"https:\/\/unser-quartier.de\/neustart-innenstadt\/wp-json\/wp\/v2\/pages"}],"about":[{"href":"https:\/\/unser-quartier.de\/neustart-innenstadt\/wp-json\/wp\/v2\/types\/page"}],"author":[{"embeddable":true,"href":"https:\/\/unser-quartier.de\/neustart-innenstadt\/wp-json\/wp\/v2\/users\/740"}],"replies":[{"embeddable":true,"href":"https:\/\/unser-quartier.de\/neustart-innenstadt\/wp-json\/wp\/v2\/comments?post=4540"}],"version-history":[{"count":1,"href":"https:\/\/unser-quartier.de\/neustart-innenstadt\/wp-json\/wp\/v2\/pages\/4540\/revisions"}],"predecessor-version":[{"id":8390,"href":"https:\/\/unser-quartier.de\/neustart-innenstadt\/wp-json\/wp\/v2\/pages\/4540\/revisions\/8390"}],"wp:attachment":[{"href":"https:\/\/unser-quartier.de\/neustart-innenstadt\/wp-json\/wp\/v2\/media?parent=4540"}],"curies":[{"name":"wp","href":"https:\/\/api.w.org\/{rel}","templated":true}]}}