{"id":4542,"date":"2021-03-18T12:08:53","date_gmt":"2021-03-18T11:08:53","guid":{"rendered":"https:\/\/unser-quartier.de\/neustart-innenstadt\/?page_id=4542"},"modified":"2024-05-28T09:14:27","modified_gmt":"2024-05-28T07:14:27","slug":"beispiel-so-wird-gerechnet","status":"publish","type":"page","link":"https:\/\/unser-quartier.de\/neustart-innenstadt\/beispiel-so-wird-gerechnet\/","title":{"rendered":"Rechenbeispiel"},"content":{"rendered":"<div id=\"pl-4542\"  class=\"panel-layout\" >\n<div id=\"pg-4542-0\"  class=\"panel-grid panel-no-style\" >\n<div id=\"pgc-4542-0-0\"  class=\"panel-grid-cell\"  data-weight=\"1\" >\n<div id=\"panel-4542-0-0-0\" class=\"so-panel widget widget_sow-editor panel-first-child panel-last-child\" data-index=\"0\" data-style=\"{&quot;background_image_attachment&quot;:false,&quot;background_display&quot;:&quot;tile&quot;,&quot;background_image_size&quot;:&quot;full&quot;,&quot;background_image_opacity&quot;:&quot;100&quot;,&quot;border_thickness&quot;:&quot;1px&quot;}\" >\n<div\n\t\t\t\n\t\t\tclass=\"so-widget-sow-editor so-widget-sow-editor-base\"\n\t\t\t\n\t\t><\/p>\n<div class=\"siteorigin-widget-tinymce textwidget\">\n<h2 style=\"color: #5f5f5f;\"><b>Die Miete im Rechenbeispiel:<br \/>\nImmer ein gutes Ergebnis<\/b><\/h2>\n<p><b>Hier kommt unser Beispiel-Ladenlokal:<\/b><br \/>\nVerkaufsfl\u00e4che: 100 m<sup>2<\/sup> plus Sozialr\u00e4ume<br \/>\nAlte monatliche Netto-Kalt-Miete: 10,00 \u20ac\/m<sup>2<\/sup> = 1.000,00 \u20ac<\/p>\n<h3 style=\"color: #004874;\">Die Rechnung geht auf:<br \/>\nF\u00fcr Eigent\u00fcmer:innen und Mieter:innen<\/h3>\n<p>Die Stadt Herten mietet das Gesch\u00e4ft zu 70 % der Altmiete. Monatlich kommen f\u00fcr Sie als Eigent\u00fcmer:in 700,00 \u20ac Netto-Kalt-Miete ins Haus.<\/p>\n<p>Und als Mieter:in \u00fcbernehmen Sie das Ladenlokal zu 20 % der alten Netto-Kalt-Miete von der Stadt Herten.<br \/>\nIn diesem Fall kommen Sie f\u00fcr 200,00 \u20ac als Untermieter:in ins Gesch\u00e4ft \u2013 sogar w\u00f6rtlich! Dazu kommen Ihre Nebenkosten.<\/p>\n<h3 style=\"color: #004874;\">Was das Projektb\u00fcro leistet \u2013<br \/>\nund was Sie selbst \u00fcbernehmen<\/h3>\n<p>Wer einen Laden er\u00f6ffnet, hat au\u00dfer dem Gesch\u00e4ftsraum noch eine Menge anderer Dinge auf der To-do-Liste.<br \/>\nWir vom Projektb\u00fcro NEUSTART INNENSTADT unterst\u00fctzen Sie auch, wenn es um die Umsetzung Ihrer Gesch\u00e4ftsidee geht: Vom \u201ePapierkram\u201c wie Nutzungsgenehmigungen oder bei Antr\u00e4gen und Beh\u00f6rdenkommunikation.<br \/>\nUnd das ist Ihr Part: Die Kosten f\u00fcr Umbauarbeiten, Einrichtungsgegenst\u00e4nde und beh\u00f6rdliche Genehmigungen geh\u00f6ren nicht zum F\u00f6rderprogramm.<\/p>\n<h3 style=\"color: #004874;\">Der Neustart in Herten rechnet sich f\u00fcr alle:<\/h3>\n<p>Ob Mieter:in oder Eigent\u00fcmer:in \u2013 es lohnt sich f\u00fcr beide Seiten! Schauen Sie sich auf dieser Website um und melden Sie sich dann im Projektb\u00fcro.<\/p>\n<p><b>Starten wir gemeinsam?<\/b><\/p>\n<h3 style=\"color: #004874;\">Gl\u00fcckspl\u00e4tze in der City: Der Aktionsbereich<\/h3>\n<p><a href=\"https:\/\/unser-quartier.de\/neustart-innenstadt\/konzentrationsbereich-sofortprogramm-innenstadt\/\" data-wpel-link=\"internal\">Hier<\/a> sehen Sie, welche Stra\u00dfen in der Innenstadt auf Ihren<br \/>\nEinsatz warten:<\/p>\n<p><img loading=\"lazy\" decoding=\"async\" class=\"alignnone wp-image-8381 size-full\" src=\"https:\/\/unser-quartier.de\/neustart-innenstadt\/files\/2024\/04\/243932-Gluecksplaetze-Karte-Aktionsbereich-1.jpg\" alt=\"Einzugsgebiet ZIO Herten\" width=\"600\" height=\"849\" \/><\/p>\n<\/div>\n<\/div>\n<\/div>\n<\/div>\n<\/div>\n<\/div>\n","protected":false},"excerpt":{"rendered":"<p>Die Miete im Rechenbeispiel: Immer ein gutes Ergebnis Hier kommt unser Beispiel-Ladenlokal: Verkaufsfl\u00e4che: 100 m2 plus Sozialr\u00e4ume Alte monatliche Netto-Kalt-Miete: 10,00 \u20ac\/m2 = 1.000,00 \u20ac Die Rechnung geht auf: F\u00fcr Eigent\u00fcmer:innen und Mieter:innen Die Stadt Herten mietet das Gesch\u00e4ft zu 70 % der Altmiete. Monatlich kommen f\u00fcr Sie als Eigent\u00fcmer:in 700,00 \u20ac Netto-Kalt-Miete ins Haus.&hellip; <a class=\"continue\" href=\"https:\/\/unser-quartier.de\/neustart-innenstadt\/beispiel-so-wird-gerechnet\/\" data-wpel-link=\"internal\"> \u00bb weiterlesen: <span> Rechenbeispiel<\/span><\/a><\/p>\n","protected":false},"author":740,"featured_media":0,"parent":0,"menu_order":0,"comment_status":"closed","ping_status":"closed","template":"","meta":{"generate_page_header":"","footnotes":""},"class_list":["post-4542","page","type-page","status-publish"],"_links":{"self":[{"href":"https:\/\/unser-quartier.de\/neustart-innenstadt\/wp-json\/wp\/v2\/pages\/4542","targetHints":{"allow":["GET"]}}],"collection":[{"href":"https:\/\/unser-quartier.de\/neustart-innenstadt\/wp-json\/wp\/v2\/pages"}],"about":[{"href":"https:\/\/unser-quartier.de\/neustart-innenstadt\/wp-json\/wp\/v2\/types\/page"}],"author":[{"embeddable":true,"href":"https:\/\/unser-quartier.de\/neustart-innenstadt\/wp-json\/wp\/v2\/users\/740"}],"replies":[{"embeddable":true,"href":"https:\/\/unser-quartier.de\/neustart-innenstadt\/wp-json\/wp\/v2\/comments?post=4542"}],"version-history":[{"count":3,"href":"https:\/\/unser-quartier.de\/neustart-innenstadt\/wp-json\/wp\/v2\/pages\/4542\/revisions"}],"predecessor-version":[{"id":8414,"href":"https:\/\/unser-quartier.de\/neustart-innenstadt\/wp-json\/wp\/v2\/pages\/4542\/revisions\/8414"}],"wp:attachment":[{"href":"https:\/\/unser-quartier.de\/neustart-innenstadt\/wp-json\/wp\/v2\/media?parent=4542"}],"curies":[{"name":"wp","href":"https:\/\/api.w.org\/{rel}","templated":true}]}}