{"id":4827,"date":"2021-05-08T08:55:34","date_gmt":"2021-05-08T06:55:34","guid":{"rendered":"https:\/\/unser-quartier.de\/neustart-innenstadt\/?page_id=4827"},"modified":"2022-01-13T14:00:33","modified_gmt":"2022-01-13T13:00:33","slug":"der-projektraum-am-place-darras-zur-staerkung-der-innenstadt","status":"publish","type":"page","link":"https:\/\/unser-quartier.de\/neustart-innenstadt\/der-projektraum-am-place-darras-zur-staerkung-der-innenstadt\/","title":{"rendered":"Der Projektraum am Place d&#8217;Arras \u2013 zur St\u00e4rkung der Innenstadt"},"content":{"rendered":"<div id=\"pl-4827\"  class=\"panel-layout\" >\n<div id=\"pg-4827-0\"  class=\"panel-grid panel-no-style\" >\n<div id=\"pgc-4827-0-0\"  class=\"panel-grid-cell\"  data-weight=\"1\" >\n<div id=\"panel-4827-0-0-0\" class=\"so-panel widget widget_sow-editor panel-first-child\" data-index=\"0\" data-style=\"{&quot;background_image_attachment&quot;:false,&quot;background_display&quot;:&quot;tile&quot;}\" >\n<div class=\"so-widget-sow-editor so-widget-sow-editor-base\">\n<h3 class=\"widget-title\">F\u00fcr Vereine und B\u00fcrgerinitiativen<\/h3>\n<div class=\"siteorigin-widget-tinymce textwidget\">\n<div class=\"siteorigin-widget-tinymce textwidget\">\n<p>Seit Anfang 2021 erstrahlt das Ladenlokal an der Theodor-Heuss-Stra\u00dfe 26 in neuem Glanz und bildet den Standort f\u00fcr den Projektraum NEUSTART INNENSTADT.<\/p>\n<p>Dieser Raum steht fortan allen Bewohner*innen- und B\u00fcrgerschaftsgruppen, Vereinen und Initiativen kostenlos zur Verf\u00fcgung, die sich f\u00fcr die St\u00e4rkung der Hertener Innenstadt einsetzen wollen. Das kann z. B. Folgendes sein:<\/p>\n<ol>\n<li>Mutter-Kind-Treffen<\/li>\n<li>musikalische Angebote<\/li>\n<li>kulturelle oder integrative Projekte<\/li>\n<li>Beratungen<\/li>\n<li>regelm\u00e4\u00dfige Treffen von engagierten B\u00fcrgerinitiativen<\/li>\n<li>Ausstellungen von Vereinen o. \u00c4.<\/li>\n<\/ol>\n<figure id=\"attachment_4750\" aria-describedby=\"caption-attachment-4750\" style=\"width: 290px\" class=\"wp-caption alignleft\"><img loading=\"lazy\" decoding=\"async\" id=\"longdesc-return-4750\" class=\"size-medium wp-image-4750\" tabindex=\"-1\" src=\"https:\/\/unser-quartier.de\/neustart-innenstadt\/files\/2021\/04\/Foto-19.04.21-13-40-07-300x225.jpg\" alt=\"Projektraum NEUSTART INNENSTADT\" width=\"300\" height=\"225\" longdesc=\"https:\/\/unser-quartier.de\/neustart-innenstadt?longdesc=4750&amp;referrer=4827\" \/><figcaption id=\"caption-attachment-4750\" class=\"wp-caption-text\">Projektraum NEUSTART INNENSTADT<\/figcaption><\/figure>\n<p>Der 100 m\u00b2 gro\u00dfe Raum erstreckt sich \u00fcber 2 Ebenen. Im Erdgeschoss gibt&#8217;s einen gro\u00dfen Besprechungsbereich und eine offene Aktionsfl\u00e4che, eine gem\u00fctliche Ecke zum Chillen, eine Kinderspielecke und eine voll ausgestattete K\u00fcche sowie ein kleines WC. Auf der oberen Etage wurden 2 Arbeits- und B\u00fcropl\u00e4tze eingerichtet, die auch tempor\u00e4r genutzt werden k\u00f6nnen. \u00dcbrigens: Auch technisch bleiben hier keine W\u00fcnsche offen \u2013 mit Internet, Telefon und einem Beamer ist alles da, was Sie f\u00fcr etwaige Nutzungen brauchen.<\/p>\n<h2>Auch von au\u00dfen h\u00fcbsch<\/h2>\n<p>Damit&#8217;s auch von au\u00dfen sch\u00f6n aussieht, wurden die Schaufenster des Projektraums mit einer Gr\u00e4serlandschaft beklebt. Kitas und Schulen erg\u00e4nzen diese saisonal mit selbst gebastelten Motiven; z.B. im Fr\u00fchjahr mit bunten Schmetterlingen aus Tannenzapfen. Das passt dann auch sehr gut zur zuk\u00fcnftigen gr\u00fcnen Gestaltung des Place d&#8217;Arras im Rahmen des Projekts &#8222;<a href=\"https:\/\/unser-quartier.de\/neustart-innenstadt\/der-park-kommt-in-die-stadt\/\" data-wpel-link=\"internal\">Der Park kommt in die Stadt&#8220;<\/a>.<\/p>\n<h2>Idee f\u00fcr den Projektraum? Melden Sie sich bei uns!<\/h2>\n<p>Sie haben eine Idee zur Nutzung des Raums? Dann melden Sie sich gerne beim Projektb\u00fcro NEUSTART INNENSTADT! Das geht telefonisch unter 02366\/9 36 06 20 oder per Mail unter <a href=\"mailto:innenstadtbuero@innenstadt-herten.de\">innenstadtbuero@innenstadt-herten.de<\/a>, oder kommen Sie einfach am Projektb\u00fcro in der Ewaldstra\u00dfe 15 vorbei \u2013 wir freuen uns auf Sie!<\/p>\n<h2>Das gab&#8217;s in der Vergangenheit zu sehen &#8230;<\/h2>\n<figure id=\"attachment_4186\" aria-describedby=\"caption-attachment-4186\" style=\"width: 290px\" class=\"wp-caption alignright\"><img loading=\"lazy\" decoding=\"async\" id=\"longdesc-return-4186\" class=\"size-medium wp-image-4186\" tabindex=\"-1\" src=\"https:\/\/unser-quartier.de\/neustart-innenstadt\/files\/2020\/10\/Foto-08.10.20-10-30-31-300x225.jpg\" alt=\"Kunstaktion der Grundschule Herten-Mitte\" width=\"300\" height=\"225\" longdesc=\"https:\/\/unser-quartier.de\/neustart-innenstadt?longdesc=4186&amp;referrer=4827\" \/><figcaption id=\"caption-attachment-4186\" class=\"wp-caption-text\">Kunstaktion der Grundschule Herten-Mitte<\/figcaption><\/figure>\n<p>Seit seiner Er\u00f6ffnung erfreut sich der Projektraum einer wachsenden Beliebtheit. Neben der Buchung f\u00fcr tempor\u00e4re (z.B. Ferienangebote) oder einmalige Aktionen und Veranstaltungen finden dort inzwischen w\u00f6chentliche und monatliche Angebote von verschiedenen Innenstadtakteuren statt. Zudem eignete sich der Projektraum aufgrund seiner Lage und Transparenz als perfekter Standort bereits f\u00fcr vier Ausstellungen: Im Zuge des Wettbewerbs &#8222;Gr\u00fcne Orte in der Innenstadt&#8220; hat das Projektb\u00fcro NEUSTART INNENSTADT dort im November 2020 eine kleine <a href=\"https:\/\/unser-quartier.de\/neustart-innenstadt\/2020\/11\/ausstellung-fotowettbewerb-gruene-orte-in-der-innenstadt\/\" data-wpel-link=\"internal\">Foto-Auswahl von Hertener Hobbyfotografinnen und -fotografen<\/a> ausgestellt. Im Anschluss pr\u00e4sentierten einige <a href=\"https:\/\/unser-quartier.de\/neustart-innenstadt\/2020\/10\/die-ungeheuer-sind-los\/\" data-wpel-link=\"internal\">Kinder der Grundschule Herten-Mitte ihre tollen Kunstwerke<\/a>, ehe im Fr\u00fchjahr 2021 Passantinnen und Passanten am Place d&#8217;Arras dann <a href=\"https:\/\/unser-quartier.de\/neustart-innenstadt\/2021\/01\/gesteine-aus-aller-welt-in-der-innenstadt\/\" data-wpel-link=\"internal\">Gesteine aus aller Welt<\/a> bestaunen konnten. Der Geschichtskreis Schl\u00e4gel &amp; Eisen zeigte dort verschiedene Mineralien- und Gesteinsarten.\u00a0Im Sommer letzten Jahres stellte dann der K\u00fcnstler Adnan Kassim einige seiner tollen Werke im Projektraum aus.<\/p>\n<\/div>\n<\/div>\n<\/div>\n<\/div>\n<div id=\"panel-4827-0-0-1\" class=\"so-panel widget widget_media_video panel-last-child\" data-index=\"1\" data-style=\"{&quot;background_image_attachment&quot;:false,&quot;background_display&quot;:&quot;tile&quot;}\" ><h3 class=\"widget-title\">Zu Gast im Projektraum NEUSTART INNENSTADT<\/h3><div style=\"width:100%;\" class=\"wp-video\"><!--[if lt IE 9]><script>document.createElement('video');<\/script><![endif]-->\n<video class=\"wp-video-shortcode\" id=\"video-4827-1\" preload=\"metadata\" controls=\"controls\"><source type=\"video\/youtube\" src=\"https:\/\/youtu.be\/Dqs5lNARynY?_=1\" \/><a href=\"https:\/\/youtu.be\/Dqs5lNARynY\" data-wpel-link=\"external\" target=\"_self\" rel=\"nofollow external noopener noreferrer\" title=\"Externer Link: https:\/\/youtu.be\/Dqs5lNARynY\" class=\"ext-link wpel-icon-right\">https:\/\/youtu.be\/Dqs5lNARynY<span class=\"wpel-icon wpel-image wpel-icon-6\"><\/span><\/a><\/video><\/div><\/div>\n<\/div>\n<\/div>\n<\/div>\n","protected":false},"excerpt":{"rendered":"<p>F\u00fcr Vereine und B\u00fcrgerinitiativen Seit Anfang 2021 erstrahlt das Ladenlokal an der Theodor-Heuss-Stra\u00dfe 26 in neuem Glanz und bildet den Standort f\u00fcr den Projektraum NEUSTART INNENSTADT. Dieser Raum steht fortan allen Bewohner*innen- und B\u00fcrgerschaftsgruppen, Vereinen und Initiativen kostenlos zur Verf\u00fcgung, die sich f\u00fcr die St\u00e4rkung der Hertener Innenstadt einsetzen wollen. Das kann z. B. Folgendes&hellip; <a class=\"continue\" href=\"https:\/\/unser-quartier.de\/neustart-innenstadt\/der-projektraum-am-place-darras-zur-staerkung-der-innenstadt\/\" data-wpel-link=\"internal\"> \u00bb weiterlesen: <span> Der Projektraum am Place d&#8217;Arras \u2013 zur St\u00e4rkung der Innenstadt<\/span><\/a><\/p>\n","protected":false},"author":831,"featured_media":0,"parent":0,"menu_order":0,"comment_status":"closed","ping_status":"closed","template":"","meta":{"generate_page_header":"","footnotes":""},"class_list":["post-4827","page","type-page","status-publish"],"_links":{"self":[{"href":"https:\/\/unser-quartier.de\/neustart-innenstadt\/wp-json\/wp\/v2\/pages\/4827","targetHints":{"allow":["GET"]}}],"collection":[{"href":"https:\/\/unser-quartier.de\/neustart-innenstadt\/wp-json\/wp\/v2\/pages"}],"about":[{"href":"https:\/\/unser-quartier.de\/neustart-innenstadt\/wp-json\/wp\/v2\/types\/page"}],"author":[{"embeddable":true,"href":"https:\/\/unser-quartier.de\/neustart-innenstadt\/wp-json\/wp\/v2\/users\/831"}],"replies":[{"embeddable":true,"href":"https:\/\/unser-quartier.de\/neustart-innenstadt\/wp-json\/wp\/v2\/comments?post=4827"}],"version-history":[{"count":0,"href":"https:\/\/unser-quartier.de\/neustart-innenstadt\/wp-json\/wp\/v2\/pages\/4827\/revisions"}],"wp:attachment":[{"href":"https:\/\/unser-quartier.de\/neustart-innenstadt\/wp-json\/wp\/v2\/media?parent=4827"}],"curies":[{"name":"wp","href":"https:\/\/api.w.org\/{rel}","templated":true}]}}