{"id":5356,"date":"2021-10-07T10:38:58","date_gmt":"2021-10-07T08:38:58","guid":{"rendered":"https:\/\/unser-quartier.de\/neustart-innenstadt\/?page_id=5356"},"modified":"2024-07-02T10:58:43","modified_gmt":"2024-07-02T08:58:43","slug":"so-schoen-ist-herten-jetzt-schon","status":"publish","type":"page","link":"https:\/\/unser-quartier.de\/neustart-innenstadt\/so-schoen-ist-herten-jetzt-schon\/","title":{"rendered":"So sch\u00f6n ist Herten jetzt schon"},"content":{"rendered":"<div id=\"pl-5356\"  class=\"panel-layout\" >\n<div id=\"pg-5356-0\"  class=\"panel-grid panel-no-style\"  data-style=\"{&quot;background_image_attachment&quot;:false,&quot;background_display&quot;:&quot;tile&quot;,&quot;full_height&quot;:&quot;&quot;,&quot;cell_alignment&quot;:&quot;flex-start&quot;}\" >\n<div id=\"pgc-5356-0-0\"  class=\"panel-grid-cell\"  data-weight=\"1\" >\n<div id=\"panel-5356-0-0-0\" class=\"so-panel widget widget_sow-editor panel-first-child panel-last-child\" data-index=\"0\" data-style=\"{&quot;background_image_attachment&quot;:false,&quot;background_display&quot;:&quot;tile&quot;}\" >\n<div\n\t\t\t\n\t\t\tclass=\"so-widget-sow-editor so-widget-sow-editor-base\"\n\t\t\t\n\t\t><\/p>\n<div class=\"siteorigin-widget-tinymce textwidget\">\n<h2 style=\"color:#5f5f5f;\"><b>Gemeinsam wird\u2019s noch sch\u00f6ner<\/b><\/h2>\n<\/div>\n<\/div>\n<\/div>\n<\/div>\n<\/div>\n<div id=\"pg-5356-1\"  class=\"panel-grid panel-no-style\"  data-style=\"{&quot;background_image_attachment&quot;:false,&quot;background_display&quot;:&quot;tile&quot;,&quot;full_height&quot;:&quot;&quot;,&quot;cell_alignment&quot;:&quot;flex-start&quot;}\" >\n<div id=\"pgc-5356-1-0\"  class=\"panel-grid-cell\"  data-weight=\"1\" >\n<div id=\"panel-5356-1-0-0\" class=\"so-panel widget widget_sow-image panel-first-child\" data-index=\"1\" data-style=\"{&quot;background_image_attachment&quot;:false,&quot;background_display&quot;:&quot;tile&quot;,&quot;background_image_size&quot;:&quot;full&quot;,&quot;background_image_opacity&quot;:&quot;100&quot;,&quot;border_thickness&quot;:&quot;1px&quot;,&quot;font_color&quot;:&quot;#004874&quot;}\" >\n<div class=\"panel-widget-style panel-widget-style-for-5356-1-0-0\" ><div\n\t\t\t\n\t\t\tclass=\"so-widget-sow-image so-widget-sow-image-default-8b5b6f678277\"\n\t\t\t\n\t\t>\n<h3 class=\"widget-title\">Sch\u00f6n in Sachen Dienstleistung &amp; Bildung<\/h3>\n<div class=\"sow-image-container\">\n\t\t<img title=\"Sch\u00f6n in Sachen Dienstleistung &amp; Bildung\" alt=\"\" \t\tclass=\"so-widget-image\"\/>\n\t<\/div>\n\n<\/div><\/div>\n<\/div>\n<div id=\"panel-5356-1-0-1\" class=\"so-panel widget widget_sow-editor panel-last-child\" data-index=\"2\" data-style=\"{&quot;background_image_attachment&quot;:false,&quot;background_display&quot;:&quot;tile&quot;,&quot;background_image_size&quot;:&quot;full&quot;,&quot;background_image_opacity&quot;:&quot;100&quot;,&quot;border_thickness&quot;:&quot;1px&quot;}\" >\n<div\n\t\t\t\n\t\t\tclass=\"so-widget-sow-editor so-widget-sow-editor-base\"\n\t\t\t\n\t\t><\/p>\n<div class=\"siteorigin-widget-tinymce textwidget\">\n<p><em>Auf der Ewaldstra\u00dfe &#8230;<\/em><\/p>\n<p>&#8230; f\u00fchlen sich vor allem Dienstleister*innen und Bildungsanbieter*innen wohl \u2013 z. B. gibt&#8217;s hier die German Language Academy am Place d&#8217;Arras, Physiotherapie &amp; Massage, den Offenen Jugendtreff im Kreativ-Campus und das Projektb\u00fcro NEUSTART INNENSTADT.<\/p>\n<\/div>\n<\/div>\n<\/div>\n<\/div>\n<\/div>\n<div id=\"pg-5356-2\"  class=\"panel-grid panel-no-style\"  data-style=\"{&quot;background_image_attachment&quot;:false,&quot;background_display&quot;:&quot;tile&quot;,&quot;full_height&quot;:&quot;&quot;,&quot;cell_alignment&quot;:&quot;flex-start&quot;}\" >\n<div id=\"pgc-5356-2-0\"  class=\"panel-grid-cell\"  data-weight=\"1\" >\n<div id=\"panel-5356-2-0-0\" class=\"so-panel widget widget_sow-image panel-first-child\" data-index=\"3\" data-style=\"{&quot;background_image_attachment&quot;:false,&quot;background_display&quot;:&quot;tile&quot;,&quot;background_image_size&quot;:&quot;full&quot;,&quot;background_image_opacity&quot;:&quot;100&quot;,&quot;border_thickness&quot;:&quot;1px&quot;,&quot;font_color&quot;:&quot;#004874&quot;}\" >\n<div class=\"panel-widget-style panel-widget-style-for-5356-2-0-0\" ><div\n\t\t\t\n\t\t\tclass=\"so-widget-sow-image so-widget-sow-image-default-8b5b6f678277\"\n\t\t\t\n\t\t>\n<h3 class=\"widget-title\">Sch\u00f6n zum Shoppen<\/h3>\n<div class=\"sow-image-container\">\n\t\t<img title=\"Sch\u00f6n zum Shoppen\" alt=\"\" \t\tclass=\"so-widget-image\"\/>\n\t<\/div>\n\n<\/div><\/div>\n<\/div>\n<div id=\"panel-5356-2-0-1\" class=\"so-panel widget widget_sow-editor panel-last-child\" data-index=\"4\" data-style=\"{&quot;background_image_attachment&quot;:false,&quot;background_display&quot;:&quot;tile&quot;}\" >\n<div\n\t\t\t\n\t\t\tclass=\"so-widget-sow-editor so-widget-sow-editor-base\"\n\t\t\t\n\t\t><\/p>\n<div class=\"siteorigin-widget-tinymce textwidget\">\n<p><em>Die Hermannstra\u00dfe &#8230;<\/em><\/p>\n<p>&#8230; l\u00e4dt zum Bummeln ein: Hier hat sich haupts\u00e4chlich der Handel angesiedelt. Und Sie finden hier das ber\u00fchmte Glashaus: Darin befindet sich nicht nur die Stadtbibliothek \u2013 dort gibt&#8217;s auch regelm\u00e4\u00dfig tolle Veranstaltungen.<\/p>\n<\/div>\n<\/div>\n<\/div>\n<\/div>\n<\/div>\n<div id=\"pg-5356-3\"  class=\"panel-grid panel-no-style\"  data-style=\"{&quot;background_image_attachment&quot;:false,&quot;background_display&quot;:&quot;tile&quot;,&quot;full_height&quot;:&quot;&quot;,&quot;cell_alignment&quot;:&quot;flex-start&quot;}\" >\n<div id=\"pgc-5356-3-0\"  class=\"panel-grid-cell\"  data-weight=\"1\" >\n<div id=\"panel-5356-3-0-0\" class=\"so-panel widget widget_sow-image panel-first-child\" data-index=\"5\" data-style=\"{&quot;background_image_attachment&quot;:false,&quot;background_display&quot;:&quot;tile&quot;,&quot;background_image_size&quot;:&quot;full&quot;,&quot;background_image_opacity&quot;:&quot;100&quot;,&quot;border_thickness&quot;:&quot;1px&quot;,&quot;font_color&quot;:&quot;#004874&quot;}\" >\n<div class=\"panel-widget-style panel-widget-style-for-5356-3-0-0\" ><div\n\t\t\t\n\t\t\tclass=\"so-widget-sow-image so-widget-sow-image-default-8b5b6f678277\"\n\t\t\t\n\t\t>\n<h3 class=\"widget-title\">Sch\u00f6n zum Genie\u00dfen<\/h3>\n<div class=\"sow-image-container\">\n\t\t<img title=\"Sch\u00f6n zum Genie\u00dfen\" alt=\"\" \t\tclass=\"so-widget-image\"\/>\n\t<\/div>\n\n<\/div><\/div>\n<\/div>\n<div id=\"panel-5356-3-0-1\" class=\"so-panel widget widget_sow-editor panel-last-child\" data-index=\"6\" data-style=\"{&quot;background_image_attachment&quot;:false,&quot;background_display&quot;:&quot;tile&quot;}\" >\n<div\n\t\t\t\n\t\t\tclass=\"so-widget-sow-editor so-widget-sow-editor-base\"\n\t\t\t\n\t\t><\/p>\n<div class=\"siteorigin-widget-tinymce textwidget\">\n<p><em>Die Antoniusstra\u00dfe &#8230;<\/em><\/p>\n<p>&#8230; ist bekannt als Gastro-Meile: Hier k\u00f6nnen Sie sich kulinarisch verw\u00f6hnen lassen. Ob klassische D\u00f6nerbude, gutb\u00fcrgerliches Restaurant oder vegetarisch-veganer Imbiss \u2013 f\u00fcr jeden Geschmack ist etwas dabei!<\/p>\n<\/div>\n<\/div>\n<\/div>\n<\/div>\n<\/div>\n<\/div>\n","protected":false},"excerpt":{"rendered":"<p>Gemeinsam wird\u2019s noch sch\u00f6ner Auf der Ewaldstra\u00dfe &#8230; &#8230; f\u00fchlen sich vor allem Dienstleister*innen und Bildungsanbieter*innen wohl \u2013 z. B. gibt&#8217;s hier die German Language Academy am Place d&#8217;Arras, Physiotherapie &amp; Massage, den Offenen Jugendtreff im Kreativ-Campus und das Projektb\u00fcro NEUSTART INNENSTADT. Die Hermannstra\u00dfe &#8230; &#8230; l\u00e4dt zum Bummeln ein: Hier hat sich haupts\u00e4chlich der&hellip; <a class=\"continue\" href=\"https:\/\/unser-quartier.de\/neustart-innenstadt\/so-schoen-ist-herten-jetzt-schon\/\" data-wpel-link=\"internal\"> \u00bb weiterlesen: <span> So sch\u00f6n ist Herten jetzt schon<\/span><\/a><\/p>\n","protected":false},"author":868,"featured_media":0,"parent":0,"menu_order":0,"comment_status":"closed","ping_status":"closed","template":"","meta":{"generate_page_header":"","footnotes":""},"class_list":["post-5356","page","type-page","status-publish"],"_links":{"self":[{"href":"https:\/\/unser-quartier.de\/neustart-innenstadt\/wp-json\/wp\/v2\/pages\/5356","targetHints":{"allow":["GET"]}}],"collection":[{"href":"https:\/\/unser-quartier.de\/neustart-innenstadt\/wp-json\/wp\/v2\/pages"}],"about":[{"href":"https:\/\/unser-quartier.de\/neustart-innenstadt\/wp-json\/wp\/v2\/types\/page"}],"author":[{"embeddable":true,"href":"https:\/\/unser-quartier.de\/neustart-innenstadt\/wp-json\/wp\/v2\/users\/868"}],"replies":[{"embeddable":true,"href":"https:\/\/unser-quartier.de\/neustart-innenstadt\/wp-json\/wp\/v2\/comments?post=5356"}],"version-history":[{"count":3,"href":"https:\/\/unser-quartier.de\/neustart-innenstadt\/wp-json\/wp\/v2\/pages\/5356\/revisions"}],"predecessor-version":[{"id":8824,"href":"https:\/\/unser-quartier.de\/neustart-innenstadt\/wp-json\/wp\/v2\/pages\/5356\/revisions\/8824"}],"wp:attachment":[{"href":"https:\/\/unser-quartier.de\/neustart-innenstadt\/wp-json\/wp\/v2\/media?parent=5356"}],"curies":[{"name":"wp","href":"https:\/\/api.w.org\/{rel}","templated":true}]}}