{"id":6220,"date":"2022-10-06T15:54:25","date_gmt":"2022-10-06T13:54:25","guid":{"rendered":"https:\/\/unser-quartier.de\/neustart-innenstadt\/?page_id=6220"},"modified":"2024-11-11T12:15:04","modified_gmt":"2024-11-11T11:15:04","slug":"der-park-kommt-in-die-stadt","status":"publish","type":"page","link":"https:\/\/unser-quartier.de\/neustart-innenstadt\/der-park-kommt-in-die-stadt\/","title":{"rendered":"Der Park kommt in die Stadt!"},"content":{"rendered":"<div id=\"pl-6220\"  class=\"panel-layout\" >\n<div id=\"pg-6220-0\"  class=\"panel-grid panel-no-style\" >\n<div id=\"pgc-6220-0-0\"  class=\"panel-grid-cell\"  data-weight=\"1\" >\n<div id=\"panel-6220-0-0-0\" class=\"so-panel widget widget_sow-editor panel-first-child\" data-index=\"0\" data-style=\"{&quot;background_image_attachment&quot;:false,&quot;background_display&quot;:&quot;tile&quot;,&quot;background_image_size&quot;:&quot;full&quot;,&quot;background_image_opacity&quot;:&quot;100&quot;,&quot;border_thickness&quot;:&quot;1px&quot;}\" >\n<div\n\t\t\t\n\t\t\tclass=\"so-widget-sow-editor so-widget-sow-editor-base\"\n\t\t\t\n\t\t><\/p>\n<div class=\"siteorigin-widget-tinymce textwidget\">\n<p>&nbsp;<\/p>\n<p class=\"jetpack-slideshow-noscript robots-nocontent\">Diese Diashow ben\u00f6tigt JavaScript.<\/p>\n<div id=\"gallery-6220-1-slideshow\" class=\"jetpack-slideshow-window jetpack-slideshow jetpack-slideshow-black\" data-trans=\"fade\" data-autostart=\"1\" data-gallery=\"[{&quot;src&quot;:&quot;https:\\\/\\\/unser-quartier.de\\\/neustart-innenstadt\\\/files\\\/2022\\\/10\\\/21_ISBHERT_Ewald_0147.jpg&quot;,&quot;id&quot;:&quot;6387&quot;,&quot;title&quot;:&quot;221027_Ewaldstra\\u00dfe&quot;,&quot;alt&quot;:&quot;Die Ewaldstra\\u00dfe vor der Umgestaltung&quot;,&quot;caption&quot;:&quot;Die Ewaldstra\\u00dfe vor der Umgestaltung&quot;,&quot;itemprop&quot;:&quot;image&quot;},{&quot;src&quot;:&quot;https:\\\/\\\/unser-quartier.de\\\/neustart-innenstadt\\\/files\\\/2022\\\/10\\\/22_IBH_Baubeginn_0199.jpg&quot;,&quot;id&quot;:&quot;6251&quot;,&quot;title&quot;:&quot;22_IBH_Baubeginn_0199&quot;,&quot;alt&quot;:&quot;Auf der Ewaldstra\\u00dfe geht es los!&quot;,&quot;caption&quot;:&quot;Auf der Ewaldstra\\u00dfe geht es los!&quot;,&quot;itemprop&quot;:&quot;image&quot;},{&quot;src&quot;:&quot;https:\\\/\\\/unser-quartier.de\\\/neustart-innenstadt\\\/files\\\/2023\\\/06\\\/WhatsApp-Image-2023-06-07-at-14.01.56-2.jpeg&quot;,&quot;id&quot;:&quot;7000&quot;,&quot;title&quot;:&quot;230608_Ewaldstra\\u00dfe2&quot;,&quot;alt&quot;:&quot;Der Kanalbau befindet sich auf H\\u00f6he der Stuckengasse.&quot;,&quot;caption&quot;:&quot;Einbau des Regenwasserspeichers in der Ewaldstra\\u00dfe&quot;,&quot;itemprop&quot;:&quot;image&quot;},{&quot;src&quot;:&quot;https:\\\/\\\/unser-quartier.de\\\/neustart-innenstadt\\\/files\\\/2024\\\/11\\\/20241111_Ewaldstrasse_nachher_1.jpeg&quot;,&quot;id&quot;:&quot;9215&quot;,&quot;title&quot;:&quot;20241111_Ewaldstra\\u00dfe_nachher_1&quot;,&quot;alt&quot;:&quot;&quot;,&quot;caption&quot;:&quot;Ewaldstra\\u00dfe nach der Umgestaltung (Blick in Richtung Norden)&quot;,&quot;itemprop&quot;:&quot;image&quot;},{&quot;src&quot;:&quot;https:\\\/\\\/unser-quartier.de\\\/neustart-innenstadt\\\/files\\\/2024\\\/11\\\/20241111_Ewaldstrasse_nachher_2.jpeg&quot;,&quot;id&quot;:&quot;9216&quot;,&quot;title&quot;:&quot;20241111_Ewaldstra\\u00dfe_nachher_2&quot;,&quot;alt&quot;:&quot;&quot;,&quot;caption&quot;:&quot;Ewaldstra\\u00dfe nach der Umgestaltung (Blick in Richtung S\\u00fcden)&quot;,&quot;itemprop&quot;:&quot;image&quot;},{&quot;src&quot;:&quot;https:\\\/\\\/unser-quartier.de\\\/neustart-innenstadt\\\/files\\\/2024\\\/04\\\/24_IBH_Ewald_0210.jpg&quot;,&quot;id&quot;:&quot;8465&quot;,&quot;title&quot;:&quot;02_Er\\u00f6ffnung_Ewaldstra\\u00dfe&quot;,&quot;alt&quot;:&quot;Clowns Gromolo \\u0026amp; Tamburello&quot;,&quot;caption&quot;:&quot;Er\\u00f6ffnungsfest zur Einweihung der \\u0026#8222;neuen\\u0026#8220; Ewaldstra\\u00dfe&quot;,&quot;itemprop&quot;:&quot;image&quot;},{&quot;src&quot;:&quot;https:\\\/\\\/unser-quartier.de\\\/neustart-innenstadt\\\/files\\\/2024\\\/09\\\/20240911_163901.jpg&quot;,&quot;id&quot;:&quot;9057&quot;,&quot;title&quot;:&quot;20240911_163901&quot;,&quot;alt&quot;:&quot;Der linke Bereich des Durchgangs wurde bereits f\\u00fcr die Pflasterarbeiten vorbereitet.&quot;,&quot;caption&quot;:&quot;Neugestaltung des Durchgangs zwischen Bramh\\u00fcgel und Place d\\u0026#8217;Arras&quot;,&quot;itemprop&quot;:&quot;image&quot;},{&quot;src&quot;:&quot;https:\\\/\\\/unser-quartier.de\\\/neustart-innenstadt\\\/files\\\/2024\\\/10\\\/20241008_Baustelle_Bramhuegel_1.jpg&quot;,&quot;id&quot;:&quot;9123&quot;,&quot;title&quot;:&quot;20241008_Baustelle_Bramh\\u00fcgel_1&quot;,&quot;alt&quot;:&quot;Die Pflasterarbeiten an der Verbindung zur Richtung Kurt-Schumacher-Stra\\u00dfe wurden begonnen.&quot;,&quot;caption&quot;:&quot;Bauma\\u00dfnahmen am Bramh\\u00fcgel sind gestartet&quot;,&quot;itemprop&quot;:&quot;image&quot;},{&quot;src&quot;:&quot;https:\\\/\\\/unser-quartier.de\\\/neustart-innenstadt\\\/files\\\/2021\\\/03\\\/aa20200215_herten-innenstadt_antoniuskirchplatz-LP2.jpg&quot;,&quot;id&quot;:&quot;4492&quot;,&quot;title&quot;:&quot;20210302_Antoniuskirchplatz3&quot;,&quot;alt&quot;:&quot;Visualisierung der Planungen f\\u00fcr den Kirchplatz (Quelle: DTP)&quot;,&quot;caption&quot;:&quot;Visualisierung der Planungen f\\u00fcr den Kirchplatz (Quelle: DTP)&quot;,&quot;itemprop&quot;:&quot;image&quot;}]\" itemscope itemtype=\"https:\/\/schema.org\/ImageGallery\"><\/div>\n<\/div>\n<\/div>\n<\/div>\n<div id=\"panel-6220-0-0-1\" class=\"so-panel widget widget_sow-editor panel-last-child\" data-index=\"1\" data-style=\"{&quot;background_image_attachment&quot;:false,&quot;background_display&quot;:&quot;tile&quot;,&quot;background_image_size&quot;:&quot;full&quot;,&quot;background_image_opacity&quot;:&quot;100&quot;,&quot;border_thickness&quot;:&quot;1px&quot;}\" >\n<div\n\t\t\t\n\t\t\tclass=\"so-widget-sow-editor so-widget-sow-editor-base\"\n\t\t\t\n\t\t><\/p>\n<div class=\"siteorigin-widget-tinymce textwidget\">\n<p><strong>\u201eDer Park kommt in die Stadt\u201c:<\/strong> Das ist das Motto der Neugestaltung des \u00f6ffentlichen Raums im Rahmen des Stadtentwicklungsprojektes NEUSTART INNENSTADT der Stadt Herten. Unter diesem, vom Rat der Stadt beschlossenen Gestaltungsgrundsatz, l\u00e4uft aktuell die Neugestaltung des \u00f6ffentlichen Raums in der s\u00fcdlichen Innenstadt. Die Umgestaltung der s\u00fcdlichen Fu\u00dfg\u00e4ngerzone der Ewaldstra\u00dfe wurde bereits erfolgreich abgeschlossen, der Bramh\u00fcgel wird aktuell umgestaltet und auch der Antoniuskirchplatz soll noch ein neues Gesicht erhalten.<\/p>\n<p>Mit der Umsetzung des Gestaltungskonzeptes &#8222;Der Park kommt in die Stadt&#8220;, das bereits 2019 vom Planungsb\u00fcro <em>dtp<\/em> entwickelt wurde,\u00a0sollen die Qualit\u00e4ten des Schlossparks in die\u00a0Innenstadt transportiert werden und somit die \u00f6ffentlichen R\u00e4ume der\u00a0Innenstadt eine hohe Aufenthaltsqualit\u00e4t und eine gr\u00fcne Gestaltung\u00a0erhalten. Da die s\u00fcdliche Innenstadt zuk\u00fcnftig voraussichtlich kein prim\u00e4rer Standort des Einzelhandels mehr sein wird, sollen die Stra\u00dfen und Pl\u00e4tze in diesem Bereich insbesondere f\u00fcr die dort lebende Bev\u00f6lkerung attraktiver gestaltet werden. Durch die Entsiegelung und das zus\u00e4tzliche Gr\u00fcn soll den Bewohner*innen die M\u00f6glichkeit gegeben werden, den \u00f6ffentlichen Raum f\u00fcr sich zu nutzen, z. B. als Spiel-, Treff- oder Aufenthaltsfl\u00e4che.<span class=\"Apple-converted-space\">\u00a0<\/span><\/p>\n<p>Das Gestaltungskonzept sieht mehrere Teilbereiche vor, die nacheinander in entsprechenden Bauma\u00dfnahmen realisiert werden. Den Anfang machte bereits die s\u00fcdliche Ewaldstra\u00dfe zwischen Vitusstra\u00dfe und dem Place d\u00b4Arras. Direkt daran angrenzend wird aktuell der Bramh\u00fcgel als gr\u00fcnes Eingangstor zur Innenstadt umgestaltet. Im Anschluss wird der Antoniuskirchplatz als &#8222;Scharnier&#8220; zum Schlosspark attraktiver gestaltet. Die Oberfl\u00e4chengestaltung der genannten Bereiche wird dabei \u00fcber die St\u00e4dtebauf\u00f6rderung mit Unterst\u00fctzung des Bundes und des Landes NRW gef\u00f6rdert. Die Kanalbauarbeiten bzw. die Erstellung des Regenwasserspeichers wird mit finanzieller Unterst\u00fctzung der Emschergenossenschaft (EGLV) realisiert und innerhalb der Zukunftsinitiative Klima.Werk (<a href=\"http:\/\/www.klima-werk.de\/\" data-wpel-link=\"external\" target=\"_self\" rel=\"nofollow external noopener noreferrer\" title=\"Externer Link: www.klima-werk.de\" class=\"ext-link wpel-icon-right\">www.klima-werk.de<span class=\"wpel-icon wpel-image wpel-icon-6\"><\/span><\/a>) umgesetzt.<\/p>\n<p>\u00dcber die einzelnen Bauma\u00dfnahmen und die aktuellen Planungs- und\/oder Baufortschritte k\u00f6nnen Sie sich auf den folgenden Seiten kontinuierlich informieren.<\/p>\n<p><a href=\"https:\/\/unser-quartier.de\/neustart-innenstadt\/baumassnahme-ewaldstrasse\/\" data-wpel-link=\"internal\"><strong>Bauma\u00dfnahme &#8211; Ewaldstra\u00dfe &amp; Place d\u00b4Arras<\/strong><\/a><\/p>\n<p><a href=\"https:\/\/unser-quartier.de\/neustart-innenstadt\/baumassnahme-bramhuegel\/\" data-wpel-link=\"internal\"><strong>Bauma\u00dfnahme &#8211; Bramh\u00fcgel<\/strong><\/a><\/p>\n<p><a href=\"https:\/\/unser-quartier.de\/neustart-innenstadt\/baumassnahme-antoniuskirchplatz\/\" data-wpel-link=\"internal\"><strong>Bauma\u00dfnahme &#8211; Antoniuskirchplatz<\/strong><\/a><\/p>\n<p>Zudem k\u00f6nnen Sie im\u00a0folgenden Youtube Video die Grundz\u00fcge der Planungen noch einmal nachvollziehen.<\/p>\n<div class=\"lyte-wrapper\" style=\"width:560px;max-width:100%;margin:5px;\"><div class=\"lyMe\" id=\"WYL_pCfuRe8W7j0\"><div id=\"lyte_pCfuRe8W7j0\" data-src=\"https:\/\/unser-quartier.de\/neustart-innenstadt\/wp-content\/plugins\/wp-youtube-lyte\/lyteCache.php?origThumbUrl=%2F%2Fi.ytimg.com%2Fvi%2FpCfuRe8W7j0%2Fhqdefault.jpg\" class=\"pL\"><div class=\"tC\"><div class=\"tT\"><\/div><\/div><div class=\"play\"><\/div><div class=\"ctrl\"><div class=\"Lctrl\"><\/div><div class=\"Rctrl\"><\/div><\/div><\/div><noscript><a href=\"https:\/\/youtu.be\/pCfuRe8W7j0\" rel=\"nofollow external noopener noreferrer\" data-wpel-link=\"external\" target=\"_self\" title=\"Externer Link: &lt;img loading=&quot;lazy&quot; decoding=&quot;async&quot; src=&quot;https:\/\/unser-quartier.de\/neustart-innenstadt\/wp-content\/plugins\/wp-youtube-lyte\/lyteCache.php?origThumbUrl=https%3A%2F%2Fi.ytimg.com%2Fvi%2FpCfuRe8W7j0%2F0.jpg&quot; alt=&quot;&quot; width=&quot;560&quot; height=&quot;295&quot; \/&gt;\" class=\"ext-link\"><img loading=\"lazy\" decoding=\"async\" src=\"https:\/\/unser-quartier.de\/neustart-innenstadt\/wp-content\/plugins\/wp-youtube-lyte\/lyteCache.php?origThumbUrl=https%3A%2F%2Fi.ytimg.com%2Fvi%2FpCfuRe8W7j0%2F0.jpg\" alt=\"\" width=\"560\" height=\"295\" \/><\/a><\/noscript><\/div><\/div><div class=\"lL\" style=\"max-width:100%;width:560px;margin:5px;\"> <a href=\"https:\/\/youtu.be\/pCfuRe8W7j0\" target=\"_blank\" data-wpel-link=\"external\" rel=\"nofollow external noopener noreferrer\" title=\"Externer Link: Dieses Video auf YouTube ansehen\" class=\"ext-link wpel-icon-right\">Dieses Video auf YouTube ansehen<span class=\"wpel-icon wpel-image wpel-icon-6\"><\/span><\/a>.<\/div><\/p>\n<\/div>\n<\/div>\n<\/div>\n<\/div>\n<\/div>\n<\/div>\n","protected":false},"excerpt":{"rendered":"<p>&nbsp; Diese Diashow ben\u00f6tigt JavaScript. \u201eDer Park kommt in die Stadt\u201c: Das ist das Motto der Neugestaltung des \u00f6ffentlichen Raums im Rahmen des Stadtentwicklungsprojektes NEUSTART INNENSTADT der Stadt Herten. Unter diesem, vom Rat der Stadt beschlossenen Gestaltungsgrundsatz, l\u00e4uft aktuell die Neugestaltung des \u00f6ffentlichen Raums in der s\u00fcdlichen Innenstadt. Die Umgestaltung der s\u00fcdlichen Fu\u00dfg\u00e4ngerzone der Ewaldstra\u00dfe&hellip; <a class=\"continue\" href=\"https:\/\/unser-quartier.de\/neustart-innenstadt\/der-park-kommt-in-die-stadt\/\" data-wpel-link=\"internal\"> \u00bb weiterlesen: <span> Der Park kommt in die Stadt!<\/span><\/a><\/p>\n","protected":false},"author":740,"featured_media":0,"parent":0,"menu_order":0,"comment_status":"closed","ping_status":"closed","template":"","meta":{"generate_page_header":"","footnotes":""},"class_list":["post-6220","page","type-page","status-publish"],"_links":{"self":[{"href":"https:\/\/unser-quartier.de\/neustart-innenstadt\/wp-json\/wp\/v2\/pages\/6220","targetHints":{"allow":["GET"]}}],"collection":[{"href":"https:\/\/unser-quartier.de\/neustart-innenstadt\/wp-json\/wp\/v2\/pages"}],"about":[{"href":"https:\/\/unser-quartier.de\/neustart-innenstadt\/wp-json\/wp\/v2\/types\/page"}],"author":[{"embeddable":true,"href":"https:\/\/unser-quartier.de\/neustart-innenstadt\/wp-json\/wp\/v2\/users\/740"}],"replies":[{"embeddable":true,"href":"https:\/\/unser-quartier.de\/neustart-innenstadt\/wp-json\/wp\/v2\/comments?post=6220"}],"version-history":[{"count":3,"href":"https:\/\/unser-quartier.de\/neustart-innenstadt\/wp-json\/wp\/v2\/pages\/6220\/revisions"}],"predecessor-version":[{"id":9217,"href":"https:\/\/unser-quartier.de\/neustart-innenstadt\/wp-json\/wp\/v2\/pages\/6220\/revisions\/9217"}],"wp:attachment":[{"href":"https:\/\/unser-quartier.de\/neustart-innenstadt\/wp-json\/wp\/v2\/media?parent=6220"}],"curies":[{"name":"wp","href":"https:\/\/api.w.org\/{rel}","templated":true}]}}