{"id":6461,"date":"2022-12-08T12:30:34","date_gmt":"2022-12-08T11:30:34","guid":{"rendered":"https:\/\/unser-quartier.de\/neustart-innenstadt\/?page_id=6461"},"modified":"2022-12-14T11:49:42","modified_gmt":"2022-12-14T10:49:42","slug":"newsletter","status":"publish","type":"page","link":"https:\/\/unser-quartier.de\/neustart-innenstadt\/newsletter\/","title":{"rendered":"Newsletter"},"content":{"rendered":"<p>Das Projektb\u00fcro NEUSTART INNENSTADT informiert regelm\u00e4\u00dfig per E-Mail \u00fcber Neuigkeiten im Rahmen des Stadtentwicklungsprojektes NEUSTART\u00a0INNENSTADT der Stadt Herten. Dazu z\u00e4hlt nat\u00fcrlich auch die im Sp\u00e4therbst 2022 gestartete Bauma\u00dfnahme zur Umgestaltung der s\u00fcdlichen Innenstadt unter dem Motto &#8222;Der Park kommt in die Stadt&#8220;.\u00a0<\/p>\n<p>Gern nehmen wir Sie in unseren E-Mail-Verteiler auf, damit auch Sie fortan regelm\u00e4\u00dfig \u00fcber die Innenstadtentwicklung informiert werden. Wenn Sie sich hier f\u00fcr unseren Newsletter anmelden, erhalten Sie u.a. aktuelle Informationen \u00fcber Baufortschritte, Veranstaltungen und weitere wichtige Hinweise.<\/p>\n\n\t\t\t<form id=\"sib_signup_form_2\" method=\"post\" class=\"sib_signup_form\">\n\t\t\t\t<div class=\"sib_loader\" style=\"display:none;\"><img\n\t\t\t\t\t\t\tsrc=\"https:\/\/unser-quartier.de\/neustart-innenstadt\/wp-includes\/images\/spinner.gif\" alt=\"loader\"><\/div>\n\t\t\t\t<input type=\"hidden\" name=\"sib_form_action\" value=\"subscribe_form_submit\">\n\t\t\t\t<input type=\"hidden\" name=\"sib_form_id\" value=\"2\">\n                <input type=\"hidden\" name=\"sib_form_alert_notice\" value=\"Bitte f\u00fcllen Sie dieses Feld aus\">\n                <input type=\"hidden\" name=\"sib_form_invalid_email_notice\" value=\"Ihre E-Mail Adresse ist ung\u00fcltig\">\n                <input type=\"hidden\" name=\"sib_security\" value=\"d49051fd83\">\n\t\t\t\t<div class=\"sib_signup_box_inside_2\">\n\t\t\t\t\t<div style=\"\/*display:none*\/\" class=\"sib_msg_disp\">\n\t\t\t\t\t<\/div>\n                    \t\t\t\t\t<p class=\"sib-Vorname-area\"> \r\n    <label class=\"sib-Vorname-area\">Vorname*<\/label> <br>\r\n    <input type=\"text\" class=\"sib-VORNAME-area\" name=\"Vorname\" required=\"required\"> \r\n<\/p>\r\n<p class=\"sib-Nachname-area\"> \r\n    <label class=\"sib-Nachname-area\">Nachname*<\/label>\r\n<br>\r\n    <input type=\"text\" class=\"sib-NACHNAME-area\" name=\"Nachname\" required=\"required\"> \r\n<\/p>\r\n<p class=\"sib-email-area\">\r\n    E-Mail-Adresse*\r\n<br>\r\n    <input type=\"email\" class=\"sib-email-area\" name=\"email\" required=\"required\">\r\n<\/p>\r\n<\/p>\r\n<input type=\"checkbox\" name=\"terms\" required=\"required\"> Ich m\u00f6chte den Newsletter erhalten und akzeptiere die <a href=\"https:\/\/unser-quartier.de\/neustart-innenstadt\/impressum\/datenschutzerklaerung\/\" data-wpel-link=\"internal\">Datenschutzerkl\u00e4rung*<\/a>\r\n<\/p>\r\n    <input type=\"submit\" class=\"sib-default-btn\" value=\"Abonnieren\">\r\n<\/p>\r\n\t\t\t\t<\/div>\n\t\t\t<\/form>\n\t\t\t<style>\n\t\t\t\tform#sib_signup_form_2 { padding: 10px; -moz-box-sizing:border-box; -webkit-box-sizing: border-box; box-sizing: border-box; } form#sib_signup_form_2 input[type=text],form#sib_signup_form_2 input[type=email], form#sib_signup_form_2 select { width: 100%; border: 2px solid #bbb; height: auto; margin: 5px 0 0 0; } form#sib_signup_form_2 .sib-default-btn { margin: 5px 0; padding: 6px 12px; color:#62BB46; background-color: #fff; border-color: #62BB46; font-size: 18px; font-weight:400; line-height: 1.4285; text-align: center; cursor: pointer; vertical-align: middle; -webkit-user-select:none; -moz-user-select:none; -ms-user-select:none; user-select:none; white-space: normal; border:2px solid transparent; border-color: #62BB46; border-radius: 3px; } form#sib_signup_form_2 .sib-default-btn:hover { background-color: #62BB46; color:#fff } form#sib_signup_form_2 p{ margin: 10px 0 0 0; }form#sib_signup_form_2 p.sib-alert-message {\n    padding: 6px 12px;\n    margin-bottom: 20px;\n    border: 1px solid transparent;\n    border-radius: 4px;\n    -webkit-box-sizing: border-box;\n    -moz-box-sizing: border-box;\n    box-sizing: border-box;\n}\nform#sib_signup_form_2 p.sib-alert-message-error {\n    background-color: #f2dede;\n    border-color: #ebccd1;\n    color: #a94442;\n}\nform#sib_signup_form_2 p.sib-alert-message-success {\n    background-color: #dff0d8;\n    border-color: #d6e9c6;\n    color: #3c763d;\n}\nform#sib_signup_form_2 p.sib-alert-message-warning {\n    background-color: #fcf8e3;\n    border-color: #faebcc;\n    color: #8a6d3b;\n}\n\t\t\t<\/style>\n\t\t\t\n<p>Wir nutzen den Service von Sendinblue f\u00fcr die Versendung unserer Newsletter. Im Rahmen dieser Anmeldung erkl\u00e4ren Sie sich einverstanden, dass Ihre eingegebenen Daten an die Sendinblue GmbH \u00fcbermittelt werden. Bitte beachten Sie die <a href=\"https:\/\/de.sendinblue.com\/legal\/privacypolicy\/\" data-wpel-link=\"external\" target=\"_self\" rel=\"nofollow external noopener noreferrer\" title=\"Externer Link: Datenschutzbestimmungen\" class=\"ext-link wpel-icon-right\">Datenschutzbestimmungen<span class=\"wpel-icon wpel-image wpel-icon-6\"><\/span><\/a>\u00a0und <a href=\"https:\/\/de.sendinblue.com\/legal\/termsofuse\/\" data-wpel-link=\"external\" target=\"_self\" rel=\"nofollow external noopener noreferrer\" title=\"Externer Link: Allgemeinen Gesch\u00e4ftsbedingungen\" class=\"ext-link wpel-icon-right\">Allgemeinen Gesch\u00e4ftsbedingungen<span class=\"wpel-icon wpel-image wpel-icon-6\"><\/span><\/a> der Sendinblue GmbH.<\/p>\n","protected":false},"excerpt":{"rendered":"<p>Das Projektb\u00fcro NEUSTART INNENSTADT informiert regelm\u00e4\u00dfig per E-Mail \u00fcber Neuigkeiten im Rahmen des Stadtentwicklungsprojektes NEUSTART\u00a0INNENSTADT der Stadt Herten. Dazu z\u00e4hlt nat\u00fcrlich auch die im Sp\u00e4therbst 2022 gestartete Bauma\u00dfnahme zur Umgestaltung der s\u00fcdlichen Innenstadt unter dem Motto &#8222;Der Park kommt in die Stadt&#8220;.\u00a0 Gern nehmen wir Sie in unseren E-Mail-Verteiler auf, damit auch Sie fortan regelm\u00e4\u00dfig&hellip; <a class=\"continue\" href=\"https:\/\/unser-quartier.de\/neustart-innenstadt\/newsletter\/\" data-wpel-link=\"internal\"> \u00bb weiterlesen: <span> Newsletter<\/span><\/a><\/p>\n","protected":false},"author":740,"featured_media":0,"parent":0,"menu_order":0,"comment_status":"closed","ping_status":"closed","template":"","meta":{"generate_page_header":"","footnotes":""},"class_list":["post-6461","page","type-page","status-publish"],"_links":{"self":[{"href":"https:\/\/unser-quartier.de\/neustart-innenstadt\/wp-json\/wp\/v2\/pages\/6461","targetHints":{"allow":["GET"]}}],"collection":[{"href":"https:\/\/unser-quartier.de\/neustart-innenstadt\/wp-json\/wp\/v2\/pages"}],"about":[{"href":"https:\/\/unser-quartier.de\/neustart-innenstadt\/wp-json\/wp\/v2\/types\/page"}],"author":[{"embeddable":true,"href":"https:\/\/unser-quartier.de\/neustart-innenstadt\/wp-json\/wp\/v2\/users\/740"}],"replies":[{"embeddable":true,"href":"https:\/\/unser-quartier.de\/neustart-innenstadt\/wp-json\/wp\/v2\/comments?post=6461"}],"version-history":[{"count":1,"href":"https:\/\/unser-quartier.de\/neustart-innenstadt\/wp-json\/wp\/v2\/pages\/6461\/revisions"}],"predecessor-version":[{"id":6553,"href":"https:\/\/unser-quartier.de\/neustart-innenstadt\/wp-json\/wp\/v2\/pages\/6461\/revisions\/6553"}],"wp:attachment":[{"href":"https:\/\/unser-quartier.de\/neustart-innenstadt\/wp-json\/wp\/v2\/media?parent=6461"}],"curies":[{"name":"wp","href":"https:\/\/api.w.org\/{rel}","templated":true}]}}