{"id":8225,"date":"2024-03-07T15:32:21","date_gmt":"2024-03-07T14:32:21","guid":{"rendered":"https:\/\/unser-quartier.de\/neustart-innenstadt\/?page_id=8225"},"modified":"2025-01-16T14:14:07","modified_gmt":"2025-01-16T13:14:07","slug":"baustellentagebuch-bramhuegel","status":"publish","type":"page","link":"https:\/\/unser-quartier.de\/neustart-innenstadt\/baustellentagebuch-bramhuegel\/","title":{"rendered":"Baustellentagebuch zur Bauma\u00dfnahme Bramh\u00fcgel"},"content":{"rendered":"<p>Um Sie regelm\u00e4\u00dfig \u00fcber den Baufortschritt zu informieren, haben wir hier ein Baustellentagebuch eingerichtet, in dem w\u00f6chentlich \u00fcber die Bauarbeiten berichtet wird.\u00a0<\/p>\n<p>Zudem findet jeden Mittwoch um 13.30 Uhr eine \u00f6ffentliche Baustellensprechstunde im Projektb\u00fcro NEUSTART INNENSTADT (Ewaldstra\u00dfe 15) statt, in der Ihnen die Verantwortlichen der Bauma\u00dfnahme Rede und Antwort stehen und alle Fragen rund um die Baustelle beantworten.<\/p>\n<p><strong>KW 3<\/strong><\/p>\n<p>Der Durchgang zum Place d\u2019Arras und der Bereich entlang der Theodor-Heuss-Stra\u00dfe sind neu gepflastert, inklusive eines roten Fahrradwegs. Jetzt wird in Richtung Ampel an der Kurt-Schumacher-Stra\u00dfe weitergearbeitet. Auf Initiative der Hertener Stadtwerke wurde inzwischen auch der Durchgang zwischen Ewaldstra\u00dfe und Bramh\u00fcgel einer Auffrischungskur unterzogen. Die S\u00e4ulen und W\u00e4nde des Durchgangs wurden farblich neugestaltet und erg\u00e4nzen damit sehr gut das Leitmotiv der Neugestaltung \u201eDer Park kommt in die Stadt\u201c. \u00a0<\/p>\n<div id='gallery-1' class='gallery galleryid-8225 gallery-columns-3 gallery-size-thumbnail'><figure class='gallery-item'>\n\t\t\t<div class='gallery-icon '>\n\t\t\t\t<a href=\"https:\/\/unser-quartier.de\/neustart-innenstadt\/20250107_umbau-bramhuegel\/\" data-wpel-link=\"internal\">20250107_Umbau Bramh\u00fcgel<\/a>\n\t\t\t<\/div>\n\t\t\t\t<figcaption class='wp-caption-text gallery-caption' id='gallery-1-9480'>\n\t\t\t\tDie Pflasterarbeiten entlang der Th.-Heuss-Str. wurden fortgesetzt\n\t\t\t\t<\/figcaption><\/figure><figure class='gallery-item'>\n\t\t\t<div class='gallery-icon '>\n\t\t\t\t<a href=\"https:\/\/unser-quartier.de\/neustart-innenstadt\/20250107_durchgang_bramhuegel\/\" data-wpel-link=\"internal\">20250107_Durchgang_Bramh\u00fcgel<\/a>\n\t\t\t<\/div>\n\t\t\t\t<figcaption class='wp-caption-text gallery-caption' id='gallery-1-9479'>\n\t\t\t\tDer Durchgang zwischen Place d&#8217;Arras und Bramh\u00fcgel wurde neu gestaltet\n\t\t\t\t<\/figcaption><\/figure>\n\t\t<\/div>\n\n<p><strong>KW 47<\/strong><\/p>\n<p>Inzwischen wurde mit dem Ausbau des alten Pflasters im Durchgang zwischen Place d&#8217;Arras und Theodor-Heuss-Stra\u00dfe begonnen. Von dort aus geht es mit den Arbeiten weiter entlang der Theodor-Heuss-Stra\u00dfe bis zum Bramh\u00fcgel. Nach der Entfernung des alten Pflasters startet dann die Herstellung des neuen Unterbaus und anschlie\u00dfend der Einbau des neuen Pflasters. \u00a0\u00a0<\/p>\n<div id='gallery-2' class='gallery galleryid-8225 gallery-columns-3 gallery-size-thumbnail'><figure class='gallery-item'>\n\t\t\t<div class='gallery-icon '>\n\t\t\t\t<a href=\"https:\/\/unser-quartier.de\/neustart-innenstadt\/20241121_umbau_bramhuegel_1\/\" data-wpel-link=\"internal\">20241121_Umbau_Bramh\u00fcgel_1<\/a>\n\t\t\t<\/div>\n\t\t\t\t<figcaption class='wp-caption-text gallery-caption' id='gallery-2-9276'>\n\t\t\t\tEinbau der neuen Schottertragschicht\n\t\t\t\t<\/figcaption><\/figure><figure class='gallery-item'>\n\t\t\t<div class='gallery-icon '>\n\t\t\t\t<a href=\"https:\/\/unser-quartier.de\/neustart-innenstadt\/20241121_umbau_bramhuegel_2\/\" data-wpel-link=\"internal\">20241121_Umbau_Bramh\u00fcgel_2<\/a>\n\t\t\t<\/div>\n\t\t\t\t<figcaption class='wp-caption-text gallery-caption' id='gallery-2-9277'>\n\t\t\t\tAusbau des alten Pflasters\n\t\t\t\t<\/figcaption><\/figure>\n\t\t<\/div>\n\n<p><strong>KW 41<\/strong><\/p>\n<p>In den letzten Wochen wurden die Pflasterarbeiten im Durchgang zwischen Bramh\u00fcgel und Place d&#8217;Arras abgeschlossen und auf der s\u00fcdlichen Seite in Richtung Theodor-Heuss- und Kurt-Schumacher-Stra\u00dfe fortgesetzt. \u00a0<\/p>\n<div id='gallery-3' class='gallery galleryid-8225 gallery-columns-3 gallery-size-thumbnail'><figure class='gallery-item'>\n\t\t\t<div class='gallery-icon '>\n\t\t\t\t<a href=\"https:\/\/unser-quartier.de\/neustart-innenstadt\/20241008_baustelle_bramhuegel_1\/\" data-wpel-link=\"internal\">20241008_Baustelle_Bramh\u00fcgel_1<\/a>\n\t\t\t<\/div>\n\t\t\t\t<figcaption class='wp-caption-text gallery-caption' id='gallery-3-9123'>\n\t\t\t\tBauma\u00dfnahmen am Bramh\u00fcgel sind gestartet\n\t\t\t\t<\/figcaption><\/figure><figure class='gallery-item'>\n\t\t\t<div class='gallery-icon '>\n\t\t\t\t<a href=\"https:\/\/unser-quartier.de\/neustart-innenstadt\/20241009_baustelle_bramhuegel_2\/\" data-wpel-link=\"internal\">20241009_Baustelle_Bramh\u00fcgel_2<\/a>\n\t\t\t<\/div>\n\t\t\t\t<figcaption class='wp-caption-text gallery-caption' id='gallery-3-9124'>\n\t\t\t\tWege in Richtung Kurt-Schumacher-Stra\u00dfe\n\t\t\t\t<\/figcaption><\/figure>\n\t\t<\/div>\n\n<p>&nbsp;<\/p>\n<p><strong>KW 37<\/strong><\/p>\n<p>In dieser Woche haben die Pflasterarbeiten im Durchgang vom Place d&#8217;Arras zum Bramh\u00fcgel begonnen. Bereits in der kommenden Woche wird der Durchgang fertig gepflastert sein und die Arbeiten dann s\u00fcdlich des Durchgangs fortgesetzt.\u00a0<\/p>\n<div id='gallery-4' class='gallery galleryid-8225 gallery-columns-3 gallery-size-thumbnail'><figure class='gallery-item'>\n\t\t\t<div class='gallery-icon '>\n\t\t\t\t<a href=\"https:\/\/unser-quartier.de\/neustart-innenstadt\/baustellentagebuch-bramhuegel\/20240911_163727\/\" data-wpel-link=\"internal\">20240911_163727<\/a>\n\t\t\t<\/div>\n\t\t\t\t<figcaption class='wp-caption-text gallery-caption' id='gallery-4-9056'>\n\t\t\t\tDer rechte Bereich des Durchgangs wurde bereits gepflastert\n\t\t\t\t<\/figcaption><\/figure><figure class='gallery-item'>\n\t\t\t<div class='gallery-icon '>\n\t\t\t\t<a href=\"https:\/\/unser-quartier.de\/neustart-innenstadt\/20240911_163901\/\" data-wpel-link=\"internal\">20240911_163901<\/a>\n\t\t\t<\/div>\n\t\t\t\t<figcaption class='wp-caption-text gallery-caption' id='gallery-4-9057'>\n\t\t\t\tNeugestaltung des Durchgangs zwischen Bramh\u00fcgel und Place d&#8217;Arras\n\t\t\t\t<\/figcaption><\/figure>\n\t\t<\/div>\n\n<p>&nbsp;<\/p>\n<p><strong>KW 31<\/strong><\/p>\n<p>Der Umbau des Bramh\u00fcgels schreitet stetig voran. Nachdem in den letzten Wochen der Pflanzbereich vorbereitet wurde, k\u00f6nnen die Hertenerinnen und Hertener inzwischen bereits erste Strukturen erkennen, welche die sp\u00e4tere Gestaltung erahnen lassen.\u00a0<\/p>\n<div id='gallery-5' class='gallery galleryid-8225 gallery-columns-3 gallery-size-thumbnail'><figure class='gallery-item'>\n\t\t\t<div class='gallery-icon '>\n\t\t\t\t<a href=\"https:\/\/unser-quartier.de\/neustart-innenstadt\/baustellentagebuch-bramhuegel\/img_0202\/\" data-wpel-link=\"internal\">Bramh\u00fcgel_Beet_1<\/a>\n\t\t\t<\/div><\/figure><figure class='gallery-item'>\n\t\t\t<div class='gallery-icon '>\n\t\t\t\t<a href=\"https:\/\/unser-quartier.de\/neustart-innenstadt\/baustellentagebuch-bramhuegel\/img_0203\/\" data-wpel-link=\"internal\">Bramh\u00fcgel_Beet_2<\/a>\n\t\t\t<\/div><\/figure><figure class='gallery-item'>\n\t\t\t<div class='gallery-icon '>\n\t\t\t\t<a href=\"https:\/\/unser-quartier.de\/neustart-innenstadt\/baustellentagebuch-bramhuegel\/img_0204\/\" data-wpel-link=\"internal\">Bramh\u00fcgel_Beet_3<\/a>\n\t\t\t<\/div><\/figure>\n\t\t<\/div>\n\n<p>&nbsp;<\/p>\n<p><strong>KW 29<\/strong><\/p>\n<p>Im Bereich der Theodor-Heuss-Stra\u00dfe 26 wurde in den letzten Wochen der Pflanzbereich vorbereitetet und Pflanzsubstrat eingebaut. Beim Bodenaushub wurden unerwartete Betonteile gefunden, die zun\u00e4chst ausgebaut und entsorgt werden mussten. Parallel zum Fortgang der Baustelle hat die Hertener Berufsfeuerwehr in dieser Woche vor dem Haus Ewaldstra\u00dfe 30 einen Fahrversuch durchgef\u00fchrt. Hierdurch wurde die genaue ben\u00f6tigte Fl\u00e4che f\u00fcr die dort befindliche Feuerwehraufstellfl\u00e4che festgelegt.<\/p>\n<div id='gallery-6' class='gallery galleryid-8225 gallery-columns-2 gallery-size-thumbnail'><figure class='gallery-item'>\n\t\t\t<div class='gallery-icon '>\n\t\t\t\t<a href=\"https:\/\/unser-quartier.de\/neustart-innenstadt\/baustellentagebuch-bramhuegel\/20240717_umbau-bramhuegel-2\/\" data-wpel-link=\"internal\">20240717_Umbau Bramh\u00fcgel<\/a>\n\t\t\t<\/div>\n\t\t\t\t<figcaption class='wp-caption-text gallery-caption' id='gallery-6-8886'>\n\t\t\t\tArbeiten an den Pflanzbeeten und Leitungsverlegung\n\t\t\t\t<\/figcaption><\/figure><figure class='gallery-item'>\n\t\t\t<div class='gallery-icon '>\n\t\t\t\t<a href=\"https:\/\/unser-quartier.de\/neustart-innenstadt\/20240715_bramhuegel_anleiterversuch\/\" data-wpel-link=\"internal\">20240715_Bramh\u00fcgel_Anleiterversuch<\/a>\n\t\t\t<\/div>\n\t\t\t\t<figcaption class='wp-caption-text gallery-caption' id='gallery-6-8884'>\n\t\t\t\tAnleiterversuch der Feuerwehr\n\t\t\t\t<\/figcaption><\/figure>\n\t\t<\/div>\n\n<p><strong>KW 24<br \/>\n<\/strong>Derzeit werden weiterhin zahlreiche Leitungen, z. B. Gas und Stra\u00dfenbeleuchtung, verlegt bzw. neu verlegt und damit wichtige Vorarbeiten f\u00fcr die Neugestaltung des Bramh\u00fcgels geleistet.<\/p>\n<div id='gallery-7' class='gallery galleryid-8225 gallery-columns-2 gallery-size-thumbnail'><figure class='gallery-item'>\n\t\t\t<div class='gallery-icon '>\n\t\t\t\t<a href=\"https:\/\/unser-quartier.de\/neustart-innenstadt\/baustellentagebuch-bramhuegel\/20240612_baustelle_bramhuegel_2\/\" data-wpel-link=\"internal\">20240612_Baustelle_Bramh\u00fcgel_2<\/a>\n\t\t\t<\/div>\n\t\t\t\t<figcaption class='wp-caption-text gallery-caption' id='gallery-7-8724'>\n\t\t\t\tLeitungsverlegung im Bereich des Durchgangs zur Ewaldstra\u00dfe\n\t\t\t\t<\/figcaption><\/figure><figure class='gallery-item'>\n\t\t\t<div class='gallery-icon '>\n\t\t\t\t<a href=\"https:\/\/unser-quartier.de\/neustart-innenstadt\/20240612_baustelle_bramhuegel_1\/\" data-wpel-link=\"internal\">20240612_Baustelle_Bramh\u00fcgel_1<\/a>\n\t\t\t<\/div>\n\t\t\t\t<figcaption class='wp-caption-text gallery-caption' id='gallery-7-8723'>\n\t\t\t\tLeitungsverlegung im \u00dcbergang zur Theodor-Heuss-Stra\u00dfe\n\t\t\t\t<\/figcaption><\/figure>\n\t\t<\/div>\n\n<p><strong>KW 20<br \/>\n<\/strong>Der Umbau des Bramh\u00fcgels nimmt nun auch immer mehr Fahrt auf. Nachdem zun\u00e4chst das alte Pflaster sowie die darunterliegenden Schotterschichten in weiten Teilen entfernt wurden, startet nun die Leitungsverlegung. Derzeit werden Leitungen f\u00fcr die Stra\u00dfenbeleuchtung sowie weitere Versorgungsleitungen neu verlegt und hierzu die entsprechenden Gr\u00e4ben gezogen.<\/p>\n<div id='gallery-8' class='gallery galleryid-8225 gallery-columns-2 gallery-size-thumbnail'><figure class='gallery-item'>\n\t\t\t<div class='gallery-icon '>\n\t\t\t\t<a href=\"https:\/\/unser-quartier.de\/neustart-innenstadt\/baustellentagebuch-bramhuegel\/20240515_bramhuegel_leitungen1-2\/\" data-wpel-link=\"internal\">20240515_Bramh\u00fcgel_Leitungen1<\/a>\n\t\t\t<\/div><\/figure><figure class='gallery-item'>\n\t\t\t<div class='gallery-icon '>\n\t\t\t\t<a href=\"https:\/\/unser-quartier.de\/neustart-innenstadt\/baustellentagebuch-bramhuegel\/20240515_bramhuegel_leitungen\/\" data-wpel-link=\"internal\">20240515_Bramh\u00fcgel_Leitungen<\/a>\n\t\t\t<\/div><\/figure>\n\t\t<\/div>\n\n<p>&nbsp;<\/p>\n<div class=\"wp-block-image\">\u00a0<\/div>\n","protected":false},"excerpt":{"rendered":"<p>Um Sie regelm\u00e4\u00dfig \u00fcber den Baufortschritt zu informieren, haben wir hier ein Baustellentagebuch eingerichtet, in dem w\u00f6chentlich \u00fcber die Bauarbeiten berichtet wird.\u00a0 Zudem findet jeden Mittwoch um 13.30 Uhr eine \u00f6ffentliche Baustellensprechstunde im Projektb\u00fcro NEUSTART INNENSTADT (Ewaldstra\u00dfe 15) statt, in der Ihnen die Verantwortlichen der Bauma\u00dfnahme Rede und Antwort stehen und alle Fragen rund um&hellip; <a class=\"continue\" href=\"https:\/\/unser-quartier.de\/neustart-innenstadt\/baustellentagebuch-bramhuegel\/\" data-wpel-link=\"internal\"> \u00bb weiterlesen: <span> Baustellentagebuch zur Bauma\u00dfnahme Bramh\u00fcgel<\/span><\/a><\/p>\n","protected":false},"author":740,"featured_media":0,"parent":0,"menu_order":0,"comment_status":"closed","ping_status":"closed","template":"","meta":{"generate_page_header":"","footnotes":""},"class_list":["post-8225","page","type-page","status-publish"],"_links":{"self":[{"href":"https:\/\/unser-quartier.de\/neustart-innenstadt\/wp-json\/wp\/v2\/pages\/8225","targetHints":{"allow":["GET"]}}],"collection":[{"href":"https:\/\/unser-quartier.de\/neustart-innenstadt\/wp-json\/wp\/v2\/pages"}],"about":[{"href":"https:\/\/unser-quartier.de\/neustart-innenstadt\/wp-json\/wp\/v2\/types\/page"}],"author":[{"embeddable":true,"href":"https:\/\/unser-quartier.de\/neustart-innenstadt\/wp-json\/wp\/v2\/users\/740"}],"replies":[{"embeddable":true,"href":"https:\/\/unser-quartier.de\/neustart-innenstadt\/wp-json\/wp\/v2\/comments?post=8225"}],"version-history":[{"count":4,"href":"https:\/\/unser-quartier.de\/neustart-innenstadt\/wp-json\/wp\/v2\/pages\/8225\/revisions"}],"predecessor-version":[{"id":9499,"href":"https:\/\/unser-quartier.de\/neustart-innenstadt\/wp-json\/wp\/v2\/pages\/8225\/revisions\/9499"}],"wp:attachment":[{"href":"https:\/\/unser-quartier.de\/neustart-innenstadt\/wp-json\/wp\/v2\/media?parent=8225"}],"curies":[{"name":"wp","href":"https:\/\/api.w.org\/{rel}","templated":true}]}}