{"id":18,"date":"2014-01-22T08:48:18","date_gmt":"2014-01-22T07:48:18","guid":{"rendered":"http:\/\/unser-quartier.de\/tmp-musterblog3\/?page_id=18"},"modified":"2018-02-01T12:46:55","modified_gmt":"2018-02-01T11:46:55","slug":"ueber-uns","status":"publish","type":"page","link":"https:\/\/unser-quartier.de\/nordstadt-herford\/ueber-uns\/","title":{"rendered":"\u00dcber Uns"},"content":{"rendered":"<form action=\"#\" method=\"post\">\n<div>\n<p><span style=\"font-family: Arial, sans-serif\"><span style=\"font-size: large\"><b>ZWAR-Gruppe in Herford \u2013 neue Idee erfolgeich umgesetzt<\/b><\/span><\/span><\/p>\n<p><span style=\"font-family: Arial, sans-serif\"><span style=\"font-size: medium\">Im Fr\u00fchjahr 2017 wurde in der Herforder Nordstadt mit Unterst\u00fctzung der ZWAR Zentralstelle NRW das erste ZWAR-Netzwerk in Herford gegr\u00fcndet. Es richtet sich an Menschen<\/span><\/span><b> <\/b><strong><span style=\"font-family: Arial, sans-serif\"><span style=\"font-size: medium\"><b>ZW<\/b><\/span><\/span><\/strong><span style=\"font-family: Arial, sans-serif\"><span style=\"font-size: medium\">ischen<\/span><\/span><b> <\/b><strong><span style=\"font-family: Arial, sans-serif\"><span style=\"font-size: medium\"><b>A<\/b><\/span><\/span><\/strong><span style=\"font-family: Arial, sans-serif\"><span style=\"font-size: medium\">rbeit und <\/span><\/span><strong><span style=\"font-family: Arial, sans-serif\"><span style=\"font-size: medium\"><b>R<\/b><\/span><\/span><\/strong><span style=\"font-family: Arial, sans-serif\"><span style=\"font-size: medium\">uhestand, die eingeladen wurden, in dieser Gruppe selbstorganisiert ihren Interessen nachzugehen und gemeinsame Aktivit\u00e4ten zu planen und durchzuf\u00fchren.<\/span><\/span><\/p>\n<p><span style=\"font-family: Arial, sans-serif\"><span style=\"font-size: medium\">Die anfangs bange Frage, ob das denn in Herford funktionieren w\u00fcrde, l\u00e4sst sich nun eindeutig mit \u201eJa\u201c beantworten. Die Gruppe blickt auf ein Jahr zur\u00fcck, in dem zahlreiche Unternehmungen statt gefunden haben und regelm\u00e4\u00dfige Gruppenaktivit\u00e4ten etabliert wurden.<\/span><\/span><\/p>\n<p><span style=\"font-family: Arial, sans-serif\"><span style=\"font-size: medium\">Zu den ersten Aktivit\u00e4ten geh\u00f6rten Wanderungen und Radtouren, schnell gr\u00fcndete sich auch eine Kartenspielgruppe, die sich im Nachbarschaftszentrum Lerchenstra\u00dfe trifft. Unter dem Motto \u201eLecker Lesen\u201c finden hier auch monatliche Lesungen mit Dirk Strehl statt, nachdem vorher zusammen gegessen wurde.<\/span><\/span><\/p>\n<p><span style=\"font-family: Arial, sans-serif\"><span style=\"font-size: medium\">Eine \u201eLine-Dance Gruppe\u201c und seit Mai ein Kurs \u201eBewegung, Koordination und Gleich\u00adge\u00adwichts\u00adf\u00e4higkeit f\u00f6rdern; Spiel und Spa\u00df mit Zirkusmaterialien\u201c runden das Bewegungsangebot ab.<\/span><\/span><\/p>\n<p><span style=\"font-family: Arial, sans-serif\"><span style=\"font-size: medium\"><b>Viele neue Bewegungserfahrungen und Spa\u00df<\/b><\/span><\/span><\/p>\n<p>\u201e<span style=\"font-family: Arial, sans-serif\"><span style=\"font-size: medium\"><b>Guck mal, was ich doch noch kann!\u201c<\/b><\/span><\/span><\/p>\n<p><span style=\"font-family: Arial, sans-serif\"><span style=\"font-size: medium\">Vor den ZWAR-Gruppensitzungen kommen die Teilnehmer im Mehrzweckraum des B\u00fcrgertreffs Nordstern zusammen, um mit Jongliert\u00fcchern, -tellern, -b\u00e4llen, Diabolos und Pois neue Bewegungserfahrungen zu sammeln. Akrobatische Grund\u00fcbungen zu Balance und Gleichgewicht dienen der Sturzprophylaxe. Geleitet wird der Kurs von dem Zirkusp\u00e4dagogen Bernd Oberschachtsiek (Turngemeinde Herford, Abteilung Jonglage und mehr \u2026)<\/span><\/span><\/p>\n<p><span style=\"font-family: Arial, sans-serif\"><span style=\"font-size: medium\">Im Jahr 2018 wird der Kurs viertzehnt\u00e4gig fortgesetzt, immer um 18.45 Uhr von den ZWAR-Gruppen-Treffen. Man kann jederzeit in den Kurs einsteigen. Jeder ist willkommen.<\/span><\/span><\/p>\n<p><span style=\"font-family: Arial, sans-serif\"><span style=\"font-size: small\">Die inzwischen \u00fcber 30 Personen umfassende ZWAR-Gruppe trifft sich regelm\u00e4\u00dfig im B\u00fcrgertreff Nordstern, Magdeburger Stra\u00dfe 21, jeden zweiten Dienstag von 18.30- 20.30 Uhr und l\u00e4dt Interessierte herzlich ein, an den Gruppentreffen und Aktivit\u00e4ten teilzunehmen.<\/span><\/span><\/p>\n<p><span style=\"font-family: Arial, sans-serif\"><span style=\"font-size: small\">Termine und aktuelle Informationen finden Sie unter &#8222;Aktuelles&#8220;.<\/span><\/span><\/p>\n<p align=\"LEFT\"><strong><span style=\"font-family: Arial, sans-serif\"><span style=\"font-size: small\">Fragen zur ZWAR-Gruppe und ihren Aktivit\u00e4ten beantwortet Andreas Winter vom Diakonischen Werk Herford auch unter Telefon 174655 oder 529232.<\/span><\/span><\/strong><\/p>\n<p>&nbsp;<\/p>\n<\/div>\n<\/form>\n","protected":false},"excerpt":{"rendered":"<p>ZWAR-Gruppe in Herford \u2013 neue Idee erfolgeich umgesetzt Im Fr\u00fchjahr 2017 wurde in der Herforder Nordstadt mit Unterst\u00fctzung der ZWAR Zentralstelle NRW das erste ZWAR-Netzwerk in Herford gegr\u00fcndet. Es richtet sich an Menschen ZWischen Arbeit und Ruhestand, die eingeladen wurden, in dieser Gruppe selbstorganisiert ihren Interessen nachzugehen und gemeinsame Aktivit\u00e4ten zu planen und durchzuf\u00fchren. Die&hellip; <a class=\"continue\" href=\"https:\/\/unser-quartier.de\/nordstadt-herford\/ueber-uns\/\" data-wpel-link=\"internal\"> \u00bb weiterlesen: <span> \u00dcber Uns<\/span><\/a><\/p>\n","protected":false},"author":24,"featured_media":0,"parent":0,"menu_order":6,"comment_status":"closed","ping_status":"closed","template":"","meta":{"_bbp_topic_count":0,"_bbp_reply_count":0,"_bbp_total_topic_count":0,"_bbp_total_reply_count":0,"_bbp_voice_count":0,"_bbp_anonymous_reply_count":0,"_bbp_topic_count_hidden":0,"_bbp_reply_count_hidden":0,"_bbp_forum_subforum_count":0,"generate_page_header":"","footnotes":""},"class_list":["post-18","page","type-page","status-publish"],"_links":{"self":[{"href":"https:\/\/unser-quartier.de\/nordstadt-herford\/wp-json\/wp\/v2\/pages\/18","targetHints":{"allow":["GET"]}}],"collection":[{"href":"https:\/\/unser-quartier.de\/nordstadt-herford\/wp-json\/wp\/v2\/pages"}],"about":[{"href":"https:\/\/unser-quartier.de\/nordstadt-herford\/wp-json\/wp\/v2\/types\/page"}],"author":[{"embeddable":true,"href":"https:\/\/unser-quartier.de\/nordstadt-herford\/wp-json\/wp\/v2\/users\/24"}],"replies":[{"embeddable":true,"href":"https:\/\/unser-quartier.de\/nordstadt-herford\/wp-json\/wp\/v2\/comments?post=18"}],"version-history":[{"count":0,"href":"https:\/\/unser-quartier.de\/nordstadt-herford\/wp-json\/wp\/v2\/pages\/18\/revisions"}],"wp:attachment":[{"href":"https:\/\/unser-quartier.de\/nordstadt-herford\/wp-json\/wp\/v2\/media?parent=18"}],"curies":[{"name":"wp","href":"https:\/\/api.w.org\/{rel}","templated":true}]}}