{"id":2,"date":"2014-01-22T07:22:37","date_gmt":"2014-01-22T07:22:37","guid":{"rendered":"http:\/\/unser-quartier.de\/tmp-musterblog3\/?page_id=2"},"modified":"2017-06-13T17:16:16","modified_gmt":"2017-06-13T15:16:16","slug":"home","status":"publish","type":"page","link":"https:\/\/unser-quartier.de\/nordstadt-herford\/home\/","title":{"rendered":"Home"},"content":{"rendered":"<div id=\"pl-2\"  class=\"panel-layout\" ><div id=\"pg-2-0\"  class=\"panel-grid panel-no-style\" ><div id=\"pgc-2-0-0\"  class=\"panel-grid-cell\" ><div id=\"panel-2-0-0-0\" class=\"so-panel widget widget_sow-editor panel-first-child panel-last-child\" data-index=\"0\" ><div\n\t\t\t\n\t\t\tclass=\"so-widget-sow-editor so-widget-sow-editor-base\"\n\t\t\t\n\t\t>\n<div class=\"siteorigin-widget-tinymce textwidget\">\n\t<h2><span style=\"color: #053764\">Aktivit\u00e4ten * Begegnungen * Radtouren * Kulturveranstaltungen<\/span><\/h2>\n<p><strong>ZWAR-Gruppe Herford Nordstadt<\/strong><\/p>\n<p>Am 08.03.2017 wurde in der Herforder Nordstadt mit Unterst\u00fctzung der ZWAR Zentralstelle NRW das erste ZWAR-Netzwerk in Herford gegr\u00fcndet. Es richtet sich an Menschen <strong>ZW<\/strong>ischen <strong>A<\/strong>rbeit und <strong>R<\/strong>uhestand, die in dieser Gruppe selbstorganisiert ihren Interessen nachgehen und gemeinsame Aktivit\u00e4ten planen und durchf\u00fchren.<\/p>\n<p>Die inzwischen \u00fcber 20 Personen umfassende Gruppe trifft sich regelm\u00e4\u00dfig im B\u00fcrgertreff Nordstern, Magdeburger Stra\u00dfe 21, jeden zweiten Dienstag von 18.30- 20.30 Uhr und l\u00e4dt Interessierte herzlich ein, an den Gruppentreffen und Aktivit\u00e4ten teilzunehmen.<\/p>\n<p>Fragen zur ZWAR-Gruppe und ihren Aktivit\u00e4ten beantwortet Andreas Winter vom Diakonischen Werk Herford unter der Telefonnummer 174655 oder 529232.<\/p>\n<h2><span style=\"color: #053764\">Spa\u00df * Engagement * Kartenspiele * Wandern * Bewegung<\/span><\/h2>\n<\/div>\n<\/div><\/div><\/div><div id=\"pgc-2-0-1\"  class=\"panel-grid-cell\" ><div id=\"panel-2-0-1-0\" class=\"so-panel widget widget_em_widget panel-first-child panel-last-child\" data-index=\"1\" ><div class=\"panel-widget-style panel-widget-style-for-2-0-1-0\" ><h3 class=\"widget-title\">N\u00e4chste Veranstaltungen:<\/h3><div class=\"em pixelbones em-list-widget em-events-widget\"><li>Zur Zeit keine Veranstaltungen<\/li><li class=\"all-events-link\"><a href=\"https:\/\/unser-quartier.de\/nordstadt-herford\/veranstaltungen\/liste\/\" title=\"weitere Veranstaltungen\" data-wpel-link=\"internal\">weitere Veranstaltungen<\/a><\/li><\/div><\/div><\/div><\/div><\/div><div id=\"pg-2-1\"  class=\"panel-grid panel-no-style\" ><div id=\"pgc-2-1-0\"  class=\"panel-grid-cell\" ><div id=\"panel-2-1-0-0\" class=\"so-panel widget widget_metaslider_widget panel-first-child panel-last-child\" data-index=\"2\" ><div class=\"iw-med-up panel-widget-style panel-widget-style-for-2-1-0-0\" ><div id=\"metaslider-id-1157\" style=\"width: 100%; margin: 0 auto;\" class=\"ml-slider-3-93-0 metaslider metaslider-responsive metaslider-1157 ml-slider ms-theme-default\" role=\"region\" aria-roledescription=\"Slideshow\" aria-label=\"Slider auf der Startseite\">\n    <div id=\"metaslider_container_1157\">\n        <ul id='metaslider_1157' class='rslides'>\n            <li aria-roledescription='slide' aria-labelledby='slide-0'><img loading=\"lazy\" decoding=\"async\" src=\"https:\/\/unser-quartier.de\/nordstadt-herford\/files\/2017\/04\/Header-Nordstern-800x340.jpg\" height=\"340\" width=\"800\" alt=\"\" class=\"slider-1157 slide-1303\" \/><\/li>\n            <li style='display: none;' aria-roledescription='slide' aria-labelledby='slide-1'><img loading=\"lazy\" decoding=\"async\" src=\"https:\/\/unser-quartier.de\/nordstadt-herford\/files\/2017\/04\/Header-WWS1-800x340.jpg\" height=\"340\" width=\"800\" alt=\"\" class=\"slider-1157 slide-1304\" \/><\/li>\n            <li style='display: none;' aria-roledescription='slide' aria-labelledby='slide-2'><img loading=\"lazy\" decoding=\"async\" src=\"https:\/\/unser-quartier.de\/nordstadt-herford\/files\/2017\/04\/Header-Markuskirche-800x340.jpg\" height=\"340\" width=\"800\" alt=\"\" class=\"slider-1157 slide-1305\" \/><\/li>\n            <li style='display: none;' aria-roledescription='slide' aria-labelledby='slide-3'><img loading=\"lazy\" decoding=\"async\" src=\"https:\/\/unser-quartier.de\/nordstadt-herford\/files\/2017\/04\/Header-Grundschule-800x340.jpg\" height=\"340\" width=\"800\" alt=\"\" class=\"slider-1157 slide-1306\" \/><\/li>\n            <li style='display: none;' aria-roledescription='slide' aria-labelledby='slide-4'><img loading=\"lazy\" decoding=\"async\" src=\"https:\/\/unser-quartier.de\/nordstadt-herford\/files\/2017\/04\/Header-WWS2-800x340.jpg\" height=\"340\" width=\"800\" alt=\"\" class=\"slider-1157 slide-1307\" \/><\/li>\n            <li style='display: none;' aria-roledescription='slide' aria-labelledby='slide-5'><img loading=\"lazy\" decoding=\"async\" src=\"https:\/\/unser-quartier.de\/nordstadt-herford\/files\/2017\/04\/Header-Buttersee-800x340.jpg\" height=\"340\" width=\"800\" alt=\"\" class=\"slider-1157 slide-1308\" \/><\/li>\n            <li style='display: none;' aria-roledescription='slide' aria-labelledby='slide-6'><img loading=\"lazy\" decoding=\"async\" src=\"https:\/\/unser-quartier.de\/nordstadt-herford\/files\/2017\/04\/Header-VAB-800x340.jpg\" height=\"340\" width=\"800\" alt=\"\" class=\"slider-1157 slide-1309\" \/><\/li>\n        <\/ul>\n        \n    <\/div>\n<\/div><\/div><\/div><\/div><div id=\"pgc-2-1-1\"  class=\"panel-grid-cell\" ><div id=\"panel-2-1-1-0\" class=\"so-panel widget widget_meta panel-first-child panel-last-child\" data-index=\"3\" ><h3 class=\"widget-title\">Meta<\/h3>\n\t\t<ul>\n\t\t\t<li><a href=\"https:\/\/unser-quartier.de\/nordstadt-herford\/wp-login.php?action=register\" data-wpel-link=\"internal\">Registrieren<\/a><\/li>\t\t\t<li><a href=\"https:\/\/unser-quartier.de\/nordstadt-herford\/wp-login.php\" data-wpel-link=\"internal\">Anmelden<\/a><\/li>\n\t\t\t<li><a href=\"https:\/\/unser-quartier.de\/nordstadt-herford\/feed\/\" data-wpel-link=\"internal\">Eintrags-Feed<\/a><\/li>\n\t\t\t<li><a href=\"https:\/\/unser-quartier.de\/nordstadt-herford\/comments\/feed\/\" data-wpel-link=\"internal\">Kommentar-Feed<\/a><\/li>\n\n\t\t\t<li><a href=\"https:\/\/de.wordpress.org\/\" data-wpel-link=\"external\" target=\"_self\" rel=\"nofollow external noopener noreferrer\" title=\"Externer Link: WordPress.org\" class=\"ext-link wpel-icon-right\">WordPress.org<span class=\"wpel-icon wpel-image wpel-icon-6\"><\/span><\/a><\/li>\n\t\t<\/ul>\n\n\t\t<\/div><\/div><\/div><\/div>","protected":false},"excerpt":{"rendered":"<p>Aktivit\u00e4ten * Begegnungen * Radtouren * Kulturveranstaltungen ZWAR-Gruppe Herford Nordstadt Am 08.03.2017 wurde in der Herforder Nordstadt mit Unterst\u00fctzung der ZWAR Zentralstelle NRW das erste ZWAR-Netzwerk in Herford gegr\u00fcndet. Es richtet sich an Menschen ZWischen Arbeit und Ruhestand, die in dieser Gruppe selbstorganisiert ihren Interessen nachgehen und gemeinsame Aktivit\u00e4ten planen und durchf\u00fchren. Die inzwischen \u00fcber&hellip; <a class=\"continue\" href=\"https:\/\/unser-quartier.de\/nordstadt-herford\/home\/\" data-wpel-link=\"internal\"> \u00bb weiterlesen: <span> Home<\/span><\/a><\/p>\n","protected":false},"author":24,"featured_media":0,"parent":0,"menu_order":1,"comment_status":"closed","ping_status":"open","template":"","meta":{"_bbp_topic_count":0,"_bbp_reply_count":0,"_bbp_total_topic_count":0,"_bbp_total_reply_count":0,"_bbp_voice_count":0,"_bbp_anonymous_reply_count":0,"_bbp_topic_count_hidden":0,"_bbp_reply_count_hidden":0,"_bbp_forum_subforum_count":0,"generate_page_header":"","footnotes":""},"class_list":["post-2","page","type-page","status-publish"],"_links":{"self":[{"href":"https:\/\/unser-quartier.de\/nordstadt-herford\/wp-json\/wp\/v2\/pages\/2","targetHints":{"allow":["GET"]}}],"collection":[{"href":"https:\/\/unser-quartier.de\/nordstadt-herford\/wp-json\/wp\/v2\/pages"}],"about":[{"href":"https:\/\/unser-quartier.de\/nordstadt-herford\/wp-json\/wp\/v2\/types\/page"}],"author":[{"embeddable":true,"href":"https:\/\/unser-quartier.de\/nordstadt-herford\/wp-json\/wp\/v2\/users\/24"}],"replies":[{"embeddable":true,"href":"https:\/\/unser-quartier.de\/nordstadt-herford\/wp-json\/wp\/v2\/comments?post=2"}],"version-history":[{"count":0,"href":"https:\/\/unser-quartier.de\/nordstadt-herford\/wp-json\/wp\/v2\/pages\/2\/revisions"}],"wp:attachment":[{"href":"https:\/\/unser-quartier.de\/nordstadt-herford\/wp-json\/wp\/v2\/media?parent=2"}],"curies":[{"name":"wp","href":"https:\/\/api.w.org\/{rel}","templated":true}]}}