{"id":11557,"date":"2021-02-06T19:25:57","date_gmt":"2021-02-06T18:25:57","guid":{"rendered":"https:\/\/unser-quartier.de\/oberhausen\/?page_id=11557"},"modified":"2023-11-02T12:54:21","modified_gmt":"2023-11-02T11:54:21","slug":"kreis-kleve-und-stadt-kleve","status":"publish","type":"page","link":"https:\/\/unser-quartier.de\/oberhausen\/senioren-in-den-kommunen\/kreis-kleve-und-stadt-kleve\/","title":{"rendered":"Kreis Kleve"},"content":{"rendered":"<p>Herzogtum Kleve; 1092 wird der Name \u201eCleve\u201c erstmals urkundlich erw\u00e4hnt. Am 23. April 1816 wurde der\u00a0<a title=\"Externer Link: Kreis Kleve\" href=\"https:\/\/de.wikipedia.org\/wiki\/Kreis_Kleve\" data-wpel-link=\"external\" target=\"_self\" rel=\"nofollow external noopener noreferrer\" class=\"ext-link wpel-icon-right\">Kreis Kleve<span class=\"wpel-icon wpel-image wpel-icon-6\"><\/span><\/a>\u00a0als einer von 29\u00a0<a title=\"Externer Link: Kreisen\" href=\"https:\/\/de.wikipedia.org\/wiki\/Landkreis\" data-wpel-link=\"external\" target=\"_self\" rel=\"nofollow external noopener noreferrer\" class=\"ext-link wpel-icon-right\">Kreisen<span class=\"wpel-icon wpel-image wpel-icon-6\"><\/span><\/a>\u00a0der\u00a0<a title=\"Externer Link: Provinz J\u00fclich-Kleve-Berg\" href=\"https:\/\/de.wikipedia.org\/wiki\/Provinz_J%C3%BClich-Kleve-Berg\" data-wpel-link=\"external\" target=\"_self\" rel=\"nofollow external noopener noreferrer\" class=\"ext-link wpel-icon-right\">Provinz J\u00fclich-Kleve-Berg<span class=\"wpel-icon wpel-image wpel-icon-6\"><\/span><\/a>, der sp\u00e4teren\u00a0<a href=\"https:\/\/de.wikipedia.org\/wiki\/Rheinprovinz\" target=\"_blank\" rel=\"noopener noreferrer nofollow external\" data-wpel-link=\"external\" title=\"Externer Link: Rheinprovinz\" class=\"ext-link wpel-icon-right\">Rheinprovinz<span class=\"wpel-icon wpel-image wpel-icon-6\"><\/span><\/a>. Heute der n\u00f6rdlichste Teil des Regierungsbezirkes D\u00fcsseldorf.<\/p>\n\n<h2>Seniorenbeir\u00e4te<\/h2>\n<h3>Stadt Kleve &#8211; 16 Mitglieder im\u00a0 \u00a0<a href=\"https:\/\/ris.kleve.de\/gremien\/?__=UGhVM0hpd2NXNFdFcExjZVMs69GQv1CtIQLtIowPhqs\" target=\"_blank\" rel=\"noopener noreferrer nofollow external\" data-wpel-link=\"external\" title=\"Externer Link: Generationenbeirat\" class=\"ext-link wpel-icon-right\">Generationenbeirat<span class=\"wpel-icon wpel-image wpel-icon-6\"><\/span><\/a><\/h3>\n<h3>Kreis Kleve &#8211; 38 Mitglieder\u00a0\u00a0<\/h3>\n<p>Die Kreisseniorenvertretung Kleve ist ein kreisweiter Zusammenschluss aller kommunalen Seniorenvertretungen im Kreis Kleve. Sie besteht aus je zwei Mitgliedern aus jeder Kommune im Kreis Kleve und je einem Mitglied der Fraktionen\/Gruppen des Kreistages Kleve. Mindestens zweimal im Kalenderjahr findet eine ordentliche Sitzung der Kreisseniorenvertretung statt. In die Hauptsatzung des Kreises wurde mit dem 1.12.2020 eingef\u00fcgt:<\/p>\n<p>\u00a7 15 a Seniorenvertretung<br \/>\n(1) Die demografische Entwicklung im Kreis Kleve und damit einhergehend die wachsende Anzahl von Seniorinnen und Senioren in den Kommunen machen es erforderlich, die Interessen dieser Menschen verst\u00e4rkt wahrzunehmen. Sie sollen die politische Willensbildung mitgestalten und ihre Interessen auch auf \u00fcber\u00f6rtlicher Ebene zur Geltung bringen. Vor dem Hintergrund der politischen Teilhabe nach \u00a7 27a GO NRW wird im Kreis Kleve unter Beteiligung der im Kreis Kleve bestehenden kommunalen Seniorenvertretungen eine ehrenamtliche Kreisseniorenvertretung gegr\u00fcndet.<br \/>\n(2) Die Kreisseniorenvertretung hat den Kreistag, die weiteren Aussch\u00fcsse und Gremien sowie die Verwaltung in allen Fragen, die die Belange der Seniorinnen und Senioren ber\u00fchren, zu beraten, zu unterst\u00fctzen und zum Wohle der Seniorinnen und Senioren mitzuwirken.<br \/>\n(3) Die T\u00e4tigkeit der Kreisseniorenvertretung richtet sich nach der vom Kreistag beschlossenen Satzung.\u00a0<\/p>\n<table style=\"width: 67.8613%; height: 493px;\" width=\"405\">\n<tbody>\n<tr style=\"height: 24px;\">\n<td style=\"width: 24.6061%; height: 24px;\" width=\"158\">\n<h5><strong>Kreis Kleve<\/strong><\/h5>\n<\/td>\n<td style=\"width: 13.697%; height: 24px;\" width=\"103\">Einwohner<\/td>\n<td style=\"width: 26.036%; height: 24px; text-align: right;\" colspan=\"2\" width=\"144\">Seniorenbeirat<\/td>\n<\/tr>\n<tr style=\"height: 24px;\">\n<td style=\"width: 24.6061%; height: 24px;\">Stadt Kleve<\/td>\n<td style=\"width: 13.697%; height: 24px;\">\n<p style=\"text-align: center;\">50.301<\/p>\n<\/td>\n<td style=\"width: 1.72117%; height: 24px;\">bis 2020<\/td>\n<td style=\"width: 24.3148%; height: 24px;\">\u00a0<\/td>\n<\/tr>\n<tr style=\"height: 24px;\">\n<td style=\"width: 24.6061%; height: 24px;\">Stadt Emmerich\u00a0<\/td>\n<td style=\"width: 13.697%; height: 24px; text-align: center;\">\u00a0\u00a0\u00a0\u00a0\u00a0\u00a0\u00a0 30.775\u00a0\u00a0<\/td>\n<td style=\"width: 1.72117%; height: 24px; text-align: center;\">1<\/td>\n<td style=\"width: 24.3148%; height: 24px;\"><a href=\"https:\/\/emmerich.de\/de\/inhalt\/seniorenvertretung\/\" target=\"_blank\" rel=\"noopener nofollow external noreferrer\" data-wpel-link=\"external\" title=\"Externer Link: Mitglieder\" class=\"ext-link wpel-icon-right\">Mitglieder<span class=\"wpel-icon wpel-image wpel-icon-6\"><\/span><\/a><\/td>\n<\/tr>\n<tr style=\"height: 24px;\">\n<td style=\"width: 24.6061%; height: 24px;\">Stadt Geldern\u00a0<\/td>\n<td style=\"width: 13.697%; height: 24px; text-align: center;\">\u00a0\u00a0\u00a0\u00a0\u00a0\u00a0\u00a0 33.862\u00a0\u00a0<\/td>\n<td style=\"width: 1.72117%; height: 24px; text-align: center;\">1<\/td>\n<td style=\"width: 24.3148%; height: 24px;\"><a href=\"https:\/\/www.geldern.de\/de\/dienstleistungen\/seniorenbeirat\/\" target=\"_blank\" rel=\"noopener nofollow external noreferrer\" data-wpel-link=\"external\" title=\"Externer Link: Mitglieder\" class=\"ext-link wpel-icon-right\">Mitglieder<span class=\"wpel-icon wpel-image wpel-icon-6\"><\/span><\/a><\/td>\n<\/tr>\n<tr style=\"height: 24px;\">\n<td style=\"width: 24.6061%; height: 24px;\">Stadt Goch\u00a0<\/td>\n<td style=\"width: 13.697%; height: 24px; text-align: center;\">\u00a0\u00a0\u00a0\u00a0\u00a0\u00a0\u00a0 33.804\u00a0\u00a0<\/td>\n<td style=\"width: 1.72117%; height: 24px; text-align: center;\">1<\/td>\n<td style=\"width: 24.3148%; height: 24px;\"><a href=\"https:\/\/unser-quartier.de\/oberhausen\/2021\/01\/senioren-abgeschoben-und-vergessen\/\" target=\"_blank\" rel=\"noopener\" data-wpel-link=\"internal\">Beratung<\/a><\/td>\n<\/tr>\n<tr style=\"height: 24px;\">\n<td style=\"width: 24.6061%; height: 24px;\">Issum,\u00a0<\/td>\n<td style=\"width: 13.697%; height: 24px; text-align: center;\">\u00a0\u00a0\u00a0\u00a0\u00a0\u00a0\u00a0 11.929\u00a0\u00a0<\/td>\n<td style=\"width: 1.72117%; height: 24px; text-align: center;\">1<\/td>\n<td style=\"width: 24.3148%; height: 24px;\"><a href=\"https:\/\/www.issum.de\/de\/vereine\/seniorenbeirat\" target=\"_blank\" rel=\"noopener nofollow external noreferrer\" data-wpel-link=\"external\" title=\"Externer Link: Adresse\" class=\"ext-link wpel-icon-right\">Adresse<span class=\"wpel-icon wpel-image wpel-icon-6\"><\/span><\/a><\/td>\n<\/tr>\n<tr style=\"height: 24px;\">\n<td style=\"width: 24.6061%; height: 24px;\">Stadt Kevelaer<\/td>\n<td style=\"width: 13.697%; height: 24px; text-align: center;\">\u00a0\u00a0\u00a0\u00a0\u00a0\u00a0\u00a0 28.018\u00a0\u00a0<\/td>\n<td style=\"width: 1.72117%; height: 24px; text-align: center;\">1<\/td>\n<td style=\"width: 24.3148%; height: 24px;\"><a href=\"https:\/\/www.kevelaer.de\/de\/inhalt\/seniorenbeirat-8386171\/\" target=\"_blank\" rel=\"noopener nofollow external noreferrer\" data-wpel-link=\"external\" title=\"Externer Link: Mitglieder\" class=\"ext-link wpel-icon-right\">Mitglieder<span class=\"wpel-icon wpel-image wpel-icon-6\"><\/span><\/a><\/td>\n<\/tr>\n<tr style=\"height: 24px;\">\n<td style=\"width: 24.6061%; height: 24px;\">Stadt Rees<\/td>\n<td style=\"width: 13.697%; height: 24px; text-align: center;\">\u00a0\u00a0\u00a0\u00a0\u00a0\u00a0\u00a0 21.052\u00a0\u00a0<\/td>\n<td style=\"width: 1.72117%; height: 24px; text-align: center;\">1<\/td>\n<td style=\"width: 24.3148%; height: 24px;\"><a href=\"https:\/\/www.stadt-rees.de\/rathaus\/politik\/seniorenbeirat\/\" target=\"_blank\" rel=\"noopener nofollow external noreferrer\" data-wpel-link=\"external\" title=\"Externer Link: Mitglieder\" class=\"ext-link wpel-icon-right\">Mitglieder<span class=\"wpel-icon wpel-image wpel-icon-6\"><\/span><\/a><\/td>\n<\/tr>\n<tr style=\"height: 24px;\">\n<td style=\"width: 24.6061%; height: 24px;\">Stadt Straelen,\u00a0<\/td>\n<td style=\"width: 13.697%; height: 24px; text-align: center;\">\u00a0\u00a0\u00a0\u00a0\u00a0\u00a0\u00a0 16.230\u00a0\u00a0<\/td>\n<td style=\"width: 1.72117%; height: 24px; text-align: center;\">1<\/td>\n<td style=\"width: 24.3148%; height: 24px;\"><a href=\"https:\/\/www.straelen.de\/bildung-soziales\/familien-und-generationen\/senioren\/beirat-fuer-senioren-und-menschen-mit-behinderung\/\" target=\"_blank\" rel=\"noopener nofollow external noreferrer\" data-wpel-link=\"external\" title=\"Externer Link: Mitglieder\" class=\"ext-link wpel-icon-right\">Mitglieder<span class=\"wpel-icon wpel-image wpel-icon-6\"><\/span><\/a><\/td>\n<\/tr>\n<tr style=\"height: 24px;\">\n<td style=\"width: 24.6061%; height: 24px;\">Uedem\u00a0<\/td>\n<td style=\"width: 13.697%; height: 24px; text-align: center;\">\u00a0\u00a0\u00a0\u00a0\u00a0\u00a0\u00a0\u00a0\u00a0\u00a0 8.286\u00a0\u00a0<\/td>\n<td style=\"width: 1.72117%; height: 24px; text-align: center;\">1<\/td>\n<td style=\"width: 24.3148%; height: 24px;\"><a href=\"https:\/\/www.uedem.de\/de\/inhalt\/seniorenbeirat\/\" target=\"_blank\" rel=\"noopener nofollow external noreferrer\" data-wpel-link=\"external\" title=\"Externer Link: Mitglieder\" class=\"ext-link wpel-icon-right\">Mitglieder<span class=\"wpel-icon wpel-image wpel-icon-6\"><\/span><\/a><\/td>\n<\/tr>\n<tr style=\"height: 24px;\">\n<td style=\"width: 24.6061%; height: 24px;\">Weeze<\/td>\n<td style=\"width: 13.697%; height: 24px; text-align: center;\">\u00a0\u00a0\u00a0\u00a0\u00a0\u00a0\u00a0 11.208\u00a0\u00a0<\/td>\n<td style=\"width: 1.72117%; height: 24px; text-align: center;\">1<\/td>\n<td style=\"width: 24.3148%; height: 24px;\"><a href=\"https:\/\/www.weeze.de\/de\/inhalt\/seniorenbeirat-7386736\/\" target=\"_blank\" rel=\"noopener nofollow external noreferrer\" data-wpel-link=\"external\" title=\"Externer Link: Adresse\" class=\"ext-link wpel-icon-right\">Adresse<span class=\"wpel-icon wpel-image wpel-icon-6\"><\/span><\/a><\/td>\n<\/tr>\n<tr style=\"height: 24px;\">\n<td style=\"width: 24.6061%; height: 24px;\">\u00a0<\/td>\n<td style=\"width: 13.697%; height: 24px;\">\u00a0<\/td>\n<td style=\"width: 1.72117%; height: 24px;\">\u00a0<\/td>\n<td style=\"width: 24.3148%; height: 24px;\">\u00a0<\/td>\n<\/tr>\n<tr style=\"height: 24px;\">\n<td style=\"width: 24.6061%; height: 24px;\"><strong>Seniorenbeir\u00e4te<\/strong><\/td>\n<td style=\"width: 13.697%; height: 24px;\"><strong>\u00a0 \u00a0 \u00a0 230.465\u00a0<\/strong><\/td>\n<td style=\"width: 1.72117%; height: 24px;\"><strong>\u00a0 \u00a0 \u00a0 \u00a0 \u00a010\u00a0\u00a0<\/strong><\/td>\n<td style=\"width: 24.3148%; height: 24px;\">\u00a0<\/td>\n<\/tr>\n<tr style=\"height: 24px;\">\n<td style=\"width: 24.6061%; height: 24px;\">Stadt Kalkar<\/td>\n<td style=\"width: 13.697%; height: 24px; text-align: center;\">13.884<\/td>\n<td style=\"width: 1.72117%; height: 24px;\">neu 2020<\/td>\n<td style=\"width: 24.3148%; height: 24px;\"><a href=\"https:\/\/www.kalkar.de\/de\/presse\/ein-seniorenbeirat-jetzt-auch-neu-in-kalkar\/\" target=\"_blank\" rel=\"noopener nofollow external noreferrer\" data-wpel-link=\"external\" title=\"Externer Link: Mitglieder\" class=\"ext-link wpel-icon-right\">Mitglieder<span class=\"wpel-icon wpel-image wpel-icon-6\"><\/span><\/a><\/td>\n<\/tr>\n<tr style=\"height: 24px;\">\n<td style=\"width: 24.6061%; height: 24px;\">Bedburg-Hau<\/td>\n<td style=\"width: 13.697%; height: 24px; text-align: center;\">12.996<\/td>\n<td style=\"width: 1.72117%; height: 24px;\">\u00a0<\/td>\n<td style=\"width: 24.3148%; height: 24px;\"><a href=\"https:\/\/www.bedburg-hau.de\/de\/dienstleistungen\/seniorenbeirat\/\" target=\"_blank\" rel=\"noopener nofollow external noreferrer\" data-wpel-link=\"external\" title=\"Externer Link: Mitglieder\" class=\"ext-link wpel-icon-right\">Mitglieder<span class=\"wpel-icon wpel-image wpel-icon-6\"><\/span><\/a><\/td>\n<\/tr>\n<tr style=\"height: 24px;\">\n<td style=\"width: 24.6061%; height: 24px;\">Kerken<\/td>\n<td style=\"width: 13.697%; height: 24px; text-align: center;\">12.548<\/td>\n<td style=\"width: 1.72117%; height: 24px;\">\u00a0<\/td>\n<td style=\"width: 24.3148%; height: 24px;\">.\/.\u00a0<\/td>\n<\/tr>\n<tr style=\"height: 24px;\">\n<td style=\"width: 24.6061%; height: 24px;\">Kranenburg<\/td>\n<td style=\"width: 13.697%; height: 24px; text-align: center;\">10.719<\/td>\n<td style=\"width: 1.72117%; height: 24px;\">6 Senioren-<\/td>\n<td style=\"width: 24.3148%; height: 24px;\"><a href=\"https:\/\/www.kranenburg.de\/de\/inhalt\/aelter-werden-in-kranenburg\/\" target=\"_blank\" rel=\"noopener nofollow external noreferrer\" data-wpel-link=\"external\" title=\"Externer Link: Stuben\" class=\"ext-link wpel-icon-right\">Stuben<span class=\"wpel-icon wpel-image wpel-icon-6\"><\/span><\/a><\/td>\n<\/tr>\n<tr style=\"height: 24px;\">\n<td style=\"width: 24.6061%; height: 24px;\">Rheurdt<\/td>\n<td style=\"width: 13.697%; height: 24px; text-align: center;\">6.515<\/td>\n<td style=\"width: 1.72117%; height: 24px;\">\u00a0<\/td>\n<td style=\"width: 24.3148%; height: 24px;\">\u00a0<\/td>\n<\/tr>\n<tr style=\"height: 24px;\">\n<td style=\"width: 24.6061%; height: 24px;\">Wachtendonk<\/td>\n<td style=\"width: 13.697%; height: 24px; text-align: center;\">8.129<\/td>\n<td style=\"width: 1.72117%; height: 24px;\">\u00a0<\/td>\n<td style=\"width: 24.3148%; height: 24px;\">\u00a0<\/td>\n<\/tr>\n<tr style=\"height: 27px;\">\n<td style=\"width: 24.6061%; height: 27px;\">\u00fcbrige<\/td>\n<td style=\"width: 13.697%; height: 27px; text-align: center;\">\u00a0 \u00a0 \u00a0 \u00a0 \u00a0 \u00a0 \u00a0 \u00a0 16.154\u00a0\u00a0<\/td>\n<td style=\"width: 1.72117%; height: 27px;\">\u00a0<\/td>\n<td style=\"width: 24.3148%; height: 27px;\">\u00a0<\/td>\n<\/tr>\n<tr style=\"height: 10px;\">\n<td style=\"width: 24.6061%; height: 10px;\">Einwohner Gesamt\u00a0<\/td>\n<td style=\"width: 13.697%; height: 10px; text-align: center;\">311.410<\/td>\n<td style=\"width: 1.72117%; height: 10px;\">\u00a0<\/td>\n<td style=\"width: 24.3148%; height: 10px;\">\u00a0<\/td>\n<\/tr>\n<\/tbody>\n<\/table>\n<h2><strong>W<\/strong><strong>ohn- und Betreuungsangebote<\/strong><\/h2>\n<table style=\"width: 60.2424%; height: 358px;\">\n<tbody>\n<tr style=\"height: 56px;\">\n<td style=\"width: 33.3333%; height: 56px;\" width=\"348\">\n<p>Altenpflegeeinrichtungen 31.12-<\/p>\n<\/td>\n<td style=\"width: 12.3637%; height: 56px; text-align: center;\" width=\"88\">\n<p>2019<\/p>\n<p>52<\/p>\n<\/td>\n<td style=\"width: 6.7129%; height: 56px;\" width=\"130\">\n<p style=\"text-align: center;\">3.266<\/p>\n<p style=\"text-align: center;\">Pl\u00e4tze<\/p>\n<\/td>\n<td style=\"width: 4.01435%; height: 56px;\">\n<p>2021<\/p>\n<p style=\"text-align: center;\">54<\/p>\n<p>&nbsp;<\/p>\n<\/td>\n<td style=\"width: 3.57575%; height: 56px;\">\n<p style=\"text-align: center;\">3.380<\/p>\n<p style=\"text-align: center;\">Pl\u00e4tze<\/p>\n<\/td>\n<\/tr>\n<tr style=\"height: 56px;\">\n<td style=\"width: 33.3333%; height: 56px;\" width=\"348\">\n<p>Eingliederungshilfeeinrichtungen<\/p>\n<\/td>\n<td style=\"width: 12.3637%; height: 56px; text-align: center;\" width=\"88\">\n<p>12<\/p>\n<\/td>\n<td style=\"width: 6.7129%; height: 56px;\" width=\"130\">\n<p>1.296 Pl\u00e4tze<\/p>\n<\/td>\n<td style=\"width: 4.01435%; text-align: center; height: 56px;\">\n<p>12<\/p>\n<\/td>\n<td style=\"width: 3.57575%; text-align: center; height: 56px;\">\n<p>1.269<\/p>\n<\/td>\n<\/tr>\n<tr style=\"height: 56px;\">\n<td style=\"width: 33.3333%; height: 56px;\" width=\"348\">\n<p>Kurzzeitpflegeeinrichtungen<\/p>\n<\/td>\n<td style=\"width: 12.3637%; height: 56px; text-align: center;\" width=\"88\">\n<p>4<\/p>\n<\/td>\n<td style=\"width: 6.7129%; height: 56px;\" width=\"130\">\n<p>72 Pl\u00e4tze<\/p>\n<\/td>\n<td style=\"width: 4.01435%; text-align: center; height: 56px;\">\n<p>2<\/p>\n<\/td>\n<td style=\"width: 3.57575%; text-align: center; height: 56px;\">\n<p>23<\/p>\n<\/td>\n<\/tr>\n<tr style=\"height: 56px;\">\n<td style=\"width: 33.3333%; height: 56px;\" width=\"348\">\n<p>Tagespflegeeinrichtungen<\/p>\n<\/td>\n<td style=\"width: 12.3637%; height: 56px; text-align: center;\" width=\"88\">\n<p>15<\/p>\n<\/td>\n<td style=\"width: 6.7129%; height: 56px;\" width=\"130\">\n<p>206 Pl\u00e4tze<\/p>\n<\/td>\n<td style=\"width: 4.01435%; height: 56px;\">\n<p style=\"text-align: center;\">22<\/p>\n<\/td>\n<td style=\"width: 3.57575%; height: 56px;\">\n<p style=\"text-align: center;\">312<\/p>\n<\/td>\n<\/tr>\n<tr style=\"height: 56px;\">\n<td style=\"width: 33.3333%; height: 56px;\" width=\"348\">\n<p>Hospize<\/p>\n<\/td>\n<td style=\"width: 12.3637%; height: 56px; text-align: center;\" width=\"88\">\n<p>2<\/p>\n<\/td>\n<td style=\"width: 6.7129%; height: 56px;\" width=\"130\">\n<p>21 Pl\u00e4tze<\/p>\n<\/td>\n<td style=\"width: 4.01435%; text-align: center; height: 56px;\">\n<p>2<\/p>\n<\/td>\n<td style=\"width: 3.57575%; text-align: center; height: 56px;\">\n<p>26<\/p>\n<\/td>\n<\/tr>\n<tr style=\"height: 80px;\">\n<td style=\"width: 33.3333%; height: 78px;\" width=\"348\">\n<p>anbieterverantwortete Wohngemeinschaften<\/p>\n<\/td>\n<td style=\"width: 12.3637%; height: 78px; text-align: center;\" width=\"88\">\n<p>26<\/p>\n<\/td>\n<td style=\"width: 6.7129%; height: 78px; text-align: center;\" width=\"130\">\n<p>173 Pl\u00e4tze<\/p>\n<\/td>\n<td style=\"width: 4.01435%; text-align: center; height: 78px;\">\n<p>29<\/p>\n<\/td>\n<td style=\"width: 3.57575%; text-align: center; height: 78px;\">\n<p>185<\/p>\n<\/td>\n<\/tr>\n<\/tbody>\n<\/table>\n<h2>anerkannt Pflegebed\u00fcrftige<\/h2>\n<h3>Pflegebed\u00fcrftige<\/h3>\n<p>per 31.12. (2019 = 19.563) \u00a02021 = 20.778<\/p>\n<p>Davon waren in Einrichtungen untergebracht = (3.126) 3.138)<\/p>\n<p>In der H\u00e4uslichkeit mussten (16.437 = 84.02 %) 17.640 = 84,9% gepflegt werden, doch nur 4.521 erhielten fachliche Unterst\u00fctzung. Die Kurzzeitpflegepl\u00e4tze wurden abgebaut, Tagespflege zugebaut. Die Investitionskosten werden den Einrichtungen erstattet.<\/p>\n<h2><a href=\"https:\/\/www.kreis-kleve.de\/de\/fachbereich4\/pflege-heimaufsicht\/\" target=\"_blank\" rel=\"noopener nofollow external noreferrer\" data-wpel-link=\"external\" title=\"Externer Link: WTG-Aufsicht\" class=\"ext-link wpel-icon-right\">WTG-Aufsicht<span class=\"wpel-icon wpel-image wpel-icon-6\"><\/span><\/a><\/h2>\n<p>mit Ansprechpartner, Telefon und Informationen \u00fcber die Regelpr\u00fcfungen der Einrichtungen. Diese k\u00f6nnen nach Kommunen sortiert werden. Die <a href=\"https:\/\/www.kreis-kleve.de\/C12570CB0037AC59\/files\/wtg-taetigkeitsbericht_2021.pdf\" class=\"mtli_attachment mtli_pdf ext-link wpel-icon-right\" target=\"_blank\" rel=\"noopener nofollow external noreferrer\" data-wpel-link=\"external\" title=\"Externer Link: Berichte\">Berichte<span class=\"wpel-icon wpel-image wpel-icon-6\"><\/span><\/a> sind nicht aussgekr\u00e4ftig. Es gibt keinen Hinweis auf Bewohnerbeir\u00e4te.<\/p>\n<h2 class=\"heading\">Ausschuss f\u00fcr Arbeit, Gesundheit, Soziales und Demografie<\/h2>\n<p>besteht aus <a href=\"https:\/\/kis.kreis-kleve.de\/gremien\/?__=UGhVM0hpd2NXNFdFcExjZdn4o6206Q6TByeIsTbEIM0\" target=\"_blank\" rel=\"noopener nofollow external noreferrer\" data-wpel-link=\"external\" title=\"Externer Link: 16 stimmberechtigten Parteienvertreter\" class=\"ext-link wpel-icon-right\">16 stimmberechtigten Parteienvertreter<span class=\"wpel-icon wpel-image wpel-icon-6\"><\/span><\/a><\/p>\n<h2>Kommunale Pflege und Gesundheitskonferenz<\/h2>\n<p>Um eine sachgerechte Beteiligung der kreisangeh\u00f6rigen St\u00e4dte und Gemeinden zu gew\u00e4hrleisten, den Vorgaben des neuen Gesetzes zu entsprechen und um im \u00dcbrigen die Arbeitsf\u00e4higkeit der KPGK nicht durch eine zu gro\u00dfe Teilnehmerzahl zu belasten, hat sich die Verwaltung mit den B\u00fcrgermeistern der Kommunen darauf verst\u00e4ndigt, dass diese mit insgesamt einem festen Teilnehmerplatz in der KPGK vertreten sein werden. Das Entsendungsrecht zu den Sitzungen obliegt dem jeweiligen Vorsitzenden der \u201eKonferenz der B\u00fcrgermeister und des Landrates\u201c. Wer konkret entsendet wird, kann dann auch themen- und situationsbedingt wechseln. Die Sitzungsunterlagen und Niederschriften werden allen Kommunen zur Kenntnis gegeben. Ob durch diese gefilterte Transparenz die Zukunft der Senioren, wie vom Land vorgesehen, gestaltet werden kann oder nur wahrgenommen werden soll?\u00a0 Die <a href=\"https:\/\/recht.nrw.de\/lmi\/owa\/br_bes_detail?sg=0&amp;menu=0&amp;bes_id=28544&amp;anw_nr=2&amp;aufgehoben=N&amp;det_id=433429\" target=\"_blank\" rel=\"noopener nofollow external noreferrer\" data-wpel-link=\"external\" title=\"Externer Link: Durchf\u00fchrungsverordnung des Landes zu \u00a7 8 APG.\" class=\"ext-link wpel-icon-right\">Durchf\u00fchrungsverordnung des Landes zu \u00a7 8 APG.<span class=\"wpel-icon wpel-image wpel-icon-6\"><\/span><\/a><\/p>\n<h3><a href=\"https:\/\/www.kreis-kleve.de\/de\/fachbereich1\/kreistagsinformationssystem\/&amp;nid1=52024\" target=\"_blank\" rel=\"noopener nofollow external noreferrer\" data-wpel-link=\"external\" title=\"Externer Link: Kreistagsinformationssystem\" class=\"ext-link wpel-icon-right\">Kreistagsinformationssystem<span class=\"wpel-icon wpel-image wpel-icon-6\"><\/span><\/a><\/h3>\n<p>Wir wollen mit dieser Homepage Anregungen und Hilfestellung geben, damit die Belange der Senioren gesehen und eingebracht werden k\u00f6nnen. &gt;&gt;&gt;Zur\u00fcck zu S<a href=\"https:\/\/wp.me\/P91Zz0-2yu\" data-wpel-link=\"external\" target=\"_self\" rel=\"nofollow external noopener noreferrer\" title=\"Externer Link: enioren in Kommunen\" class=\"ext-link wpel-icon-right\">enioren in Kommunen<span class=\"wpel-icon wpel-image wpel-icon-6\"><\/span><\/a>\u201c&lt;&lt;&lt;<\/p>\n","protected":false},"excerpt":{"rendered":"<p>Herzogtum Kleve; 1092 wird der Name \u201eCleve\u201c erstmals urkundlich erw\u00e4hnt. Am 23. April 1816 wurde der\u00a0Kreis Kleve\u00a0als einer von 29\u00a0Kreisen\u00a0der\u00a0Provinz J\u00fclich-Kleve-Berg, der sp\u00e4teren\u00a0Rheinprovinz. Heute der n\u00f6rdlichste Teil des Regierungsbezirkes D\u00fcsseldorf. Seniorenbeir\u00e4te Stadt Kleve &#8211; 16 Mitglieder im\u00a0 \u00a0Generationenbeirat Kreis Kleve &#8211; 38 Mitglieder\u00a0\u00a0 Die Kreisseniorenvertretung Kleve ist ein kreisweiter Zusammenschluss aller kommunalen Seniorenvertretungen im Kreis&hellip; <a class=\"continue\" href=\"https:\/\/unser-quartier.de\/oberhausen\/senioren-in-den-kommunen\/kreis-kleve-und-stadt-kleve\/\" data-wpel-link=\"internal\"> \u00bb weiterlesen: <span> Kreis Kleve<\/span><\/a><\/p>\n","protected":false},"author":612,"featured_media":0,"parent":9826,"menu_order":0,"comment_status":"closed","ping_status":"closed","template":"","meta":{"_monsterinsights_skip_tracking":false,"_monsterinsights_sitenote_active":false,"_monsterinsights_sitenote_note":"","_monsterinsights_sitenote_category":0,"generate_page_header":"","footnotes":""},"class_list":["post-11557","page","type-page","status-publish"],"_links":{"self":[{"href":"https:\/\/unser-quartier.de\/oberhausen\/wp-json\/wp\/v2\/pages\/11557","targetHints":{"allow":["GET"]}}],"collection":[{"href":"https:\/\/unser-quartier.de\/oberhausen\/wp-json\/wp\/v2\/pages"}],"about":[{"href":"https:\/\/unser-quartier.de\/oberhausen\/wp-json\/wp\/v2\/types\/page"}],"author":[{"embeddable":true,"href":"https:\/\/unser-quartier.de\/oberhausen\/wp-json\/wp\/v2\/users\/612"}],"replies":[{"embeddable":true,"href":"https:\/\/unser-quartier.de\/oberhausen\/wp-json\/wp\/v2\/comments?post=11557"}],"version-history":[{"count":3,"href":"https:\/\/unser-quartier.de\/oberhausen\/wp-json\/wp\/v2\/pages\/11557\/revisions"}],"predecessor-version":[{"id":16709,"href":"https:\/\/unser-quartier.de\/oberhausen\/wp-json\/wp\/v2\/pages\/11557\/revisions\/16709"}],"up":[{"embeddable":true,"href":"https:\/\/unser-quartier.de\/oberhausen\/wp-json\/wp\/v2\/pages\/9826"}],"wp:attachment":[{"href":"https:\/\/unser-quartier.de\/oberhausen\/wp-json\/wp\/v2\/media?parent=11557"}],"curies":[{"name":"wp","href":"https:\/\/api.w.org\/{rel}","templated":true}]}}