{"id":12515,"date":"2021-02-07T17:51:07","date_gmt":"2021-02-07T16:51:07","guid":{"rendered":"https:\/\/unser-quartier.de\/oberhausen\/?page_id=12515"},"modified":"2021-03-12T14:11:41","modified_gmt":"2021-03-12T13:11:41","slug":"kreis-dueren","status":"publish","type":"page","link":"https:\/\/unser-quartier.de\/oberhausen\/senioren-in-den-kommunen\/kreis-dueren\/","title":{"rendered":"Kreis D\u00fcren"},"content":{"rendered":"<p>Der Kreis entstand 1972 im Rahmen der kommunalen Neugliederung durch Zusammenfassung der fr\u00fcheren Kreise D\u00fcren und J\u00fclich, im St\u00e4dte-Dreieck Aachen-D\u00fcsseldorf-K\u00f6ln\/Bonn gelegen. Auf rund 940 qkm Fl\u00e4che leben in 15 kreisangeh\u00f6rigen St\u00e4dten und Gemeinden mit knapp 260.000 Einwohner\/innen, zur Zeit ca. 263. 800 Einwohner. Kreisstadt und Sitz der Verwaltung ist D\u00fcren.<\/p>\n\n<h2>Seniorenbeir\u00e4te<\/h2>\n<h3>Kreis D\u00fcren<\/h3>\n<ul>\n<li>\n<h4>Kein eigener Kreis-Seniorenbeirat,<\/h4>\n<\/li>\n<li>\n<h4>Sozialausschuss 22 Mitglieder, davon 21 stimmberechtigt.<\/h4>\n<\/li>\n<li>\n<h4><a href=\"https:\/\/www.kreis-dueren.de\/kreishaus\/amt\/sozialamt\/pflege\/Kommunale_Konferenz_Alter_und_Pflege.php\" target=\"_blank\" rel=\"noopener nofollow external noreferrer\" data-wpel-link=\"external\" title=\"Externer Link: Kommunalen Konferenz Alter und Pflege\" class=\"ext-link wpel-icon-right\">Kommunalen Konferenz Alter und Pflege<span class=\"wpel-icon wpel-image wpel-icon-6\"><\/span><\/a>\u00a0<\/h4>\n<\/li>\n<\/ul>\n<p>Die D\u00fcrener Konferenz Alter und Pflege umfasst 42 Mitglieder. Davon<\/p>\n<ul>\n<li>2 &#8211; Ombudspersonen nach \u00a7 16 des Wohn- und Teilhabe Gesetz (WTG-NRW)<\/li>\n<li>2 &#8211; Interessenvertretungen zur Mitwirkung und Mitbestimmung in den Pflegeeinrichtungen (Beir\u00e4te, Vertretungsgremien, Vertrauenspersonen)\u00a0 \u00a0<\/li>\n<li>2 &#8211; Kommunale Seniorenvertretung\u00a0<\/li>\n<\/ul>\n<h3>Stadt D\u00fcren<\/h3>\n<p>Der Seniorenrat vertritt \u00fcber 25.000 wahlberechtigte D\u00fcrener B\u00fcrger, in Briefwahl <a href=\"https:\/\/unser-quartier.de\/seniorenratdueren\/wer-vertritt-mich\/\" data-wpel-link=\"external\" target=\"_self\" rel=\"nofollow external noopener noreferrer\" title=\"Externer Link: gew\u00e4hlte Vertreter der einzelnen Stadtteile \" class=\"ext-link wpel-icon-right\">gew\u00e4hlte Vertreter der einzelnen Stadtteile <span class=\"wpel-icon wpel-image wpel-icon-6\"><\/span><\/a>der Stadt D\u00fcren. Wahlberechtigt und w\u00e4hlbar sind B\u00fcrger, die das 59te Lebensjahr vollendet haben. Die Wahl erfolgt f\u00fcr eine Wahlperiode von 5 Jahren.<\/p>\n<h4>Elf (11) Pflegeeinrichtungen mit 870 Bettpl\u00e4tzen<\/h4>\n<h4>Zwei (2) solit\u00e4re Kurzzeitpflegeeinrichtungen mit 31 Pl\u00e4tzen<\/h4>\n<h4>Sechs (6) Tagespflegen mit 89 Pl\u00e4tzen<\/h4>\n<h3>Stadt J\u00fclich<\/h3>\n<p>Im M\u00e4rz 2020 wurde der neue <a href=\"https:\/\/www.juelich.de\/seniorenbeirat\" target=\"_blank\" rel=\"noopener nofollow external noreferrer\" data-wpel-link=\"external\" title=\"Externer Link: Seniorenbeirat gew\u00e4hlt\" class=\"ext-link wpel-icon-right\">Seniorenbeirat gew\u00e4hlt<span class=\"wpel-icon wpel-image wpel-icon-6\"><\/span><\/a>.\u00a0 Zum Vorsitzenden wurde Kurt Neulen und Hannelore St\u00f6ber-Steinbrech wurde als Stellvertreterin gew\u00e4hlt.<\/p>\n<h4>Drei (3) Pflegeeinrichtungen mit 297 Bettpl\u00e4tzen<\/h4>\n<h4>Drei (3) Tagespflegen mit 46 Pl\u00e4tzen von zwei Tr\u00e4gern<\/h4>\n<table style=\"width: 63.7576%; height: 423px;\" width=\"340\">\n<tbody>\n<tr style=\"height: 24px;\">\n<td style=\"width: 31.5152%; height: 24px;\" width=\"166\">\n<h3>\u00fcbrige Gemeinden<\/h3>\n<\/td>\n<td style=\"width: 16.4848%; height: 24px;\" width=\"74\">Einwohner<\/td>\n<td style=\"width: 15.5152%; height: 24px;\" width=\"100\">Seniorenbeirat<\/td>\n<\/tr>\n<tr style=\"height: 39px;\">\n<td style=\"width: 31.5152%; height: 39px;\" width=\"166\">\n<p><a href=\"https:\/\/www.kreis-dueren.de\/buergerservice\/gemeinden\/aldenhoven.php\" data-wpel-link=\"external\" target=\"_self\" rel=\"nofollow external noopener noreferrer\" title=\"Externer Link: &lt;u&gt;Aldenhoven&lt;\/u&gt;\" class=\"ext-link wpel-icon-right\"><u>Aldenhoven<\/u><span class=\"wpel-icon wpel-image wpel-icon-6\"><\/span><\/a><\/p>\n<\/td>\n<td style=\"width: 16.4848%; height: 39px;\">\u00a0\u00a0\u00a0\u00a0\u00a0\u00a0\u00a0\u00a0 13.807<\/td>\n<td style=\"width: 15.5152%; height: 39px;\">\u00a0<\/td>\n<\/tr>\n<tr style=\"height: 24px;\">\n<td style=\"width: 31.5152%; height: 24px;\" width=\"166\">Stadt <a href=\"https:\/\/www.kreis-dueren.de\/buergerservice\/gemeinden\/dueren.php\" data-wpel-link=\"external\" target=\"_self\" rel=\"nofollow external noopener noreferrer\" title=\"Externer Link: &lt;u&gt;D\u00fcren&lt;\/u&gt;\" class=\"ext-link wpel-icon-right\"><u>D\u00fcren<\/u><span class=\"wpel-icon wpel-image wpel-icon-6\"><\/span><\/a><\/td>\n<td style=\"width: 16.4848%; height: 24px;\">\u00a0\u00a0\u00a0\u00a0\u00a0\u00a0\u00a0\u00a0 90.733<\/td>\n<td style=\"width: 15.5152%; height: 24px;\"><a href=\"https:\/\/sessionnet.krz.de\/dueren\/bi\/kp0040.asp?__kgrnr=602038&amp;\" target=\"_blank\" rel=\"noopener nofollow external noreferrer\" data-wpel-link=\"external\" title=\"Externer Link: Mitglieder\" class=\"ext-link wpel-icon-right\">Mitglieder<span class=\"wpel-icon wpel-image wpel-icon-6\"><\/span><\/a><\/td>\n<\/tr>\n<tr style=\"height: 24px;\">\n<td style=\"width: 31.5152%; height: 24px;\" width=\"166\"><a href=\"https:\/\/www.kreis-dueren.de\/buergerservice\/gemeinden\/heimbach.php\" data-wpel-link=\"external\" target=\"_self\" rel=\"nofollow external noopener noreferrer\" title=\"Externer Link: &lt;u&gt;Heimbach&lt;\/u&gt;\" class=\"ext-link wpel-icon-right\"><u>Heimbach<\/u><span class=\"wpel-icon wpel-image wpel-icon-6\"><\/span><\/a><\/td>\n<td style=\"width: 16.4848%; height: 24px;\">\u00a0\u00a0\u00a0\u00a0\u00a0\u00a0\u00a0\u00a0\u00a0\u00a0 4.333<\/td>\n<td style=\"width: 15.5152%; height: 24px;\">\u00a0<\/td>\n<\/tr>\n<tr style=\"height: 24px;\">\n<td style=\"width: 31.5152%; height: 24px;\" width=\"166\"><a href=\"https:\/\/www.kreis-dueren.de\/buergerservice\/gemeinden\/huertgenwald.php\" data-wpel-link=\"external\" target=\"_self\" rel=\"nofollow external noopener noreferrer\" title=\"Externer Link: &lt;u&gt;H\u00fcrtgenwald&lt;\/u&gt;\" class=\"ext-link wpel-icon-right\"><u>H\u00fcrtgenwald<\/u><span class=\"wpel-icon wpel-image wpel-icon-6\"><\/span><\/a><\/td>\n<td style=\"width: 16.4848%; height: 24px;\">\u00a0\u00a0\u00a0\u00a0\u00a0\u00a0\u00a0\u00a0\u00a0\u00a0 8.706<\/td>\n<td style=\"width: 15.5152%; height: 24px;\"><a href=\"https:\/\/www.huertgenwald.de\/de\/rathaus-buergerservice\/senioren-online\/\" target=\"_blank\" rel=\"noopener nofollow external noreferrer\" data-wpel-link=\"external\" title=\"Externer Link: Seniorenring\" class=\"ext-link wpel-icon-right\">Seniorenring<span class=\"wpel-icon wpel-image wpel-icon-6\"><\/span><\/a><\/td>\n<\/tr>\n<tr style=\"height: 24px;\">\n<td style=\"width: 31.5152%; height: 24px;\" width=\"166\"><a href=\"https:\/\/www.kreis-dueren.de\/buergerservice\/gemeinden\/inden.php\" data-wpel-link=\"external\" target=\"_self\" rel=\"nofollow external noopener noreferrer\" title=\"Externer Link: &lt;u&gt;Inden&lt;\/u&gt;\" class=\"ext-link wpel-icon-right\"><u>Inden<\/u><span class=\"wpel-icon wpel-image wpel-icon-6\"><\/span><\/a><\/td>\n<td style=\"width: 16.4848%; height: 24px;\">\u00a0\u00a0\u00a0\u00a0\u00a0\u00a0\u00a0\u00a0\u00a0\u00a0 7.421<\/td>\n<td style=\"width: 15.5152%; height: 24px;\">\u00a0<\/td>\n<\/tr>\n<tr style=\"height: 24px;\">\n<td style=\"width: 31.5152%; height: 24px;\" width=\"166\"><a href=\"https:\/\/www.kreis-dueren.de\/buergerservice\/gemeinden\/juelich.php\" data-wpel-link=\"external\" target=\"_self\" rel=\"nofollow external noopener noreferrer\" title=\"Externer Link: &lt;u&gt;Stadt J\u00fclich&lt;\/u&gt;\" class=\"ext-link wpel-icon-right\"><u>Stadt J\u00fclich<\/u><span class=\"wpel-icon wpel-image wpel-icon-6\"><\/span><\/a><\/td>\n<td style=\"width: 16.4848%; height: 24px;\">\u00a0\u00a0\u00a0\u00a0\u00a0\u00a0\u00a0\u00a0 32.632<\/td>\n<td style=\"width: 15.5152%; height: 24px;\"><a href=\"https:\/\/www.juelich.de\/seniorenbeirat\" target=\"_blank\" rel=\"noopener nofollow external noreferrer\" data-wpel-link=\"external\" title=\"Externer Link: Mitglieder\" class=\"ext-link wpel-icon-right\">Mitglieder<span class=\"wpel-icon wpel-image wpel-icon-6\"><\/span><\/a><\/td>\n<\/tr>\n<tr style=\"height: 24px;\">\n<td style=\"width: 31.5152%; height: 24px;\" width=\"166\"><a href=\"https:\/\/www.kreis-dueren.de\/buergerservice\/gemeinden\/kreuzau.php\" data-wpel-link=\"external\" target=\"_self\" rel=\"nofollow external noopener noreferrer\" title=\"Externer Link: &lt;u&gt;Kreuzau&lt;\/u&gt;\" class=\"ext-link wpel-icon-right\"><u>Kreuzau<\/u><span class=\"wpel-icon wpel-image wpel-icon-6\"><\/span><\/a><\/td>\n<td style=\"width: 16.4848%; height: 24px;\">\u00a0\u00a0\u00a0\u00a0\u00a0\u00a0\u00a0\u00a0 17.532<\/td>\n<td style=\"width: 15.5152%; height: 24px;\">\u00a0<\/td>\n<\/tr>\n<tr style=\"height: 24px;\">\n<td style=\"width: 31.5152%; height: 24px;\" width=\"166\"><a href=\"https:\/\/www.kreis-dueren.de\/buergerservice\/gemeinden\/langerwehe.php\" data-wpel-link=\"external\" target=\"_self\" rel=\"nofollow external noopener noreferrer\" title=\"Externer Link: &lt;u&gt;Langerwehe&lt;\/u&gt;\" class=\"ext-link wpel-icon-right\"><u>Langerwehe<\/u><span class=\"wpel-icon wpel-image wpel-icon-6\"><\/span><\/a><\/td>\n<td style=\"width: 16.4848%; height: 24px;\">\u00a0\u00a0\u00a0\u00a0\u00a0\u00a0\u00a0\u00a0 14.020<\/td>\n<td style=\"width: 15.5152%; height: 24px;\">\u00a0<\/td>\n<\/tr>\n<tr style=\"height: 24px;\">\n<td style=\"width: 31.5152%; height: 24px;\" width=\"166\"><a href=\"https:\/\/www.kreis-dueren.de\/buergerservice\/gemeinden\/linnich.php\" data-wpel-link=\"external\" target=\"_self\" rel=\"nofollow external noopener noreferrer\" title=\"Externer Link: &lt;u&gt;Linnich&lt;\/u&gt;\" class=\"ext-link wpel-icon-right\"><u>Linnich<\/u><span class=\"wpel-icon wpel-image wpel-icon-6\"><\/span><\/a><\/td>\n<td style=\"width: 16.4848%; height: 24px;\">\u00a0\u00a0\u00a0\u00a0\u00a0\u00a0\u00a0\u00a0 12.593<\/td>\n<td style=\"width: 15.5152%; height: 24px;\">\u00a0<\/td>\n<\/tr>\n<tr style=\"height: 24px;\">\n<td style=\"width: 31.5152%; height: 24px;\" width=\"166\"><a href=\"https:\/\/www.kreis-dueren.de\/buergerservice\/gemeinden\/merzenich.php\" data-wpel-link=\"external\" target=\"_self\" rel=\"nofollow external noopener noreferrer\" title=\"Externer Link: &lt;u&gt;Merzenich&lt;\/u&gt;\" class=\"ext-link wpel-icon-right\"><u>Merzenich<\/u><span class=\"wpel-icon wpel-image wpel-icon-6\"><\/span><\/a><\/td>\n<td style=\"width: 16.4848%; height: 24px;\">\u00a0\u00a0\u00a0\u00a0\u00a0\u00a0\u00a0\u00a0\u00a0\u00a0 9.778<\/td>\n<td style=\"width: 15.5152%; height: 24px;\">\u00a0<\/td>\n<\/tr>\n<tr style=\"height: 24px;\">\n<td style=\"width: 31.5152%; height: 24px;\" width=\"166\"><a href=\"https:\/\/www.kreis-dueren.de\/buergerservice\/gemeinden\/nideggen.php\" data-wpel-link=\"external\" target=\"_self\" rel=\"nofollow external noopener noreferrer\" title=\"Externer Link: &lt;u&gt;Nideggen&lt;\/u&gt;\" class=\"ext-link wpel-icon-right\"><u>Nideggen<\/u><span class=\"wpel-icon wpel-image wpel-icon-6\"><\/span><\/a><\/td>\n<td style=\"width: 16.4848%; height: 24px;\">\u00a0\u00a0\u00a0\u00a0\u00a0\u00a0\u00a0\u00a0\u00a0\u00a0 9.945<\/td>\n<td style=\"width: 15.5152%; height: 24px;\">\u00a0<\/td>\n<\/tr>\n<tr style=\"height: 24px;\">\n<td style=\"width: 31.5152%; height: 24px;\" width=\"166\"><a href=\"https:\/\/www.kreis-dueren.de\/buergerservice\/gemeinden\/niederzier.php\" data-wpel-link=\"external\" target=\"_self\" rel=\"nofollow external noopener noreferrer\" title=\"Externer Link: &lt;u&gt;Niederzier&lt;\/u&gt;\" class=\"ext-link wpel-icon-right\"><u>Niederzier<\/u><span class=\"wpel-icon wpel-image wpel-icon-6\"><\/span><\/a><\/td>\n<td style=\"width: 16.4848%; height: 24px;\">\u00a0\u00a0\u00a0\u00a0\u00a0\u00a0\u00a0\u00a0 14.033<\/td>\n<td style=\"width: 15.5152%; height: 24px;\">\u00a0<\/td>\n<\/tr>\n<tr style=\"height: 24px;\">\n<td style=\"width: 31.5152%; height: 24px;\" width=\"166\"><a href=\"https:\/\/www.kreis-dueren.de\/buergerservice\/gemeinden\/noervenich.php\" data-wpel-link=\"external\" target=\"_self\" rel=\"nofollow external noopener noreferrer\" title=\"Externer Link: &lt;u&gt;N\u00f6rvenich&lt;\/u&gt;\" class=\"ext-link wpel-icon-right\"><u>N\u00f6rvenich<\/u><span class=\"wpel-icon wpel-image wpel-icon-6\"><\/span><\/a><\/td>\n<td style=\"width: 16.4848%; height: 24px;\">\u00a0\u00a0\u00a0\u00a0\u00a0\u00a0\u00a0\u00a0 10.459<\/td>\n<td style=\"width: 15.5152%; height: 24px;\">\u00a0<\/td>\n<\/tr>\n<tr style=\"height: 24px;\">\n<td style=\"width: 31.5152%; height: 24px;\" width=\"166\"><a href=\"https:\/\/www.kreis-dueren.de\/buergerservice\/gemeinden\/titz.php\" data-wpel-link=\"external\" target=\"_self\" rel=\"nofollow external noopener noreferrer\" title=\"Externer Link: &lt;u&gt;Titz&lt;\/u&gt;\" class=\"ext-link wpel-icon-right\"><u>Titz<\/u><span class=\"wpel-icon wpel-image wpel-icon-6\"><\/span><\/a><\/td>\n<td style=\"width: 16.4848%; height: 24px;\">\u00a0\u00a0\u00a0\u00a0\u00a0\u00a0\u00a0\u00a0\u00a0\u00a0 8.361<\/td>\n<td style=\"width: 15.5152%; height: 24px;\">\u00a0<\/td>\n<\/tr>\n<tr style=\"height: 24px;\">\n<td style=\"width: 31.5152%; height: 24px;\" width=\"166\"><a href=\"https:\/\/www.kreis-dueren.de\/buergerservice\/gemeinden\/vettweiss.php\" data-wpel-link=\"external\" target=\"_self\" rel=\"nofollow external noopener noreferrer\" title=\"Externer Link: &lt;u&gt;Vettwei\u00df&lt;\/u&gt;\" class=\"ext-link wpel-icon-right\"><u>Vettwei\u00df<\/u><span class=\"wpel-icon wpel-image wpel-icon-6\"><\/span><\/a><\/td>\n<td style=\"width: 16.4848%; height: 24px;\">\u00a0\u00a0\u00a0\u00a0\u00a0\u00a0\u00a0\u00a0\u00a0\u00a0 9.369<\/td>\n<td style=\"width: 15.5152%; height: 24px;\">\u00a0<\/td>\n<\/tr>\n<tr style=\"height: 24px;\">\n<td style=\"width: 31.5152%; height: 24px;\">\u00a0<\/td>\n<td style=\"width: 16.4848%; height: 24px;\">\u00a0\u00a0\u00a0\u00a0\u00a0 263.722<\/td>\n<td style=\"width: 15.5152%; height: 24px;\">\u00a0<\/td>\n<\/tr>\n<\/tbody>\n<\/table>\n<h2><strong><b>Wohn- und Betreuungsangebote<\/b><\/strong><\/h2>\n<p>Werte aus dem WTG-Bericht vom 31.12.18 im Kreistag 12.12.19 Pl\u00e4tze per 24.2.21<\/p>\n<table style=\"width: 62.303%;\" width=\"382\">\n<tbody>\n<tr>\n<td style=\"width: 40.7273%;\" width=\"262\">\n<p>Altenpflegeeinrichtungen<\/p>\n<\/td>\n<td style=\"width: 8.60605%; text-align: center;\" width=\"20\">\n<p>42<\/p>\n<\/td>\n<td style=\"width: 12.7273%;\" width=\"48\">\n<p>2.900 Pl\u00e4tze<\/p>\n<\/td>\n<\/tr>\n<tr>\n<td style=\"width: 40.7273%;\" width=\"262\">\n<p>Eingliederungshilfeeinrichtungen<\/p>\n<\/td>\n<td style=\"width: 8.60605%; text-align: center;\" width=\"20\">\n<p>23<\/p>\n<\/td>\n<td style=\"width: 12.7273%;\" width=\"48\">\n<p>?? Pl\u00e4tze<\/p>\n<\/td>\n<\/tr>\n<tr>\n<td style=\"width: 40.7273%;\" width=\"262\">\n<p>Kurzzeitpflegeeinrichtungen<\/p>\n<\/td>\n<td style=\"width: 8.60605%; text-align: center;\" width=\"20\">\n<p>3<\/p>\n<\/td>\n<td style=\"width: 12.7273%;\" width=\"48\">\n<p>55 Pl\u00e4tze<\/p>\n<\/td>\n<\/tr>\n<tr>\n<td style=\"width: 40.7273%;\" width=\"262\">\n<p>Tagespflegeeinrichtungen<\/p>\n<\/td>\n<td style=\"width: 8.60605%; text-align: center;\" width=\"20\">\n<p>20<\/p>\n<\/td>\n<td style=\"width: 12.7273%;\" width=\"48\">\n<p>360 Pl\u00e4tze<\/p>\n<\/td>\n<\/tr>\n<tr>\n<td style=\"width: 40.7273%;\" width=\"262\">\n<p>Hospize<\/p>\n<\/td>\n<td style=\"width: 8.60605%; text-align: center;\" width=\"20\">\n<p>1<\/p>\n<\/td>\n<td style=\"width: 12.7273%;\" width=\"48\">\n<p>?? Pl\u00e4tze<\/p>\n<\/td>\n<\/tr>\n<tr>\n<td style=\"width: 40.7273%;\" width=\"262\">\n<p>anbieterverantwortete Wohngemeinschaften<\/p>\n<\/td>\n<td style=\"width: 8.60605%; text-align: center;\" width=\"20\">\n<p>7<\/p>\n<\/td>\n<td style=\"width: 12.7273%;\" width=\"48\">\n<p>?? Pl\u00e4tze<\/p>\n<\/td>\n<\/tr>\n<\/tbody>\n<\/table>\n<h2>anerkannt Pflegebed\u00fcrftige per 31.12.2019<\/h2>\n<h3>Gesamtzahl der Pflegebed\u00fcrftigen 16.974<\/h3>\n<h4>In Einrichtungen untergebracht 2.793<\/h4>\n<h4>In der H\u00e4uslichkeit 14.181 = 83.55 %\u00a0<\/h4>\n<h2>Adressen<\/h2>\n<h3>Landeskoordinationsstelle Pro Seniorinnen und Senioren des Kreises D\u00fcren<\/h3>\n<p>Bismarckstra\u00dfe 16, Haus A Zimmer 188, 52351 D\u00fcren Tel.: 02421\/222250<\/p>\n<h3>WTG-Aufsicht<\/h3>\n<p>Haus A Raum A63, Tel.: 02421 \/ 22-2150-2, Servicezeiten: Montag bis Donnerstag: 8:00 h \u2013 16:00 h Freitags: 8:00 \u2013 13:00 Uhr;\u00a0 \u00a0eMail: amt50(at)kreis-dueren.de\u00a0<\/p>\n<p>&gt;&gt;&gt;Zur\u00fcck zu \u201e<a href=\"https:\/\/wp.me\/P91Zz0-2yu\" data-wpel-link=\"external\" target=\"_self\" rel=\"nofollow external noopener noreferrer\" title=\"Externer Link: Senioren in Kommunen\" class=\"ext-link wpel-icon-right\">Senioren in Kommunen<span class=\"wpel-icon wpel-image wpel-icon-6\"><\/span><\/a>\u201c&lt;&lt;&lt;<\/p>\n","protected":false},"excerpt":{"rendered":"<p>Der Kreis entstand 1972 im Rahmen der kommunalen Neugliederung durch Zusammenfassung der fr\u00fcheren Kreise D\u00fcren und J\u00fclich, im St\u00e4dte-Dreieck Aachen-D\u00fcsseldorf-K\u00f6ln\/Bonn gelegen. Auf rund 940 qkm Fl\u00e4che leben in 15 kreisangeh\u00f6rigen St\u00e4dten und Gemeinden mit knapp 260.000 Einwohner\/innen, zur Zeit ca. 263. 800 Einwohner. Kreisstadt und Sitz der Verwaltung ist D\u00fcren. Seniorenbeir\u00e4te Kreis D\u00fcren Kein eigener&hellip; <a class=\"continue\" href=\"https:\/\/unser-quartier.de\/oberhausen\/senioren-in-den-kommunen\/kreis-dueren\/\" data-wpel-link=\"internal\"> \u00bb weiterlesen: <span> Kreis D\u00fcren<\/span><\/a><\/p>\n","protected":false},"author":612,"featured_media":0,"parent":9826,"menu_order":0,"comment_status":"closed","ping_status":"closed","template":"","meta":{"_monsterinsights_skip_tracking":false,"_monsterinsights_sitenote_active":false,"_monsterinsights_sitenote_note":"","_monsterinsights_sitenote_category":0,"generate_page_header":"","footnotes":""},"class_list":["post-12515","page","type-page","status-publish"],"_links":{"self":[{"href":"https:\/\/unser-quartier.de\/oberhausen\/wp-json\/wp\/v2\/pages\/12515","targetHints":{"allow":["GET"]}}],"collection":[{"href":"https:\/\/unser-quartier.de\/oberhausen\/wp-json\/wp\/v2\/pages"}],"about":[{"href":"https:\/\/unser-quartier.de\/oberhausen\/wp-json\/wp\/v2\/types\/page"}],"author":[{"embeddable":true,"href":"https:\/\/unser-quartier.de\/oberhausen\/wp-json\/wp\/v2\/users\/612"}],"replies":[{"embeddable":true,"href":"https:\/\/unser-quartier.de\/oberhausen\/wp-json\/wp\/v2\/comments?post=12515"}],"version-history":[{"count":0,"href":"https:\/\/unser-quartier.de\/oberhausen\/wp-json\/wp\/v2\/pages\/12515\/revisions"}],"up":[{"embeddable":true,"href":"https:\/\/unser-quartier.de\/oberhausen\/wp-json\/wp\/v2\/pages\/9826"}],"wp:attachment":[{"href":"https:\/\/unser-quartier.de\/oberhausen\/wp-json\/wp\/v2\/media?parent=12515"}],"curies":[{"name":"wp","href":"https:\/\/api.w.org\/{rel}","templated":true}]}}