{"id":12598,"date":"2021-02-15T18:27:51","date_gmt":"2021-02-15T17:27:51","guid":{"rendered":"https:\/\/unser-quartier.de\/oberhausen\/?page_id=12598"},"modified":"2021-02-16T17:10:49","modified_gmt":"2021-02-16T16:10:49","slug":"duesseldorf","status":"publish","type":"page","link":"https:\/\/unser-quartier.de\/oberhausen\/senioren-in-den-kommunen\/duesseldorf\/","title":{"rendered":"D\u00fcsseldorf"},"content":{"rendered":"<p><strong><b>&#8222;Schreibtisch des Ruhrgebietes&#8220; Stadt seit 1288<\/b><\/strong><\/p>\n\n<h2><a href=\"https:\/\/www.duesseldorf.de\/seniorenrat.html\" data-wpel-link=\"external\" target=\"_self\" rel=\"nofollow external noopener noreferrer\" title=\"Externer Link: &lt;strong&gt;&lt;b&gt;Der Seniorenrat&lt;\/b&gt;&lt;\/strong&gt;\" class=\"ext-link wpel-icon-right\"><strong><b>Der Seniorenrat<\/b><\/strong><span class=\"wpel-icon wpel-image wpel-icon-6\"><\/span><\/a><\/h2>\n<p>setzt sich nach der <a href=\"https:\/\/www.duesseldorf.de\/stadtrecht\/5\/50\/50-205.html\" data-wpel-link=\"external\" target=\"_self\" rel=\"nofollow external noopener noreferrer\" title=\"Externer Link: aktuellen Satzung\" class=\"ext-link wpel-icon-right\">aktuellen Satzung<span class=\"wpel-icon wpel-image wpel-icon-6\"><\/span><\/a> aus stimmberechtigten und beratenden Mitgliedern zusammen.<\/p>\n<h3>Stimmberechtigte Mitglieder<\/h3>\n<ul>\n<li>je 2 gew\u00e4hlte Vertreterinnen oder Vertreter aus den 10 D\u00fcsseldorfer Stadtbezirken<\/li>\n<li>3 Vertreterinnen oder Vertreter aus station\u00e4ren Einrichtungen eines Verbandes der freien Wohlfahrtspflege (Bewohnerbeirat)<\/li>\n<li>1 Vertreter oder 1 Vertreterin aus einer station\u00e4ren Einrichtung in privater Tr\u00e4gerschaft (Bewohnerbeirat)<\/li>\n<li>je 1 Vertreterin oder 1 Vertreter der im Rat vertretenen Fraktionen<\/li>\n<\/ul>\n<h3>Beratende Mitglieder<\/h3>\n<ul>\n<li>1 Vertreterin oder 1 Vertreter des Sozialdezernates<\/li>\n<li>6 Vertreterinnen oder Vertreter der Verb\u00e4nde der freien Wohlfahrtspflege<\/li>\n<li>1 Vertreterin oder 1 Vertreter des Integrationsrates<\/li>\n<li>1 Vertreterin oder 1 Vertreter des B\u00fcros f\u00fcr die Gleichstellung von Frauen und M\u00e4nnern<\/li>\n<\/ul>\n<p><a href=\"https:\/\/www.duesseldorf.de\/seniorenrat\/sitzungen.html\" data-wpel-link=\"external\" target=\"_self\" rel=\"nofollow external noopener noreferrer\" title=\"Externer Link: Sitzungen\" class=\"ext-link wpel-icon-right\">Sitzungen<span class=\"wpel-icon wpel-image wpel-icon-6\"><\/span><\/a> finden alle zwei Monate statt. Die Sitzungsunterlagen stehen im Internet bereit.<\/p>\n<h3>Arbeitskreise<\/h3>\n<ul>\n<li>Bildung, Kultur und Freizeit<\/li>\n<li>Sicherheit und Verkehr<\/li>\n<li>\u00d6ffentlichkeitsarbeit und neue Medien<\/li>\n<li>Dialog der Generationen und Kulturen<\/li>\n<li>Gesundheit und Pflege<\/li>\n<li>Wohnen im Alter<\/li>\n<li>Armut und Einsamkeit im Alter<\/li>\n<li>Umwelt<\/li>\n<\/ul>\n<p>Mitglieder des Seniorenrates nehmen beratend an \u00f6ffentlichen Ausschusssitzungen des Rates und der Bezirksvertretungen teil und wirken so bei der Planung von Angeboten f\u00fcr Seniorinnen und Senioren mit<\/p>\n<h3><strong><b>Gremienarbeit<\/b><\/strong><\/h3>\n<ul>\n<li>Stadtbezirkskonferenzen Seniorenarbeit<\/li>\n<li><a href=\"https:\/\/www.duesseldorf.de\/senioren\/konferenz-alter-pflege.html\" data-wpel-link=\"external\" target=\"_self\" rel=\"nofollow external noopener noreferrer\" title=\"Externer Link: Konferenz Alter und Pflege\" class=\"ext-link wpel-icon-right\">Konferenz Alter und Pflege<span class=\"wpel-icon wpel-image wpel-icon-6\"><\/span><\/a><\/li>\n<li>Gesundheitskonferenz<\/li>\n<li>Beirat f\u00fcr Menschen mit Behinderung\u00a0<\/li>\n<li>andere offizielle Gremien der Stadt D\u00fcsseldorf<\/li>\n<\/ul>\n<h3>Gesch\u00e4ftsf\u00fchrung<\/h3>\n<p>des Seniorenbeirates zu erreichen unter Telefon 0211 89-95950<\/p>\n<h2>Einwohner 2019<\/h2>\n<p>&nbsp;<\/p>\n<table style=\"width: 50.6667%; height: 71px;\" width=\"47%\">\n<tbody>\n<tr style=\"height: 56px;\">\n<td style=\"width: 24.0606%; height: 32px;\" width=\"50%\">\n<h3><strong><b>Bewohner 2019<\/b><\/strong><\/h3>\n<\/td>\n<td style=\"width: 11%; height: 32px; text-align: center;\" width=\"27%\">\n<p>645.923<\/p>\n<\/td>\n<td style=\"width: 11.6061%; height: 32px; text-align: center;\" width=\"19%\">\n<p>&nbsp;<\/p>\n<\/td>\n<\/tr>\n<tr style=\"height: 56px;\">\n<td style=\"width: 24.0606%; height: 39px;\" width=\"50%\">\n<h3><strong><b>Bewohner \u00fcber 60<\/b><\/strong><\/h3>\n<\/td>\n<td style=\"width: 11%; height: 39px; text-align: center;\" width=\"27%\">\n<p>145.619<\/p>\n<\/td>\n<td style=\"width: 11.6061%; height: 39px; text-align: center;\" width=\"19%\">\n<p>22,5%<\/p>\n<\/td>\n<\/tr>\n<\/tbody>\n<\/table>\n<h2>Angebote f\u00fcr Senioren<\/h2>\n<p>je nach Stadtteil und Struktur durch einen<\/p>\n<h3><a href=\"https:\/\/duesseldorf.pflege-atlas.de\/\" target=\"_blank\" rel=\"noopener nofollow external noreferrer\" data-wpel-link=\"external\" title=\"Externer Link: Pflege-Atlas\" class=\"ext-link wpel-icon-right\">Pflege-Atlas<span class=\"wpel-icon wpel-image wpel-icon-6\"><\/span><\/a><\/h3>\n<h3><a href=\"https:\/\/www.duesseldorf.de\/senioren\/zentrum-plus.html\" target=\"_blank\" rel=\"noopener nofollow external noreferrer\" data-wpel-link=\"external\" title=\"Externer Link: Seniorenzentren\" class=\"ext-link wpel-icon-right\">Seniorenzentren<span class=\"wpel-icon wpel-image wpel-icon-6\"><\/span><\/a><\/h3>\n<h2><strong><b>Einrichtungen in 2017 und 2018<\/b><\/strong><\/h2>\n<p>Werte entnommen aus dem WTG-Transparenzbericht 2017\/18 vom 28.9.2019 nicht erkennbar oder aufgeschl\u00fcsselt sind die Pr\u00fcfungen nach Einrichtungsart. Im Bericht f\u00e4llt die hohe Zahl der &#8222;unberechtigten&#8220; Beschwerden auf.<\/p>\n<table style=\"width: 57.3333%;\" width=\"47%\">\n<tbody>\n<tr>\n<td style=\"width: 13.8182%;\" width=\"30%\">\n<h3><strong><b>station\u00e4re Pflege SGB XI<\/b><\/strong><\/h3>\n<\/td>\n<td style=\"width: 5.09091%; text-align: center;\" width=\"5%\">\n<p>52<\/p>\n<\/td>\n<td style=\"width: 5.62713%; text-align: center;\" width=\"11%\">\n<p>52<\/p>\n<\/td>\n<\/tr>\n<tr>\n<td style=\"width: 13.8182%;\" width=\"30%\">\n<p>Pl\u00e4tze<\/p>\n<\/td>\n<td style=\"width: 5.09091%; text-align: center;\" width=\"5%\">\n<p>5.121<\/p>\n<\/td>\n<td style=\"width: 5.62713%; text-align: center;\" width=\"11%\">\n<p>5.121<\/p>\n<\/td>\n<\/tr>\n<tr>\n<td style=\"width: 13.8182%;\" width=\"30%\">\n<p>Pr\u00fcfungen nach 18 WTG<\/p>\n<\/td>\n<td style=\"width: 5.09091%; text-align: center;\" width=\"5%\">\n<p>&nbsp;<\/p>\n<\/td>\n<td style=\"width: 5.62713%; text-align: center;\" width=\"11%\">\n<p>&nbsp;<\/p>\n<\/td>\n<\/tr>\n<tr>\n<td style=\"width: 13.8182%;\" width=\"30%\">\n<h3><strong><b>Eingliederungshilfe SGB XII<\/b><\/strong><\/h3>\n<\/td>\n<td style=\"width: 5.09091%; text-align: center;\" width=\"5%\">\n<p>27<\/p>\n<\/td>\n<td style=\"width: 5.62713%; text-align: center;\" width=\"11%\">\n<p>27<\/p>\n<\/td>\n<\/tr>\n<tr>\n<td style=\"width: 13.8182%;\" width=\"30%\">\n<p>Pl\u00e4tze<\/p>\n<\/td>\n<td style=\"width: 5.09091%; text-align: center;\" width=\"5%\">\n<p>1.023<\/p>\n<\/td>\n<td style=\"width: 5.62713%; text-align: center;\" width=\"11%\">\n<p>1.022<\/p>\n<\/td>\n<\/tr>\n<tr>\n<td style=\"width: 13.8182%;\" width=\"30%\">\n<p>WTG- Pr\u00fcfungen<\/p>\n<\/td>\n<td style=\"width: 5.09091%;\" width=\"5%\">\n<p>&nbsp;<\/p>\n<\/td>\n<td style=\"width: 5.62713%;\" width=\"11%\">\n<p>&nbsp;<\/p>\n<\/td>\n<\/tr>\n<\/tbody>\n<\/table>\n<h3><strong><b>Gasteinrichtungen<\/b><\/strong><\/h3>\n<table style=\"width: 58.6667%; height: 680px;\" width=\"45%\">\n<tbody>\n<tr style=\"height: 56px;\">\n<td style=\"width: 17.5454%; height: 56px;\" width=\"23%\">\n<h4><strong><b>Kurzzeitpflege solit\u00e4r<\/b><\/strong><\/h4>\n<\/td>\n<td style=\"width: 2.90909%; height: 56px; text-align: center;\" width=\"11%\">5<\/td>\n<td style=\"width: 3.10686%; height: 56px; text-align: center;\" width=\"10%\">\n<p>5<\/p>\n<\/td>\n<\/tr>\n<tr style=\"height: 80px;\">\n<td style=\"width: 17.5454%; height: 80px;\" width=\"23%\">\n<p>Pl\u00e4tze<\/p>\n<\/td>\n<td style=\"width: 2.90909%; height: 80px; text-align: center;\" width=\"11%\">\n<p>87<\/p>\n<\/td>\n<td style=\"width: 3.10686%; height: 80px; text-align: center;\" width=\"10%\">\n<p>87<\/p>\n<\/td>\n<\/tr>\n<tr style=\"height: 56px;\">\n<td style=\"width: 17.5454%; height: 56px;\" width=\"23%\">\n<p>Pr\u00fcfung nach \u00a7 36 WTG<\/p>\n<\/td>\n<td style=\"width: 2.90909%; height: 56px; text-align: center;\" width=\"11%\">\n<p>&nbsp;<\/p>\n<\/td>\n<td style=\"width: 3.10686%; height: 56px; text-align: center;\" width=\"10%\">\n<p>0<\/p>\n<\/td>\n<\/tr>\n<tr style=\"height: 80px;\">\n<td style=\"width: 17.5454%; height: 80px;\" width=\"23%\">\n<h4><strong><b>Tagespflege<\/b><\/strong><\/h4>\n<\/td>\n<td style=\"width: 2.90909%; height: 80px; text-align: center;\" width=\"11%\">\n<p>13<\/p>\n<\/td>\n<td style=\"width: 3.10686%; height: 80px; text-align: center;\" width=\"10%\">\n<p>15<\/p>\n<\/td>\n<\/tr>\n<tr style=\"height: 104px;\">\n<td style=\"width: 17.5454%; height: 104px;\" width=\"23%\">\n<p>Pl\u00e4tze<\/p>\n<\/td>\n<td style=\"width: 2.90909%; height: 104px; text-align: center;\" width=\"11%\">\n<p>194<\/p>\n<\/td>\n<td style=\"width: 3.10686%; height: 104px; text-align: center;\" width=\"10%\">\n<p>228<\/p>\n<\/td>\n<\/tr>\n<tr style=\"height: 56px;\">\n<td style=\"width: 17.5454%; height: 56px;\" width=\"23%\">\n<p>Pr\u00fcfungen nach \u00a7 36 WTG<\/p>\n<\/td>\n<td style=\"width: 2.90909%; height: 56px; text-align: center;\" width=\"11%\">\n<p>0<\/p>\n<\/td>\n<td style=\"width: 3.10686%; height: 56px; text-align: center;\" width=\"10%\">\n<p>0<\/p>\n<\/td>\n<\/tr>\n<tr style=\"height: 56px;\">\n<td style=\"width: 17.5454%; height: 56px;\" width=\"23%\">\n<h4><strong><b>Hospiz station\u00e4r<\/b><\/strong><\/h4>\n<\/td>\n<td style=\"width: 2.90909%; height: 56px; text-align: center;\" width=\"11%\">\n<p>2<\/p>\n<\/td>\n<td style=\"width: 3.10686%; height: 56px; text-align: center;\" width=\"10%\">\n<p>2<\/p>\n<\/td>\n<\/tr>\n<tr style=\"height: 80px;\">\n<td style=\"width: 17.5454%; height: 80px;\" width=\"23%\">\n<p>Pl\u00e4tze<\/p>\n<\/td>\n<td style=\"width: 2.90909%; height: 80px; text-align: center;\" width=\"11%\">\n<p>24<\/p>\n<\/td>\n<td style=\"width: 3.10686%; height: 80px; text-align: center;\" width=\"10%\">\n<p>24<\/p>\n<\/td>\n<\/tr>\n<tr style=\"height: 56px;\">\n<td style=\"width: 17.5454%; height: 56px;\" width=\"23%\">\n<p>Pr\u00fcfungen nach \u00a7 36 WTG<\/p>\n<\/td>\n<td style=\"width: 2.90909%; height: 56px; text-align: center;\" width=\"11%\">\n<p>&nbsp;<\/p>\n<\/td>\n<td style=\"width: 3.10686%; height: 56px; text-align: center;\" width=\"10%\">\n<p>0<\/p>\n<\/td>\n<\/tr>\n<tr style=\"height: 56px;\">\n<td style=\"width: 17.5454%; height: 56px;\" width=\"23%\">\n<p>Hospiz ambulant<\/p>\n<\/td>\n<td style=\"width: 2.90909%; height: 56px; text-align: center;\" width=\"11%\">\n<p>&nbsp;<\/p>\n<\/td>\n<td style=\"width: 3.10686%; height: 56px; text-align: center;\" width=\"10%\">\n<p>&nbsp;<\/p>\n<\/td>\n<\/tr>\n<\/tbody>\n<\/table>\n<h2><strong><b>Anbieterorientierte Wohngemeinschaften<\/b><\/strong><\/h2>\n<table style=\"width: 52.8207%;\" width=\"42%\">\n<tbody>\n<tr>\n<td style=\"width: 5.6981%;\" width=\"21%\">\n<p>Einrichtungen<\/p>\n<\/td>\n<td style=\"width: 1.82482%; text-align: center;\" width=\"12%\">\n<p>32<\/p>\n<\/td>\n<td style=\"width: 1.82482%; text-align: center;\" width=\"14%\">\n<p>35<\/p>\n<\/td>\n<\/tr>\n<tr>\n<td style=\"width: 5.6981%;\" width=\"21%\">\n<p>Pl\u00e4tze<\/p>\n<\/td>\n<td style=\"width: 1.82482%; text-align: center;\" width=\"12%\">\n<p>169<\/p>\n<\/td>\n<td style=\"width: 1.82482%; text-align: center;\" width=\"14%\">\n<p>195<\/p>\n<\/td>\n<\/tr>\n<tr>\n<td style=\"width: 5.6981%;\" width=\"21%\">\n<p>Pr\u00fcfung nach \u00a7 24 WTG<\/p>\n<\/td>\n<td style=\"width: 1.82482%;\" width=\"12%\">\n<p>&nbsp;<\/p>\n<\/td>\n<td style=\"width: 1.82482%;\" width=\"14%\">\n<p>&nbsp;<\/p>\n<\/td>\n<\/tr>\n<\/tbody>\n<\/table>\n<p>&nbsp;<\/p>\n<table style=\"width: 45.0909%;\" width=\"56%\">\n<tbody>\n<tr>\n<td style=\"width: 100%;\" width=\"100%\">\n<h2><strong><b>Selbstverantwortete WG<\/b><\/strong><\/h2>\n<\/td>\n<\/tr>\n<\/tbody>\n<\/table>\n<p>Keine Angaben<\/p>\n<table style=\"width: 44.5878%;\" width=\"41%\">\n<tbody>\n<tr>\n<td style=\"width: 4.72443%;\" width=\"17%\">\n<p>Einrichtungen<\/p>\n<\/td>\n<td style=\"width: 2.31481%;\" width=\"10%\">\n<p>&nbsp;<\/p>\n<\/td>\n<td style=\"width: 2.31481%;\" width=\"12%\">\u00a0<\/td>\n<\/tr>\n<tr>\n<td style=\"width: 4.72443%;\" width=\"17%\">\n<p>Pl\u00e4tze<\/p>\n<\/td>\n<td style=\"width: 2.31481%;\" width=\"10%\">\n<p>&nbsp;<\/p>\n<\/td>\n<td style=\"width: 2.31481%;\" width=\"12%\">\u00a0<\/td>\n<\/tr>\n<\/tbody>\n<\/table>\n<h2><strong><b>Die <a href=\"https:\/\/www.duesseldorf.de\/senioren\/wtg-behoerde.html\" target=\"_blank\" rel=\"noopener nofollow external noreferrer\" data-wpel-link=\"external\" title=\"Externer Link: WTG-Beh\u00f6rde\" class=\"ext-link wpel-icon-right\">WTG-Beh\u00f6rde<span class=\"wpel-icon wpel-image wpel-icon-6\"><\/span><\/a><\/b><\/strong><\/h2>\n<p>Willy-Becker-Alle 8, 40227 D\u00fcsseldorf, Email wtg(at)duesseldorf.de, 0211 89-93595\u00a0 und &#8211; 24314<\/p>\n","protected":false},"excerpt":{"rendered":"<p>&#8222;Schreibtisch des Ruhrgebietes&#8220; Stadt seit 1288 Der Seniorenrat setzt sich nach der aktuellen Satzung aus stimmberechtigten und beratenden Mitgliedern zusammen. Stimmberechtigte Mitglieder je 2 gew\u00e4hlte Vertreterinnen oder Vertreter aus den 10 D\u00fcsseldorfer Stadtbezirken 3 Vertreterinnen oder Vertreter aus station\u00e4ren Einrichtungen eines Verbandes der freien Wohlfahrtspflege (Bewohnerbeirat) 1 Vertreter oder 1 Vertreterin aus einer station\u00e4ren Einrichtung&hellip; <a class=\"continue\" href=\"https:\/\/unser-quartier.de\/oberhausen\/senioren-in-den-kommunen\/duesseldorf\/\" data-wpel-link=\"internal\"> \u00bb weiterlesen: <span> D\u00fcsseldorf<\/span><\/a><\/p>\n","protected":false},"author":612,"featured_media":0,"parent":9826,"menu_order":0,"comment_status":"closed","ping_status":"closed","template":"","meta":{"_monsterinsights_skip_tracking":false,"_monsterinsights_sitenote_active":false,"_monsterinsights_sitenote_note":"","_monsterinsights_sitenote_category":0,"generate_page_header":"","footnotes":""},"class_list":["post-12598","page","type-page","status-publish"],"_links":{"self":[{"href":"https:\/\/unser-quartier.de\/oberhausen\/wp-json\/wp\/v2\/pages\/12598","targetHints":{"allow":["GET"]}}],"collection":[{"href":"https:\/\/unser-quartier.de\/oberhausen\/wp-json\/wp\/v2\/pages"}],"about":[{"href":"https:\/\/unser-quartier.de\/oberhausen\/wp-json\/wp\/v2\/types\/page"}],"author":[{"embeddable":true,"href":"https:\/\/unser-quartier.de\/oberhausen\/wp-json\/wp\/v2\/users\/612"}],"replies":[{"embeddable":true,"href":"https:\/\/unser-quartier.de\/oberhausen\/wp-json\/wp\/v2\/comments?post=12598"}],"version-history":[{"count":0,"href":"https:\/\/unser-quartier.de\/oberhausen\/wp-json\/wp\/v2\/pages\/12598\/revisions"}],"up":[{"embeddable":true,"href":"https:\/\/unser-quartier.de\/oberhausen\/wp-json\/wp\/v2\/pages\/9826"}],"wp:attachment":[{"href":"https:\/\/unser-quartier.de\/oberhausen\/wp-json\/wp\/v2\/media?parent=12598"}],"curies":[{"name":"wp","href":"https:\/\/api.w.org\/{rel}","templated":true}]}}