{"id":12631,"date":"2021-02-24T10:48:44","date_gmt":"2021-02-24T09:48:44","guid":{"rendered":"https:\/\/unser-quartier.de\/oberhausen\/?page_id=12631"},"modified":"2021-06-01T10:43:13","modified_gmt":"2021-06-01T08:43:13","slug":"kreis-wesel","status":"publish","type":"page","link":"https:\/\/unser-quartier.de\/oberhausen\/senioren-in-den-kommunen\/seniorenvertretung\/kreis-wesel\/","title":{"rendered":"Kreis Wesel"},"content":{"rendered":"<p>entstand 1975 im Rahmen der kommunalen Neugliederung durch\u00a0 die fr\u00fcheren Kreise Dinslaken Moers und Rees mit 13 kreisangeh\u00f6rigen St\u00e4dten und Gemeinden. Es leben mit abnehmender Tendenz knapp 460.000 Einwohner\/innen im Kreis. Sitz der Verwaltung ist die ehemalige Hansestadt Wesel.<\/p>\n\n<h2>Seniorenbeir\u00e4te<\/h2>\n<h3>Kreis Wesel<\/h3>\n<ul>\n<li>\n<h4><a href=\"https:\/\/unser-quartier.de\/oberhausen\/2021\/02\/rentnern-droht-nullrunde\/\" target=\"_blank\" rel=\"noopener\" data-wpel-link=\"internal\">Runder Tisch \u201e \u00c4lterer Menschen\u201c im Kreis Wesel<\/a><\/h4>\n<\/li>\n<\/ul>\n<p>18 Mitglieder, davon je ein Mitglied der Kommunen<\/p>\n<ul>\n<li>\n<h4><a href=\"https:\/\/www.kreis-wesel.de\/de\/themen\/kommunale-konferenz-alter-und-pflege\/\" target=\"_blank\" rel=\"noopener nofollow external noreferrer\" data-wpel-link=\"external\" title=\"Externer Link: &lt;strong&gt;&lt;b&gt;Kommunale Konferenz Alter und Pflege&lt;\/b&gt;&lt;\/strong&gt;\" class=\"ext-link wpel-icon-right\"><strong><b>Kommunale Konferenz Alter und Pflege<\/b><\/strong><span class=\"wpel-icon wpel-image wpel-icon-6\"><\/span><\/a><\/h4>\n<\/li>\n<\/ul>\n<h3><b><\/b>Gemeinden und St\u00e4dte<\/h3>\n<table style=\"width: 70.7537%; height: 358px;\" width=\"339\">\n<tbody>\n<tr style=\"height: 24px;\">\n<td style=\"width: 28.4849%; height: 24px;\" width=\"149\">\u00a0<\/td>\n<td style=\"width: 13.2617%; height: 24px;\" width=\"80\">Einwohner<\/td>\n<td style=\"width: 14.7775%; height: 24px;\" width=\"89\">Senioren-<\/td>\n<td style=\"width: 11.6476%; height: 24px;\" width=\"21\">Mitglieder<\/td>\n<\/tr>\n<tr style=\"height: 24px;\">\n<td style=\"width: 28.4849%; height: 24px;\"><a href=\"https:\/\/www.alpen.de\/\" target=\"_blank\" rel=\"noopener nofollow external noreferrer\" data-wpel-link=\"external\" title=\"Externer Link: Alpen\" class=\"ext-link wpel-icon-right\">Alpen<span class=\"wpel-icon wpel-image wpel-icon-6\"><\/span><\/a><\/td>\n<td style=\"width: 13.2617%; height: 24px;\">12.479<\/td>\n<td style=\"width: 14.7775%; height: 24px;\">\u00a0&#8211;<\/td>\n<td style=\"width: 11.6476%; height: 24px;\">\u00a0<\/td>\n<\/tr>\n<tr style=\"height: 24px;\">\n<td style=\"width: 28.4849%; height: 24px;\"><a href=\"https:\/\/www.dinslaken.de\/\" target=\"_blank\" rel=\"noopener nofollow external noreferrer\" data-wpel-link=\"external\" title=\"Externer Link: Dinslaken Stadt\" class=\"ext-link wpel-icon-right\">Dinslaken Stadt<span class=\"wpel-icon wpel-image wpel-icon-6\"><\/span><\/a><\/td>\n<td style=\"width: 13.2617%; height: 24px;\">67.373<\/td>\n<td style=\"width: 14.7775%; height: 24px;\">Vertretung<\/td>\n<td style=\"width: 11.6476%; height: 24px;\"><a href=\"https:\/\/ris.dinslaken.de\/gremien\/?__=UGhVM0hpd2NXNFdFcExjZdvA5lnL5bKueRfsBwe5vpQ\" target=\"_blank\" rel=\"noopener nofollow external noreferrer\" data-wpel-link=\"external\" title=\"Externer Link: 13\" class=\"ext-link wpel-icon-right\">13<span class=\"wpel-icon wpel-image wpel-icon-6\"><\/span><\/a><\/td>\n<\/tr>\n<tr style=\"height: 24px;\">\n<td style=\"width: 28.4849%; height: 24px;\">Hamminkeln Stadt<\/td>\n<td style=\"width: 13.2617%; height: 24px;\">26.858<\/td>\n<td style=\"width: 14.7775%; height: 24px;\">Forum<\/td>\n<td style=\"width: 11.6476%; height: 24px;\">\u00a0<\/td>\n<\/tr>\n<tr style=\"height: 24px;\">\n<td style=\"width: 28.4849%; height: 24px;\">H\u00fcnxe<\/td>\n<td style=\"width: 13.2617%; height: 24px;\">13.598<\/td>\n<td style=\"width: 14.7775%; height: 24px;\">\u00a0&#8211;<\/td>\n<td style=\"width: 11.6476%; height: 24px;\">\u00a0<\/td>\n<\/tr>\n<tr style=\"height: 24px;\">\n<td style=\"width: 28.4849%; height: 24px;\">Kamp-Lintfort Stadt<\/td>\n<td style=\"width: 13.2617%; height: 24px;\">37.596<\/td>\n<td style=\"width: 14.7775%; height: 24px;\">Senioren<\/td>\n<td style=\"width: 11.6476%; height: 24px;\">\u00a0<\/td>\n<\/tr>\n<tr style=\"height: 24px;\">\n<td style=\"width: 28.4849%; height: 24px;\"><a href=\"https:\/\/www.moers.de\/de\/politik\/seniorenbeirat\/\" target=\"_blank\" rel=\"noopener nofollow external noreferrer\" data-wpel-link=\"external\" title=\"Externer Link: Moers Stadt\" class=\"ext-link wpel-icon-right\">Moers Stadt<span class=\"wpel-icon wpel-image wpel-icon-6\"><\/span><\/a><\/td>\n<td style=\"width: 13.2617%; height: 24px;\">103.902<\/td>\n<td style=\"width: 14.7775%; height: 24px;\"><a href=\"https:\/\/ris.moers.de\/tops\/?__=UGhVM0hpd2NXNFdFcExjZZVQxjjnVkiOyCKxbbxuPz0\" target=\"_blank\" rel=\"noopener nofollow external noreferrer\" data-wpel-link=\"external\" title=\"Externer Link: Beirat\" class=\"ext-link wpel-icon-right\">Beirat<span class=\"wpel-icon wpel-image wpel-icon-6\"><\/span><\/a> <\/td>\n<td style=\"width: 11.6476%; height: 24px;\"><a href=\"https:\/\/www.moers.de\/de\/aktuelles\/karl-heinz-theussen-leitet-den-neuen-seniorenbeirat\/\" target=\"_blank\" rel=\"noopener nofollow external noreferrer\" data-wpel-link=\"external\" title=\"Externer Link: 15\" class=\"ext-link wpel-icon-right\">15<span class=\"wpel-icon wpel-image wpel-icon-6\"><\/span><\/a><\/td>\n<\/tr>\n<tr style=\"height: 24px;\">\n<td style=\"width: 28.4849%; height: 24px;\">Neukirchen-Vlyn Stadt<\/td>\n<td style=\"width: 13.2617%; height: 24px;\">27.187<\/td>\n<td style=\"width: 14.7775%; height: 24px;\">\u00a0&#8211;<\/td>\n<td style=\"width: 11.6476%; height: 24px;\">\u00a0<\/td>\n<\/tr>\n<tr style=\"height: 24px;\">\n<td style=\"width: 28.4849%; height: 24px;\"><a href=\"https:\/\/www.rheinberg.de\/\" target=\"_blank\" rel=\"noopener nofollow external noreferrer\" data-wpel-link=\"external\" title=\"Externer Link: Rheinberg Stadt\" class=\"ext-link wpel-icon-right\">Rheinberg Stadt<span class=\"wpel-icon wpel-image wpel-icon-6\"><\/span><\/a><\/td>\n<td style=\"width: 13.2617%; height: 24px;\">30.854<\/td>\n<td style=\"width: 14.7775%; height: 24px;\">Beirat<\/td>\n<td style=\"width: 11.6476%; height: 24px;\"><a href=\"https:\/\/www.seniorenbeirat-rheinberg.de\/seite\/396139\/mitglieder.html\" target=\"_blank\" rel=\"noopener nofollow external noreferrer\" data-wpel-link=\"external\" title=\"Externer Link: 9\" class=\"ext-link wpel-icon-right\">9<span class=\"wpel-icon wpel-image wpel-icon-6\"><\/span><\/a><\/td>\n<\/tr>\n<tr style=\"height: 24px;\">\n<td style=\"width: 28.4849%; height: 24px;\"><a href=\"https:\/\/www.schermbeck.de\/\" target=\"_blank\" rel=\"noopener nofollow external noreferrer\" data-wpel-link=\"external\" title=\"Externer Link: Schermbeck\" class=\"ext-link wpel-icon-right\">Schermbeck<span class=\"wpel-icon wpel-image wpel-icon-6\"><\/span><\/a><\/td>\n<td style=\"width: 13.2617%; height: 24px;\">13.602<\/td>\n<td style=\"width: 14.7775%; height: 24px;\">Beirat<\/td>\n<td style=\"width: 11.6476%; height: 24px;\"><a href=\"https:\/\/ris.schermbeck.de\/gremien\/?__=UGhVM0hpd2NXNFdFcExjZYU0I_SwzFEUNnwaeIGrsKo\" target=\"_blank\" rel=\"noopener nofollow external noreferrer\" data-wpel-link=\"external\" title=\"Externer Link: 11\" class=\"ext-link wpel-icon-right\">11<span class=\"wpel-icon wpel-image wpel-icon-6\"><\/span><\/a><\/td>\n<\/tr>\n<tr style=\"height: 24px;\">\n<td style=\"width: 28.4849%; height: 24px;\"><a href=\"https:\/\/unser-quartier.de\/oberhausen\/2021\/02\/versagen-unsere-eliten\/\" target=\"_blank\" rel=\"noopener\" data-wpel-link=\"internal\">Sonsbeck<\/a><\/td>\n<td style=\"width: 13.2617%; height: 24px;\">8.673<\/td>\n<td style=\"width: 14.7775%; height: 24px;\">\u00a0&#8211;<\/td>\n<td style=\"width: 11.6476%; height: 24px;\">\u00a0<\/td>\n<\/tr>\n<tr style=\"height: 24px;\">\n<td style=\"width: 28.4849%; height: 24px;\"><a href=\"https:\/\/www.voerde.de\/\" target=\"_blank\" rel=\"noopener nofollow external noreferrer\" data-wpel-link=\"external\" title=\"Externer Link: Voerde Stadt\" class=\"ext-link wpel-icon-right\">Voerde Stadt<span class=\"wpel-icon wpel-image wpel-icon-6\"><\/span><\/a><\/td>\n<td style=\"width: 13.2617%; height: 24px;\">36.017<\/td>\n<td style=\"width: 14.7775%; height: 24px;\">Gremium\u00a0<\/td>\n<td style=\"width: 11.6476%; height: 24px;\"><a href=\"https:\/\/ris.voerde.de\/gremien\/?__=UGhVM0hpd2NXNFdFcExjZQme7mq2iNsjm8arMThlmo8\" target=\"_blank\" rel=\"noopener nofollow external noreferrer\" data-wpel-link=\"external\" title=\"Externer Link: 13\" class=\"ext-link wpel-icon-right\">13<span class=\"wpel-icon wpel-image wpel-icon-6\"><\/span><\/a><\/td>\n<\/tr>\n<tr style=\"height: 24px;\">\n<td style=\"width: 28.4849%; height: 24px;\"><a href=\"https:\/\/wesel.de\/\" target=\"_blank\" rel=\"noopener nofollow external noreferrer\" data-wpel-link=\"external\" title=\"Externer Link: Wesel Stadt\" class=\"ext-link wpel-icon-right\">Wesel Stadt<span class=\"wpel-icon wpel-image wpel-icon-6\"><\/span><\/a><\/td>\n<td style=\"width: 13.2617%; height: 24px;\">60.230<\/td>\n<td style=\"width: 14.7775%; height: 24px;\">Beirat<\/td>\n<td style=\"width: 11.6476%; height: 24px;\"><a href=\"https:\/\/ris.wesel.de\/gremien\/?__=UGhVM0hpd2NXNFdFcExjZRKHfpxjssyRiQAjMkAuNgY\" target=\"_blank\" rel=\"noopener nofollow external noreferrer\" data-wpel-link=\"external\" title=\"Externer Link: 13\" class=\"ext-link wpel-icon-right\">13<span class=\"wpel-icon wpel-image wpel-icon-6\"><\/span><\/a><\/td>\n<\/tr>\n<tr style=\"height: 24px;\">\n<td style=\"width: 28.4849%; height: 24px;\"><a href=\"https:\/\/www.xanten.de\/\" target=\"_blank\" rel=\"noopener nofollow external noreferrer\" data-wpel-link=\"external\" title=\"Externer Link: Xanten Stadt\" class=\"ext-link wpel-icon-right\">Xanten Stadt<span class=\"wpel-icon wpel-image wpel-icon-6\"><\/span><\/a><\/td>\n<td style=\"width: 13.2617%; height: 24px;\">21.510<\/td>\n<td style=\"width: 14.7775%; height: 24px;\">\u00a0<\/td>\n<td style=\"width: 11.6476%; height: 24px;\">\u00a0<\/td>\n<\/tr>\n<tr style=\"height: 24px;\">\n<td style=\"width: 28.4849%; height: 22px;\"><strong>Gesamt<\/strong><\/td>\n<td style=\"width: 13.2617%; height: 22px;\">459.879<\/td>\n<td style=\"width: 14.7775%; height: 22px;\">\u00a0<\/td>\n<td style=\"width: 11.6476%; height: 22px;\">74<\/td>\n<\/tr>\n<\/tbody>\n<\/table>\n<h2>Anerkannt Pflegebed\u00fcrftige<\/h2>\n<h3>\u00a0per\u00a0 31.12.2017 = 25.164 der Einwohner<\/h3>\n<h3>\u00a0per 31.12.2019 =\u00a0 31.485\u00a0 der Einwohner<\/h3>\n<h4>Steigerung um 6.321 Personen = 25,12 %\u00a0<\/h4>\n<h4>davon 26.832 zu Hause gepflegt = 85,22%<\/h4>\n<p>Eine Steigerung der anerkannt pflegebed\u00fcrftigen Menschen in zwei Jahren um 25 Prozent. Insgesamt mussten bereits Ende 2019 \u00fcber 85 Prozent der B\u00fcrger, 26.832,\u00a0 zu Hause gepflegt werden. F\u00fcr 1 % der anerkannt Pflegebed\u00fcrftigen stand ein Heimplatz zur Verf\u00fcgung. Bedenkt man, dass bei abnehmender Einwohnerzahl sich die Pflegebed\u00fcrftigkeit weiter erh\u00f6ht und die Einpersonenhaushalte zunehmen, ist ein Handlungsdruck gegeben.\u00a0<\/p>\n<h3>Kontaktb\u00fcro Pflegeselbsthilfe<\/h3>\n<p><strong><b><span style=\"font-family: Arial; font-size: medium;\"><span style=\"font-size: 12.0pt; font-family: 'Arial',sans-serif;\">Warum nicht einen &#8222;Stammtisch&#8220; zur eignen Unterst\u00fctzung mit Hilfe von Profis organisieren. Nutzen Sie das kostenfreie Angebot des <a href=\"https:\/\/unser-quartier.de\/oberhausen\/adresse\/kontaktbuero-pflegeselbsthilfe-kreis-wesel-aus-moers\/\" target=\"_blank\" rel=\"noopener\" data-wpel-link=\"internal\">Kontaktb\u00fcros<\/a> im Kreis<\/span><\/span><\/b><\/strong><\/p>\n<h2>Wohn- und Betreuungsangebote<\/h2>\n<p>Werte aus dem <a href=\"https:\/\/www.kreis-wesel.de\/C1257D23004C5410\/files\/taetigkeitsbericht_heimaufsicht_2016_-_2018.pdf\/$file\/taetigkeitsbericht_heimaufsicht_2016_-_2018.pdf?OpenElement\" target=\"_blank\" rel=\"noopener nofollow external noreferrer\" data-wpel-link=\"external\" title=\"Externer Link: WTG-Bericht per 31.12.18\" class=\"ext-link wpel-icon-right\">WTG-Bericht per 31.12.18<span class=\"wpel-icon wpel-image wpel-icon-6\"><\/span><\/a><\/p>\n<table style=\"width: 52.7273%; height: 310px;\" width=\"313\">\n<tbody>\n<tr style=\"height: 24px;\">\n<td style=\"width: 25.9394%; height: 24px;\" width=\"154\">31.12.2018<\/td>\n<td style=\"width: 13.3334%; height: 24px;\" width=\"80\">\u00a0Anzahl\u00a0\u00a0<\/td>\n<td style=\"width: 13.2121%; height: 24px;\" width=\"79\">\u00a0Pl\u00e4tze\u00a0<\/td>\n<\/tr>\n<tr style=\"height: 24px;\">\n<td style=\"width: 25.9394%; height: 24px;\">\n<h3>Pflege (SGB XI)<\/h3>\n<\/td>\n<td style=\"width: 13.3334%; height: 24px;\">52<\/td>\n<td style=\"width: 13.2121%; height: 24px;\">4.633<\/td>\n<\/tr>\n<tr style=\"height: 24px;\">\n<td style=\"width: 25.9394%; height: 24px;\">\n<h3>Behinderte (SGB XII)<\/h3>\n<\/td>\n<td style=\"width: 13.3334%; height: 24px;\">58<\/td>\n<td style=\"width: 13.2121%; height: 24px;\">985<\/td>\n<\/tr>\n<tr style=\"height: 48px;\">\n<td style=\"width: 25.9394%; height: 48px;\">\n<h3>Kurzzeitpflege<\/h3>\n<\/td>\n<td style=\"width: 13.3334%; height: 48px;\">\u00a03<\/td>\n<td style=\"width: 13.2121%; height: 48px;\">\u00a048<\/td>\n<\/tr>\n<tr style=\"height: 22px;\">\n<td style=\"width: 25.9394%; height: 22px;\">\n<h3>Tagespflege<\/h3>\n<\/td>\n<td style=\"width: 13.3334%; height: 22px;\">31<\/td>\n<td style=\"width: 13.2121%; height: 22px;\">444<\/td>\n<\/tr>\n<tr style=\"height: 48px;\">\n<td style=\"width: 25.9394%; height: 48px;\">\n<h3>Hospiz<\/h3>\n<\/td>\n<td style=\"width: 13.3334%; height: 48px;\">1<\/td>\n<td style=\"width: 13.2121%; height: 48px;\">\u00a0 8<\/td>\n<\/tr>\n<tr style=\"height: 24px;\">\n<td style=\"width: 25.9394%; height: 24px;\">\u00a0<\/td>\n<td style=\"width: 13.3334%; height: 24px;\">\u00a0<\/td>\n<td style=\"width: 13.2121%; height: 24px;\">\u00a0<\/td>\n<\/tr>\n<tr style=\"height: 24px;\">\n<td style=\"width: 25.9394%; height: 24px;\">\n<h3>Wohngemeinschaften<\/h3>\n<\/td>\n<td style=\"width: 13.3334%; height: 24px;\">\u00a0<\/td>\n<td style=\"width: 13.2121%; height: 24px;\">\u00a0<\/td>\n<\/tr>\n<tr style=\"height: 24px;\">\n<td style=\"width: 25.9394%; height: 24px;\">\n<h4>Anbieter orientiert<\/h4>\n<\/td>\n<td style=\"width: 13.3334%; height: 24px;\">23<\/td>\n<td style=\"width: 13.2121%; height: 24px;\">162<\/td>\n<\/tr>\n<tr style=\"height: 48px;\">\n<td style=\"width: 25.9394%; height: 48px;\">\n<h4>Selbsbestimmt<\/h4>\n<\/td>\n<td style=\"width: 13.3334%; height: 48px;\">5<\/td>\n<td style=\"width: 13.2121%; height: 48px;\">\u00a0<\/td>\n<\/tr>\n<\/tbody>\n<\/table>\n<p>Der Bericht zeigt eine Steigerung in den Anlasspr\u00fcfungen 2017 zu 2018 von 47 %. In der Pandemiezeit werden die Kontrollen sehr eingeschr\u00e4nkt.<\/p>\n<h3>Die <a href=\"https:\/\/www.kreis-wesel.de\/de\/themen\/ergebnisberichte-zu-den-regelpruefungen-durch-die-heimaufsicht-des-kreises-wesel\/\" target=\"_blank\" rel=\"noopener nofollow external noreferrer\" data-wpel-link=\"external\" title=\"Externer Link: Ergebnisberichte der Regelpr\u00fcfungen\" class=\"ext-link wpel-icon-right\">Ergebnisberichte der Regelpr\u00fcfungen<span class=\"wpel-icon wpel-image wpel-icon-6\"><\/span><\/a><\/h3>\n<p>sind nach Kommunen geordnet abzurufen.<\/p>\n<p>Suchen Sie eine geeignete Einrichtungen und Informationen? Die Daten zu den Einrichtungen, Pflegepl\u00e4tzen und<\/p>\n<h3>weiterf\u00fchrende Hinweise<\/h3>\n<p>finden Sie st\u00e4ndig aktualisiert folgen Sie dem <a href=\"https:\/\/www.kreis-wesel.de\/de\/themen\/pflege\/\" target=\"_blank\" rel=\"noopener nofollow external noreferrer\" data-wpel-link=\"external\" title=\"Externer Link: LINK\" class=\"ext-link wpel-icon-right\">LINK<span class=\"wpel-icon wpel-image wpel-icon-6\"><\/span><\/a>\u00a0<\/p>\n<h2>WTG-Aufsicht (fr\u00fcher Heimaufsicht)\u00a0<\/h2>\n<p>Kreishaus 46483 Wesel, Reeser Landstra\u00dfe 31<\/p>\n<p><a href=\"https:\/\/unser-quartier.de\/oberhausen\/senioren-in-den-kommunen\/duesseldorf\/\" target=\"_blank\" rel=\"noopener\" data-wpel-link=\"internal\">Ansprechpartner<\/a><\/p>\n","protected":false},"excerpt":{"rendered":"<p>entstand 1975 im Rahmen der kommunalen Neugliederung durch\u00a0 die fr\u00fcheren Kreise Dinslaken Moers und Rees mit 13 kreisangeh\u00f6rigen St\u00e4dten und Gemeinden. Es leben mit abnehmender Tendenz knapp 460.000 Einwohner\/innen im Kreis. Sitz der Verwaltung ist die ehemalige Hansestadt Wesel. Seniorenbeir\u00e4te Kreis Wesel Runder Tisch \u201e \u00c4lterer Menschen\u201c im Kreis Wesel 18 Mitglieder, davon je ein&hellip; <a class=\"continue\" href=\"https:\/\/unser-quartier.de\/oberhausen\/senioren-in-den-kommunen\/seniorenvertretung\/kreis-wesel\/\" data-wpel-link=\"internal\"> \u00bb weiterlesen: <span> Kreis Wesel<\/span><\/a><\/p>\n","protected":false},"author":612,"featured_media":0,"parent":11139,"menu_order":0,"comment_status":"closed","ping_status":"closed","template":"","meta":{"_monsterinsights_skip_tracking":false,"_monsterinsights_sitenote_active":false,"_monsterinsights_sitenote_note":"","_monsterinsights_sitenote_category":0,"generate_page_header":"","footnotes":""},"class_list":["post-12631","page","type-page","status-publish"],"_links":{"self":[{"href":"https:\/\/unser-quartier.de\/oberhausen\/wp-json\/wp\/v2\/pages\/12631","targetHints":{"allow":["GET"]}}],"collection":[{"href":"https:\/\/unser-quartier.de\/oberhausen\/wp-json\/wp\/v2\/pages"}],"about":[{"href":"https:\/\/unser-quartier.de\/oberhausen\/wp-json\/wp\/v2\/types\/page"}],"author":[{"embeddable":true,"href":"https:\/\/unser-quartier.de\/oberhausen\/wp-json\/wp\/v2\/users\/612"}],"replies":[{"embeddable":true,"href":"https:\/\/unser-quartier.de\/oberhausen\/wp-json\/wp\/v2\/comments?post=12631"}],"version-history":[{"count":0,"href":"https:\/\/unser-quartier.de\/oberhausen\/wp-json\/wp\/v2\/pages\/12631\/revisions"}],"up":[{"embeddable":true,"href":"https:\/\/unser-quartier.de\/oberhausen\/wp-json\/wp\/v2\/pages\/11139"}],"wp:attachment":[{"href":"https:\/\/unser-quartier.de\/oberhausen\/wp-json\/wp\/v2\/media?parent=12631"}],"curies":[{"name":"wp","href":"https:\/\/api.w.org\/{rel}","templated":true}]}}