{"id":14,"date":"2014-01-22T08:47:35","date_gmt":"2014-01-22T07:47:35","guid":{"rendered":"http:\/\/unser-quartier.de\/tmp-musterblog3\/?page_id=14"},"modified":"2018-05-26T15:01:08","modified_gmt":"2018-05-26T13:01:08","slug":"kontakt","status":"publish","type":"page","link":"https:\/\/unser-quartier.de\/oberhausen\/kontakt\/","title":{"rendered":"Kontakt"},"content":{"rendered":"<p>&nbsp;<\/p>\n<p>[contact-form to=&#8217;Siegfried@raebiger.net,u-wiemann@web.de&#8216; subject=&#8217;An die Redaktion&#8216;][contact-field label=&#8217;Name&#8216; type=&#8217;name&#8216; required=&#8217;1&#8217;\/][contact-field label=&#8217;E-Mail&#8216; type=&#8217;email&#8216; required=&#8217;1&#8217;\/][contact-field label=&#8217;Website&#8216; type=&#8217;url&#8217;\/][contact-field label=&#8217;an die Redaktion&#8216; type=&#8217;textarea&#8216; required=&#8217;1&#8217;\/][contact-field label=&#8217;JA&#8216; type=&#8217;checkbox&#8217;\/][\/contact-form]<\/p>\n<p><i><strong>Ja<\/strong>, ich habe <strong><a href=\"https:\/\/unser-quartier.de\/oberhausen\/impressum\/datenschutzerklaerung\/\" target=\"_blank\" rel=\"noopener\" data-wpel-link=\"internal\">die Datenschutzerkl\u00e4rung<\/a> zuvor zur Kenntnis<\/strong> genommen und bin damit einverstanden, dass die von mir angegebenen Daten elektronisch erhoben und gespeichert werden.<\/i><br \/>\nMeine Daten werden dabei nur streng zweckgebunden zur Bearbeitung und Beantwortung meiner Anfrage benutzt. Mit dem Absenden des Kontaktformulars erkl\u00e4re ich mich mit der Verarbeitung einverstanden. Nach Abschluss der Verarbeitung werden die erhobenen Daten gel\u00f6scht, insofern diese nicht f\u00fcr die weitere Bearbeitung der Anfrage oder eines daraufhin entstandenen Auftrags weiter ben\u00f6tigt werden.<\/p>\n","protected":false},"excerpt":{"rendered":"<p>&nbsp; [contact-form to=&#8217;Siegfried@raebiger.net,u-wiemann@web.de&#8216; subject=&#8217;An die Redaktion&#8216;][contact-field label=&#8217;Name&#8216; type=&#8217;name&#8216; required=&#8217;1&#8217;\/][contact-field label=&#8217;E-Mail&#8216; type=&#8217;email&#8216; required=&#8217;1&#8217;\/][contact-field label=&#8217;Website&#8216; type=&#8217;url&#8217;\/][contact-field label=&#8217;an die Redaktion&#8216; type=&#8217;textarea&#8216; required=&#8217;1&#8217;\/][contact-field label=&#8217;JA&#8216; type=&#8217;checkbox&#8217;\/][\/contact-form] Ja, ich habe die Datenschutzerkl\u00e4rung zuvor zur Kenntnis genommen und bin damit einverstanden, dass die von mir angegebenen Daten elektronisch erhoben und gespeichert werden. Meine Daten werden dabei nur streng zweckgebunden zur Bearbeitung und&hellip; <a class=\"continue\" href=\"https:\/\/unser-quartier.de\/oberhausen\/kontakt\/\" data-wpel-link=\"internal\"> \u00bb weiterlesen: <span> Kontakt<\/span><\/a><\/p>\n","protected":false},"author":612,"featured_media":0,"parent":0,"menu_order":9,"comment_status":"closed","ping_status":"closed","template":"","meta":{"_monsterinsights_skip_tracking":false,"_monsterinsights_sitenote_active":false,"_monsterinsights_sitenote_note":"","_monsterinsights_sitenote_category":0,"generate_page_header":"","footnotes":""},"class_list":["post-14","page","type-page","status-publish"],"_links":{"self":[{"href":"https:\/\/unser-quartier.de\/oberhausen\/wp-json\/wp\/v2\/pages\/14","targetHints":{"allow":["GET"]}}],"collection":[{"href":"https:\/\/unser-quartier.de\/oberhausen\/wp-json\/wp\/v2\/pages"}],"about":[{"href":"https:\/\/unser-quartier.de\/oberhausen\/wp-json\/wp\/v2\/types\/page"}],"author":[{"embeddable":true,"href":"https:\/\/unser-quartier.de\/oberhausen\/wp-json\/wp\/v2\/users\/612"}],"replies":[{"embeddable":true,"href":"https:\/\/unser-quartier.de\/oberhausen\/wp-json\/wp\/v2\/comments?post=14"}],"version-history":[{"count":0,"href":"https:\/\/unser-quartier.de\/oberhausen\/wp-json\/wp\/v2\/pages\/14\/revisions"}],"wp:attachment":[{"href":"https:\/\/unser-quartier.de\/oberhausen\/wp-json\/wp\/v2\/media?parent=14"}],"curies":[{"name":"wp","href":"https:\/\/api.w.org\/{rel}","templated":true}]}}