{"id":14637,"date":"2022-03-27T16:45:13","date_gmt":"2022-03-27T14:45:13","guid":{"rendered":"https:\/\/unser-quartier.de\/oberhausen\/?page_id=14637"},"modified":"2026-01-19T15:16:25","modified_gmt":"2026-01-19T14:16:25","slug":"literatur","status":"publish","type":"page","link":"https:\/\/unser-quartier.de\/oberhausen\/links\/literatur\/","title":{"rendered":"Literatur"},"content":{"rendered":"<p>Wir verstehen uns auch als Bindeglied zwischen den Betroffenen und Fachleuten. Mit den Literaturhinweisen m\u00f6chten wir zur Vertiefung von aufgeworfenen Fragen beitragen und zur weiteren Diskussion anregen. Die Unterteilung in Buchbesprechung, Sachb\u00fccher, Fachb\u00fccher ist wertfrei. Wir wollen die Leser auf unsere Gedankenreisen mitnehmen.<\/p>\n\n<h2><strong>Buchbesprechung<\/strong><\/h2>\n<h3><strong>Rettet die Freundschaft<\/strong><\/h3>\n<p>Wer denkt da nicht an die Freundschaft von Schr\u00f6der und Putin und wei\u00df nicht, soll ich positiv oder negativ dar\u00fcber denken. Ein Misstrauen gegen zwischenmenschliche Beziehungen schwingt mit. Der Untertitel: \u201eWie wir gemeinsam wieder zu mehr Leichtigkeit und Lebensfreude finden\u201c, macht gleichzeitig neugierig, ist Freundschaft nicht gleich Freundschaft.<\/p>\n<p>Der Autor Sebastian Schoepp, legt 6 Jahre nach seinem Werk: \u201e<a href=\"https:\/\/www.westendverlag.de\/wp-content\/uploads\/booksample\/9783864892080.pdf\" class=\"mtli_attachment mtli_pdf ext-link wpel-icon-right\" data-wpel-link=\"external\" target=\"_self\" rel=\"nofollow external noopener noreferrer\" title=\"Externer Link: Seht zu, wie ihr zurechtkommt\">Seht zu, wie ihr zurechtkommt<span class=\"wpel-icon wpel-image wpel-icon-6\"><\/span><\/a>\u201c. Nach der Auseinandersetzung mit sich und den Eltern, reflektiert er nun \u00fcber sein Leben, seine Freundschaften. Dies ist auch ein Werk \u00fcber die H\u00f6hen und Tiefen der Freundschaft in der Geschichte und Literatur.<\/p>\n<p>Die <a href=\"https:\/\/www.westendverlag.de\/wp-content\/uploads\/booksample\/9783864893643.pdf\" class=\"mtli_attachment mtli_pdf ext-link wpel-icon-right\" data-wpel-link=\"external\" target=\"_self\" rel=\"nofollow external noopener noreferrer\" title=\"Externer Link: Inhaltsangabe\">Inhaltsangabe<span class=\"wpel-icon wpel-image wpel-icon-6\"><\/span><\/a> des Buches zeigen das breite Spektrum und die Facetten der Freundschaft auf. Die Kapitel\u00fcberschriften lassen die Auseinandersetzung erahnen. Eine weitere Entscheidung f\u00fcr das Buch ist der lebendige Erz\u00e4hlstil und die derzeitige Aktualit\u00e4t, wie wollen und k\u00f6nnen wir zu neuen Lebensfreude finden.<\/p>\n<p>Zeigt nicht gerade der Krieg in der Ukraine, die erzwungene Einsamkeit in der Pandemie, wir m\u00fcssen die Freundschaft neu denken. Freundschaft als notwendige Sozialbindung in einer neuen Verantwortungsgemeinschaft erkennen und leben.<\/p>\n<p>Der Untertitel verspricht nicht zu viel. Wer sich auf das Buch einl\u00e4sst, reflektiert sein Leben und findet zu mehr Lebensfreude und wird Gelassenheit gewinnen. Das Buch hilft dem Leser Wege zu finden, sich von der Misstrauenskultur, dem Konkurrenzdruck zu befreien. \u00d6ffnen wir uns f\u00fcr neue Freundschaften!<\/p>\n<p><strong>Sebastian Schoepp\u00a0 &#8222;<\/strong><strong><a href=\"https:\/\/www.westendverlag.de\/buch\/rettet-die-freundschaft\/\" target=\"_blank\" rel=\"noopener nofollow external noreferrer\" data-wpel-link=\"external\" title=\"Externer Link: Rettet die Freundschaft\" class=\"ext-link wpel-icon-right\">Rettet die Freundschaft<span class=\"wpel-icon wpel-image wpel-icon-6\"><\/span><\/a>!&#8220;\u00a0 <\/strong>Wie wir gemeinsam wieder zu mehr Leichtigkeit und Lebensfreude finden.\u00a0 240 Seiten, Hardcover; <strong>ISBN:<a href=\"https:\/\/www.westendverlag.de\/buch\/rettet-die-freundschaft\/\" target=\"_blank\" rel=\"noopener nofollow external noreferrer\" data-wpel-link=\"external\" title=\"Externer Link: 978-3-86489-364-3\" class=\"ext-link wpel-icon-right\">978-3-86489-364-3<span class=\"wpel-icon wpel-image wpel-icon-6\"><\/span><\/a><\/strong><\/p>\n<div class=\"row\">\n<div class=\"small-12 columns hide-for-small-only no-padding relative\">\n<div class=\"ad-skyscraper\">\n<div id=\"sky1\" data-google-query-id=\"CNX9tv7O5vYCFd2BgwcdMckENQ\">\n<h3 id=\"google_ads_iframe_\/39216077\/sta_lokalkompass\/localnews\/sky1_0__container__\"><strong>Wer schweigt stimmt zu<\/strong><\/h3>\n<p><b>Dem Titel k\u00f6nnen politisch denkende Mitb\u00fcrger zustimmen, wenn Mit- und Selbstverantwortung gesehen wird.<\/b><\/p>\n<p>Die Autorin zeigt Ihre Belesenheit und reiht viele Argumente aneinander, die mit- und gegeneinander abgewogen werden m\u00fcssen. Die Politologin zeigt die Diskrepanz zwischen Berichterstattung und Realit\u00e4t bildhaft auf, wenn Sie zum Beispiel im Blick auf Corona schreibt: Mit Klatschen die Elefanten vertreiben.<\/p>\n<p>Ein Hauptaugenmerk von Frau Professorin Ulrike Gu\u00e9rot sind die sprachlichen Umdeutungen in der <b>Politik, in Gesetzen, in den Medien. Einsichtig wird es bei dem geforderten \u201eSozial distancing\u201c. Sozial ist man in der Gemeinschaft und nicht in der Distanz. Ist eine neue \u201eUn\u201cSolidarit\u00e4t gefordert. <\/b><\/p>\n<p>Die Erwartungen an das Buch sind gro\u00df. Die Abhandlung eignet sich zur theoretischen Auseinandersetzung. Die Sicht f\u00fcr und aus der Gemeinschaft kommt zu kurz und verlangt die weitere Auseinandersetzung der Intellektuellen, wenn sie sich nicht dem Vorwurf aussetzen wollen, im der gesellschaftlichen Diskussion geschwiegen zu haben.<\/p>\n<p><a href=\"https:\/\/www.westendverlag.de\/wp-content\/uploads\/booksample\/9783864893599.pdf\" class=\"mtli_attachment mtli_pdf ext-link wpel-icon-right\" rel=\"nofollow external noopener noreferrer\" data-wpel-link=\"external\" target=\"_self\" title=\"Externer Link: Leseprobe mit Inhaltsangabe\">Leseprobe mit Inhaltsangabe<span class=\"wpel-icon wpel-image wpel-icon-6\"><\/span><\/a><\/p>\n<p>Wer Argumentationshilfen oder gar konkrete Umsetzungsschritte f\u00fcr den Alltag erwartet, wird entt\u00e4uscht. Wer \u00fcber die zuk\u00fcnftige Gestaltung unserer Gesellschaft nach Corona und Ukraine nachdenken will, findet Denkans\u00e4tze.<\/p>\n<p><strong>Ulrike Gu\u00e9rot &#8222;<\/strong><strong>Wer schweigt, stimmt zu&#8220;<\/strong> \u00dcber den Zustand unserer Zeit. Und dar\u00fcber, wie wir leben wollen. 144 Seiten, Hardcover; <strong>ISBN:<\/strong><a href=\"https:\/\/www.westendverlag.de\/buch\/wer-schweigt-stimmt-zu\/\" target=\"_blank\" rel=\"noopener nofollow external noreferrer\" data-wpel-link=\"external\" title=\"Externer Link: 978-3-86489-359-9\" class=\"ext-link wpel-icon-right\">978-3-86489-359-9<span class=\"wpel-icon wpel-image wpel-icon-6\"><\/span><\/a><\/p>\n<\/div>\n<\/div>\n<\/div>\n<\/div>\n<h2><strong>Sachbuch<\/strong><\/h2>\n<p>siehe Zusammenstellung<\/p>\n<h2><strong>Fachbuch<\/strong><\/h2>\n<p>siehe Zusammenstellung\u00a0<\/p>\n<h2><a href=\"https:\/\/www.lvgfsh.de\/fileadmin\/lvg\/data\/Gesund_Aelter_Werden\/Navigation60plus\/LVGFSH_Navi60plus_Literatur-Tipps.pdf\" class=\"mtli_attachment mtli_pdf ext-link wpel-icon-right\" target=\"_blank\" rel=\"noopener nofollow external noreferrer\" data-wpel-link=\"external\" title=\"Externer Link: Literatur-Tipps\">Literatur-Tipps<span class=\"wpel-icon wpel-image wpel-icon-6\"><\/span><\/a><\/h2>\n","protected":false},"excerpt":{"rendered":"<p>Wir verstehen uns auch als Bindeglied zwischen den Betroffenen und Fachleuten. Mit den Literaturhinweisen m\u00f6chten wir zur Vertiefung von aufgeworfenen Fragen beitragen und zur weiteren Diskussion anregen. Die Unterteilung in Buchbesprechung, Sachb\u00fccher, Fachb\u00fccher ist wertfrei. Wir wollen die Leser auf unsere Gedankenreisen mitnehmen. Buchbesprechung Rettet die Freundschaft Wer denkt da nicht an die Freundschaft von&hellip; <a class=\"continue\" href=\"https:\/\/unser-quartier.de\/oberhausen\/links\/literatur\/\" data-wpel-link=\"internal\"> \u00bb weiterlesen: <span> Literatur<\/span><\/a><\/p>\n","protected":false},"author":612,"featured_media":0,"parent":1093,"menu_order":0,"comment_status":"closed","ping_status":"closed","template":"","meta":{"_monsterinsights_skip_tracking":false,"_monsterinsights_sitenote_active":false,"_monsterinsights_sitenote_note":"","_monsterinsights_sitenote_category":0,"generate_page_header":"","footnotes":""},"class_list":["post-14637","page","type-page","status-publish"],"_links":{"self":[{"href":"https:\/\/unser-quartier.de\/oberhausen\/wp-json\/wp\/v2\/pages\/14637","targetHints":{"allow":["GET"]}}],"collection":[{"href":"https:\/\/unser-quartier.de\/oberhausen\/wp-json\/wp\/v2\/pages"}],"about":[{"href":"https:\/\/unser-quartier.de\/oberhausen\/wp-json\/wp\/v2\/types\/page"}],"author":[{"embeddable":true,"href":"https:\/\/unser-quartier.de\/oberhausen\/wp-json\/wp\/v2\/users\/612"}],"replies":[{"embeddable":true,"href":"https:\/\/unser-quartier.de\/oberhausen\/wp-json\/wp\/v2\/comments?post=14637"}],"version-history":[{"count":1,"href":"https:\/\/unser-quartier.de\/oberhausen\/wp-json\/wp\/v2\/pages\/14637\/revisions"}],"predecessor-version":[{"id":25415,"href":"https:\/\/unser-quartier.de\/oberhausen\/wp-json\/wp\/v2\/pages\/14637\/revisions\/25415"}],"up":[{"embeddable":true,"href":"https:\/\/unser-quartier.de\/oberhausen\/wp-json\/wp\/v2\/pages\/1093"}],"wp:attachment":[{"href":"https:\/\/unser-quartier.de\/oberhausen\/wp-json\/wp\/v2\/media?parent=14637"}],"curies":[{"name":"wp","href":"https:\/\/api.w.org\/{rel}","templated":true}]}}